{"id":70382,"date":"2026-01-09T13:55:12","date_gmt":"2026-01-09T19:55:12","guid":{"rendered":"https:\/\/www.arbin.com\/?post_type=product&#038;p=70382"},"modified":"2026-03-27T04:49:24","modified_gmt":"2026-03-27T09:49:24","slug":"10a-cylindrical-cell-battery-holder","status":"publish","type":"product","link":"https:\/\/www.arbin.com\/de\/product\/10a-cylindrical-cell-battery-holder","title":{"rendered":"10A Cylindrical Cell Battery Holder"},"content":{"rendered":"<p>Batteriehalter mit verstellbarer L\u00e4nge und Durchmesser f\u00fcr zylindrische Zellen mit gegen\u00fcberliegenden Polen<br \/>\nMax. Stromst\u00e4rke: 10A<br \/>\nCircuit Resistance: &lt;10m\u03a9<br \/>\nBetriebstemperatur: -20\u00b0C~80\u00b0C<br \/>\nDimensions: 3 x 8 x 3 inches<br \/>\nCell Size: OD 10-40mm; L 20-120mm<\/p>\n<p><strong>Preis inklusive Versand.<\/strong><\/p>","protected":false},"excerpt":{"rendered":"<p>Batteriehalter mit verstellbarer L\u00e4nge und Durchmesser f\u00fcr zylindrische Zellen mit gegen\u00fcberliegenden Polen<br \/>\nArbin PN: 409722<\/p>\n<p>Preis inklusive Versand.<\/p>","protected":false},"featured_media":372,"template":"","meta":{"_acf_changed":false,"_seopress_robots_primary_cat":"none","_seopress_titles_title":"","_seopress_titles_desc":"","_seopress_robots_index":"","inline_featured_image":false,"site-sidebar-layout":"default","site-content-layout":"","ast-site-content-layout":"default","site-content-style":"default","site-sidebar-style":"default","ast-global-header-display":"","ast-banner-title-visibility":"","ast-main-header-display":"","ast-hfb-above-header-display":"","ast-hfb-below-header-display":"","ast-hfb-mobile-header-display":"","site-post-title":"","ast-breadcrumbs-content":"","ast-featured-img":"","footer-sml-layout":"","theme-transparent-header-meta":"default","adv-header-id-meta":"","stick-header-meta":"","header-above-stick-meta":"","header-main-stick-meta":"","header-below-stick-meta":"","astra-migrate-meta-layouts":"set","ast-page-background-enabled":"default","ast-page-background-meta":{"desktop":{"background-color":"","background-image":"","background-repeat":"repeat","background-position":"center center","background-size":"auto","background-attachment":"scroll","background-type":"","background-media":"","overlay-type":"","overlay-color":"","overlay-opacity":"","overlay-gradient":""},"tablet":{"background-color":"","background-image":"","background-repeat":"repeat","background-position":"center center","background-size":"auto","background-attachment":"scroll","background-type":"","background-media":"","overlay-type":"","overlay-color":"","overlay-opacity":"","overlay-gradient":""},"mobile":{"background-color":"","background-image":"","background-repeat":"repeat","background-position":"center center","background-size":"auto","background-attachment":"scroll","background-type":"","background-media":"","overlay-type":"","overlay-color":"","overlay-opacity":"","overlay-gradient":""}},"ast-content-background-meta":{"desktop":{"background-color":"var(--ast-global-color-5)","background-image":"","background-repeat":"repeat","background-position":"center center","background-size":"auto","background-attachment":"scroll","background-type":"","background-media":"","overlay-type":"","overlay-color":"","overlay-opacity":"","overlay-gradient":""},"tablet":{"background-color":"var(--ast-global-color-5)","background-image":"","background-repeat":"repeat","background-position":"center center","background-size":"auto","background-attachment":"scroll","background-type":"","background-media":"","overlay-type":"","overlay-color":"","overlay-opacity":"","overlay-gradient":""},"mobile":{"background-color":"var(--ast-global-color-5)","background-image":"","background-repeat":"repeat","background-position":"center center","background-size":"auto","background-attachment":"scroll","background-type":"","background-media":"","overlay-type":"","overlay-color":"","overlay-opacity":"","overlay-gradient":""}}},"product_brand":[],"product_cat":[27,29],"product_tag":[430],"class_list":{"0":"post-70382","1":"product","2":"type-product","3":"status-publish","4":"has-post-thumbnail","6":"product_cat-battery-holders","7":"product_cat-cylindrical-cell","8":"product_tag-cylindrical-cell-battery-holder","9":"desktop-align-left","10":"tablet-align-left","11":"mobile-align-left","13":"first","14":"instock","15":"taxable","16":"shipping-taxable","17":"purchasable","18":"product-type-simple"},"acf":[],"_links":{"self":[{"href":"https:\/\/www.arbin.com\/de\/wp-json\/wp\/v2\/product\/70382","targetHints":{"allow":["GET"]}}],"collection":[{"href":"https:\/\/www.arbin.com\/de\/wp-json\/wp\/v2\/product"}],"about":[{"href":"https:\/\/www.arbin.com\/de\/wp-json\/wp\/v2\/types\/product"}],"wp:featuredmedia":[{"embeddable":true,"href":"https:\/\/www.arbin.com\/de\/wp-json\/wp\/v2\/media\/372"}],"wp:attachment":[{"href":"https:\/\/www.arbin.com\/de\/wp-json\/wp\/v2\/media?parent=70382"}],"wp:term":[{"taxonomy":"product_brand","embeddable":true,"href":"https:\/\/www.arbin.com\/de\/wp-json\/wp\/v2\/product_brand?post=70382"},{"taxonomy":"product_cat","embeddable":true,"href":"https:\/\/www.arbin.com\/de\/wp-json\/wp\/v2\/product_cat?post=70382"},{"taxonomy":"product_tag","embeddable":true,"href":"https:\/\/www.arbin.com\/de\/wp-json\/wp\/v2\/product_tag?post=70382"}],"curies":[{"name":"wp","href":"https:\/\/api.w.org\/{rel}","templated":true}]}}