{"id":7519,"date":"2022-08-25T16:47:48","date_gmt":"2022-08-25T21:47:48","guid":{"rendered":"https:\/\/arbin.com\/?page_id=7519"},"modified":"2023-12-01T14:00:47","modified_gmt":"2023-12-01T20:00:47","slug":"hs-series","status":"publish","type":"page","link":"https:\/\/www.arbin.com\/de\/batterietestgerate\/produktserie-batterietest\/hs-series.html","title":{"rendered":"HS-Serie"},"content":{"rendered":"<nav  aria-label=\"breadcrumb\"><ol class=\"breadcrumb\" itemscope itemtype=\"https:\/\/schema.org\/BreadcrumbList\"><li class=\"breadcrumb-item active\" aria-current=\"page\" itemprop=\"itemListElement\" itemscope itemtype=\"https:\/\/schema.org\/ListItem\"><span itemprop=\"name\">Startseite<\/span><meta itemprop=\"position\" content=\"1\"><\/li><\/ol><\/nav>\n\t\t\t\t<img decoding=\"async\" src=\"https:\/\/arbin.com\/wp-content\/uploads\/images\/hs21044-16ch.png\" alt=\"Arbin HS21044 High Speed Pulse Battery Tester\" itemprop=\"image\" height=\"410\" width=\"414\" title=\"HS21044-16CH\" onerror=\"this.style.display='none'\"  \/>\n<h1>\n\t\tProduct Name which can be a double line\n\t<\/h1>\n<h4>\n\t\tProdukt-Highlights\n\t<\/h4>\n\t<table>\n<tbody>\n<tr>\n<td><strong>Eingangsspannung<\/strong><\/td>\n<td>-5~10V<\/td>\n<\/tr>\n<tr>\n<td><strong>Maximale Spannung<\/strong><\/td>\n<td>0.001~10V<\/td>\n<\/tr>\n<tr>\n<td><strong>Kanal-Nummern<\/strong><\/td>\n<td>4~32<\/td>\n<\/tr>\n<\/tbody>\n<\/table>\n\t\t\t\t<img decoding=\"async\" src=\"https:\/\/arbin.com\/wp-content\/uploads\/2022\/08\/HSP-SERIES_HS21044-757x1024.png\" alt=\"HSP-SERIES_HS21044\" itemprop=\"image\" height=\"1024\" width=\"757\" title=\"HSP-SERIES_HS21044\" onerror=\"this.style.display='none'\"  \/>\n<h2>\n\t\tHigh-Speed Pulse Testing with Arbin&#8217;s HSP Systems\n\t<\/h2>\n\t<p>Capable of 100 \u03bcS pulses, our HSP testers are designed for applications requiring high-speed, multi-stage pulse testing. These systems allow you to run independent pulse and simulation profiles on each channel simultaneously. Arbin&#8217;s HSP series features a minimum pulse width of 100 \u03bcS, a rise time as fast as 10 \u03bcS, and simultaneous pulse generation and data logging. For custom needs, the HSP systems also allow for user-defined pulse profiles with 2-30 stages.<\/p>\n<h2>\n\t\tSimulate Pulse Profiles for a Range of Applications\n\t<\/h2>\n\t<p>Arbin&#8217;s HSP series is able to simulate pulse profiles for telecom applications, including GSM, CDMA, iDEN, GPRS, and others. These testing systems are able to perform custom-defined pulse profiles as required for medical devices, power tools, consumer electronics, and additional applications requiring multi-stage pulse testing. The HSP testers are suitable for conducting testing protocols that include UL1642, UN38.3, MOTO, Apple, IEC62133, GB\/T 18287-2000, and more.<\/p>\n\t\t\t\t\t\t\t\t\t<img decoding=\"async\" src=\"https:\/\/arbin.com\/wp-content\/uploads\/bb-plugin\/cache\/Man-using-mobile-smart-phone-with-global-network-connection-square.jpeg\" alt=\"Man using mobile smart phone with global network connection\" itemprop=\"image\" height=\"1250\" width=\"2399\" title=\"Man using mobile smart phone with global network connection, Technology, innovative and communication concept.\" onerror=\"this.style.display='none'\"  \/>\n\t\t\t\t\t\t\t\t\t<img decoding=\"async\" src=\"https:\/\/arbin.com\/wp-content\/plugins\/bb-plugin\/img\/pixel.png\" alt=\"\" itemprop=\"image\" onerror=\"this.style.display='none'\"  \/>\n<h2>\n\t\tKontaktieren Sie uns noch heute f\u00fcr ein Angebot\n\t<\/h2>\n\t<p>F\u00fcllen Sie unser Kontaktformular aus, um ein Angebot anzufordern oder zu erfahren, wie Batterietestger\u00e4te von Arbin Instruments Ihre Pr\u00fcfanforderungen erf\u00fcllen k\u00f6nnen. <\/p>\n\t\t\t<a href=\"https:\/\/www.arbin.com\/de\/request-a-quote\/\" target=\"_self\" rel=\"noopener\">\n\t\t\t\t\t\t\tAngebot anfordern\n\t\t\t\t\t<\/a>","protected":false},"excerpt":{"rendered":"<p>Product Name which can be a double line Product Highlights Input Voltage -5~10V Maximum Voltage 0.001~10V Channel Numbers 4~32 High-Speed Pulse Testing with Arbin&#8217;s HSP Systems Capable of 100 \u03bcS pulses, our HSP testers are designed for applications requiring high-speed, multi-stage pulse testing. These systems allow you to run independent pulse and simulation profiles on [&hellip;]<\/p>","protected":false},"author":6,"featured_media":0,"parent":6360,"menu_order":0,"comment_status":"closed","ping_status":"closed","template":"","meta":{"_acf_changed":false,"_seopress_robots_primary_cat":"","_seopress_titles_title":"HS Series | Arbin Instruments","_seopress_titles_desc":"High-Speed Pulse Testing with Arbin\u2019s HSP Systems","_seopress_robots_index":"","inline_featured_image":false,"site-sidebar-layout":"default","site-content-layout":"","ast-site-content-layout":"default","site-content-style":"default","site-sidebar-style":"default","ast-global-header-display":"","ast-banner-title-visibility":"","ast-main-header-display":"","ast-hfb-above-header-display":"","ast-hfb-below-header-display":"","ast-hfb-mobile-header-display":"","site-post-title":"","ast-breadcrumbs-content":"","ast-featured-img":"","footer-sml-layout":"","theme-transparent-header-meta":"","adv-header-id-meta":"","stick-header-meta":"","header-above-stick-meta":"","header-main-stick-meta":"","header-below-stick-meta":"","astra-migrate-meta-layouts":"set","ast-page-background-enabled":"default","ast-page-background-meta":{"desktop":{"background-color":"","background-image":"","background-repeat":"repeat","background-position":"center center","background-size":"auto","background-attachment":"scroll","background-type":"","background-media":"","overlay-type":"","overlay-color":"","overlay-opacity":"","overlay-gradient":""},"tablet":{"background-color":"","background-image":"","background-repeat":"repeat","background-position":"center center","background-size":"auto","background-attachment":"scroll","background-type":"","background-media":"","overlay-type":"","overlay-color":"","overlay-opacity":"","overlay-gradient":""},"mobile":{"background-color":"","background-image":"","background-repeat":"repeat","background-position":"center center","background-size":"auto","background-attachment":"scroll","background-type":"","background-media":"","overlay-type":"","overlay-color":"","overlay-opacity":"","overlay-gradient":""}},"ast-content-background-meta":{"desktop":{"background-color":"var(--ast-global-color-5)","background-image":"","background-repeat":"repeat","background-position":"center center","background-size":"auto","background-attachment":"scroll","background-type":"","background-media":"","overlay-type":"","overlay-color":"","overlay-opacity":"","overlay-gradient":""},"tablet":{"background-color":"var(--ast-global-color-5)","background-image":"","background-repeat":"repeat","background-position":"center center","background-size":"auto","background-attachment":"scroll","background-type":"","background-media":"","overlay-type":"","overlay-color":"","overlay-opacity":"","overlay-gradient":""},"mobile":{"background-color":"var(--ast-global-color-5)","background-image":"","background-repeat":"repeat","background-position":"center center","background-size":"auto","background-attachment":"scroll","background-type":"","background-media":"","overlay-type":"","overlay-color":"","overlay-opacity":"","overlay-gradient":""}},"footnotes":""},"class_list":["post-7519","page","type-page","status-publish","hentry"],"acf":[],"_links":{"self":[{"href":"https:\/\/www.arbin.com\/de\/wp-json\/wp\/v2\/pages\/7519","targetHints":{"allow":["GET"]}}],"collection":[{"href":"https:\/\/www.arbin.com\/de\/wp-json\/wp\/v2\/pages"}],"about":[{"href":"https:\/\/www.arbin.com\/de\/wp-json\/wp\/v2\/types\/page"}],"author":[{"embeddable":true,"href":"https:\/\/www.arbin.com\/de\/wp-json\/wp\/v2\/users\/6"}],"replies":[{"embeddable":true,"href":"https:\/\/www.arbin.com\/de\/wp-json\/wp\/v2\/comments?post=7519"}],"version-history":[{"count":0,"href":"https:\/\/www.arbin.com\/de\/wp-json\/wp\/v2\/pages\/7519\/revisions"}],"up":[{"embeddable":true,"href":"https:\/\/www.arbin.com\/de\/wp-json\/wp\/v2\/pages\/6360"}],"wp:attachment":[{"href":"https:\/\/www.arbin.com\/de\/wp-json\/wp\/v2\/media?parent=7519"}],"curies":[{"name":"wp","href":"https:\/\/api.w.org\/{rel}","templated":true}]}}