{"id":746,"date":"2022-04-13T15:37:58","date_gmt":"2022-04-13T20:37:58","guid":{"rendered":"https:\/\/arbin.com\/?page_id=746"},"modified":"2025-05-25T00:25:56","modified_gmt":"2025-05-25T05:25:56","slug":"central-monitor-control-solution-cmcs","status":"publish","type":"page","link":"https:\/\/www.arbin.com\/de\/losungen\/zentrale-monitor-control-losung-cmcs-html","title":{"rendered":"Zentrale \u00dcberwachungs- und Steuerungsl\u00f6sung (CMCS)"},"content":{"rendered":"<h1>\n\t\tZentraler Monitor <br \/>Kontrolll\u00f6sung (CMCS)<br \/>L\u00f6sung Highlight\n\t<\/h1>\n\t<ul>\n<li>Verwalten Sie mehrere Arbin Cycler von einem einzigen angeschlossenen PC aus<\/li>\n<li>Zuweisen von Tests und Anzeigen des Teststatus von vernetzten Testger\u00e4ten<\/li>\n<li>Starten, Stoppen und Fortsetzen von Tests aus der Ferne \u00fcber ein Netzwerk<\/li>\n<li>Steuerung von Arbin-Cyclern durch Dritte mit der CTI-Schnittstelle<\/li>\n<\/ul>\n\t\t\t\t<img decoding=\"async\" src=\"https:\/\/arbin.com\/wp-content\/uploads\/2025\/01\/Arbin-CDS-hero-2.png\" alt=\"Arbin-CDS-Held-2\" itemprop=\"image\" title=\"Arbin-CDS-Held-2\" onerror=\"this.style.display='none'\"  \/>\n\t\t\t\t<img decoding=\"async\" src=\"https:\/\/arbin.com\/wp-content\/uploads\/2025\/01\/Arbin-CMCS-Advance.png\" alt=\"Arbin-CMCS-Advance\" itemprop=\"image\" title=\"Arbin-CMCS-Advance\" onerror=\"this.style.display='none'\"  \/>\n\t\t\t\t\t<a href=\"#\" id=\"fl-accordion--label-0\" tabindex=\"0\" aria-controls=\"fl-accordion--panel-0\">Vorteile<\/a>\n\t\t\t\t\t\t\t\t\t\t\t<a href=\"#\" id=\"fl-accordion--icon-0\" tabindex=\"-1\"><i title=\"Collapse\">Collapse<\/i><\/a>\n\t\t\t\t\t<ul>\n<li>Schnelle Anzeige des Teststatus f\u00fcr mehrere vernetzte Arbin Cycler und PCs<\/li>\n<li>Aktive Verwaltung von Tests in vernetzten Cyclern, einschlie\u00dflich der Zuweisung von Tests<\/li>\n<li>Kontrolle der Zugriffsebene verschiedener Benutzer f\u00fcr die Verwaltung von Pr\u00fcfger\u00e4ten und Tests<\/li>\n<li>Schnelle Anzeige des Teststatus f\u00fcr mehrere vernetzte Arbin Cycler und PCs<\/li>\n<li>Aktive Verwaltung von Tests in vernetzten Cyclern, einschlie\u00dflich der Zuweisung von Tests<\/li>\n<li>Kontrolle der Zugriffsebene verschiedener Benutzer f\u00fcr die Verwaltung von Pr\u00fcfger\u00e4ten und Tests<\/li>\n<\/ul>\n\t\t\t\t\t<a href=\"#\" id=\"fl-accordion--label-1\" tabindex=\"0\" aria-controls=\"fl-accordion--panel-1\">Anwendungen<\/a>\n\t\t\t\t\t\t\t\t\t\t\t<a href=\"#\" id=\"fl-accordion--icon-1\" tabindex=\"-1\"><i title=\"Expand\">Expand<\/i><\/a>\n\t\t\t\t\t<ul>\n<li>Automatisierung von Produktionslinien<\/li>\n<li>Dynamische Teststeuerung<\/li>\n<\/ul>\n\t\t\t\t\t<a href=\"#\" id=\"fl-accordion--label-2\" tabindex=\"0\" aria-controls=\"fl-accordion--panel-2\">Brosch\u00fcre<\/a>\n\t\t\t\t\t\t\t\t\t\t\t<a href=\"#\" id=\"fl-accordion--icon-2\" tabindex=\"-1\"><i title=\"Expand\">Expand<\/i><\/a>\n\t\t\t\t\t<p>Wei\u00dfbuch: Verwaltung Ihrer Arbin-Systeme mit der Central Monitor &amp; Control-L\u00f6sung<\/p>\n<h2>\n\t\tSMS\/E-Mail-Benachrichtigung<br \/>zum Status der Pr\u00fcfmittel\n\t<\/h2>\n\tArbin&#8217;s Central Monitor and Control Solution can send automatically email or SMS notifications based on specific conditions that you choose.<br \/>\nMit dieser Funktion wissen Sie sofort, wenn ein zu testender Kanal unsicher geworden ist oder wenn einer Ihrer Batterietests abgeschlossen ist. Bis zu drei registrierte Benutzer k\u00f6nnen per SMS oder E-Mail benachrichtigt werden, um Ausfallzeiten bei unsicheren oder abgeschlossenen Tests zu reduzieren.\n\t\t\t\t<img decoding=\"async\" src=\"https:\/\/arbin.com\/wp-content\/uploads\/2025\/01\/Arbin-CMCS-SMS-Notification.png\" alt=\"Arbin-CMCS-SMS-Benachrichtigung\" itemprop=\"image\" title=\"Arbin-CMCS-SMS-Benachrichtigung\" onerror=\"this.style.display='none'\"  \/>\n\t\t\t\t<img decoding=\"async\" src=\"https:\/\/arbin.com\/wp-content\/uploads\/2025\/01\/Arbin-CMCS-TCP-IP.png\" alt=\"Arbin-CMCS-TCP-IP\" itemprop=\"image\" title=\"Arbin-CMCS-TCP-IP\" onerror=\"this.style.display='none'\"  \/>\n<h2>\n\t\tThird-Party Data Integration with the Console TCP\/IP Interface\n\t<\/h2>\n\t<p>CMCS bietet auch die M\u00f6glichkeit, die Daten Ihres Multi-Arbin-Pr\u00fcflabors in Datenanalyseprogramme von Drittanbietern zu integrieren. Die Console TCP\/IP-Schnittstelle erm\u00f6glicht es Software von Drittanbietern, Ihre Arbin-Pr\u00fcfger\u00e4te \u00fcber TCP, DLL oder Labview (DLL) zu steuern. Mit diesem System k\u00f6nnen Sie Ihre Arbin-Cycler auch in ein gr\u00f6\u00dferes Test-\u00d6kosystem mit Testger\u00e4ten anderer Hersteller integrieren.<\/p>\n<h2>\n\t\tBring the Advantages of CMCS to Your  Battery Testing Data\n\t<\/h2>\n\t<p>CMCS baut auf unserer Mits Pro-Software auf und erm\u00f6glicht eine effizientere Verwaltung Ihrer Arbin-Batteriepr\u00fcfger\u00e4te. Setzen Sie sich noch heute mit uns in Verbindung, um mehr \u00fcber die Funktionen von CMCS und seine Integration in das komplette Arbin-Pr\u00fcfsystem zu erfahren.<\/p>\n\t\t\t<a href=\"\/de\/kontakt-html\/\" target=\"_self\" rel=\"noopener\">\n\t\t\t\t\t\t\tKontakt mit dem Arbin-Team\n\t\t\t\t\t<\/a>\n\t\t\t\t<img decoding=\"async\" src=\"https:\/\/arbin.com\/wp-content\/uploads\/2025\/01\/Arbin-CMCS-Testing-Facility.png\" alt=\"Arbin-CMCS-Testing-Facility\" itemprop=\"image\" title=\"Arbin-CMCS-Testing-Facility\" onerror=\"this.style.display='none'\"  \/>","protected":false},"excerpt":{"rendered":"<p>Central Monitor Control Solution (CMCS)Solution Highlight Manage multiple Arbin cyclers from a single connected PC Assign tests and view test statuses from networked test equipment Start, stop, and resume tests remotely across a network Employ third-party control of Arbin cyclers with the CTI Interface Advantages Collapse Quickly view testing status for multiple networked Arbin Cyclers [&hellip;]<\/p>","protected":false},"author":6,"featured_media":0,"parent":176,"menu_order":0,"comment_status":"closed","ping_status":"closed","template":"","meta":{"_acf_changed":false,"_seopress_robots_primary_cat":"","_seopress_titles_title":"Central Monitor &amp; Control Solution (CMCS) | Arbin Instruments","_seopress_titles_desc":"Arbin\u2019s Central Monitor and Control Solution can send automatically email or SMS notifications based on specific conditions that you choose.","_seopress_robots_index":"","inline_featured_image":false,"site-sidebar-layout":"default","site-content-layout":"","ast-site-content-layout":"","site-content-style":"default","site-sidebar-style":"default","ast-global-header-display":"","ast-banner-title-visibility":"","ast-main-header-display":"","ast-hfb-above-header-display":"","ast-hfb-below-header-display":"","ast-hfb-mobile-header-display":"","site-post-title":"disabled","ast-breadcrumbs-content":"","ast-featured-img":"","footer-sml-layout":null,"theme-transparent-header-meta":"","adv-header-id-meta":null,"stick-header-meta":"","header-above-stick-meta":null,"header-main-stick-meta":"","header-below-stick-meta":null,"astra-migrate-meta-layouts":"default","ast-page-background-enabled":"default","ast-page-background-meta":{"desktop":{"background-color":"","background-image":"","background-repeat":"repeat","background-position":"center center","background-size":"auto","background-attachment":"scroll","background-type":"","background-media":"","overlay-type":"","overlay-color":"","overlay-opacity":"","overlay-gradient":""},"tablet":{"background-color":"","background-image":"","background-repeat":"repeat","background-position":"center center","background-size":"auto","background-attachment":"scroll","background-type":"","background-media":"","overlay-type":"","overlay-color":"","overlay-opacity":"","overlay-gradient":""},"mobile":{"background-color":"","background-image":"","background-repeat":"repeat","background-position":"center center","background-size":"auto","background-attachment":"scroll","background-type":"","background-media":"","overlay-type":"","overlay-color":"","overlay-opacity":"","overlay-gradient":""}},"ast-content-background-meta":{"desktop":{"background-color":"var(--ast-global-color-5)","background-image":"","background-repeat":"repeat","background-position":"center center","background-size":"auto","background-attachment":"scroll","background-type":"","background-media":"","overlay-type":"","overlay-color":"","overlay-opacity":"","overlay-gradient":""},"tablet":{"background-color":"var(--ast-global-color-5)","background-image":"","background-repeat":"repeat","background-position":"center center","background-size":"auto","background-attachment":"scroll","background-type":"","background-media":"","overlay-type":"","overlay-color":"","overlay-opacity":"","overlay-gradient":""},"mobile":{"background-color":"var(--ast-global-color-5)","background-image":"","background-repeat":"repeat","background-position":"center center","background-size":"auto","background-attachment":"scroll","background-type":"","background-media":"","overlay-type":"","overlay-color":"","overlay-opacity":"","overlay-gradient":""}},"footnotes":""},"class_list":["post-746","page","type-page","status-publish","hentry"],"acf":[],"_links":{"self":[{"href":"https:\/\/www.arbin.com\/de\/wp-json\/wp\/v2\/pages\/746","targetHints":{"allow":["GET"]}}],"collection":[{"href":"https:\/\/www.arbin.com\/de\/wp-json\/wp\/v2\/pages"}],"about":[{"href":"https:\/\/www.arbin.com\/de\/wp-json\/wp\/v2\/types\/page"}],"author":[{"embeddable":true,"href":"https:\/\/www.arbin.com\/de\/wp-json\/wp\/v2\/users\/6"}],"replies":[{"embeddable":true,"href":"https:\/\/www.arbin.com\/de\/wp-json\/wp\/v2\/comments?post=746"}],"version-history":[{"count":1,"href":"https:\/\/www.arbin.com\/de\/wp-json\/wp\/v2\/pages\/746\/revisions"}],"predecessor-version":[{"id":26855,"href":"https:\/\/www.arbin.com\/de\/wp-json\/wp\/v2\/pages\/746\/revisions\/26855"}],"up":[{"embeddable":true,"href":"https:\/\/www.arbin.com\/de\/wp-json\/wp\/v2\/pages\/176"}],"wp:attachment":[{"href":"https:\/\/www.arbin.com\/de\/wp-json\/wp\/v2\/media?parent=746"}],"curies":[{"name":"wp","href":"https:\/\/api.w.org\/{rel}","templated":true}]}}