{"id":743,"date":"2022-04-13T14:18:15","date_gmt":"2022-04-13T19:18:15","guid":{"rendered":"https:\/\/arbin.com\/?page_id=743"},"modified":"2025-05-25T00:06:42","modified_gmt":"2025-05-25T05:06:42","slug":"arbin-press-releases","status":"publish","type":"page","link":"https:\/\/www.arbin.com\/de\/uber-uns\/arbin-press-releases.html","title":{"rendered":"Arbin Pressemeldungen"},"content":{"rendered":"<nav  aria-label=\"breadcrumb\"><ol class=\"breadcrumb\" itemscope itemtype=\"https:\/\/schema.org\/BreadcrumbList\"><li class=\"breadcrumb-item active\" aria-current=\"page\" itemprop=\"itemListElement\" itemscope itemtype=\"https:\/\/schema.org\/ListItem\"><span itemprop=\"name\">Startseite<\/span><meta itemprop=\"position\" content=\"1\"><\/li><\/ol><\/nav>\n<h1>\n\t\tMits Pro Software\n\t<\/h1>\n\t\t\t\t<img decoding=\"async\" src=\"https:\/\/arbin.com\/wp-content\/uploads\/2022\/08\/iStock-184948373-1024x681.jpg\" alt=\"Arbin&#039;s Blog\" itemprop=\"image\" title=\"Nahaufnahme einer Blogtaste\" onerror=\"this.style.display='none'\"  \/>\n\t<meta itemscope itemprop=\"mainEntityOfPage\" itemtype=\"https:\/\/schema.org\/WebPage\" itemid=\"http:\/\/21795\" content=\"Turnkey Battery Testing\" \/><meta itemprop=\"datePublished\" content=\"2024-08-27\" \/><meta itemprop=\"dateModified\" content=\"2024-08-28\" \/><meta itemprop=\"name\" content=\"Arbin Instruments\"\/><meta itemprop=\"url\" content=\"https:\/\/www.arbin.com\/author\/arbinteam\/\" \/><meta itemprop=\"name\" content=\"Arbin Team\" \/><meta itemprop=\"interactionType\" content=\"https:\/\/schema.org\/CommentAction\" \/><meta itemprop=\"userInteractionCount\" content=\"0\" \/>\n\t\t\t\t\t\t\t\t\t<h3 itemprop=\"headline\">\n\t\t\t\t\t\t\t\t\t\t\t\t\t<a href=\"https:\/\/www.arbin.com\/de\/schlusselfertige-batterieprufung-html\" title=\"Schl\u00fcsselfertige Batteriepr\u00fcfung\">\n\t\t\t\t\t\t\t\t\t\t\t\t\t\tSchl\u00fcsselfertige Batteriepr\u00fcfung\t\t\t\t\t\t\t\t\t\t\t\t\t<\/a>\n\t\t\t\t\t\t\t\t\t\t\t<\/h3>\n\t\t\t27. August 2024\t\t\t\t\t\t\n    <p>LBTS-TC: Arbins schl\u00fcsselfertige Batterietestl\u00f6sung All-In-One Cell Testing mit integrierten Testkan\u00e4len, Temperaturkammern und Zellenhaltern. Pr\u00e4zision: 100-ppm-Messung mit branchenf\u00fchrender 24-Bit-Aufl\u00f6sung \u00fcber vier Strombereiche pro Testkanal Schl\u00fcsselfertige L\u00f6sung, vollst\u00e4ndig integriert mit Kanal- und Temperaturkabeln, die vom Kanal zum MZTC verbunden sind Dynamische Temperatursollwerte, die unabh\u00e4ngig von der isolierten Temperaturkammer verwaltet werden [...]<\/p>\n    <a href=\"https:\/\/www.arbin.com\/de\/schlusselfertige-batterieprufung-html\" title=\"Schl\u00fcsselfertige Batteriepr\u00fcfung\">Continue Reading about Turnkey Battery Testing<\/a>\n\t\t<!-- .pp-content-posts -->\n\t<h2>Am beliebtesten<\/h2>\n<ul class=\"display-posts-listing\"><li class=\"listing-item\"><a class=\"title\" href=\"https:\/\/www.arbin.com\/de\/schlusselfertige-batterieprufung-html\">Schl\u00fcsselfertige Batteriepr\u00fcfung<\/a><\/li><li class=\"listing-item\"><a class=\"title\" href=\"https:\/\/www.arbin.com\/de\/honeywell-und-arbin-instruments-arbeiten-zusammen-um-die-herstellung-von-lithium-ionen-batterien-im-grossen-massstab-zu-revolutionieren-html\">Honeywell und Arbin Instruments arbeiten zusammen, um die Herstellung von Lithium-Ionen-Batterien in gro\u00dfem Ma\u00dfstab zu revolutionieren<\/a><\/li><li class=\"listing-item\"><a class=\"title\" href=\"https:\/\/www.arbin.com\/de\/ambri-wahlt-batterietestgerate-von-arbin-instruments-fur-den-ausbau-des-entwicklungslabors-der-nachsten-generation-aus-html\">Ambri w\u00e4hlt Batterietestger\u00e4te von Arbin Instruments f\u00fcr die Erweiterung des Entwicklungslabors der n\u00e4chsten Generation\u00a0<\/a><\/li><\/ul>\n\t<h2>Latest\u00a0\u00a0\u00a0<a href=\"\/de\/arbin\/kategorie\/arbinische-nachrichten\/\">ALLE ANSICHTEN<\/a><\/h2>\n\t<meta itemscope itemprop=\"mainEntityOfPage\" itemtype=\"https:\/\/schema.org\/WebPage\" itemid=\"http:\/\/21795\" content=\"Turnkey Battery Testing\" \/><meta itemprop=\"datePublished\" content=\"2024-08-27\" \/><meta itemprop=\"dateModified\" content=\"2024-08-28\" \/><meta itemprop=\"name\" content=\"Arbin Instruments\"\/><meta itemprop=\"url\" content=\"https:\/\/www.arbin.com\/author\/arbinteam\/\" \/><meta itemprop=\"name\" content=\"Arbin Team\" \/><meta itemprop=\"interactionType\" content=\"https:\/\/schema.org\/CommentAction\" \/><meta itemprop=\"userInteractionCount\" content=\"0\" \/>\n\t\t\t\t\t\t\t\t\t<h3 itemprop=\"headline\">\n\t\t\t\t\t\t\t\t\t\t\t\t\t<a href=\"https:\/\/www.arbin.com\/de\/schlusselfertige-batterieprufung-html\" title=\"Schl\u00fcsselfertige Batteriepr\u00fcfung\">\n\t\t\t\t\t\t\t\t\t\t\t\t\t\tSchl\u00fcsselfertige Batteriepr\u00fcfung\t\t\t\t\t\t\t\t\t\t\t\t\t<\/a>\n\t\t\t\t\t\t\t\t\t\t\t<\/h3>\n\t\t\t27. August 2024\t\t\t\t\t\t\n    <p>LBTS-TC: Arbins schl\u00fcsselfertige Batterietestl\u00f6sung All-In-One Cell Testing mit integrierten Testkan\u00e4len, Temperaturkammern und Zellenhaltern. Pr\u00e4zision: 100-ppm-Messung mit branchenf\u00fchrender 24-Bit-Aufl\u00f6sung \u00fcber vier Strombereiche pro Testkanal Schl\u00fcsselfertige L\u00f6sung, vollst\u00e4ndig integriert mit Kanal- und Temperaturkabeln, die vom Kanal zum MZTC verbunden sind Dynamische Temperatursollwerte, die unabh\u00e4ngig von der isolierten Temperaturkammer verwaltet werden [...]<\/p>\n    <a href=\"https:\/\/www.arbin.com\/de\/schlusselfertige-batterieprufung-html\" title=\"Schl\u00fcsselfertige Batteriepr\u00fcfung\">Continue Reading about Turnkey Battery Testing<\/a>\n\t<meta itemscope itemprop=\"mainEntityOfPage\" itemtype=\"https:\/\/schema.org\/WebPage\" itemid=\"http:\/\/21410\" content=\"Honeywell and Arbin Instruments Team Up to Revolutionize Large Scale Lithium-Ion Battery Manufacturing\" \/><meta itemprop=\"datePublished\" content=\"2023-09-07\" \/><meta itemprop=\"dateModified\" content=\"2023-09-07\" \/><meta itemprop=\"name\" content=\"Arbin Instruments\"\/><meta itemprop=\"url\" content=\"https:\/\/www.arbin.com\/author\/arbinteam\/\" \/><meta itemprop=\"name\" content=\"Arbin Team\" \/><meta itemprop=\"interactionType\" content=\"https:\/\/schema.org\/CommentAction\" \/><meta itemprop=\"userInteractionCount\" content=\"0\" \/>\n\t\t\t\t\t\t\t\t\t<h3 itemprop=\"headline\">\n\t\t\t\t\t\t\t\t\t\t\t\t\t<a href=\"https:\/\/www.arbin.com\/de\/honeywell-und-arbin-instruments-arbeiten-zusammen-um-die-herstellung-von-lithium-ionen-batterien-im-grossen-massstab-zu-revolutionieren-html\" title=\"Honeywell und Arbin Instruments arbeiten zusammen, um die Herstellung von Lithium-Ionen-Batterien in gro\u00dfem Ma\u00dfstab zu revolutionieren\">\n\t\t\t\t\t\t\t\t\t\t\t\t\t\tHoneywell und Arbin Instruments arbeiten zusammen, um die Herstellung von Lithium-Ionen-Batterien in gro\u00dfem Ma\u00dfstab zu revolutionieren\t\t\t\t\t\t\t\t\t\t\t\t\t<\/a>\n\t\t\t\t\t\t\t\t\t\t\t<\/h3>\n\t\t\t7. September 2023\t\t\t\t\t\t\n    <p>Honeywell hat heute seine Battery Manufacturing Excellence Platform (MXP) f\u00fcr Hersteller von Lithium-Ionen-Batterien und Gigafactories durch eine Zusammenarbeit mit Arbin Instruments zur Integration eines fortschrittlichen autonomen Formationssystems erweitert.<\/p>\n    <a href=\"https:\/\/www.arbin.com\/de\/honeywell-und-arbin-instruments-arbeiten-zusammen-um-die-herstellung-von-lithium-ionen-batterien-im-grossen-massstab-zu-revolutionieren-html\" title=\"Honeywell und Arbin Instruments arbeiten zusammen, um die Herstellung von Lithium-Ionen-Batterien in gro\u00dfem Ma\u00dfstab zu revolutionieren\">Continue Reading about Honeywell and Arbin Instruments Team Up to Revolutionize Large Scale Lithium-Ion Battery Manufacturing<\/a>\n\t<meta itemscope itemprop=\"mainEntityOfPage\" itemtype=\"https:\/\/schema.org\/WebPage\" itemid=\"http:\/\/20698\" content=\"Ambri Selects Arbin Instruments' Battery Test Equipment for Expansion of Next Generation Development Lab\u00a0\" \/><meta itemprop=\"datePublished\" content=\"2022-09-07\" \/><meta itemprop=\"dateModified\" content=\"2023-02-20\" \/><meta itemprop=\"name\" content=\"Arbin Instruments\"\/><meta itemprop=\"url\" content=\"https:\/\/www.arbin.com\/author\/arbinteam\/\" \/><meta itemprop=\"name\" content=\"Arbin Team\" \/><meta itemprop=\"interactionType\" content=\"https:\/\/schema.org\/CommentAction\" \/><meta itemprop=\"userInteractionCount\" content=\"0\" \/>\n\t\t\t\t\t\t\t\t\t<h3 itemprop=\"headline\">\n\t\t\t\t\t\t\t\t\t\t\t\t\t<a href=\"https:\/\/www.arbin.com\/de\/ambri-wahlt-batterietestgerate-von-arbin-instruments-fur-den-ausbau-des-entwicklungslabors-der-nachsten-generation-aus-html\" title=\"Ambri Selects Arbin Instruments' Battery Test Equipment for Expansion of Next Generation Development Lab\u00a0\">\n\t\t\t\t\t\t\t\t\t\t\t\t\t\tAmbri Selects Arbin Instruments&#8217; Battery Test Equipment for Expansion of Next Generation Development Lab\u00a0\t\t\t\t\t\t\t\t\t\t\t\t\t<\/a>\n\t\t\t\t\t\t\t\t\t\t\t<\/h3>\n\t\t\t7. September 2022\t\t\t\t\t\t\n    <p>Arbin Instruments, a leader in battery testing instrumentation, has been selected by Ambri to provide high current battery testing systems for its pilot manufacturing expansion. These systems will facilitate the development and commercialization of its revolutionary Liquid Metal\u2122 batteries. Ambri&#8217;s next-generation batteries offer long-duration stationary energy storage for a variety of electric grid and datacenter [&hellip;]<\/p>\n    <a href=\"https:\/\/www.arbin.com\/de\/ambri-wahlt-batterietestgerate-von-arbin-instruments-fur-den-ausbau-des-entwicklungslabors-der-nachsten-generation-aus-html\" title=\"Ambri Selects Arbin Instruments' Battery Test Equipment for Expansion of Next Generation Development Lab\u00a0\">Continue Reading about Ambri Selects Arbin Instruments&#8217; Battery Test Equipment for Expansion of Next Generation Development Lab\u00a0<\/a>\n\t\t<!-- .pp-content-posts -->\n<h2>\n\t\tKontaktieren Sie uns noch heute f\u00fcr ein Angebot\n\t<\/h2>\n\t<p>F\u00fcllen Sie unser Kontaktformular aus, um ein Angebot anzufordern oder zu erfahren, wie Batterietestger\u00e4te von Arbin Instruments Ihre Pr\u00fcfanforderungen erf\u00fcllen k\u00f6nnen.<\/p>\n\t\t\t<a href=\"\/de\/anfrage-angebot-html\/\" target=\"_self\" rel=\"noopener\">\n\t\t\t\t\t\t\tAngebot anfordern\n\t\t\t\t\t<\/a>\n<h2>\n\t\tBe the First to Know\n\t<\/h2>\n\t<p>Our monthly newsletter features new products, industry information, and more. Sign up to be the first to know about new developments at Arbin Instruments.<\/p>\n\t\t\t<a href=\"\/de\/newsletter-anmeldeformular-html\/\" target=\"_self\" rel=\"noopener\">\n\t\t\t\t\t\t\tSubscribe to the Arbin Newsletter\n\t\t\t\t\t<\/a>","protected":false},"excerpt":{"rendered":"<p>Arbin Instruments, ein f\u00fchrendes Unternehmen auf dem Gebiet der Batterietestger\u00e4te, wurde von Ambri ausgew\u00e4hlt, um Hochstrom-Batterietestsysteme f\u00fcr die Erweiterung seiner Pilotproduktion zu liefern. Diese Systeme werden die Entwicklung und Kommerzialisierung der revolution\u00e4ren Liquid Metal\u2122-Batterien von Ambri erleichtern. Die Batterien der n\u00e4chsten Generation von Ambri bieten eine station\u00e4re Langzeit-Energiespeicherung f\u00fcr eine Vielzahl von Stromnetzen und Rechenzentren [...]<\/p>","protected":false},"author":6,"featured_media":0,"parent":17,"menu_order":0,"comment_status":"closed","ping_status":"closed","template":"","meta":{"_acf_changed":false,"_seopress_robots_primary_cat":"","_seopress_titles_title":"Arbin Press Releases | Arbin Instruments","_seopress_titles_desc":"Arbin Instruments Press Release highlights our latest updates and products about battery testing solutions, and industry updates, as well as company news.","_seopress_robots_index":"","inline_featured_image":false,"site-sidebar-layout":"default","site-content-layout":"","ast-site-content-layout":"default","site-content-style":"default","site-sidebar-style":"default","ast-global-header-display":"","ast-banner-title-visibility":"","ast-main-header-display":"","ast-hfb-above-header-display":"","ast-hfb-below-header-display":"","ast-hfb-mobile-header-display":"","site-post-title":"","ast-breadcrumbs-content":"","ast-featured-img":"","footer-sml-layout":"","theme-transparent-header-meta":"","adv-header-id-meta":"","stick-header-meta":"","header-above-stick-meta":"","header-main-stick-meta":"","header-below-stick-meta":"","astra-migrate-meta-layouts":"set","ast-page-background-enabled":"default","ast-page-background-meta":{"desktop":{"background-color":"","background-image":"","background-repeat":"repeat","background-position":"center center","background-size":"auto","background-attachment":"scroll","background-type":"","background-media":"","overlay-type":"","overlay-color":"","overlay-opacity":"","overlay-gradient":""},"tablet":{"background-color":"","background-image":"","background-repeat":"repeat","background-position":"center center","background-size":"auto","background-attachment":"scroll","background-type":"","background-media":"","overlay-type":"","overlay-color":"","overlay-opacity":"","overlay-gradient":""},"mobile":{"background-color":"","background-image":"","background-repeat":"repeat","background-position":"center center","background-size":"auto","background-attachment":"scroll","background-type":"","background-media":"","overlay-type":"","overlay-color":"","overlay-opacity":"","overlay-gradient":""}},"ast-content-background-meta":{"desktop":{"background-color":"var(--ast-global-color-5)","background-image":"","background-repeat":"repeat","background-position":"center center","background-size":"auto","background-attachment":"scroll","background-type":"","background-media":"","overlay-type":"","overlay-color":"","overlay-opacity":"","overlay-gradient":""},"tablet":{"background-color":"var(--ast-global-color-5)","background-image":"","background-repeat":"repeat","background-position":"center center","background-size":"auto","background-attachment":"scroll","background-type":"","background-media":"","overlay-type":"","overlay-color":"","overlay-opacity":"","overlay-gradient":""},"mobile":{"background-color":"var(--ast-global-color-5)","background-image":"","background-repeat":"repeat","background-position":"center center","background-size":"auto","background-attachment":"scroll","background-type":"","background-media":"","overlay-type":"","overlay-color":"","overlay-opacity":"","overlay-gradient":""}},"footnotes":""},"class_list":["post-743","page","type-page","status-publish","hentry"],"acf":[],"_links":{"self":[{"href":"https:\/\/www.arbin.com\/de\/wp-json\/wp\/v2\/pages\/743","targetHints":{"allow":["GET"]}}],"collection":[{"href":"https:\/\/www.arbin.com\/de\/wp-json\/wp\/v2\/pages"}],"about":[{"href":"https:\/\/www.arbin.com\/de\/wp-json\/wp\/v2\/types\/page"}],"author":[{"embeddable":true,"href":"https:\/\/www.arbin.com\/de\/wp-json\/wp\/v2\/users\/6"}],"replies":[{"embeddable":true,"href":"https:\/\/www.arbin.com\/de\/wp-json\/wp\/v2\/comments?post=743"}],"version-history":[{"count":1,"href":"https:\/\/www.arbin.com\/de\/wp-json\/wp\/v2\/pages\/743\/revisions"}],"predecessor-version":[{"id":26849,"href":"https:\/\/www.arbin.com\/de\/wp-json\/wp\/v2\/pages\/743\/revisions\/26849"}],"up":[{"embeddable":true,"href":"https:\/\/www.arbin.com\/de\/wp-json\/wp\/v2\/pages\/17"}],"wp:attachment":[{"href":"https:\/\/www.arbin.com\/de\/wp-json\/wp\/v2\/media?parent=743"}],"curies":[{"name":"wp","href":"https:\/\/api.w.org\/{rel}","templated":true}]}}