{"id":730,"date":"2022-04-13T09:49:30","date_gmt":"2022-04-13T14:49:30","guid":{"rendered":"https:\/\/arbin.com\/?page_id=730"},"modified":"2025-05-25T12:52:45","modified_gmt":"2025-05-25T17:52:45","slug":"ultra-high-precision-battery-testing","status":"publish","type":"page","link":"https:\/\/www.arbin.com\/de\/batterietestgerate\/batterietest-anwendung\/ultrahochprazise-batterieprufung-html","title":{"rendered":"Ultrahochpr\u00e4zise Batterietests"},"content":{"rendered":"<nav  aria-label=\"breadcrumb\"><ol class=\"breadcrumb\" itemscope itemtype=\"https:\/\/schema.org\/BreadcrumbList\"><li class=\"breadcrumb-item active\" aria-current=\"page\" itemprop=\"itemListElement\" itemscope itemtype=\"https:\/\/schema.org\/ListItem\"><span itemprop=\"name\">Startseite<\/span><meta itemprop=\"position\" content=\"1\"><\/li><\/ol><\/nav>\n<h1>\n\t\tMits Pro Software\n\t<\/h1>\n\t<p>For battery applications that demand both high power and long-term performance, precision is an essential testing factor. Higher precision assists researchers in quickly identifying battery performance signals, leading to more efficient and accurate long-term forecasts. Arbin&#8217;s high-precision battery testing solutions provide precision that can be relied on to move battery innovation forward.<\/p>\n\t\t\t<a href=\"https:\/\/arbin.com\/wp-content\/uploads\/2022\/06\/Arbin-HPS_rev05.pdf\" target=\"_blank\" rel=\"noopener\">\n\t\t\t\t\t\t\tBrosch\u00fcre herunterladen\n\t\t\t\t\t<\/a>\n\t\t\t\t<img decoding=\"async\" src=\"https:\/\/arbin.com\/wp-content\/uploads\/2022\/12\/Battery-Test-Lab-Rz-blue01.png\" alt=\"Pr\u00fcfung von Arbin-Batteriezellen in einer Temperaturkammer\" itemprop=\"image\" title=\"Batterie-Testlabor - Rz - blue01\" onerror=\"this.style.display='none'\"  \/>\n\t\t\t\t<img decoding=\"async\" src=\"https:\/\/arbin.com\/wp-content\/uploads\/2022\/08\/HPS-SERIES_HPS-front-panel-500x426.png\" alt=\"HPS-SERIES HPS Frontplatte\" itemprop=\"image\" title=\"HPS-SERIES_HPS-Frontblende\" onerror=\"this.style.display='none'\"  \/>\n\t\t\t<a href=\"\/de\/batterieforschung\/high-precision-battery-tester.html\/\" target=\"_self\" rel=\"noopener\">\n\t\t\t\t\t\t\tMehr erfahren\n\t\t\t\t\t<\/a>\n<h3>\n\t\tWarum sich Batterieforscher auf Arbin-Testger\u00e4te verlassen\n\t<\/h3>\n\t\t\t <ul><li>Arbin&#8217;s\u00a0<a href=\"\/de\/batterieforschung\/high-precision-battery-tester.html\/\"><strong>HPS<\/strong> <\/a>Batterietestsysteme bieten modernste Batterietestleistung.<\/li><li>Arbin bietet Batterietestl\u00f6sungen an, die von kleinen Benchtop-Modellen bis hin zu Tests im Gigafactory-Ma\u00dfstab mit Fernverwaltung und -steuerung sowie Netzwerkdatenbankl\u00f6sungen reichen.\u00a0<\/li><li>Die Arbin MITS-Testsoftware-Suite erm\u00f6glicht es Kunden, von der Materialforschung im Labor bis hin zu industriellen Batterietestanwendungen und der Produktion auf einer einzigen Plattform zu wachsen.<\/li><li>Alle Batterietestger\u00e4te von Arbin sind sicher und robust und verf\u00fcgen \u00fcber mehrere Sicherheitsschichten und spezielle Mikrocontroller f\u00fcr jedes Kanalmodul.<\/li><li>Zur Erweiterung und Vervollst\u00e4ndigung jedes Zelltestlabors sind umfangreiche Optionen und Zubeh\u00f6r erh\u00e4ltlich.<\/li><\/ul>\t\t\n\t\t\t\t<img decoding=\"async\" src=\"https:\/\/arbin.com\/wp-content\/uploads\/2022\/05\/high-precision-battery-testing.jpg\" alt=\"hochpr\u00e4zise-batterie-erprobung.jpg\" itemprop=\"image\" title=\"hochpr\u00e4zise-batterie-erprobung.jpg\" onerror=\"this.style.display='none'\"  \/>\n<h2>\n\t\tL\u00f6sungen f\u00fcr ultrahochpr\u00e4zise Pr\u00fcfanwendungen\n\t<\/h2>\n\t<p>Ultrahochpr\u00e4zise Batterietestl\u00f6sungen von Arbin Instruments eignen sich f\u00fcr die folgenden Anwendungen:<\/p>\n<ul>\n<li>HPC-Messungen (Coulombscher Wirkungsgrad)<\/li>\n<li>Elektrochemische Forschung und Entwicklung, Batterie- und Superkondensatorpr\u00fcfung<\/li>\n<li>Halbzellenpr\u00fcfung und Materialforschung<\/li>\n<li>Lebenszyklustests<\/li>\n<\/ul>\n<h2>\n\t\tDie Bedeutung von Pr\u00e4zision\n\t<\/h2>\n\t<p>Diese Grafik verdeutlicht den Unterschied zwischen einem Arbin-Batterietester und einem anderen f\u00fchrenden Hersteller. Der erste der beiden deutlichen Einbr\u00fcche im Diagramm k\u00f6nnte bei Verwendung minderwertiger Pr\u00fcfger\u00e4te \u00fcbersehen worden sein. W\u00e4hrend viele Unternehmen versuchen, \u00fcber ein Jahrzehnt lang die gleichen alten Ger\u00e4te zu verkaufen, hat Arbin hart an der Verbesserung unserer Designs gearbeitet, um den zuk\u00fcnftigen Anforderungen der Industrie gerecht zu werden. Wir haben eine Menge gelernt w\u00e4hrend unserer <strong><a href=\"https:\/\/arpa-e.energy.gov\/technologies\/projects\/ultra-precise-battery-tester\">dreij\u00e4hriges ARPA-E-Projekt<\/a><\/strong> Hochstrom-Hochpr\u00e4zisionspr\u00fcfger\u00e4te zu entwickeln, und haben diese neue Technologie in unserem <a href=\"\/de\/batterieforschung\/laboratory-battery-tester-with-integrated-chamber.html\/\"><strong>LBT<\/strong><\/a>, <a href=\"\/de\/batterieprufung\/rbt4-cell.html\/\"><strong>RBT-Zelle<\/strong><\/a>und <a href=\"\/de\/batterieforschung\/hochprazises-batterietestgerat-mit-integrierter-kammer-html\/\"><strong>HPS<\/strong> <\/a>Pr\u00fcfger\u00e4te-Serie. Die HPS-Ultrahochpr\u00e4zisionssysteme sind unser Premiumprodukt, aber LBT ist anderen Standardpr\u00fcfger\u00e4ten auf dem Markt \u00fcberlegen.<\/p>\n<p>Die Messgenauigkeit ist f\u00fcr Langzeit-Batterietests und Langzeit-Batterieprognosen wichtiger als die Kontrollgenauigkeit allein. Die meisten anderen Batterietestsysteme geben ihre Pr\u00e4zision nicht korrekt an und\/oder haben eine relativ schlechte Pr\u00e4zision, was die aus den Ergebnisdaten gezogenen Schlussfolgerungen beeintr\u00e4chtigt. Wichtige Trends und elektrochemische Indikatoren k\u00f6nnen unbemerkt bleiben und im Messrauschen untergehen (siehe Abbildung rechts).<\/p>\n\t<strong>Was die Pr\u00e4zision von Pr\u00fcfger\u00e4ten beeinflusst<\/strong><br \/>\nAufl\u00f6sung des DAC<br \/>\nAufl\u00f6sung des ADC<br \/>\nNichtlinearit\u00e4t der Kalibrierung<br \/>\nKurzzeitdrift (Temperatur)<br \/>\nLangfristige Drift (Materialeigenschaften)\n\t<b>Verbesserungen der Arbin-Testger\u00e4te<br \/>\n<\/b>H\u00f6here Aufl\u00f6sung<br \/>\nVerbesserte Software-Algorithmen<br \/>\nNeue Methoden des W\u00e4rmemanagements<br \/>\nNeues patentiertes Shunt-Design<br \/>\nNeue Methode der Zeiterfassung<br \/>\nNeue Materialien\n\t\t\t\t<img decoding=\"async\" src=\"https:\/\/arbin.com\/wp-content\/uploads\/2022\/09\/differential-capacity-graph.png\" alt=\"Differential-Kapazit\u00e4ts-Diagramm\" itemprop=\"image\" title=\"Differential-Kapazit\u00e4ts-Diagramm\" onerror=\"this.style.display='none'\"  \/>\n<h2>\n\t\tHilfsmittel und optionales Zubeh\u00f6r zur Verbesserung der Pr\u00fcfung verf\u00fcgbar\n\t<\/h2>\n\t<h3>MZTC Multi-Kammer<\/h3>\n<p><img decoding=\"async\" src=\"https:\/\/arbin.com\/wp-content\/uploads\/2022\/05\/MZTC-Mult-Chamber.png\" alt=\"Arbin-Batterie-Testkammer\" width=\"175\" height=\"250\" \/><\/p>\n<p>Arbin&#8217;s MZTC &#8220;Multi-Chamber&#8221; provides 8 fully independent mini-temperature chambers to isolate cells under test.<\/p>\n\t<h3>EIS-Integration<\/h3>\n<p><img decoding=\"async\" src=\"https:\/\/arbin.com\/wp-content\/uploads\/2022\/06\/Arbin-Battery-Test-Equipment-with-Double-Gamry-EIS.png\" alt=\"\" width=\"187\" height=\"250\" \/><\/p>\n<p>F\u00fcgen Sie ein Gamry EIS-Ger\u00e4t oder ein Arbin ACIM-Modul hinzu, das von bis zu 32 Pr\u00fcfkan\u00e4len (jeweils) gemeinsam genutzt wird.<\/p>\n\t<h3>Batteriehalterungen und -gestelle<\/h3>\n<p><img decoding=\"async\" src=\"https:\/\/arbin.com\/wp-content\/uploads\/2022\/09\/testing-pouch-cells-with-a-cycler-and-battery-rack-from-arbin-500x404.jpeg\" alt=\"\" width=\"309\" height=\"250\" \/><\/p>\n<p>F\u00fcr eine organisierte Testumgebung sind verschiedene Gestelle und Batteriehalter f\u00fcr alle Zellentypen erh\u00e4ltlich.<\/p>\n\t\t\t\t\t\t\t\t<a href=\"#\" id=\"fl-tabs--label-0\" data-index=\"0\" aria-selected=\"false\" aria-controls=\"fl-tabs--panel-0\" aria-expanded=\"false\" role=\"tab\" tabindex=\"0\">\t\t\t\tTemperaturkontrolle\t\t\t\t<\/a>\n\t\t\t\t\t\t\t\t<a href=\"#\" id=\"fl-tabs--label-1\" data-index=\"1\" aria-selected=\"false\" aria-controls=\"fl-tabs--panel-1\" aria-expanded=\"false\" role=\"tab\" tabindex=\"0\">\t\t\t\tMessung der Temperatur\t\t\t\t<\/a>\n\t\t\t\t\t\t\t\t<a href=\"#\" id=\"fl-tabs--label-2\" data-index=\"2\" aria-selected=\"true\" aria-controls=\"fl-tabs--panel-2\" aria-expanded=\"true\" role=\"tab\" tabindex=\"0\">\t\t\t\tEIS\t\t\t\t<\/a>\n\t\t\t\t\t\t\t\t<a href=\"#\" id=\"fl-tabs--label-3\" data-index=\"3\" aria-selected=\"false\" aria-controls=\"fl-tabs--panel-3\" aria-expanded=\"false\" role=\"tab\" tabindex=\"0\">\t\t\t\tMessung der Hilfsspannung\t\t\t\t<\/a>\n\t\t\t\t\t\t\t\t<a href=\"#\" id=\"fl-tabs--label-4\" data-index=\"4\" aria-selected=\"false\" aria-controls=\"fl-tabs--panel-4\" aria-expanded=\"false\" role=\"tab\" tabindex=\"0\">\t\t\t\tDigitale oder analoge E\/A\t\t\t\t<\/a>\n\t\t\t\t\t\tTemperature Control\n\t\t\t\t\t\t\t\t\t\t\tArbin <strong>MZTC Multi-Kammer<\/strong> erm\u00f6glicht es den Forschern, einzelne oder paarweise Zellen in ihrer eigenen, v\u00f6llig unabh\u00e4ngigen Minustemperaturkammer zu isolieren.<br \/>\n&#8211; Temperature range is [Ambient-10] to 60 degC.<br \/>\n&#8211; Interface trays are available for all cell types.<br \/>\n&#8211; Optionally add temperature sensors to mount on each cell.\n<p>Arbin&#8217;s <strong>3rd party chamber Schnittstellenmodul<\/strong> erm\u00f6glicht es dem Arbin-Pr\u00fcfger\u00e4t, die Kammertemperatur einzustellen und die Kammerwerte w\u00e4hrend der Pr\u00fcfung automatisch aufzuzeichnen und alle Daten zu synchronisieren.  Dies ist mit vielen Kammern kompatibel, aber bitte fragen Sie Ihren Arbin-Vertriebsingenieur nach Details.<\/p>\n\t\t\t\t\t\tTemperature Measurement\n\t\t\t\t\t\t\t\t\t\t\tArbin offers <strong>Thermoelement<\/strong> und <strong>Thermistor<\/strong> Sensortypen zur Messung und Aufzeichnung der Temperatur w\u00e4hrend der Pr\u00fcfung.  Sie funktionieren unabh\u00e4ngig voneinander, so dass der Benutzer sie flexibel in jeder beliebigen Konfiguration mit den Hauptkan\u00e4len f\u00fcr den Lade-\/Entladetest zuordnen kann.  Alle Daten werden automatisch mit den Daten der Lade-\/Entladetests der Zellen synchronisiert.  Folgende Sensortypen sind verf\u00fcgbar:<br \/>\n&#8211; K-Type Thermocouples<br \/>\n&#8211; T-Type Thermocouples<br \/>\n&#8211; PT100 Thermistor (NOTE: <em>PT100 Thermistoreing\u00e4nge sind kompatibel mit Arbin MZTC Multi-Chamber<\/em>.)<br \/>\n&#8211; 10kOhm Thermistor\n\t\t\t\t\t\tEIS\n\t\t\t\t\t\t\t\t\t\t\t<strong>EIS<\/strong> (elektrochemische Impedanzspektroskopie) ist ein optionales Modul, das zu den Arbin-Testsystemen hinzugef\u00fcgt werden kann, um deren Leistungsf\u00e4higkeit weiter zu erh\u00f6hen.  Jedes EIS-Modul kann von bis zu 32 Arbin-Pr\u00fcfkan\u00e4len gemeinsam genutzt werden.  Die EIS-Daten werden mit den Arbin-Pr\u00fcfdaten synchronisiert.<br \/>\nZu den kompatiblen EIS-Modulen geh\u00f6ren:<br \/>\n&#8211; Gamry 1010E<br \/>\n&#8211; Gamry 5000E<br \/>\n&#8211; Gamry Ref 3000<br \/>\n&#8211; Arbin ACIM module\n\t\t\t\t\t\tAuxiliary Voltage Measurement\n\t\t\t\t\t\t\t\t\t\t\t<p><strong>Hilfsspannungseing\u00e4nge (auxV) <\/strong>kann zu jedem Arbin-System hinzugef\u00fcgt werden, um die Spannung zus\u00e4tzlicher Referenzelektroden in einer Multielektrodenzelle oder einem Experiment zu messen.  Dem Arbin-System kann eine beliebige Anzahl von auxV-Eing\u00e4ngen hinzugef\u00fcgt werden.  Sie funktionieren unabh\u00e4ngig voneinander, so dass der Benutzer sie flexibel in jeder beliebigen Konfiguration mit den Hauptkan\u00e4len f\u00fcr Lade-\/Entladetests zuordnen kann.  Alle Daten werden mit den Arbin-Haupttestdaten synchronisiert.<\/p>\n\t\t\t\t\t\tDigitale oder analoge E\/A\n\t\t\t\t\t\t\t\t\t\t\t<strong>Digitaler Eingang\/Ausgang (E\/A)<\/strong> Kan\u00e4le erm\u00f6glichen es dem Arbin-System, ein digitales Relaissignal (hoch\/niedrig, ein\/aus) zu senden und zu empfangen und mit externer Hardware zu verbinden.  Sie funktionieren unabh\u00e4ngig voneinander, so dass der Benutzer sie flexibel in jeder beliebigen Konfiguration mit den Hauptkan\u00e4len f\u00fcr Lade-\/Entladetests zuordnen kann.<br \/>\nDigitale E\/A werden in der Regel f\u00fcr die Interaktion mit der Hardware der Client-Einrichtung oder mit externer Hardware f\u00fcr Flow-Batterie-Anwendungen verwendet.\n<strong>Analoger Eingang\/Ausgang (E\/A)<\/strong> Kan\u00e4le erm\u00f6glichen es dem Arbin-System, ein (-10)-10V-Spannungssignal zu senden und zu empfangen oder eine Schnittstelle zu externer Hardware zu bilden.  Sie funktionieren unabh\u00e4ngig voneinander, so dass der Benutzer sie flexibel in jeder beliebigen Konfiguration mit den Hauptkan\u00e4len f\u00fcr Lade-\/Entladetests zuordnen kann.<br \/>\nAnaloge E\/A werden in der Regel f\u00fcr die Interaktion mit der Hardware der Kundeneinrichtung oder externer Hardware f\u00fcr Flow-Batterie-Anwendungen verwendet.\n\t\t\t\t\t\t\t\t<a href=\"#\" id=\"fl-tabs--label-0\" data-index=\"0\" aria-selected=\"true\" aria-controls=\"fl-tabs--panel-0\" aria-expanded=\"true\" role=\"tab\" tabindex=\"0\">\t\t\t\tBatteriehalterungen\t\t\t\t<\/a>\n\t\t\t\t\t\t\t\t<a href=\"#\" id=\"fl-tabs--label-1\" data-index=\"1\" aria-selected=\"false\" aria-controls=\"fl-tabs--panel-1\" aria-expanded=\"false\" role=\"tab\" tabindex=\"0\">\t\t\t\tGestelle\t\t\t\t<\/a>\n\t\t\t\t\t\t\t\t<a href=\"#\" id=\"fl-tabs--label-2\" data-index=\"2\" aria-selected=\"false\" aria-controls=\"fl-tabs--panel-2\" aria-expanded=\"false\" role=\"tab\" tabindex=\"0\">\t\t\t\tUPS\t\t\t\t<\/a>\n\t\t\t\t\t\t\t\t<a href=\"#\" id=\"fl-tabs--label-3\" data-index=\"3\" aria-selected=\"false\" aria-controls=\"fl-tabs--panel-3\" aria-expanded=\"false\" role=\"tab\" tabindex=\"0\">\t\t\t\tCANBus\t\t\t\t<\/a>\n\t\t\t\t\t\tBatteriehalterungen\n\t\t\t\t\t\t\t\t\t\t\t<p>Eine Vielzahl von <strong>Batteriehalter<\/strong> sind als Erg\u00e4nzung f\u00fcr jedes Testlabor erh\u00e4ltlich.  Arbin bietet sowohl einzelne Zellenhalter als auch Tabletts und Racks an, die f\u00fcr eine gr\u00f6\u00dfere Anzahl von Zellen verwendet werden k\u00f6nnen.<\/p>\n<p>Individual cell holders are available for coincells, cylindrical cells, pouch cells, and a general interface with alligator clips.<\/p>\n<p>Multi-cell Trays are available for coincells, cylindrical cells, pouch cells, and a blank tray interface.\u00a0 A variety of rack sizes are available to house these cell trays.<\/p>\n\t\t\t\t\t\tGestelle\n\t\t\t\t\t\t\t\t\t\t\t<p>Arbin battery test equipment is always provided as a turnkey system with fully integrated chassis.\u00a0 They will be benchtop models or larger, floor-standing units.<\/p>\n<p><strong>Tester Gestelle<\/strong> sind f\u00fcr die Aufnahme mehrerer Arbin-Pr\u00fcfger\u00e4te-Module und\/oder zus\u00e4tzlicher Optionen erh\u00e4ltlich, darunter die MZTC-Mehrfachkammer.  Die Gr\u00f6\u00dfen umfassen 15U, 24U und 36U.  Dies sind jeweils bodenstehende Racks, die die Organisation verschiedener Konfigurationen von Arbin-Hardware f\u00fcr ein wachsendes Testlabor erleichtern.<\/p>\n<strong>Batteriehaltergestelle<\/strong> sind auch f\u00fcr die Unterbringung der mehrzelligen Batterieschalen erh\u00e4ltlich.  Zu den Gr\u00f6\u00dfen geh\u00f6ren 5-Schicht, 8-Schicht, 16-Schicht und 24-Schicht.  Es handelt sich jeweils um bodenstehende Gestelle, die die Organisation gro\u00dfer Mengen von zu pr\u00fcfenden Zellen erleichtern.  Die Zellentabletts sind separat erh\u00e4ltlich.<br \/>\n(1 layer holds 1 tray.)\n\t\t\t\t\t\tUPS\n\t\t\t\t\t\t\t\t\t\t\t<p>Arbin bietet eine optionale <strong>UPS<\/strong> (uninterruptable power supply) that is intended to provide power for the PC used with the Arbin battery test equipment.\u00a0 This allows the PC and Arbin software to continue running during a brief power outage and tests can automatically resume when power is restored.\u00a0 Relatively longer power outages will safely shut down the PC.\u00a0 Tests can always be resumed manually after any stoppage.<\/p>\n\t\t\t\t\t\tCANBus\n\t\t\t\t\t\t\t\t\t\t\t<p>Arbin bietet <strong>CANBus-Schnittstelle(n)\u00a0<\/strong>um eine externe Echtzeit-Steuerung des Arbin-Testers \u00fcber das CAN-Protokoll zu erm\u00f6glichen.  Diese Option wird in der Regel f\u00fcr Batteriemodule und -packs verwendet, um mit einem BMS (Batteriemanagementsystem) zu kommunizieren, kann aber auch f\u00fcr Zellentests verwendet werden, wenn der Kunde eine externe Steuerung \u00fcber CAN ben\u00f6tigt.<\/p>\n<p>NOTE: Additional methods of external control are available through Arbin&#8217;s optional TCP\/IP interface (Arbin &#8220;CTI&#8221;).<\/p>\n<h2>\n\t\tBeschleunigte Innovation mit Ultrahochpr\u00e4zisionspr\u00fcfger\u00e4ten\n\t<\/h2>\n\t<p>Artificially accelerated life cycle testing protocols result in aggressive test patterns and alter battery performance in unrealistic ways. By supporting more realistic calendar-life use profiles, Arbin&#8217;s high-precision testing systems (HPS) allow researchers to see the minute trends and nuances in data that are the first signs of battery degradation &#8211; without resorting to these flawed, accelerated methods. This approach can screen out less promising materials and shorten battery development time by focusing on precision rather than speed.<\/p>\n\t\t\t\t<img decoding=\"async\" src=\"https:\/\/arbin.com\/wp-content\/uploads\/2019\/10\/EV-battery-test-lab-Arbin-1024x671-1.jpg\" alt=\"EV-battery-test-lab-Arbin-1024x671-1\" itemprop=\"image\" title=\"EV-battery-test-lab-Arbin-1024x671-1\" onerror=\"this.style.display='none'\"  \/>\n<h2>\n\t\tKontaktieren Sie uns noch heute f\u00fcr ein Angebot\n\t<\/h2>\n\t<p>F\u00fcllen Sie unser Kontaktformular aus, um ein Angebot anzufordern oder zu erfahren, wie Batterietestger\u00e4te von Arbin Instruments Ihre Pr\u00fcfanforderungen erf\u00fcllen k\u00f6nnen.<\/p>\n\t\t\t<a href=\"\/de\/anfrage-angebot-html\/\" target=\"_self\" rel=\"noopener\">\n\t\t\t\t\t\t\tAngebot anfordern\n\t\t\t\t\t<\/a>","protected":false},"excerpt":{"rendered":"<p>Mits Pro Software For battery applications that demand both high power and long-term performance, precision is an essential testing factor. Higher precision assists researchers in quickly identifying battery performance signals, leading to more efficient and accurate long-term forecasts. Arbin&#8217;s high-precision battery testing solutions provide precision that can be relied on to move battery innovation forward. [&hellip;]<\/p>","protected":false},"author":6,"featured_media":0,"parent":6346,"menu_order":0,"comment_status":"closed","ping_status":"closed","template":"","meta":{"_acf_changed":false,"_seopress_robots_primary_cat":"","_seopress_titles_title":"High-Precision Battery Testing | Arbin Instruments","_seopress_titles_desc":"Arbin\u2019s high-precision battery testing solutions provide precision that can be relied on to move battery innovation forward.","_seopress_robots_index":"","inline_featured_image":false,"site-sidebar-layout":"default","site-content-layout":"","ast-site-content-layout":"default","site-content-style":"default","site-sidebar-style":"default","ast-global-header-display":"","ast-banner-title-visibility":"","ast-main-header-display":"","ast-hfb-above-header-display":"","ast-hfb-below-header-display":"","ast-hfb-mobile-header-display":"","site-post-title":"disabled","ast-breadcrumbs-content":"","ast-featured-img":"","footer-sml-layout":"","theme-transparent-header-meta":"","adv-header-id-meta":"","stick-header-meta":"","header-above-stick-meta":"","header-main-stick-meta":"","header-below-stick-meta":"","astra-migrate-meta-layouts":"set","ast-page-background-enabled":"default","ast-page-background-meta":{"desktop":{"background-color":"","background-image":"","background-repeat":"repeat","background-position":"center center","background-size":"auto","background-attachment":"scroll","background-type":"","background-media":"","overlay-type":"","overlay-color":"","overlay-opacity":"","overlay-gradient":""},"tablet":{"background-color":"","background-image":"","background-repeat":"repeat","background-position":"center center","background-size":"auto","background-attachment":"scroll","background-type":"","background-media":"","overlay-type":"","overlay-color":"","overlay-opacity":"","overlay-gradient":""},"mobile":{"background-color":"","background-image":"","background-repeat":"repeat","background-position":"center center","background-size":"auto","background-attachment":"scroll","background-type":"","background-media":"","overlay-type":"","overlay-color":"","overlay-opacity":"","overlay-gradient":""}},"ast-content-background-meta":{"desktop":{"background-color":"var(--ast-global-color-5)","background-image":"","background-repeat":"repeat","background-position":"center center","background-size":"auto","background-attachment":"scroll","background-type":"","background-media":"","overlay-type":"","overlay-color":"","overlay-opacity":"","overlay-gradient":""},"tablet":{"background-color":"var(--ast-global-color-5)","background-image":"","background-repeat":"repeat","background-position":"center center","background-size":"auto","background-attachment":"scroll","background-type":"","background-media":"","overlay-type":"","overlay-color":"","overlay-opacity":"","overlay-gradient":""},"mobile":{"background-color":"var(--ast-global-color-5)","background-image":"","background-repeat":"repeat","background-position":"center center","background-size":"auto","background-attachment":"scroll","background-type":"","background-media":"","overlay-type":"","overlay-color":"","overlay-opacity":"","overlay-gradient":""}},"footnotes":""},"class_list":["post-730","page","type-page","status-publish","hentry"],"acf":[],"_links":{"self":[{"href":"https:\/\/www.arbin.com\/de\/wp-json\/wp\/v2\/pages\/730","targetHints":{"allow":["GET"]}}],"collection":[{"href":"https:\/\/www.arbin.com\/de\/wp-json\/wp\/v2\/pages"}],"about":[{"href":"https:\/\/www.arbin.com\/de\/wp-json\/wp\/v2\/types\/page"}],"author":[{"embeddable":true,"href":"https:\/\/www.arbin.com\/de\/wp-json\/wp\/v2\/users\/6"}],"replies":[{"embeddable":true,"href":"https:\/\/www.arbin.com\/de\/wp-json\/wp\/v2\/comments?post=730"}],"version-history":[{"count":1,"href":"https:\/\/www.arbin.com\/de\/wp-json\/wp\/v2\/pages\/730\/revisions"}],"predecessor-version":[{"id":26876,"href":"https:\/\/www.arbin.com\/de\/wp-json\/wp\/v2\/pages\/730\/revisions\/26876"}],"up":[{"embeddable":true,"href":"https:\/\/www.arbin.com\/de\/wp-json\/wp\/v2\/pages\/6346"}],"wp:attachment":[{"href":"https:\/\/www.arbin.com\/de\/wp-json\/wp\/v2\/media?parent=730"}],"curies":[{"name":"wp","href":"https:\/\/api.w.org\/{rel}","templated":true}]}}