{"id":717,"date":"2022-04-13T09:19:53","date_gmt":"2022-04-13T14:19:53","guid":{"rendered":"https:\/\/arbin.com\/?page_id=717"},"modified":"2024-07-05T16:46:17","modified_gmt":"2024-07-05T21:46:17","slug":"module-pack-testing","status":"publish","type":"page","link":"https:\/\/www.arbin.com\/de\/batterietestgerate\/batterietest-anwendung\/module-pack-testing.html","title":{"rendered":"Module\/Pack Battery Testing"},"content":{"rendered":"<nav  aria-label=\"breadcrumb\"><ol class=\"breadcrumb\" itemscope itemtype=\"https:\/\/schema.org\/BreadcrumbList\"><li class=\"breadcrumb-item active\" aria-current=\"page\" itemprop=\"itemListElement\" itemscope itemtype=\"https:\/\/schema.org\/ListItem\"><span itemprop=\"name\">Startseite<\/span><meta itemprop=\"position\" content=\"1\"><\/li><\/ol><\/nav>\n<h1>\n\t\tModule\/Pack Battery Testing\n\t<\/h1>\n\t<p>Module and pack battery formats are critical for electrification in the transportation and energy industries. Arbin Instruments&#8217; module and pack test equipment is engineered to facilitate the performance-based tests that are critical to these complex battery formats. They are capable of addressing test needs including drive cycle simulations, dynamic stress tests, and BMS validation.<\/p>\n\t\t\t<a href=\"https:\/\/arbin.com\/wp-content\/uploads\/2023\/05\/Brochure-for-RBT-rev06.pdf\" target=\"_blank\" rel=\"noopener\">\n\t\t\t\t\t\t\tBrosch\u00fcre herunterladen\n\t\t\t\t\t<\/a>\n\t\t\t\t<img decoding=\"async\" src=\"https:\/\/arbin.com\/wp-content\/uploads\/2022\/11\/MODULE-PACK-BATTERY-TESTING_battery-pack-1024x761.png\" alt=\"MODULE-PACK-BATTERY-TESTING_battery-pack\" itemprop=\"image\" height=\"761\" width=\"1024\" title=\"MODULE-PACK-BATTERY-TESTING_battery-pack\" onerror=\"this.style.display='none'\"  \/>\n\t\t\t\t<img decoding=\"async\" src=\"https:\/\/arbin.com\/wp-content\/uploads\/images\/RBT3201-1Ch-683x1024.png\" alt=\"RBT3201-1Ch\" itemprop=\"image\" height=\"1024\" width=\"683\" title=\"RBT3201-1Ch\" onerror=\"this.style.display='none'\"  \/>\n\t\t\t<a href=\"https:\/\/www.arbin.com\/de\/batterietestgerate\/produktserie-batterietest\/rbt-reihe\/\" target=\"_self\" rel=\"noopener\">\n\t\t\t\t\t\t\tMehr erfahren\n\t\t\t\t\t<\/a>\n<h3>\n\t\tWarum sich Batterieforscher auf Arbin-Testger\u00e4te verlassen\n\t<\/h3>\n\t\t\t <ul><li>Arbin&#8217;s <a href=\"https:\/\/www.arbin.com\/de\/batterietestgerate\/produktserie-batterietest\/lbt21-series\/\"><strong>LBT<\/strong><\/a> und <a href=\"https:\/\/www.arbin.com\/de\/batterietestgerate\/produktserie-batterietest\/rbt-reihe\/\"><strong>RBT<\/strong><\/a> Batterietestsysteme bieten modernste Batterietestleistung.<\/li><li>Arbin offers battery test solutions starting from small benchtop models, up to Gigafactory-scale testing with remote management &amp; control, and network database solutions.\u00a0<\/li><li>Die Arbin MITS-Testsoftware-Suite erm\u00f6glicht es Kunden, von der Materialforschung im Labor bis hin zu industriellen Batterietestanwendungen und der Produktion auf einer einzigen Plattform zu wachsen.<\/li><li>Alle Batterietestger\u00e4te von Arbin sind sicher und robust und verf\u00fcgen \u00fcber mehrere Sicherheitsschichten und spezielle Mikrocontroller f\u00fcr jedes Kanalmodul.<\/li><li>Zur Erweiterung und Vervollst\u00e4ndigung jedes Zelltestlabors sind umfangreiche Optionen und Zubeh\u00f6r erh\u00e4ltlich.<\/li><\/ul>\t\t\n\t\t\t\t\tAm beliebtesten<h2>Regenerative Battery Testing<\/h2> RBT-Reihe<ul role=\"list\"><li role=\"listitem\">Arbin&#8217;s Regenerative Battery Testing (RBT) series is specifically designed for testing high-power battery packs. Engineered with electric vehicles, military technology, and stationary grid storage in mind, these pack testing systems can simulate complex, real-world applications such as drive profiles, cranking amp applications, and other custom profiles. The regenerative circuitry within each RBT system allows power to be discharged back to the grid, making it a more economical battery test solution for pack voltage up to 1000V and maximum power up to 1MW.<\/li><\/ul>\n\t\t\t<a href=\"https:\/\/www.arbin.com\/de\/batterietestgerate\/produktserie-batterietest\/rbt-reihe\/\" target=\"_self\" rel=\"noopener\">\n\t\t\t\t\t\t\tMehr erfahren\n\t\t\t\t\t<\/a>\n\t<table>\n<tbody>\n<tr>\n<td><strong>Spannung<\/strong><\/td>\n<td>60~1,500V<\/td>\n<\/tr>\n<tr>\n<td><strong>Aktuell<\/strong><\/td>\n<td>100~1,500A<\/td>\n<\/tr>\n<tr>\n<td><strong>Regenerativer Wirkungsgrad <\/strong><\/td>\n<td>&gt;90%<\/td>\n<\/tr>\n<\/tbody>\n<\/table>\n\t<table>\n<tbody>\n<tr>\n<td>\n<ul>\n<li>Industry leading specifications:\n<ul>\n<li>0.05% FS control accuracy<\/li>\n<li>500ppm measurement precision<\/li>\n<li>16-Bit measurement resolution<\/li>\n<\/ul>\n<\/li>\n<li>Fully parallelable channels<\/li>\n<li>Power ranges up to 300kW\/channel<\/li>\n<li>Drive cycle simulation using current or power profiles<\/li>\n<\/ul>\n<\/td>\n<\/tr>\n<\/tbody>\n<\/table>\n\t\t\t\t<img decoding=\"async\" src=\"https:\/\/arbin.com\/wp-content\/uploads\/2022\/05\/battery-management-system-1024x683.jpg\" alt=\"BMS or battery management system from an electric car Nissan Leaf.\" itemprop=\"image\" height=\"683\" width=\"1024\" title=\"battery management system\" onerror=\"this.style.display='none'\"  \/>\n<h2>\n\t\tSolutions for Battery Module and Pack Testing Applications\n\t<\/h2>\n\t<p>Arbin Instruments&#8217; module\/pack test equipment include systems for the following applications:<\/p>\n<ul>\n<li>Lebenszyklustests<\/li>\n<li><strong><a href=\"https:\/\/www.arbin.com\/de\/batterietestgerate\/electric-vehicle-battery-testing\/\">Electric Vehicle (EV) Drive Cycle Simulations<\/a><\/strong><\/li>\n<li>Hybrid Pulse Power Characterization Tests (HPPC)<\/li>\n<li>Dynamic Stress Tests (DST)<\/li>\n<li>Worldwide Harmonized Light Vehicles Procedure (WLTP0)<\/li>\n<li>Cranking Amp Tests<\/li>\n<li>Research and Development of Battery Packs for <a href=\"https:\/\/www.arbin.com\/de\/batterietestgerate\/electric-vehicle-battery-testing\/\"><strong>Electric Vehicle<\/strong><\/a> und <strong><a href=\"https:\/\/www.arbin.com\/de\/batterietestgerate\/grid-storage-battery-testing\/\">Grid Storage Applications<\/a><\/strong><\/li>\n<li>Validation of Internal Battery Management Systems (BMS) via CAN Bus<\/li>\n<\/ul>\n<h2>\n\t\tRegenerative Battery Test Equipment for Advanced Simulations\n\t<\/h2>\n\t<p>Arbin&#8217;s RBT series of battery test equipment is capable of advanced, high-speed simulations. Users can upload pre-defined data or control the simulation dynamically via CAN communication.<\/p>\n<p><strong>Key Features:<\/strong><\/p>\n<ul>\n<li>Profile Types: Time vs. Current, Time vs. Power, Time vs. Load<\/li>\n<li>Up to 1 million data points<\/li>\n<li>True Bipolar Circuitry so no switching between charge and discharge<\/li>\n<li>Data Acquisition Range: Up to 5ms<\/li>\n<\/ul>\n<p>Compared to traditional battery cycling that may use exclusively constant current and constant voltage (CC-CV) charge\/discharge profiles, EV testing applications require charge\/discharge based on various real-world applications. These charge\/discharge profiles are highly dynamic and require much greater current demands relative to &#8220;traditional&#8221; testing.<\/p>\n\t\t\t\t<img decoding=\"async\" src=\"https:\/\/arbin.com\/wp-content\/uploads\/2022\/06\/ELECTRIC-VEHICLE-BATTERY_TESTING_drive-profile-simulation-ev-battery-pack.png\" alt=\"ELEKTRISCHES FAHRZEUG BATTERIEPR\u00dcFUNG Fahrprofilsimulation EV-Batteriepaket\" itemprop=\"image\" height=\"401\" width=\"746\" title=\"ELEKTRISCHES FAHRZEUG BATTERIEPR\u00dcFUNG Fahrprofilsimulation EV-Batteriepaket\" onerror=\"this.style.display='none'\"  \/>\n\t\t\t\t<img decoding=\"async\" src=\"https:\/\/arbin.com\/wp-content\/uploads\/2023\/01\/MODULE-PACK-BATTERY-TESTING_can-communication.png\" alt=\"RBT Can Communication Screenshots\" itemprop=\"image\" height=\"403\" width=\"493\" title=\"MODULE-PACK-BATTERY-TESTING_can-communication\" onerror=\"this.style.display='none'\"  \/>\n<h2>\n\t\tCANBus Communication and Regenerative Battery Testing\n\t<\/h2>\n\t<p>Arbin&#8217;s RBT is the only tester that allows dynamic control of charge and discharge via the CAN protocol. This functionality allows users to control the Arbin tester with a Battery Management System (BMS).<\/p>\n<p>CANBus Features of the RBT Series:<\/p>\n<ul>\n<li>Allows BMS to fully control RBT charge\/discharge<\/li>\n<li>Easily import CAN database and customize<\/li>\n<li>Read\/write integration with battery management system<\/li>\n<li>Offers easy-to-navigate drop-down menu selections<\/li>\n<li>Create customized CAN reports to compare BMS data<\/li>\n<li>No 3rd-party equipment, DLL package, or license is needed<\/li>\n<li>Extended or Standard Frame Type<\/li>\n<\/ul>\n<h2>\n\t\tHilfsmittel und optionales Zubeh\u00f6r zur Verbesserung der Pr\u00fcfung verf\u00fcgbar\n\t<\/h2>\n\t<h3>CANBus<\/h3>\n<p><img decoding=\"async\" src=\"https:\/\/arbin.com\/wp-content\/uploads\/2022\/06\/CAN-500x375.jpg\" alt=\"\" width=\"500\" height=\"375\" \/><\/p>\n<p>Arbin bietet <strong>CANBus-Schnittstelle(n)\u00a0<\/strong>um eine externe Steuerung des Arbin-Testers in Echtzeit \u00fcber das CAN-Protokoll zu erm\u00f6glichen. Diese Funktion erm\u00f6glicht die Kommunikation von Batteriemodulen\/Packs mit einem BMS (Batteriemanagementsystem) oder f\u00fcr Zellentests, bei denen der Kunde eine externe Steuerung \u00fcber CAN ben\u00f6tigt.<\/p>\n\t<h3>MTCI<\/h3>\n<p><img decoding=\"async\" src=\"https:\/\/arbin.com\/wp-content\/uploads\/images\/AUX-CAN-BUS_1CH_MTCI_1CH_RA_001C-500x199.png\" alt=\"CANBus MTCI-Modul\" width=\"500\" height=\"199\" \/><\/p>\n<p>Die <strong>Temperaturkammer-Schnittstelle (MTCI)<\/strong> allows the Arbin system to communicate with an approved third-party temperature\/environment chamber. Arbin&#8217;s software can turn the chamber on\/off and adjust the temperature during the test.<\/p>\n\t<h3>Control Power Supply<\/h3>\n<p><img decoding=\"async\" src=\"https:\/\/arbin.com\/wp-content\/uploads\/2022\/09\/testing-pouch-cells-with-a-cycler-and-battery-rack-from-arbin-500x404.jpeg\" alt=\"\" width=\"309\" height=\"250\" \/><\/p>\n<p>The Control Power Supply (<strong>CPS<\/strong>) provides multiple inputs that allow the Arbin test station to fully integrate with the facility, and allows the system to receive signals, display status with a safety tower light, and can be remotely shut down by the user.<\/p>\n\t\t\t\t\t\t\t\t<a href=\"#\" id=\"fl-tabs--label-0\" data-index=\"0\" aria-selected=\"false\" aria-controls=\"fl-tabs--panel-0\" aria-expanded=\"false\" role=\"tab\" tabindex=\"0\">\t\t\t\tDigitale oder analoge E\/A\t\t\t\t<\/a>\n\t\t\t\t\t\t\t\t<a href=\"#\" id=\"fl-tabs--label-1\" data-index=\"1\" aria-selected=\"false\" aria-controls=\"fl-tabs--panel-1\" aria-expanded=\"false\" role=\"tab\" tabindex=\"0\">\t\t\t\tTemperaturkontrolle\t\t\t\t<\/a>\n\t\t\t\t\t\t\t\t<a href=\"#\" id=\"fl-tabs--label-2\" data-index=\"2\" aria-selected=\"true\" aria-controls=\"fl-tabs--panel-2\" aria-expanded=\"true\" role=\"tab\" tabindex=\"0\">\t\t\t\tMessung der Temperatur\t\t\t\t<\/a>\n\t\t\t\t\t\t\t\t<a href=\"#\" id=\"fl-tabs--label-3\" data-index=\"3\" aria-selected=\"false\" aria-controls=\"fl-tabs--panel-3\" aria-expanded=\"false\" role=\"tab\" tabindex=\"0\">\t\t\t\tMessung der Hilfsspannung\t\t\t\t<\/a>\n\t\t\t\t\t\t\t\t<a href=\"#\" id=\"fl-tabs--label-4\" data-index=\"4\" aria-selected=\"false\" aria-controls=\"fl-tabs--panel-4\" aria-expanded=\"false\" role=\"tab\" tabindex=\"0\">\t\t\t\tCANBus\t\t\t\t<\/a>\n\t\t\t\t\t\t\t\t<a href=\"#\" id=\"fl-tabs--label-5\" data-index=\"5\" aria-selected=\"false\" aria-controls=\"fl-tabs--panel-5\" aria-expanded=\"false\" role=\"tab\" tabindex=\"0\">\t\t\t\tUPS\t\t\t\t<\/a>\n\t\t\t\t\t\tDigitale oder analoge E\/A\n\t\t\t\t\t\t\t\t\t\t\t<strong>Digitaler Eingang\/Ausgang (E\/A)<\/strong> Kan\u00e4le erm\u00f6glichen es dem Arbin-System, ein digitales Relaissignal (hoch\/niedrig, ein\/aus) zu senden und zu empfangen und mit externer Hardware zu verbinden.  Sie funktionieren unabh\u00e4ngig voneinander, so dass der Benutzer sie flexibel in jeder beliebigen Konfiguration mit den Hauptkan\u00e4len f\u00fcr Lade-\/Entladetests zuordnen kann.<br \/>\nDigitale E\/A werden in der Regel f\u00fcr die Interaktion mit der Hardware der Client-Einrichtung oder mit externer Hardware f\u00fcr Flow-Batterie-Anwendungen verwendet.\n<strong>Analoger Eingang\/Ausgang (E\/A)<\/strong> Kan\u00e4le erm\u00f6glichen es dem Arbin-System, ein (-10)-10V-Spannungssignal zu senden und zu empfangen oder eine Schnittstelle zu externer Hardware zu bilden.  Sie funktionieren unabh\u00e4ngig voneinander, so dass der Benutzer sie flexibel in jeder beliebigen Konfiguration mit den Hauptkan\u00e4len f\u00fcr Lade-\/Entladetests zuordnen kann.<br \/>\nAnalog I\/O are commonly used to interact with client facility hardware or external hardware used with flow battery applications.\n\t\t\t\t\t\tTemperature Control\n\t\t\t\t\t\t\t\t\t\t\tArbin <strong>MZTC Multi-Kammer<\/strong> erm\u00f6glicht es den Forschern, einzelne oder paarweise Zellen in ihrer eigenen, v\u00f6llig unabh\u00e4ngigen Minustemperaturkammer zu isolieren.<br \/>\n&#8211; Temperature range is [Ambient-10] to 60 degC.<br \/>\n&#8211; Interface trays are available for all cell types.<br \/>\n&#8211; Optionally add temperature sensors to mount on each cell.\n<p>Arbin&#8217;s <strong>3rd party chamber Schnittstellenmodul<\/strong> erm\u00f6glicht es dem Arbin-Pr\u00fcfger\u00e4t, die Kammertemperatur einzustellen und die Kammerwerte w\u00e4hrend der Pr\u00fcfung automatisch aufzuzeichnen und alle Daten zu synchronisieren.  Dies ist mit vielen Kammern kompatibel, aber bitte fragen Sie Ihren Arbin-Vertriebsingenieur nach Details.<\/p>\n\t\t\t\t\t\tTemperature Measurement\n\t\t\t\t\t\t\t\t\t\t\tArbin offers <strong>Thermoelement<\/strong> und <strong>Thermistor<\/strong> Sensortypen zur Messung und Aufzeichnung der Temperatur w\u00e4hrend der Pr\u00fcfung.  Sie funktionieren unabh\u00e4ngig voneinander, so dass der Benutzer sie flexibel in jeder beliebigen Konfiguration mit den Hauptkan\u00e4len f\u00fcr den Lade-\/Entladetest zuordnen kann.  Alle Daten werden automatisch mit den Daten der Lade-\/Entladetests der Zellen synchronisiert.  Folgende Sensortypen sind verf\u00fcgbar:<br \/>\n&#8211; K-Type Thermocouples<br \/>\n&#8211; T-Type Thermocouples<br \/>\n&#8211; PT100 Thermistor (NOTE: <em>PT100 Thermistoreing\u00e4nge sind kompatibel mit Arbin MZTC Multi-Chamber<\/em>.)<br \/>\n&#8211; 10kOhm Thermistor\n\t\t\t\t\t\tAuxiliary Voltage Measurement\n\t\t\t\t\t\t\t\t\t\t\t<p><strong>Hilfsspannungseing\u00e4nge (auxV) <\/strong>kann zu jedem Arbin-System hinzugef\u00fcgt werden, um die Spannung zus\u00e4tzlicher Referenzelektroden in einer Multielektrodenzelle oder einem Experiment zu messen.  Dem Arbin-System kann eine beliebige Anzahl von auxV-Eing\u00e4ngen hinzugef\u00fcgt werden.  Sie funktionieren unabh\u00e4ngig voneinander, so dass der Benutzer sie flexibel in jeder beliebigen Konfiguration mit den Hauptkan\u00e4len f\u00fcr Lade-\/Entladetests zuordnen kann.  Alle Daten werden mit den Arbin-Haupttestdaten synchronisiert.<\/p>\n\t\t\t\t\t\tCANBus\n\t\t\t\t\t\t\t\t\t\t\t<p>Arbin bietet\u00a0<strong>CANBus-Schnittstelle(n)\u00a0<\/strong>um eine externe Echtzeit-Steuerung des Arbin-Testers \u00fcber das CAN-Protokoll zu erm\u00f6glichen.  Diese Option wird in der Regel f\u00fcr Batteriemodule und -packs verwendet, um mit einem BMS (Batteriemanagementsystem) zu kommunizieren, kann aber auch f\u00fcr Zellentests verwendet werden, wenn der Kunde eine externe Steuerung \u00fcber CAN ben\u00f6tigt.<\/p>\n<p>NOTE: Additional methods of external control are available through Arbin&#8217;s optional TCP\/IP interface (Arbin &#8220;CTI&#8221;).<\/p>\n\t\t\t\t\t\tUPS\n\t\t\t\t\t\t\t\t\t\t\t<p>Arbin bietet eine optionale <strong>UPS<\/strong> (uninterruptable power supply) that is intended to provide power for the PC used with the Arbin battery test equipment.\u00a0 This allows the PC and Arbin software to continue running during a brief power outage and tests can automatically resume when power is restored.\u00a0 Relatively longer power outages will safely shut down the PC.\u00a0 Tests can always be resumed manually after any stoppage.<\/p>\n<h2>\n\t\tApplication-Based Battery Performance Testing with Arbin\n\t<\/h2>\n\t<p>Made for performance testing, Arbin&#8217;s module\/pack battery test equipment allows engineers and scientists to assess battery behavior under specific real-world conditions. These systems are designed to test battery performance, condition, aging, and safety, along with BMS communication, under realistic scenarios that are simulated by drive cycle profiles and other application-specific tests. This data is critical to the development and production of pack and module batteries.<\/p>\n\t\t\t\t<img decoding=\"async\" src=\"https:\/\/arbin.com\/wp-content\/uploads\/images\/LBT20162-64CH.png\" alt=\"LBT20162-64CH\" itemprop=\"image\" height=\"410\" width=\"414\" title=\"LBT20162-64CH\" onerror=\"this.style.display='none'\"  \/>\n<h2>\n\t\tKontaktieren Sie uns noch heute f\u00fcr ein Angebot\n\t<\/h2>\n\t<p>F\u00fcllen Sie unser Kontaktformular aus, um ein Angebot anzufordern oder zu erfahren, wie Batterietestger\u00e4te von Arbin Instruments Ihre Pr\u00fcfanforderungen erf\u00fcllen k\u00f6nnen.<\/p>\n\t\t\t<a href=\"https:\/\/www.arbin.com\/de\/request-a-quote\/\" target=\"_self\" rel=\"noopener\">\n\t\t\t\t\t\t\tAngebot anfordern\n\t\t\t\t\t<\/a>","protected":false},"excerpt":{"rendered":"<p>Module\/Pack Battery Testing Module and pack battery formats are critical for electrification in the transportation and energy industries. Arbin Instruments&#8217; module and pack test equipment is engineered to facilitate the performance-based tests that are critical to these complex battery formats. They are capable of addressing test needs including drive cycle simulations, dynamic stress tests, and [&hellip;]<\/p>","protected":false},"author":1,"featured_media":0,"parent":6346,"menu_order":0,"comment_status":"closed","ping_status":"closed","template":"","meta":{"_acf_changed":false,"_seopress_robots_primary_cat":"","_seopress_titles_title":"Module\/Pack Testing | Arbin Instruments","_seopress_titles_desc":"Arbin Instruments\u2019 module and pack test equipment are engineered to ease the performance-based tests that are critical to these complex battery formats.","_seopress_robots_index":"","inline_featured_image":false,"site-sidebar-layout":"default","site-content-layout":"","ast-site-content-layout":"default","site-content-style":"default","site-sidebar-style":"default","ast-global-header-display":"","ast-banner-title-visibility":"","ast-main-header-display":"","ast-hfb-above-header-display":"","ast-hfb-below-header-display":"","ast-hfb-mobile-header-display":"","site-post-title":"disabled","ast-breadcrumbs-content":"","ast-featured-img":"","footer-sml-layout":"","theme-transparent-header-meta":"","adv-header-id-meta":"","stick-header-meta":"","header-above-stick-meta":"","header-main-stick-meta":"","header-below-stick-meta":"","astra-migrate-meta-layouts":"set","ast-page-background-enabled":"default","ast-page-background-meta":{"desktop":{"background-color":"","background-image":"","background-repeat":"repeat","background-position":"center center","background-size":"auto","background-attachment":"scroll","background-type":"","background-media":"","overlay-type":"","overlay-color":"","overlay-opacity":"","overlay-gradient":""},"tablet":{"background-color":"","background-image":"","background-repeat":"repeat","background-position":"center center","background-size":"auto","background-attachment":"scroll","background-type":"","background-media":"","overlay-type":"","overlay-color":"","overlay-opacity":"","overlay-gradient":""},"mobile":{"background-color":"","background-image":"","background-repeat":"repeat","background-position":"center center","background-size":"auto","background-attachment":"scroll","background-type":"","background-media":"","overlay-type":"","overlay-color":"","overlay-opacity":"","overlay-gradient":""}},"ast-content-background-meta":{"desktop":{"background-color":"var(--ast-global-color-5)","background-image":"","background-repeat":"repeat","background-position":"center center","background-size":"auto","background-attachment":"scroll","background-type":"","background-media":"","overlay-type":"","overlay-color":"","overlay-opacity":"","overlay-gradient":""},"tablet":{"background-color":"var(--ast-global-color-5)","background-image":"","background-repeat":"repeat","background-position":"center center","background-size":"auto","background-attachment":"scroll","background-type":"","background-media":"","overlay-type":"","overlay-color":"","overlay-opacity":"","overlay-gradient":""},"mobile":{"background-color":"var(--ast-global-color-5)","background-image":"","background-repeat":"repeat","background-position":"center center","background-size":"auto","background-attachment":"scroll","background-type":"","background-media":"","overlay-type":"","overlay-color":"","overlay-opacity":"","overlay-gradient":""}},"footnotes":""},"class_list":["post-717","page","type-page","status-publish","hentry"],"acf":[],"_links":{"self":[{"href":"https:\/\/www.arbin.com\/de\/wp-json\/wp\/v2\/pages\/717","targetHints":{"allow":["GET"]}}],"collection":[{"href":"https:\/\/www.arbin.com\/de\/wp-json\/wp\/v2\/pages"}],"about":[{"href":"https:\/\/www.arbin.com\/de\/wp-json\/wp\/v2\/types\/page"}],"author":[{"embeddable":true,"href":"https:\/\/www.arbin.com\/de\/wp-json\/wp\/v2\/users\/1"}],"replies":[{"embeddable":true,"href":"https:\/\/www.arbin.com\/de\/wp-json\/wp\/v2\/comments?post=717"}],"version-history":[{"count":0,"href":"https:\/\/www.arbin.com\/de\/wp-json\/wp\/v2\/pages\/717\/revisions"}],"up":[{"embeddable":true,"href":"https:\/\/www.arbin.com\/de\/wp-json\/wp\/v2\/pages\/6346"}],"wp:attachment":[{"href":"https:\/\/www.arbin.com\/de\/wp-json\/wp\/v2\/media?parent=717"}],"curies":[{"name":"wp","href":"https:\/\/api.w.org\/{rel}","templated":true}]}}