{"id":26378,"date":"2025-03-07T05:30:00","date_gmt":"2025-03-07T11:30:00","guid":{"rendered":"https:\/\/www.arbin.com\/?page_id=26378"},"modified":"2025-03-07T05:50:36","modified_gmt":"2025-03-07T11:50:36","slug":"products","status":"publish","type":"page","link":"https:\/\/www.arbin.com\/de\/products.html","title":{"rendered":"Produkte"},"content":{"rendered":"<a href=\"\/de\/batterieforschung\/\" target=\"_self\" itemprop=\"url\" rel=\"noopener\">\n\t\t\t\t<img decoding=\"async\" src=\"https:\/\/www.arbin.com\/wp-content\/uploads\/2024\/11\/ARBIN-Battery-RD-Equipment.png\" alt=\"ARBIN-Batterie F&amp;E-Ausr\u00fcstung\" itemprop=\"image\" height=\"484\" width=\"769\" title=\"ARBIN-Batterie F&amp;E-Ausr\u00fcstung\" onerror=\"this.style.display='none'\"  \/>\n\t\t\t\t<\/a>\n<h3><a href=\"\/de\/batterieforschung\/\" target=\"_self\" rel=\"noopener\">Battery R&#038;D Equipment<\/a><\/h3><p>Arbin&#8217;s range of research and development testing solutions ensures researchers have the tools needed to bring new technology to the market.<\/p>\n\t\t\t\t<a href=\"\/de\/batterieprufung\/\" target=\"_self\" itemprop=\"url\" rel=\"noopener\">\n\t\t\t\t<img decoding=\"async\" src=\"https:\/\/www.arbin.com\/wp-content\/uploads\/2025\/02\/ARBIN-Cell-Module-Pack-Tester.png\" alt=\"ARBIN-Zellenmodul- und Packungstester\" itemprop=\"image\" height=\"484\" width=\"758\" title=\"ARBIN-Zellenmodul- und Packungstester\" onerror=\"this.style.display='none'\"  \/>\n\t\t\t\t<\/a>\n<h3><a href=\"\/de\/batterieprufung\/\" target=\"_self\" rel=\"noopener\">Cell, Module &#038; Pack Tester<\/a><\/h3><p>For decades, Arbin&#8217;s equipment has defined industry standards, helping our customers to confidently advance energy storage innovation.\u200b<\/p>\n\t\t\t\t<a href=\"\/de\/softwarelosung\/\" target=\"_self\" itemprop=\"url\" rel=\"noopener\">\n\t\t\t\t<img decoding=\"async\" src=\"https:\/\/www.arbin.com\/wp-content\/uploads\/2025\/02\/ARBIN-BTQ-Software-Solutions.png\" alt=\"ARBIN-BTQ-Software-L\u00f6sungen\" itemprop=\"image\" height=\"476\" width=\"758\" title=\"ARBIN-BTQ-Software-L\u00f6sungen\" onerror=\"this.style.display='none'\"  \/>\n\t\t\t\t<\/a>\n<h3><a href=\"\/de\/softwarelosung\/\" target=\"_self\" rel=\"noopener\">Software-L\u00f6sungen<\/a><\/h3><p>Unsere plattform\u00fcbergreifende MITS-Software liefert umfassende, zuverl\u00e4ssige Daten, die diese Anforderungen erf\u00fcllen.<\/p>\n\t\tArbin bietet Lade-\/Entlade-Batterietestsysteme an<br \/>\nvon \u03bcA-Einzelzellenanwendungen bis hin zu 1MW-Packs.\n\t\t\t<a href=\"\/de\/request-a-quote\/\" target=\"_self\" rel=\"noopener\">\n\t\t\t\t\t\t\tAngebot einholen\n\t\t\t\t\t<\/a>\n<h2>\n\t\tDiscover our Products\n\t<\/h2>\n\t<p>W\u00e4hlen Sie die richtige Ausr\u00fcstung f\u00fcr Sie<\/p>\n\t\t\t\t<a href=\"\/de\/batterieforschung\/parallel-differential-battery-tester-with-integrated-chamber\/\" target=\"_self\" itemprop=\"url\" rel=\"noopener\">\n\t\t\t\t<img decoding=\"async\" src=\"https:\/\/arbin.com\/wp-content\/uploads\/2024\/11\/ARBIN-Parallel-Differential-Battery-Tester-with-Integrated-Chamber-thumb.png\" alt=\"ARBIN-Parallel-Differential-Batterietester mit integriertem Kammerdaumen\" itemprop=\"image\" title=\"ARBIN-Parallel-Differential-Batterietester mit integriertem Kammerdaumen\" onerror=\"this.style.display='none'\"  \/>\n\t\t\t\t<\/a>\n<h3><a href=\"\/de\/batterieforschung\/parallel-differential-battery-tester-with-integrated-chamber\/\" target=\"_self\" rel=\"noopener\">Parallel-Differential-Batterietester (PDBT)<\/a><\/h3><p>PDBT ist f\u00fcr den parallelen Batterietest zum Vergleich von Batterien und zur schnellen Messung des Selbstentladestroms konzipiert.<\/p>\n\t\t\t\t<a href=\"\/de\/batterieforschung\/high-precision-battery-tester-with-integrated-chamber\/\" target=\"_self\" itemprop=\"url\" rel=\"noopener\">\n\t\t\t\t<img decoding=\"async\" src=\"https:\/\/arbin.com\/wp-content\/uploads\/2024\/11\/ARBIN-High-Precision-Battery-Tester-with-Integrated-Chamber-thumb.png\" alt=\"ARBIN-Hochpr\u00e4zisions-Batterietester mit integriertem Kammerdaumen\" itemprop=\"image\" title=\"ARBIN-Hochpr\u00e4zisions-Batterietester mit integriertem Kammerdaumen\" onerror=\"this.style.display='none'\"  \/>\n\t\t\t\t<\/a>\n<h3><a href=\"\/de\/batterieforschung\/high-precision-battery-tester-with-integrated-chamber\/\" target=\"_self\" rel=\"noopener\">Hochpr\u00e4zisionspr\u00fcfger\u00e4t (HPS)<\/a><\/h3><p>Mit integrierten Kammern bietet HPS eine schl\u00fcsselfertige L\u00f6sung mit modernster Technologie f\u00fcr die Batterieforschung, die un\u00fcbertroffene Genauigkeit und Pr\u00e4zision gew\u00e4hrleistet.<\/p>\n\t\t\t\t<a href=\"\/de\/batterieprufung\/rbt4-cell\/\" target=\"_self\" itemprop=\"url\" rel=\"noopener\">\n\t\t\t\t<img decoding=\"async\" src=\"https:\/\/arbin.com\/wp-content\/uploads\/2025\/01\/Arbin-LBT-Discover-rbt4-cell.png\" alt=\"Arbin-LBT-Entdeckung-rbt4-Zelle\" itemprop=\"image\" title=\"Arbin-LBT-Entdeckung-rbt4-Zelle\" onerror=\"this.style.display='none'\"  \/>\n\t\t\t\t<\/a>\n<h3><a href=\"\/de\/batterieprufung\/rbt4-cell\/\" target=\"_self\" rel=\"noopener\">RBT-Zelle<\/a><\/h3><p>High current cell testing solutions utilizing Arbin&#8217;s\u00a0regenerative technology for efficient and reliable\u00a0testing.<\/p>","protected":false},"excerpt":{"rendered":"<p>Battery R&#038;D Equipment Arbin&#8217;s range of research and development testing solutions ensures researchers have the tools needed to bring new technology to the market. Cell, Module &#038; Pack Tester For decades, Arbin&#8217;s equipment has defined industry standards, helping our customers to confidently advance energy storage innovation.\u200b Software Solutions Our Cross Platform MITS Software provide comprehensive, [&hellip;]<\/p>","protected":false},"author":27,"featured_media":21547,"parent":0,"menu_order":0,"comment_status":"closed","ping_status":"closed","template":"","meta":{"_acf_changed":false,"_seopress_robots_primary_cat":"","_seopress_titles_title":"Products | Arbin Instruments","_seopress_titles_desc":"Discover our Products, choose the Right Equipment for You","_seopress_robots_index":"","inline_featured_image":false,"site-sidebar-layout":"no-sidebar","site-content-layout":"page-builder","ast-site-content-layout":"full-width-container","site-content-style":"unboxed","site-sidebar-style":"unboxed","ast-global-header-display":"","ast-banner-title-visibility":"","ast-main-header-display":"","ast-hfb-above-header-display":"","ast-hfb-below-header-display":"","ast-hfb-mobile-header-display":"","site-post-title":"","ast-breadcrumbs-content":"","ast-featured-img":"","footer-sml-layout":"","theme-transparent-header-meta":"","adv-header-id-meta":"","stick-header-meta":"","header-above-stick-meta":"","header-main-stick-meta":"","header-below-stick-meta":"","astra-migrate-meta-layouts":"set","ast-page-background-enabled":"default","ast-page-background-meta":{"desktop":{"background-color":"","background-image":"","background-repeat":"repeat","background-position":"center center","background-size":"auto","background-attachment":"scroll","background-type":"","background-media":"","overlay-type":"","overlay-color":"","overlay-opacity":"","overlay-gradient":""},"tablet":{"background-color":"","background-image":"","background-repeat":"repeat","background-position":"center center","background-size":"auto","background-attachment":"scroll","background-type":"","background-media":"","overlay-type":"","overlay-color":"","overlay-opacity":"","overlay-gradient":""},"mobile":{"background-color":"","background-image":"","background-repeat":"repeat","background-position":"center center","background-size":"auto","background-attachment":"scroll","background-type":"","background-media":"","overlay-type":"","overlay-color":"","overlay-opacity":"","overlay-gradient":""}},"ast-content-background-meta":{"desktop":{"background-color":"var(--ast-global-color-5)","background-image":"","background-repeat":"repeat","background-position":"center center","background-size":"auto","background-attachment":"scroll","background-type":"","background-media":"","overlay-type":"","overlay-color":"","overlay-opacity":"","overlay-gradient":""},"tablet":{"background-color":"var(--ast-global-color-5)","background-image":"","background-repeat":"repeat","background-position":"center center","background-size":"auto","background-attachment":"scroll","background-type":"","background-media":"","overlay-type":"","overlay-color":"","overlay-opacity":"","overlay-gradient":""},"mobile":{"background-color":"var(--ast-global-color-5)","background-image":"","background-repeat":"repeat","background-position":"center center","background-size":"auto","background-attachment":"scroll","background-type":"","background-media":"","overlay-type":"","overlay-color":"","overlay-opacity":"","overlay-gradient":""}},"footnotes":""},"class_list":["post-26378","page","type-page","status-publish","has-post-thumbnail","hentry"],"acf":[],"_links":{"self":[{"href":"https:\/\/www.arbin.com\/de\/wp-json\/wp\/v2\/pages\/26378","targetHints":{"allow":["GET"]}}],"collection":[{"href":"https:\/\/www.arbin.com\/de\/wp-json\/wp\/v2\/pages"}],"about":[{"href":"https:\/\/www.arbin.com\/de\/wp-json\/wp\/v2\/types\/page"}],"author":[{"embeddable":true,"href":"https:\/\/www.arbin.com\/de\/wp-json\/wp\/v2\/users\/27"}],"replies":[{"embeddable":true,"href":"https:\/\/www.arbin.com\/de\/wp-json\/wp\/v2\/comments?post=26378"}],"version-history":[{"count":0,"href":"https:\/\/www.arbin.com\/de\/wp-json\/wp\/v2\/pages\/26378\/revisions"}],"wp:featuredmedia":[{"embeddable":true,"href":"https:\/\/www.arbin.com\/de\/wp-json\/wp\/v2\/media\/21547"}],"wp:attachment":[{"href":"https:\/\/www.arbin.com\/de\/wp-json\/wp\/v2\/media?parent=26378"}],"curies":[{"name":"wp","href":"https:\/\/api.w.org\/{rel}","templated":true}]}}