{"id":24585,"date":"2024-10-05T02:01:41","date_gmt":"2024-10-05T07:01:41","guid":{"rendered":"https:\/\/dev.arbin.com\/?page_id=24585"},"modified":"2026-04-17T07:52:00","modified_gmt":"2026-04-17T12:52:00","slug":"contact-us","status":"publish","type":"page","link":"https:\/\/www.arbin.com\/de\/kontakt-html","title":{"rendered":"Kontakt"},"content":{"rendered":"<h1>\n\t\t\tKontakt\t<\/h1>\n\t<p>Arbin Instruments ist ein weltweit f\u00fchrender Anbieter von Pr\u00fcfger\u00e4ten f\u00fcr Batterien und Energiespeicher und beliefert Kunden auf der ganzen Welt. Wir haben Niederlassungen in China, Deutschland, Hongkong, Indien, Korea und Taiwan sowie unseren Hauptsitz in College Station, Texas, und weltweite Vertretungen.<\/p>\n<figure itemscope itemtype=\"https:\/\/schema.org\/ImageObject\">\n\t\t\t\t<img decoding=\"async\" src=\"https:\/\/arbin.com\/wp-content\/uploads\/2024\/10\/ARBIN-Contact-Us-1.png\" alt=\"ARBIN-Contact-Us\" title=\"ARBIN-Contact-Us\" onerror=\"this.style.display='none'\" loading=\"lazy\" \/>\n\t<\/figure>\n<h2>\n\t\t\tArbin Locations\t<\/h2>\n\t\t<figure itemscope itemtype=\"https:\/\/schema.org\/ImageObject\">\n\t\t\t\t<img decoding=\"async\" src=\"https:\/\/dev.arbin.com\/wp-content\/uploads\/2024\/10\/ARBIN-in-North-America.png\" alt=\"\" onerror=\"this.style.display='none'\" loading=\"lazy\" \/>\n\t<\/figure>\n<h3>Nord-Amerika<\/h3>Arbin Instrumente<br \/>\n762 Peach Creek Cut Off Rd.<br \/>\nCollege Station, TX77845, USA\n<p><img decoding=\"async\" src=\"\/wp-content\/uploads\/2024\/10\/location-phone.png\" \/><a href=\"tel:+1 979 690 2751\">+1 979 690 2751<\/a><\/p>\n<p><img decoding=\"async\" src=\"\/wp-content\/uploads\/2024\/10\/location-email.png\" \/><a href=\"mailto:sales@arbin.com\">sales@arbin.com<\/a><\/p>\n<p><img decoding=\"async\" src=\"\/wp-content\/uploads\/2024\/10\/location-support.png\" \/><a href=\"mailto:support@arbin.com\">support@arbin.com<\/a><\/p>\n\t\t<figure itemscope itemtype=\"https:\/\/schema.org\/ImageObject\">\n\t\t\t\t<img decoding=\"async\" src=\"https:\/\/dev.arbin.com\/wp-content\/uploads\/2024\/10\/ARBIN-in-South-America.png\" alt=\"\" onerror=\"this.style.display='none'\" loading=\"lazy\" \/>\n\t<\/figure>\n<h3>S\u00fcdamerika<\/h3>Arbin Instrumente<br \/>\n762 Peach Creek Cut Off Rd.<br \/>\nCollege Station, TX77845, USA\n<p><img decoding=\"async\" src=\"\/wp-content\/uploads\/2024\/10\/location-phone.png\" \/><a href=\"tel:+1 979 690 2751\">+1 979 690 2751<\/a><\/p>\n<p><img decoding=\"async\" src=\"\/wp-content\/uploads\/2024\/10\/location-email.png\" \/><a href=\"mailto:sales@arbin.com\">sales@arbin.com<\/a><\/p>\n<p><img decoding=\"async\" src=\"\/wp-content\/uploads\/2024\/10\/location-support.png\" \/><a href=\"mailto:support@arbin.com\">support@arbin.com<\/a><\/p>\n\t\t<figure itemscope itemtype=\"https:\/\/schema.org\/ImageObject\">\n\t\t\t\t<img decoding=\"async\" src=\"https:\/\/dev.arbin.com\/wp-content\/uploads\/2024\/10\/ARBIN-in-Europe-Middle-East-Africa.png\" alt=\"\" onerror=\"this.style.display='none'\" loading=\"lazy\" \/>\n\t<\/figure>\n<h3>Europa, Naher Osten, Afrika<\/h3>Arbin Europa<br \/>\nFrankfurter Ring 193a<br \/>\n80807 M\u00fcnchen, Deutschland\n<p><img decoding=\"async\" src=\"\/wp-content\/uploads\/2024\/10\/location-phone.png\" \/><a href=\"tel:+49 89 26209 3875\">+49 89 26209 3875<\/a><\/p>\n<p><img decoding=\"async\" src=\"\/wp-content\/uploads\/2024\/10\/location-email.png\" \/><a href=\"mailto:sales@arbin.com\">sales@arbin.com<\/a><\/p>\n<p><img decoding=\"async\" src=\"\/wp-content\/uploads\/2024\/10\/location-support.png\" \/><a href=\"mailto:support.europe@arbin.com\">support.europe@arbin.com<\/a><\/p>\n\t\t<figure itemscope itemtype=\"https:\/\/schema.org\/ImageObject\">\n\t\t\t\t<img decoding=\"async\" src=\"https:\/\/dev.arbin.com\/wp-content\/uploads\/2024\/10\/ARBIN-in-China.png\" alt=\"\" onerror=\"this.style.display='none'\" loading=\"lazy\" \/>\n\t<\/figure>\n<h3>China Mainland<\/h3>Arbin Instruments &#8211; Beijing Office Rm.<br \/>\n1705, Lucky Tower A Building No. 3, Dong San Huan Bei Lu Chaoyang District Beijing, P.R China 100027\n<p><img decoding=\"async\" src=\"\/wp-content\/uploads\/2024\/10\/location-phone.png\" \/><a href=\"tel:+86 10 64635926\">+86 10 64635926<\/a><\/p>\n<p><img decoding=\"async\" src=\"\/wp-content\/uploads\/2024\/10\/location-mobile.png\" \/><a href=\"tel:13910764820\">13910764820<\/a><\/p>\n<p><img decoding=\"async\" src=\"\/wp-content\/uploads\/2024\/10\/location-phone.png\" \/><a href=\"tel:+86 10 646331778\">+86 10 646331778<\/a><\/p>\n<p><img decoding=\"async\" src=\"\/wp-content\/uploads\/2024\/10\/location-email.png\" \/><a href=\"mailto:wenchao.y@arbin.com\">wenchao.y@arbin.com<\/a><\/p>\n\t\t<figure itemscope itemtype=\"https:\/\/schema.org\/ImageObject\">\n\t\t\t\t<img decoding=\"async\" src=\"https:\/\/dev.arbin.com\/wp-content\/uploads\/2024\/10\/ARBIN-in-India.png\" alt=\"\" onerror=\"this.style.display='none'\" loading=\"lazy\" \/>\n\t<\/figure>\n<h3>Indien<\/h3>Arbin Instruments India Pvt. Ltd.<br \/>\nGrundst\u00fcck 55A\/7, Hadapsar Industrial Estate, Pune, Maharashtra 411013, Indien\n<p><img decoding=\"async\" src=\"\/wp-content\/uploads\/2024\/10\/location-phone.png\" \/><a href=\"tel:+91 70 2088 3402\">+91 70 2088 3402<\/a><\/p>\n<p><img decoding=\"async\" src=\"\/wp-content\/uploads\/2024\/10\/location-email.png\" \/><a href=\"mailto:sales.in@arbin.com?bbc=sales@arbin.com\">sales.in@arbin.com<\/a><\/p>\n<p><img decoding=\"async\" src=\"\/wp-content\/uploads\/2024\/10\/location-support.png\" \/><a href=\"mailto:support.in@arbin.com\">support.in@arbin.com<\/a><\/p>\n\t\t<figure itemscope itemtype=\"https:\/\/schema.org\/ImageObject\">\n\t\t\t\t<img decoding=\"async\" src=\"https:\/\/dev.arbin.com\/wp-content\/uploads\/2024\/10\/ARBIN-in-Southeast-Asia-Oceania.png\" alt=\"\" onerror=\"this.style.display='none'\" loading=\"lazy\" \/>\n\t<\/figure>\n<h3>Southeast Asia &#038; Oceania<\/h3>Arbin Instrumente Vietnam<br \/>\n205, GS1 Street, Dong Hoa Ward,<br \/>\nStadt Di An, Provinz Binh Duong, Vietnam\n<p><img decoding=\"async\" src=\"\/wp-content\/uploads\/2024\/10\/location-phone.png\" \/><a href=\"tel:+84 96 54 55 56 9\">+84 96 54 55 56 9<\/a><\/p>\n<p><img decoding=\"async\" src=\"\/wp-content\/uploads\/2024\/10\/location-email.png\" \/><a href=\"mailto:sales.asia@arbin.com?bbc=sales@arbin.com\">sales.asia@arbin.com<\/a><\/p>\n<p><img decoding=\"async\" src=\"\/wp-content\/uploads\/2024\/10\/location-support.png\" \/><a href=\"mailto:support.asia@arbin.com\">support.asia@arbin.com\u00a0<\/a><\/p>\n\t\t<figure itemscope itemtype=\"https:\/\/schema.org\/ImageObject\">\n\t\t\t\t<img decoding=\"async\" src=\"https:\/\/dev.arbin.com\/wp-content\/uploads\/2024\/10\/ARBIN-in-Taiwan.png\" alt=\"\" onerror=\"this.style.display='none'\" loading=\"lazy\" \/>\n\t<\/figure>\n<h3>Taiwan<\/h3>Arbin Taiwan &#8211; Mr. YenWen Wang<br \/>\n6F.-11, No.87-1, Guangming 6th Rd., Jhubei City, Hsinchu County 302, Taiwan\n<p><img decoding=\"async\" src=\"\/wp-content\/uploads\/2024\/10\/location-phone.png\" \/><a href=\"tel:+886 3 558 8143\">+886 3 558 8143<\/a><\/p>\n<p><img decoding=\"async\" src=\"\/wp-content\/uploads\/2024\/10\/location-mobile.png\" \/><a href=\"tel:092 903 5226\">092 903 5226<\/a><\/p>\n<p><img decoding=\"async\" src=\"\/wp-content\/uploads\/2024\/10\/location-mobile.png\" \/><a href=\"tel:094 047 6580\">094 047 6580<\/a><\/p>\n<p><img decoding=\"async\" src=\"\/wp-content\/uploads\/2024\/10\/location-email.png\" \/><a href=\"mailto:yenwenw@arbin.com?bbc=sales@arbin.com\">yenwenw@arbin.com<\/a><\/p>\n\t\t<figure itemscope itemtype=\"https:\/\/schema.org\/ImageObject\">\n\t\t\t\t<img decoding=\"async\" src=\"https:\/\/dev.arbin.com\/wp-content\/uploads\/2024\/10\/ARBIN-in-Korea.png\" alt=\"\" onerror=\"this.style.display='none'\" loading=\"lazy\" \/>\n\t<\/figure>\n<h3>Korea<\/h3>Arbin Korea &#8211; Mr. YongUn Jeong<br \/>\n6F, Jinsung Plaza, 533-7, Sang Dong, Wonmi-Gu, Bucheon-Si, Kyunggi-Do, Korea 420-861\n<p><img decoding=\"async\" src=\"\/wp-content\/uploads\/2024\/10\/location-phone.png\" \/><a href=\"tel:+82 32 321 1431\">+82 32 321 1431<\/a><\/p>\n<p><img decoding=\"async\" src=\"\/wp-content\/uploads\/2024\/10\/location-mobile.png\" \/><a href=\"tel:+82 10 8998 4311\">+82 10 8998 4311<\/a><\/p>\n<p><img decoding=\"async\" src=\"\/wp-content\/uploads\/2024\/10\/location-email.png\" \/><a href=\"mailto:yongun.j@arbin.com?bbc=sales@arbin.com\">yongun.j@arbin.com<\/a><\/p>\n<h3>\n\t\t\tAngebot anfordern\t<\/h3>\n\t<p>Unser Expertenteam ist bereit, Ihnen beim Aufbau eines kompletten Pr\u00fcfsystems zu helfen, das Ihren Anforderungen entspricht. F\u00fcllen Sie das unten verlinkte Formular aus, um ein Angebot anzufordern und den Prozess zu starten.<\/p>\n\t\t\t<a href=\"\/de\/anfrage-angebot-html\/\"  target=\"_self\">\n\t\t\t\t\t\t\tAngebot einholen\n\t\t\t\t\t<\/a>\n<h3>\n\t\t\tKontakt zum Support\t<\/h3>\n\t<p>Unser engagiertes und professionelles Support-Team ist bereit, Ihnen bei Ihren Support-Fragen zu helfen. Klicken Sie auf den unten stehenden Link, um das Online-Formular f\u00fcr Support-Anfragen auszuf\u00fcllen, oder kontaktieren Sie den Kundendienst per E-Mail oder Telefon.<\/p>\n\t\t\t<a href=\"\/de\/dienstleistungen-html\/#contact-support\"  target=\"_self\">\n\t\t\t\t\t\t\tKontakt zum Support\n\t\t\t\t\t<\/a>","protected":false},"excerpt":{"rendered":"<p>Contact Us Arbin Instruments is a global leader in battery and energy storage test equipment, serving customers worldwide. We have offices around the world in China, Germany, Hong Kong, India, Korea, and Taiwan, along with our headquarters in College Station, Texas and worldwide agents. Arbin Locations North America Arbin Instruments 762 Peach Creek Cut Off [&hellip;]<\/p>","protected":false},"author":27,"featured_media":24586,"parent":0,"menu_order":0,"comment_status":"closed","ping_status":"closed","template":"","meta":{"_acf_changed":false,"_seopress_robots_primary_cat":"","_seopress_titles_title":"Contact Us | Arbin Instruments","_seopress_titles_desc":"Arbin Instruments is a global leader in battery and energy storage test equipment, serving customers worldwide. We have offices around the world in China, Germany, Hong Kong, India, Korea, and Taiwan, along with our headquarters in College Station, Texas and worldwide agents.","_seopress_robots_index":"","inline_featured_image":false,"site-sidebar-layout":"no-sidebar","site-content-layout":"page-builder","ast-site-content-layout":"full-width-container","site-content-style":"unboxed","site-sidebar-style":"unboxed","ast-global-header-display":"","ast-banner-title-visibility":"","ast-main-header-display":"","ast-hfb-above-header-display":"","ast-hfb-below-header-display":"","ast-hfb-mobile-header-display":"","site-post-title":"","ast-breadcrumbs-content":"","ast-featured-img":"","footer-sml-layout":"","theme-transparent-header-meta":"","adv-header-id-meta":"","stick-header-meta":"","header-above-stick-meta":"","header-main-stick-meta":"","header-below-stick-meta":"","astra-migrate-meta-layouts":"set","ast-page-background-enabled":"default","ast-page-background-meta":{"desktop":{"background-color":"","background-image":"","background-repeat":"repeat","background-position":"center center","background-size":"auto","background-attachment":"scroll","background-type":"","background-media":"","overlay-type":"","overlay-color":"","overlay-opacity":"","overlay-gradient":""},"tablet":{"background-color":"","background-image":"","background-repeat":"repeat","background-position":"center center","background-size":"auto","background-attachment":"scroll","background-type":"","background-media":"","overlay-type":"","overlay-color":"","overlay-opacity":"","overlay-gradient":""},"mobile":{"background-color":"","background-image":"","background-repeat":"repeat","background-position":"center center","background-size":"auto","background-attachment":"scroll","background-type":"","background-media":"","overlay-type":"","overlay-color":"","overlay-opacity":"","overlay-gradient":""}},"ast-content-background-meta":{"desktop":{"background-color":"var(--ast-global-color-5)","background-image":"","background-repeat":"repeat","background-position":"center center","background-size":"auto","background-attachment":"scroll","background-type":"","background-media":"","overlay-type":"","overlay-color":"","overlay-opacity":"","overlay-gradient":""},"tablet":{"background-color":"var(--ast-global-color-5)","background-image":"","background-repeat":"repeat","background-position":"center center","background-size":"auto","background-attachment":"scroll","background-type":"","background-media":"","overlay-type":"","overlay-color":"","overlay-opacity":"","overlay-gradient":""},"mobile":{"background-color":"var(--ast-global-color-5)","background-image":"","background-repeat":"repeat","background-position":"center center","background-size":"auto","background-attachment":"scroll","background-type":"","background-media":"","overlay-type":"","overlay-color":"","overlay-opacity":"","overlay-gradient":""}},"footnotes":""},"class_list":["post-24585","page","type-page","status-publish","has-post-thumbnail","hentry"],"acf":[],"_links":{"self":[{"href":"https:\/\/www.arbin.com\/de\/wp-json\/wp\/v2\/pages\/24585","targetHints":{"allow":["GET"]}}],"collection":[{"href":"https:\/\/www.arbin.com\/de\/wp-json\/wp\/v2\/pages"}],"about":[{"href":"https:\/\/www.arbin.com\/de\/wp-json\/wp\/v2\/types\/page"}],"author":[{"embeddable":true,"href":"https:\/\/www.arbin.com\/de\/wp-json\/wp\/v2\/users\/27"}],"replies":[{"embeddable":true,"href":"https:\/\/www.arbin.com\/de\/wp-json\/wp\/v2\/comments?post=24585"}],"version-history":[{"count":6,"href":"https:\/\/www.arbin.com\/de\/wp-json\/wp\/v2\/pages\/24585\/revisions"}],"predecessor-version":[{"id":97418,"href":"https:\/\/www.arbin.com\/de\/wp-json\/wp\/v2\/pages\/24585\/revisions\/97418"}],"wp:featuredmedia":[{"embeddable":true,"href":"https:\/\/www.arbin.com\/de\/wp-json\/"}],"wp:attachment":[{"href":"https:\/\/www.arbin.com\/de\/wp-json\/wp\/v2\/media?parent=24585"}],"curies":[{"name":"wp","href":"https:\/\/api.w.org\/{rel}","templated":true}]}}