{"id":24152,"date":"2024-10-01T03:44:06","date_gmt":"2024-10-01T08:44:06","guid":{"rendered":"https:\/\/dev.arbin.com\/?page_id=24152"},"modified":"2025-05-25T15:28:10","modified_gmt":"2025-05-25T20:28:10","slug":"overview-mits-11","status":"publish","type":"page","link":"https:\/\/www.arbin.com\/de\/softwarelosung\/ubersicht-mits-11-html","title":{"rendered":"\u00dcbersicht MITS 11"},"content":{"rendered":"<a href=\"\/de\/\">Startseite<\/a> > \n<a href=\"\/de\/software-solution.html\/\"> Software-L\u00f6sung<\/a> &gt;\n\u00dcbersicht MITS 11\n<h1>\n\t\t\u00dcbersicht<br \/>MITS 11\n\t<\/h1>\n\t\t\t\t<img decoding=\"async\" src=\"https:\/\/dev.arbin.com\/wp-content\/uploads\/2024\/09\/ARBIN-Overview-MITS-11.png\" alt=\"\" itemprop=\"image\" onerror=\"this.style.display='none'\"  \/>\n\t<p>Inhalts\u00fcbersicht<\/p>\n\n\t\t<p>Um den wachsenden Anforderungen moderner Batterietestsysteme gerecht zu werden und eine sichere, hochmoderne Testplattform zu bieten, haben wir MITS 11 entwickelt, eine innovative, plattform\u00fcbergreifende Softwarel\u00f6sung.<\/p>\n\t\t<p>MITS 11 bietet nicht nur eine v\u00f6llig neu gestaltete Benutzeroberfl\u00e4che, sondern auch eine umfassende neue Testarchitektur, die den gesamten Batterietestprozess effizienter, benutzerfreundlicher und zukunftssicherer macht.<\/p>\n<h2>\n\t\tEinheitliche Kontrolle\n\t<\/h2>\n\t\t<p>Zuvor ben\u00f6tigte jeder Arbin Cycler einen eigenen Computer zur Steuerung. Mit unserem neuesten Upgrade kann ein einziger Computer nun alle Testcycler gleichzeitig steuern.<\/p>\n\t\t<p>Diese Verbesserung senkt nicht nur die Kosten, sondern rationalisiert auch den Testprozess, da die Benutzer nicht mehr zwischen mehreren Computern wechseln m\u00fcssen, um verschiedene Cycler zu steuern.<\/p>\n\t\t\t\t<img decoding=\"async\" src=\"https:\/\/dev.arbin.com\/wp-content\/uploads\/2024\/09\/ARBIN-MITS-11-Unified-Control.png\" alt=\"ARBIN-MITS 11 Vereinheitlichte Kontrolle\" itemprop=\"image\" height=\"1058\" width=\"1788\" title=\"ARBIN-MITS 11 Vereinheitlichte Kontrolle\" onerror=\"this.style.display='none'\"  \/>\n<h2>\n\t\tAll-in-One-App\n\t<\/h2>\n\t\t<p>Arbin bietet jetzt eine All-in-One-App an, die alle Testfunktionen in einer einzigen Plattform zusammenfasst. Benutzer k\u00f6nnen Software-Upgrades durchf\u00fchren, Zeitpl\u00e4ne bearbeiten, Tests \u00fcberwachen und Ergebnisse analysieren - alles innerhalb einer Anwendung.<\/p>\n\t\t<p>Dieser integrierte Ansatz steigert die Effizienz und vereinfacht den Testprozess, da ein Wechsel zwischen verschiedenen Tools oder Plattformen nicht mehr erforderlich ist.<\/p>\n<h2>\n\t\tOptimierte und benutzerfreundliche Schnittstelle\n\t<\/h2>\n\t\t<p>MITS 11 hat jetzt ein benutzerfreundliches Design mit einer modernen, web\u00e4hnlichen Oberfl\u00e4che. Das Men\u00fc ist so organisiert, dass es sich an den Schritten des Pr\u00fcfprozesses orientiert und eine nahtlose und intuitive Erfahrung bietet.<\/p>\n\t\t<p>Die Benutzer k\u00f6nnen nun einen reibungslosen Test-Workflow genie\u00dfen, indem sie dem klar strukturierten Men\u00fc folgen. Dar\u00fcber hinaus bieten wir integrierte Zeitpl\u00e4ne an, die den Benutzern Zeit sparen, indem sie sich wiederholende Aufgaben automatisieren.<\/p>\n\t\t<p>Merkmale wie <strong>Pr\u00fcfplan<\/strong> und <strong>Live-\u00dcberwachung<\/strong> sind ebenfalls enthalten, um den Benutzern die Organisation und Verwaltung ihrer Tests zu erleichtern.<\/p>\n\t\t<p>Entdecken Sie diese und weitere Funktionen - entdecken Sie MITS 11 noch heute und erleben Sie die Zukunft der Batterietests!<\/p>\n\t\t\t<img decoding=\"async\" loading='false' src=\"https:\/\/dev.arbin.com\/wp-content\/uploads\/2024\/09\/ARBIN-MITS-11-Streamlined-and-User-Friendly-Interface.png\" alt=\"\" \/>\t\t\t\n\t\t\t<img decoding=\"async\" loading='false' src=\"https:\/\/dev.arbin.com\/wp-content\/uploads\/2024\/09\/ARBIN-MITS-11-Streamlined-and-User-Friendly-Interface-i2.png\" alt=\"\" \/>\t\t\t\n\t\t\t<img decoding=\"async\" loading='false' src=\"https:\/\/dev.arbin.com\/wp-content\/uploads\/2024\/09\/ARBIN-MITS-11-Streamlined-and-User-Friendly-Interface-i3.png\" alt=\"\" \/>\t\t\t\n<h2>\n\t\tPlattform\u00fcbergreifende Kompatibilit\u00e4t\n\t<\/h2>\n\t\t<p>MITS 11 beseitigt Ger\u00e4tebeschr\u00e4nkungen durch die Unterst\u00fctzung mehrerer Betriebssysteme, einschlie\u00dflich Windows, Mac und Linux.<\/p>\n\t\t<p>Diese plattform\u00fcbergreifende F\u00e4higkeit erh\u00f6ht die Flexibilit\u00e4t des Benutzers und erm\u00f6glicht die Durchf\u00fchrung von Tests auf jedem Rechner, einschlie\u00dflich tragbarer Ger\u00e4te.<\/p>\n\t\t<p>Durch die Beseitigung physischer Barrieren gew\u00e4hrleistet MITS 11 eine bessere Zug\u00e4nglichkeit und Kompatibilit\u00e4t f\u00fcr alle Nutzer.<\/p>\n\t\t\t\t<img decoding=\"async\" src=\"https:\/\/dev.arbin.com\/wp-content\/uploads\/2024\/09\/ARBIN-MITS-11-Cross-Platform-Compatibility.png\" alt=\"ARBIN-MITS 11 Plattform\u00fcbergreifende Kompatibilit\u00e4t\" itemprop=\"image\" height=\"720\" width=\"1232\" title=\"ARBIN-MITS 11 Plattform\u00fcbergreifende Kompatibilit\u00e4t\" onerror=\"this.style.display='none'\"  \/>\n<h2>\n\t\tErweiterte Batterietestfunktionen\n\t<\/h2>\n\t\t<p>MITS 11 enth\u00e4lt fortschrittliche Funktionen, die eine leistungsstarke und umfassende Pr\u00fcfsuite bilden. Einige der wichtigsten Highlights sind<\/p>\n<h4>\n\t\tEOL (End of Line)\n\t<\/h4>\n\t\t<p>Ein von Arbin entwickeltes Qualit\u00e4tssicherungs-Testsystem, das rationalisierte Standard-Qualit\u00e4tspr\u00fcfungen f\u00fcr Ihre Batterien bietet.<\/p>\n\t\t\t\t<img decoding=\"async\" src=\"https:\/\/dev.arbin.com\/wp-content\/uploads\/2024\/09\/ARBIN-MITS-11-EOL-End-of-Line.png\" alt=\"ARBIN-MITS 11 EOL (End of Line)\" itemprop=\"image\" height=\"1027\" width=\"1919\" title=\"ARBIN-MITS 11 EOL (End of Line)\" onerror=\"this.style.display='none'\"  \/>\n<h4>\n\t\tDCIM (Batterie-Simulationsfunktionen)\n\t<\/h4>\n\t\t<p>Utilizing Arbin&#8217;s latest algorithms, this feature provides deep insights into the battery&#8217;s internal structure, offering additional data to enhance your testing process.<\/p>\n\t\t\t\t<img decoding=\"async\" src=\"https:\/\/dev.arbin.com\/wp-content\/uploads\/2024\/09\/ARBIN-MITS-11-DCIM-Battery-Simulation-Functions\uff09.png\" alt=\"ARBIN-MITS 11 DCIM (Batterie-Simulationsfunktionen\uff09\" itemprop=\"image\" height=\"603\" width=\"1692\" title=\"ARBIN-MITS 11 DCIM (Batterie-Simulationsfunktionen\uff09\" onerror=\"this.style.display='none'\"  \/>\n\t\tDies sind nur einige Beispiele f\u00fcr das Angebot von MITS 11.<br \/>\nEntdecken Sie die erweiterten Funktionen von MITS 11\n<h2>\n\t\tVerbesserte Datenl\u00f6sungen\n\t<\/h2>\n\t\t<p>Wir bieten eine Vielzahl von lokalen und dezentralen Datenbankoptionen, darunter Microsoft SQL Server und PostgreSQL. Um die Datensicherheit weiter zu gew\u00e4hrleisten, unterst\u00fctzt MITS 11 Cloud-basierte L\u00f6sungen wie Azure Cloud, Google Cloud und AWS.<\/p>\n\t\t<p>Diese Datenbanken dienen als zuverl\u00e4ssige Backups und bieten unseren Kunden Sicherheit vor Datenverlusten. F\u00fcr eine optimale Datenleistung integriert MITS 11 Kafka f\u00fcr die Verarbeitung und \u00dcbertragung von Daten zwischen Hardware und Software und nutzt die Skalierbarkeit und Zuverl\u00e4ssigkeit von Apache Kafka in der Cloud.<\/p>\n\t\t\t\t<img decoding=\"async\" src=\"https:\/\/dev.arbin.com\/wp-content\/uploads\/2024\/09\/ARBIN-MITS-11-Enhanced-Data-Solutions.png\" alt=\"ARBIN-MITS 11 Verbesserte Datenl\u00f6sungen\" itemprop=\"image\" height=\"1058\" width=\"1848\" title=\"ARBIN-MITS 11 Verbesserte Datenl\u00f6sungen\" onerror=\"this.style.display='none'\"  \/>\n<h2>\n\t\tNahtlose Integration \u00fcber robuste API\n\t<\/h2>\n\t\t<p>MITS 11&#8217;s comprehensive feature set and streamlined interface empower you to customize your testing processes.<\/p>\n\t\t<p>Das System ist f\u00fcr eine reibungslose Integration in Ihre bestehende Infrastruktur konzipiert und nutzt das Pub-Sub-Modell, das es Ihnen erm\u00f6glicht, Daten in Echtzeit zu abonnieren und zu \u00fcberwachen.<\/p>\n\t\t\t\t<img decoding=\"async\" src=\"https:\/\/dev.arbin.com\/wp-content\/uploads\/2024\/09\/ARBIN-MITS-11-Seamless-Integration-via-Robust-API.png\" alt=\"ARBIN-MITS 11 Nahtlose Integration \u00fcber robuste API\" itemprop=\"image\" height=\"1185\" width=\"1788\" title=\"ARBIN-MITS 11 Nahtlose Integration \u00fcber robuste API\" onerror=\"this.style.display='none'\"  \/>\n<h2>\n\t\tDAS Multi-System Design Struktur\n\t<\/h2>\n\t\t\t\t<img decoding=\"async\" src=\"https:\/\/dev.arbin.com\/wp-content\/uploads\/2024\/09\/ARBIN-MITS-11-DAS-Multi-System-Design-Structure-i1.png\" alt=\"ARBIN-MITS 11 DAS Multisystem-Designstruktur i1\" itemprop=\"image\" height=\"1011\" width=\"1812\" title=\"ARBIN-MITS 11 DAS Multisystem-Designstruktur i1\" onerror=\"this.style.display='none'\"  \/>\n\t\t<p>Vorherige Arbin-Systeml\u00f6sung<\/p>\n\t\t<p>In unserem fr\u00fcheren MITS-System setzten wir Windaq als Desktop-Controller ein, gepaart mit einem Arbin-System. In der Regel handelte es sich dabei um ein prim\u00e4res IV-System, das mit mehreren Hilfsrechnern verbunden sein konnte.<\/p>\n\t\t<p>However, this architecture was inherently limited: each controller center (PC) could only communicate with and control a single Arbin system at any given time. This restriction was due to our system&#8217;s reliance on recognizing each machine through a singular IP address.<\/p>\n\t\t<p>Wir haben zwar L\u00f6sungen erforscht, die eine Verbindung mehrerer Maschinen \u00fcber einen Internet-Switch erm\u00f6glichten, aber diese Ans\u00e4tze waren immer noch mit erheblichen Einschr\u00e4nkungen verbunden, darunter Komplexit\u00e4t, Latenz und eingeschr\u00e4nkte Flexibilit\u00e4t. Dies veranlasste uns, unser Steuerungssystem zu \u00fcberarbeiten, um diese Einschr\u00e4nkungen zu \u00fcberwinden und anspruchsvollere, system\u00fcbergreifende Steuerungsfunktionen zu erm\u00f6glichen.<\/p>\n\t\t<p>Unsere L\u00f6sung ist die Entwicklung einer neuen Generation von Windaq-Software, die wir DAS (Distributed Application Service) genannt haben. Die wichtigste Innovation in DAS ist die Schaffung einer zus\u00e4tzlichen Softwareschicht, die parallele Aufgaben verwaltet. Diese Schicht erleichtert die gleichzeitige Steuerung mehrerer Arbin-Systeme durch die Nutzung einzelner Schnittstellen, die \u00fcber verschiedene Subnetze (z. B. 196.168.1.x, 196.168.2.x) isoliert sind.<\/p>\n\t\t\t\t<img decoding=\"async\" src=\"https:\/\/dev.arbin.com\/wp-content\/uploads\/2024\/09\/ARBIN-MITS-11-DAS-Multi-System-Design-Structure-i2.png\" alt=\"ARBIN-MITS 11 DAS Multisystem-Designstruktur i2\" itemprop=\"image\" height=\"1335\" width=\"1812\" title=\"ARBIN-MITS 11 DAS Multisystem-Designstruktur i2\" onerror=\"this.style.display='none'\"  \/>\n\t\t<p>Neue DAS-L\u00f6sung<\/p>\n<h2>\n\t\tDie wichtigsten Vorteile der neuen DAS-Architektur\n\t<\/h2>\n\t\t<h3>Multi-System-Steuerung<\/h3><p>With the new structure, we can control multiple Arbin devices through a single controller-whether it&#8217;s a PC or a DAS server-without the need for additional hardware like internet switches. This streamlined approach reduces complexity and potential points of failure in the system.<\/p>\n\t\t<h3>Gleichzeitige Ausf\u00fchrung von Befehlen<\/h3><p>Die DAS-Architektur erm\u00f6glicht die gleichzeitige Ausf\u00fchrung von Befehlen innerhalb eines Zeitfensters von 100 ms. Diese schnelle Reaktionszeit ist entscheidend f\u00fcr anspruchsvolle Testumgebungen, in denen Verz\u00f6gerungen die Datenintegrit\u00e4t oder Testergebnisse gef\u00e4hrden k\u00f6nnen.<\/p>\n\t\t<h3>System\u00fcbergreifende Kommunikation<\/h3><p>Einer der wichtigsten Fortschritte bei DAS ist die F\u00e4higkeit, die system\u00fcbergreifende Kommunikation f\u00fcr eine synchronisierte Steuerung zu erleichtern. Das bedeutet, dass verschiedene Arbin-Systeme jetzt in Echtzeit miteinander kommunizieren und sich koordinieren k\u00f6nnen, was komplexere Pr\u00fcfszenarien erm\u00f6glicht, die zuvor unerreichbar waren.<\/p>\n\t\t<h3>Verbesserte Handhabung von Szenarien<\/h3><p>Die neue DAS-Struktur eignet sich hervorragend f\u00fcr die Verwaltung komplexer, system\u00fcbergreifender Pr\u00fcfszenarien. Zum Beispiel kann sie jetzt nahtlos Hilfsmaschinen \u00fcber verschiedene IV-Systeme hinweg steuern.<\/p>\n<p>Ein Beispiel hierf\u00fcr w\u00e4re ein IV-Kanal, der sich auf die Erfassung von Daten konzentriert, die von einer angeschlossenen Hilfsmaschine ausgegeben werden, w\u00e4hrend ein anderer IV-Kanal dynamisch auf diese Daten mit einem gro\u00dfen Stromausgang reagiert. Diese system\u00fcbergreifende Steuerung ist ein bedeutender Fortschritt in Bezug auf Effizienz und Pr\u00e4zision der Pr\u00fcfung.<\/p>\n\t\t<h3>Zentralisierte \u00dcberwachung<\/h3><p>Obwohl unser vorheriges System eine zentrale \u00dcberwachung des Status verschiedener Systeme erm\u00f6glichte, geht DAS noch einen Schritt weiter, indem es eine aktive, synchronisierte Kontrolle \u00fcber diese Systeme hinweg erm\u00f6glicht.<\/p>\n<p>Dadurch wird sichergestellt, dass alle Systeme nicht nur \u00fcberwacht werden, sondern aktiv zusammenarbeiten, um die gew\u00fcnschten Pr\u00fcfergebnisse zu erzielen.<\/p>\n\t\t\t\t<img decoding=\"async\" src=\"https:\/\/dev.arbin.com\/wp-content\/uploads\/2024\/09\/ARBIN-MITS-11-Key-Benefits-of-the-New-DAS-Architecture.png\" alt=\"ARBIN-MITS 11 Die wichtigsten Vorteile der neuen DAS-Architektur\" itemprop=\"image\" height=\"1335\" width=\"1812\" title=\"ARBIN-MITS 11 Die wichtigsten Vorteile der neuen DAS-Architektur\" onerror=\"this.style.display='none'\"  \/>\n\t\t<p>Bisherige zentralisierte \u00dcberwachungsl\u00f6sung<\/p>\n\t\t<p>Zusammenfassend l\u00e4sst sich sagen, dass die neue DAS-Architektur nicht nur die Einschr\u00e4nkungen unseres fr\u00fcheren Systems beseitigt, sondern auch neue M\u00f6glichkeiten f\u00fcr fortgeschrittene Testszenarien er\u00f6ffnet.<\/p>\n\t\t<p>Durch die M\u00f6glichkeit der Steuerung mehrerer Systeme, der schnellen Befehlsausf\u00fchrung und der system\u00fcbergreifenden Kommunikation setzt DAS einen neuen Standard f\u00fcr Flexibilit\u00e4t, Effizienz und Pr\u00e4zision in Testumgebungen.<\/p>","protected":false},"excerpt":{"rendered":"<p>Home > Software Solution > Overview MITS 11 OverviewMITS 11 Table of Contents To address the evolving demands of modern battery testing systems and provide a secure, cutting-edge testing platform, we have developed MITS 11, an innovative cross-platform software solution. MITS 11 not only introduces a completely redesigned user interface but also offers a comprehensive [&hellip;]<\/p>","protected":false},"author":27,"featured_media":24165,"parent":22211,"menu_order":0,"comment_status":"closed","ping_status":"closed","template":"","meta":{"_acf_changed":false,"_seopress_robots_primary_cat":"","_seopress_titles_title":"Overview MITS 11 | Arbin Instruments","_seopress_titles_desc":"To address the evolving demands of modern battery testing systems and provide a secure, cutting-edge testing platform, we have developed MITS 11, an innovative cross-platform software solution.  MITS 11 not only introduces a completely redesigned user interface but also offers a comprehensive new testing architecture that enhances the overall battery testing process, making it more efficient, user-friendly, and future-ready.","_seopress_robots_index":"","inline_featured_image":false,"site-sidebar-layout":"default","site-content-layout":"","ast-site-content-layout":"default","site-content-style":"default","site-sidebar-style":"default","ast-global-header-display":"","ast-banner-title-visibility":"","ast-main-header-display":"","ast-hfb-above-header-display":"","ast-hfb-below-header-display":"","ast-hfb-mobile-header-display":"","site-post-title":"","ast-breadcrumbs-content":"","ast-featured-img":"","footer-sml-layout":"","theme-transparent-header-meta":"","adv-header-id-meta":"","stick-header-meta":"","header-above-stick-meta":"","header-main-stick-meta":"","header-below-stick-meta":"","astra-migrate-meta-layouts":"set","ast-page-background-enabled":"default","ast-page-background-meta":{"desktop":{"background-color":"","background-image":"","background-repeat":"repeat","background-position":"center center","background-size":"auto","background-attachment":"scroll","background-type":"","background-media":"","overlay-type":"","overlay-color":"","overlay-opacity":"","overlay-gradient":""},"tablet":{"background-color":"","background-image":"","background-repeat":"repeat","background-position":"center center","background-size":"auto","background-attachment":"scroll","background-type":"","background-media":"","overlay-type":"","overlay-color":"","overlay-opacity":"","overlay-gradient":""},"mobile":{"background-color":"","background-image":"","background-repeat":"repeat","background-position":"center center","background-size":"auto","background-attachment":"scroll","background-type":"","background-media":"","overlay-type":"","overlay-color":"","overlay-opacity":"","overlay-gradient":""}},"ast-content-background-meta":{"desktop":{"background-color":"var(--ast-global-color-5)","background-image":"","background-repeat":"repeat","background-position":"center center","background-size":"auto","background-attachment":"scroll","background-type":"","background-media":"","overlay-type":"","overlay-color":"","overlay-opacity":"","overlay-gradient":""},"tablet":{"background-color":"var(--ast-global-color-5)","background-image":"","background-repeat":"repeat","background-position":"center center","background-size":"auto","background-attachment":"scroll","background-type":"","background-media":"","overlay-type":"","overlay-color":"","overlay-opacity":"","overlay-gradient":""},"mobile":{"background-color":"var(--ast-global-color-5)","background-image":"","background-repeat":"repeat","background-position":"center center","background-size":"auto","background-attachment":"scroll","background-type":"","background-media":"","overlay-type":"","overlay-color":"","overlay-opacity":"","overlay-gradient":""}},"footnotes":""},"class_list":["post-24152","page","type-page","status-publish","has-post-thumbnail","hentry"],"acf":[],"_links":{"self":[{"href":"https:\/\/www.arbin.com\/de\/wp-json\/wp\/v2\/pages\/24152","targetHints":{"allow":["GET"]}}],"collection":[{"href":"https:\/\/www.arbin.com\/de\/wp-json\/wp\/v2\/pages"}],"about":[{"href":"https:\/\/www.arbin.com\/de\/wp-json\/wp\/v2\/types\/page"}],"author":[{"embeddable":true,"href":"https:\/\/www.arbin.com\/de\/wp-json\/wp\/v2\/users\/27"}],"replies":[{"embeddable":true,"href":"https:\/\/www.arbin.com\/de\/wp-json\/wp\/v2\/comments?post=24152"}],"version-history":[{"count":1,"href":"https:\/\/www.arbin.com\/de\/wp-json\/wp\/v2\/pages\/24152\/revisions"}],"predecessor-version":[{"id":26923,"href":"https:\/\/www.arbin.com\/de\/wp-json\/wp\/v2\/pages\/24152\/revisions\/26923"}],"up":[{"embeddable":true,"href":"https:\/\/www.arbin.com\/de\/wp-json\/wp\/v2\/pages\/22211"}],"wp:featuredmedia":[{"embeddable":true,"href":"https:\/\/www.arbin.com\/de\/wp-json\/"}],"wp:attachment":[{"href":"https:\/\/www.arbin.com\/de\/wp-json\/wp\/v2\/media?parent=24152"}],"curies":[{"name":"wp","href":"https:\/\/api.w.org\/{rel}","templated":true}]}}