{"id":23203,"date":"2024-09-15T06:56:14","date_gmt":"2024-09-15T11:56:14","guid":{"rendered":"https:\/\/dev.arbin.com\/?page_id=23203"},"modified":"2025-01-13T11:27:13","modified_gmt":"2025-01-13T17:27:13","slug":"arbin-distributed-testing-infrastructure","status":"publish","type":"page","link":"https:\/\/www.arbin.com\/de\/softwarelosung\/arbin-distributed-testing-infrastructure.html","title":{"rendered":"Arbin Distributed Testing Infrastructure"},"content":{"rendered":"<h1>\n\t\tArbin Distributed Testing Infrastructure\n\t<\/h1>\n\t\t\t\t<img decoding=\"async\" src=\"https:\/\/arbin.com\/wp-content\/uploads\/2024\/10\/ARBIN-SSIS-Arbin-Distributed-Testing-Infrastructure.png\" alt=\"ARBIN-SSIS-Arbin-Distributed-Testing-Infrastructure\" itemprop=\"image\" height=\"1195\" width=\"1872\" title=\"ARBIN-SSIS-Arbin-Distributed-Testing-Infrastructure\" onerror=\"this.style.display='none'\"  \/>\n<h2>\n\t\tSystem Components\n\t<\/h2>\n\t\t<h3>Desktop-PCs<\/h3><p>Deploying MITS software on a private cloud platform enhances the system&#8217;s flexibility, scalability, and security.<\/p>\n\t\t<h3>Arbin Pr\u00fcfsysteme<\/h3><p>Sie f\u00fchren verschiedene Tests und Messungen durch und \u00fcbertragen die Daten in Echtzeit an die MITS-Software.<\/p>\n\t\t<h3>Temperaturkammern<\/h3><p>Sie f\u00fchren verschiedene Tests und Messungen durch und \u00fcbertragen die Daten in Echtzeit an die MITS-Software.<\/p>\n\t\t<h3>\u00dcberwachung und Kontrolle\u00a0<\/h3><p>Dieser Fernzugriff erm\u00f6glicht es den Benutzern, Live-Daten anzuzeigen, den Ger\u00e4testatus zu \u00fcberpr\u00fcfen und Fehler aus der Ferne zu beheben.<\/p>\n<h2>\n\t\tSoftware Applications\n\t<\/h2>\n\t\t<h3>Kafka-Dienst<\/h3><p>Die MITS-Software empf\u00e4ngt die Rohdaten von den Ger\u00e4ten und f\u00fchrt die wesentlichen Prozesse der Datenbereinigung, Formatkonvertierung und Erstanalyse durch.<\/p>\n\t\t<h3>Auf Cloud-Backup<\/h3><p>MITS provides continuous status updates on the test equipment and data, reporting back to the user&#8217;s interface.<\/p>\n\t\t<h3>API-Integration<\/h3><p>Die von Arbin angebotene Software erm\u00f6glicht die Fern\u00fcberwachung und -steuerung der MITS-Software und der angeschlossenen Ger\u00e4te.<\/p>\n\t\t<h3>Controlling-Dienst<\/h3><p>Umfasst lokale und entfernte Datenbanken (einschlie\u00dflich Cloud-basierter Datenbanken), die f\u00fcr die Datenspeicherung und -sicherung verwendet werden.<\/p>\n\t\t<h3>Dienstleistungen der Datenverarbeitung<\/h3><p>Umfasst lokale und entfernte Datenbanken (einschlie\u00dflich Cloud-basierter Datenbanken), die f\u00fcr die Datenspeicherung und -sicherung verwendet werden.<\/p>\n\t\t<h3>Datenbank-System<\/h3><p>Umfasst lokale und entfernte Datenbanken (einschlie\u00dflich Cloud-basierter Datenbanken), die f\u00fcr die Datenspeicherung und -sicherung verwendet werden.<\/p>\n<h2>\n\t\tUpgrade &#038; Downgrade Management\n\t<\/h2>\n\t<p>Aus Gr\u00fcnden der Benutzerfreundlichkeit unterst\u00fctzen wir die Over-the-Air (OTA)-Firmware-Installation \u00fcber die Web-UI unter Verwendung von AIBin-Dateien.<\/p>\n<p>An AIBin file contains the firmware&#8217;s hex as well as hardware-firmware-software compatibility details to prevent version-matching issues.<\/p>\n\t\t\t\t<img decoding=\"async\" src=\"\/images\/layout\/ARBIN-SSIS-Upgrade-Downgrade-Management.png\" alt=\"ARBIN-SSIS-Upgrade-Downgrade-Management.png\" itemprop=\"image\" title=\"ARBIN-SSIS-Upgrade-Downgrade-Management.png\" onerror=\"this.style.display='none'\"  \/>\n<h2>\n\t\tVorteile\n\t<\/h2>\n\t\t<h3>Flexible Control<\/h3><p>Our Decentralized Testing Infrastructure is engineered for enterprises that require a scalable, flexible, and collaborative approach to battery testing.<\/p>\n\t\t<h3>Simplified Network Topology<\/h3><p>This networked solution allows you to manage testing operations across multiple locations with ease, ensuring consistent and high-quality results.<\/p>\n\t\t<h3>No dependency on central servers<\/h3><p>Each testing station is independent from central control, with central coordination across your entire testing lab. Given a great flexibility for each battery testers with specific testing setup without depend upon IT or infrastructure team.<\/p>\n\t\t<h3>Centralized Control  Distributed Stations<\/h3><p>Manage multiple hardware units across different locations from a centralized host. Our infrastructure supports both desktop applications and website services, enabling seamless control and coordination across your entire operation.<\/p>\n\t\t<h3>Collaborative Testing Environment<\/h3><p>Enable teams in various locations to work together effectively. With centralized control and real-time data streaming via Kafka, your team can monitor and adjust tests collaboratively, ensuring consistency and quality across all testing sites.<\/p>\n\t\t<h3>Flexible Hardware Control<\/h3><p>Each hardware unit can be controlled by one or multiple computers, with C#, Python, and WebAPI support for advanced, customized operations. This flexibility allows you to adapt your infrastructure as your testing needs evolve.<\/p>","protected":false},"excerpt":{"rendered":"<p>Arbin Distributed Testing Infrastructure System Components Desktop PCs Deploying MITS software on a private cloud platform enhances the system&#8217;s flexibility, scalability, and security. Arbin Testing Systems Perform various tests and measurements, transmitting data in real time to the MITS software. Temperature Chambers Perform various tests and measurements, transmitting data in real time to the MITS [&hellip;]<\/p>","protected":false},"author":27,"featured_media":23196,"parent":22211,"menu_order":0,"comment_status":"closed","ping_status":"closed","template":"","meta":{"_acf_changed":false,"_seopress_robots_primary_cat":"","_seopress_titles_title":"Arbin Distributed Testing Infrastructure | Arbin Instruments","_seopress_titles_desc":"Unified platform for synchronized management, data storage, and control of multiple battery testing stations.","_seopress_robots_index":"","inline_featured_image":false,"site-sidebar-layout":"default","site-content-layout":"","ast-site-content-layout":"default","site-content-style":"default","site-sidebar-style":"default","ast-global-header-display":"","ast-banner-title-visibility":"","ast-main-header-display":"","ast-hfb-above-header-display":"","ast-hfb-below-header-display":"","ast-hfb-mobile-header-display":"","site-post-title":"","ast-breadcrumbs-content":"","ast-featured-img":"","footer-sml-layout":"","theme-transparent-header-meta":"","adv-header-id-meta":"","stick-header-meta":"","header-above-stick-meta":"","header-main-stick-meta":"","header-below-stick-meta":"","astra-migrate-meta-layouts":"set","ast-page-background-enabled":"default","ast-page-background-meta":{"desktop":{"background-color":"","background-image":"","background-repeat":"repeat","background-position":"center center","background-size":"auto","background-attachment":"scroll","background-type":"","background-media":"","overlay-type":"","overlay-color":"","overlay-opacity":"","overlay-gradient":""},"tablet":{"background-color":"","background-image":"","background-repeat":"repeat","background-position":"center center","background-size":"auto","background-attachment":"scroll","background-type":"","background-media":"","overlay-type":"","overlay-color":"","overlay-opacity":"","overlay-gradient":""},"mobile":{"background-color":"","background-image":"","background-repeat":"repeat","background-position":"center center","background-size":"auto","background-attachment":"scroll","background-type":"","background-media":"","overlay-type":"","overlay-color":"","overlay-opacity":"","overlay-gradient":""}},"ast-content-background-meta":{"desktop":{"background-color":"var(--ast-global-color-5)","background-image":"","background-repeat":"repeat","background-position":"center center","background-size":"auto","background-attachment":"scroll","background-type":"","background-media":"","overlay-type":"","overlay-color":"","overlay-opacity":"","overlay-gradient":""},"tablet":{"background-color":"var(--ast-global-color-5)","background-image":"","background-repeat":"repeat","background-position":"center center","background-size":"auto","background-attachment":"scroll","background-type":"","background-media":"","overlay-type":"","overlay-color":"","overlay-opacity":"","overlay-gradient":""},"mobile":{"background-color":"var(--ast-global-color-5)","background-image":"","background-repeat":"repeat","background-position":"center center","background-size":"auto","background-attachment":"scroll","background-type":"","background-media":"","overlay-type":"","overlay-color":"","overlay-opacity":"","overlay-gradient":""}},"footnotes":""},"class_list":["post-23203","page","type-page","status-publish","has-post-thumbnail","hentry"],"acf":[],"_links":{"self":[{"href":"https:\/\/www.arbin.com\/de\/wp-json\/wp\/v2\/pages\/23203","targetHints":{"allow":["GET"]}}],"collection":[{"href":"https:\/\/www.arbin.com\/de\/wp-json\/wp\/v2\/pages"}],"about":[{"href":"https:\/\/www.arbin.com\/de\/wp-json\/wp\/v2\/types\/page"}],"author":[{"embeddable":true,"href":"https:\/\/www.arbin.com\/de\/wp-json\/wp\/v2\/users\/27"}],"replies":[{"embeddable":true,"href":"https:\/\/www.arbin.com\/de\/wp-json\/wp\/v2\/comments?post=23203"}],"version-history":[{"count":0,"href":"https:\/\/www.arbin.com\/de\/wp-json\/wp\/v2\/pages\/23203\/revisions"}],"up":[{"embeddable":true,"href":"https:\/\/www.arbin.com\/de\/wp-json\/wp\/v2\/pages\/22211"}],"wp:featuredmedia":[{"embeddable":true,"href":"https:\/\/www.arbin.com\/de\/wp-json\/"}],"wp:attachment":[{"href":"https:\/\/www.arbin.com\/de\/wp-json\/wp\/v2\/media?parent=23203"}],"curies":[{"name":"wp","href":"https:\/\/api.w.org\/{rel}","templated":true}]}}