{"id":23192,"date":"2024-09-15T06:55:34","date_gmt":"2024-09-15T11:55:34","guid":{"rendered":"https:\/\/dev.arbin.com\/?page_id=23192"},"modified":"2025-01-13T11:26:50","modified_gmt":"2025-01-13T17:26:50","slug":"arbin-centralized-testing-infrastructure","status":"publish","type":"page","link":"https:\/\/www.arbin.com\/de\/softwarelosung\/arbin-zentralisierte-testinfrastruktur-html","title":{"rendered":"Arbin Zentralisierte Testinfrastruktur"},"content":{"rendered":"<h1>\n\t\tArbin Zentralisierte Testinfrastruktur\n\t<\/h1>\n\t\t\t\t<img decoding=\"async\" src=\"https:\/\/arbin.com\/wp-content\/uploads\/2024\/10\/ARBIN-SSIS-Arbin-Centralized-Testing-Infrastructure.png\" alt=\"ARBIN-SSIS-Arbin-Zentrale-Testing-Infrastruktur\" itemprop=\"image\" height=\"1215\" width=\"1872\" title=\"ARBIN-SSIS-Arbin-Zentrale-Testing-Infrastruktur\" onerror=\"this.style.display='none'\"  \/>\n<h2>\n\t\tSystem Components\n\t<\/h2>\n\t\t<h3>Desktop-PCs<\/h3><p>Deploying MITS software on a private cloud platform enhances the system&#8217;s flexibility, scalability, and security.<\/p>\n\t\t<h3>Arbin Pr\u00fcfsysteme<\/h3><p>Sie f\u00fchren verschiedene Tests und Messungen durch und \u00fcbertragen die Daten in Echtzeit an die MITS-Software.<\/p>\n\t\t<h3>Temperaturkammern<\/h3><p>Sie f\u00fchren verschiedene Tests und Messungen durch und \u00fcbertragen die Daten in Echtzeit an die MITS-Software.<\/p>\n\t\t<h3>\u00dcberwachung und Kontrolle\u00a0<\/h3><p>Dieser Fernzugriff erm\u00f6glicht es den Benutzern, Live-Daten anzuzeigen, den Ger\u00e4testatus zu \u00fcberpr\u00fcfen und Fehler aus der Ferne zu beheben.<\/p>\n<h2>\n\t\tSoftware Applications\n\t<\/h2>\n\t\t<h3>Kafka-Dienst<\/h3><p>Die MITS-Software empf\u00e4ngt die Rohdaten von den Ger\u00e4ten und f\u00fchrt die wesentlichen Prozesse der Datenbereinigung, Formatkonvertierung und Erstanalyse durch.<\/p>\n\t\t<h3>Auf Cloud-Backup<\/h3><p>MITS provides continuous status updates on the test equipment and data, reporting back to the user&#8217;s interface.<\/p>\n\t\t<h3>API-Integration<\/h3><p>Die von Arbin angebotene Software erm\u00f6glicht die Fern\u00fcberwachung und -steuerung der MITS-Software und der angeschlossenen Ger\u00e4te.<\/p>\n\t\t<h3>Datenbank-System<\/h3><p>Umfasst lokale und entfernte Datenbanken (einschlie\u00dflich Cloud-basierter Datenbanken), die f\u00fcr die Datenspeicherung und -sicherung verwendet werden.<\/p>\n\t\t<h3>Controlling-Dienst<\/h3><p>Umfasst lokale und entfernte Datenbanken (einschlie\u00dflich Cloud-basierter Datenbanken), die f\u00fcr die Datenspeicherung und -sicherung verwendet werden.<\/p>\n\t\t<h3>Warteschlange f\u00fcr Testaufgaben<\/h3><p>Umfasst lokale und entfernte Datenbanken (einschlie\u00dflich Cloud-basierter Datenbanken), die f\u00fcr die Datenspeicherung und -sicherung verwendet werden.<\/p>\n\t\t<h3>Dienstleistungen der Datenverarbeitung<\/h3><p>Umfasst lokale und entfernte Datenbanken (einschlie\u00dflich Cloud-basierter Datenbanken), die f\u00fcr die Datenspeicherung und -sicherung verwendet werden.<\/p>\n<h2>\n\t\tUpgrade &#038; Downgrade Management\n\t<\/h2>\n\t<p>Aus Gr\u00fcnden der Benutzerfreundlichkeit unterst\u00fctzen wir die Over-the-Air (OTA)-Firmware-Installation \u00fcber die Web-UI unter Verwendung von AIBin-Dateien.<\/p>\n<p>An AIBin file contains the firmware&#8217;s hex as well as hardware-firmware-software compatibility details to prevent version-matching issues.<\/p>\n\t\t\t\t<img decoding=\"async\" src=\"\/images\/layout\/ARBIN-SSIS-Upgrade-Downgrade-Management.png\" alt=\"ARBIN-SSIS-Upgrade-Downgrade-Management.png\" itemprop=\"image\" title=\"ARBIN-SSIS-Upgrade-Downgrade-Management.png\" onerror=\"this.style.display='none'\"  \/>\n<h2>\n\t\tVorteile\n\t<\/h2>\n\t\t<h3>Resources Management<\/h3>\t\n\t\t<p>Die M\u00f6glichkeit der zentralen Verwaltung aller Ger\u00e4te, Kan\u00e4le, Hilfsmittel, Temperaturkammern und der Kommunikation von Maschine zu Maschine \u00fcber verschiedene Systeme hinweg ist ein gro\u00dfer Vorteil f\u00fcr Bediener oder Laboradministratoren.<\/p>\n\t\t<h3>Test Devices &#038; MCU (Microcontroller Unit)<\/h3><p>Jedes Arbin-Pr\u00fcfger\u00e4t enth\u00e4lt eine MCU, die spezifische Pr\u00fcfaufgaben ausf\u00fchrt und Daten aus diesen Tests erzeugt.<\/p>\n\t\t<h3>Hilfsger\u00e4te<\/h3><p>\u00dcber die MCU k\u00f6nnen Zusatzger\u00e4te wie Temperaturregler und Netzteile mit der MITS Pro-Software in der privaten Cloud kommunizieren.<\/p>\n\t\t<h3>Datenaustausch<\/h3><p>Die private Cloud hat eine direkte Schnittstelle zu den MCUs in den Testger\u00e4ten und verwaltet effizient den Datenaustausch und die Prozesssteuerung.<\/p>\n\t\t<h3>Apache Kafka<\/h3><p>Nach der Datenerfassung sendet die MITS Pro-Software diese Daten an Apache Kafka, ein robustes verteiltes Nachrichtensystem, das f\u00fcr die Verarbeitung umfangreicher Datenstr\u00f6me konzipiert ist.<\/p>\n\t\t<h3>Datenverarbeitungsdienste<\/h3><p>Datenstr\u00f6me aus Kafka werden von Diensten verarbeitet, die Aufgaben wie Datenbereinigung, -umwandlung und -analyse \u00fcbernehmen.<\/p>\n\t\t<h3>Datensee<\/h3><p>Nach der Verarbeitung werden die Daten in einem Data Lake gespeichert - einem zentralisierten Repository, das die Speicherung, Suche und Analyse gro\u00dfer Datenmengen erleichtert.<\/p>\n\t\t<h3>Hohe Verf\u00fcgbarkeit<\/h3>\t\n\t\t<p>Arbin&#8217;s software infrastructure covers multiple solutions for data storage. This includes remote databases and cloud databases such as AWS, Azure, and Google Cloud. With this flexibility, you can easily access your data at anytime, anywhere you need it.<\/p>\n<h2>\n\t\tData Streaming Service\n\t<\/h2>\n\t\t<p>Apache Kafka ist eine leistungsstarke verteilte Streaming-Plattform, die f\u00fcr ihren hohen Durchsatz, ihre Skalierbarkeit und ihre Fehlertoleranz bekannt ist. Die folgenden Merkmale machen Kafka zur idealen Plattform f\u00fcr Echtzeitdaten aus Batterietests in gro\u00dfem Ma\u00dfstab<\/p>\n\t\t<p>Unterst\u00fctzt Stream Processing f\u00fcr komplexe Datenanalysen<\/p>\n\t\t<p>Nahtlose Integration in verschiedene Daten\u00f6kosysteme<\/p>\n\t\t<p>Sicherstellung der Datenintegrit\u00e4t durch Echtzeitverarbeitung mit geringer Latenz und robuster Datenreplikation<\/p>\n\t\t<p>Bietet flexible Datenaufbewahrungsrichtlinien zur Anpassung Ihrer Datenspeicherl\u00f6sung<\/p>\n\t\t<p>Kafka&#8217;s flexible, powerful data processing features allow you to make the most of your battery testing data.\u00a0<\/p>\n<h2>\n\t\tProcessing Service (Micro-services)\n\t<\/h2>\n\t\t<p>Microservices erleichtern die kontinuierliche Datenlieferung und -bereitstellung und verbessern gleichzeitig die Skalierbarkeit Ihrer Anwendungen. Die Microservices-Architektur bietet die folgenden Vorteile f\u00fcr die Datenverarbeitung:<\/p>\n\t\t<p>Erm\u00f6glicht die unabh\u00e4ngige Skalierung von Komponenten und den flexiblen Aufbau von Technologiestapeln<\/p>\n\t\t<p>Schnellere und zuverl\u00e4ssigere Entwicklung und Bereitstellung durch kleinere, besser handhabbare Teile<\/p>\n\t\t<p>Improves fault isolation, reducing the impact of a single service&#8217;s failure on the entire application<\/p>\n\t\t<p>Dezentralisiert die Datenverwaltung und -steuerung f\u00fcr mehr Flexibilit\u00e4t und Effizienz.<\/p>\n\t\t<p>Durch das Hinzuf\u00fcgen dieser Vorteile zu Ihrem Batterietest-\u00d6kosystem erm\u00f6glichen Ihnen Microservices eine rasche Innovation.<\/p>\n\t\t<h2>Kontrolle<br \/>Dienstleistungen<\/h2>\t\n\t\t<p>Die Verwendung von Arbin-Clients (C#, Python, Webservice) zur Fernsteuerung und Verwaltung aller Arbin-Ger\u00e4te auf einem zentralen Management-Server erm\u00f6glicht eine robuste Integration und leistungsf\u00e4higere L\u00f6sungen f\u00fcr die Batterietestinfrastruktur. Au\u00dferdem k\u00f6nnen sie alle zu testenden Kan\u00e4le in einer einzigen Anwendung global verwalten.<\/p>","protected":false},"excerpt":{"rendered":"<p>Arbin Centralized Testing Infrastructure System Components Desktop PCs Deploying MITS software on a private cloud platform enhances the system&#8217;s flexibility, scalability, and security. Arbin Testing Systems Perform various tests and measurements, transmitting data in real time to the MITS software. Temperature Chambers Perform various tests and measurements, transmitting data in real time to the MITS [&hellip;]<\/p>","protected":false},"author":27,"featured_media":23195,"parent":22211,"menu_order":0,"comment_status":"closed","ping_status":"closed","template":"","meta":{"_acf_changed":false,"_seopress_robots_primary_cat":"","_seopress_titles_title":"Arbin Centralized Testing Infrastructure | Arbin Instruments","_seopress_titles_desc":"Distributed testing infrastructure for scalable and flexible battery testing.","_seopress_robots_index":"","inline_featured_image":false,"site-sidebar-layout":"default","site-content-layout":"","ast-site-content-layout":"default","site-content-style":"default","site-sidebar-style":"default","ast-global-header-display":"","ast-banner-title-visibility":"","ast-main-header-display":"","ast-hfb-above-header-display":"","ast-hfb-below-header-display":"","ast-hfb-mobile-header-display":"","site-post-title":"","ast-breadcrumbs-content":"","ast-featured-img":"","footer-sml-layout":"","theme-transparent-header-meta":"","adv-header-id-meta":"","stick-header-meta":"","header-above-stick-meta":"","header-main-stick-meta":"","header-below-stick-meta":"","astra-migrate-meta-layouts":"set","ast-page-background-enabled":"default","ast-page-background-meta":{"desktop":{"background-color":"","background-image":"","background-repeat":"repeat","background-position":"center center","background-size":"auto","background-attachment":"scroll","background-type":"","background-media":"","overlay-type":"","overlay-color":"","overlay-opacity":"","overlay-gradient":""},"tablet":{"background-color":"","background-image":"","background-repeat":"repeat","background-position":"center center","background-size":"auto","background-attachment":"scroll","background-type":"","background-media":"","overlay-type":"","overlay-color":"","overlay-opacity":"","overlay-gradient":""},"mobile":{"background-color":"","background-image":"","background-repeat":"repeat","background-position":"center center","background-size":"auto","background-attachment":"scroll","background-type":"","background-media":"","overlay-type":"","overlay-color":"","overlay-opacity":"","overlay-gradient":""}},"ast-content-background-meta":{"desktop":{"background-color":"var(--ast-global-color-5)","background-image":"","background-repeat":"repeat","background-position":"center center","background-size":"auto","background-attachment":"scroll","background-type":"","background-media":"","overlay-type":"","overlay-color":"","overlay-opacity":"","overlay-gradient":""},"tablet":{"background-color":"var(--ast-global-color-5)","background-image":"","background-repeat":"repeat","background-position":"center center","background-size":"auto","background-attachment":"scroll","background-type":"","background-media":"","overlay-type":"","overlay-color":"","overlay-opacity":"","overlay-gradient":""},"mobile":{"background-color":"var(--ast-global-color-5)","background-image":"","background-repeat":"repeat","background-position":"center center","background-size":"auto","background-attachment":"scroll","background-type":"","background-media":"","overlay-type":"","overlay-color":"","overlay-opacity":"","overlay-gradient":""}},"footnotes":""},"class_list":["post-23192","page","type-page","status-publish","has-post-thumbnail","hentry"],"acf":[],"_links":{"self":[{"href":"https:\/\/www.arbin.com\/de\/wp-json\/wp\/v2\/pages\/23192","targetHints":{"allow":["GET"]}}],"collection":[{"href":"https:\/\/www.arbin.com\/de\/wp-json\/wp\/v2\/pages"}],"about":[{"href":"https:\/\/www.arbin.com\/de\/wp-json\/wp\/v2\/types\/page"}],"author":[{"embeddable":true,"href":"https:\/\/www.arbin.com\/de\/wp-json\/wp\/v2\/users\/27"}],"replies":[{"embeddable":true,"href":"https:\/\/www.arbin.com\/de\/wp-json\/wp\/v2\/comments?post=23192"}],"version-history":[{"count":0,"href":"https:\/\/www.arbin.com\/de\/wp-json\/wp\/v2\/pages\/23192\/revisions"}],"up":[{"embeddable":true,"href":"https:\/\/www.arbin.com\/de\/wp-json\/wp\/v2\/pages\/22211"}],"wp:featuredmedia":[{"embeddable":true,"href":"https:\/\/www.arbin.com\/de\/wp-json\/"}],"wp:attachment":[{"href":"https:\/\/www.arbin.com\/de\/wp-json\/wp\/v2\/media?parent=23192"}],"curies":[{"name":"wp","href":"https:\/\/api.w.org\/{rel}","templated":true}]}}