{"id":23125,"date":"2024-09-12T12:40:53","date_gmt":"2024-09-12T17:40:53","guid":{"rendered":"https:\/\/dev.arbin.com\/?page_id=23125"},"modified":"2025-05-25T15:37:01","modified_gmt":"2025-05-25T20:37:01","slug":"arbin-control-scripting-test-schedule-language","status":"publish","type":"page","link":"https:\/\/www.arbin.com\/de\/softwarelosung\/arbin-control-scripting-test-schedule-language-html","title":{"rendered":"Arbin Control Scripting [Pr\u00fcfplan] Sprache"},"content":{"rendered":"<a href=\"\/de\/\">Startseite<\/a> > \n<a href=\"\/de\/software-solution.html\/\"> Software-L\u00f6sung<\/a> &gt;\nErweiterte Steuersprache\n<h1>\n\t\tArbin Control Scripting  [Test Schedule] Language\n\t<\/h1>\n\t<p>Der Arbin-Batteriepr\u00fcfplan ist ein strukturierter Plan, der festlegt, wann und wie Batterien gepr\u00fcft werden, um ihre Sicherheit, Leistung und Konformit\u00e4t zu gew\u00e4hrleisten. Er umfasst verschiedene Pr\u00fcfarten, Frequenzen, Konstantstrom (CC), Konstantspannung (CV), Konstantstrom und -spannung (CC-CV), IR, DCIR, Zyklenvoltammetrie, Alterung und Dokumentationsverfahren.<\/p>\n<p>Durch die Einhaltung eines genau definierten Testplans k\u00f6nnen Unternehmen die Zuverl\u00e4ssigkeit ihrer Batterien aufrechterhalten, potenzielle Probleme proaktiv angehen und die Lebensdauer ihrer Batteriesysteme verl\u00e4ngern.<\/p>\n\t\t\t\t<img decoding=\"async\" src=\"https:\/\/dev.arbin.com\/wp-content\/uploads\/2024\/09\/ARBIN-Arbin-Control-Scripting-Test-Schedule-Language-1.jpg\" alt=\"ARBIN-Arbin Control Scripting [Pr\u00fcfplan] Sprache\" itemprop=\"image\" height=\"936\" width=\"448\" title=\"ARBIN-Arbin Control Scripting [Pr\u00fcfplan] Sprache\" onerror=\"this.style.display='none'\"  \/>\n<h2>\n\t\tAutomatic Configuration &#038; Setting\n\t<\/h2>\n\t\t<p>Definition von [Arbin] <strong>Zeitplan<\/strong> ist eine Sammlung von <strong>STEPs<\/strong> kann sein <strong>LAUFEN<\/strong> zusammenh\u00e4ngende Sequenzen, <strong>JUMP<\/strong> verschiedene <strong>STEP<\/strong>, <strong>PAUSE<\/strong>, <strong>RESUME<\/strong>, <strong>STOPP<\/strong>, <strong>ENDE<\/strong>, <strong>LOOP<\/strong>, <strong>REST<\/strong>, usw.<\/p>\n\t\t<p>Und STEP ist ein <strong>Kontrolltyp<\/strong> Zustandsautomat mit Aktionen, LogLimits, StepLimits und Transitionen.<\/p>\n\t\t\t\t<img decoding=\"async\" src=\"https:\/\/dev.arbin.com\/wp-content\/uploads\/2024\/09\/ARBIN-Automatic-Configuration-Setting-i1.png\" alt=\"ARBIN-Automatische Konfiguration und Einstellung i1\" itemprop=\"image\" height=\"908\" width=\"1324\" title=\"ARBIN-Automatische Konfiguration und Einstellung i1\" onerror=\"this.style.display='none'\"  \/>\n\t\t\t\t<img decoding=\"async\" src=\"https:\/\/dev.arbin.com\/wp-content\/uploads\/2024\/10\/ARBIN-Automatic-Configuration-Setting-i1.png\" alt=\"ARBIN-Automatische Konfiguration und Einstellung i1\" itemprop=\"image\" height=\"706\" width=\"1222\" title=\"ARBIN-Automatische Konfiguration und Einstellung i1\" onerror=\"this.style.display='none'\"  \/>\n\t\t\t\t<img decoding=\"async\" src=\"https:\/\/dev.arbin.com\/wp-content\/uploads\/2024\/10\/ARBIN-Automatic-Configuration-Setting-i2.png\" alt=\"ARBIN-Automatische Konfiguration und Einstellung i2\" itemprop=\"image\" height=\"725\" width=\"1212\" title=\"ARBIN-Automatische Konfiguration und Einstellung i2\" onerror=\"this.style.display='none'\"  \/>\n\t<style>\n  .frame-1321315669,\n  .frame-1321315669 * {\n    box-sizing: border-box;\n  }\n  .schedules-table1 {\n    overflow: auto;\n    width: 100%;\n  }\n  .frame-1321315669 {\n    \/*border-radius: 24px;*\/\n    display: flex;\n    flex-direction: column;\n    gap: 0px;\n    align-items: flex-start;\n    justify-content: flex-start;\n    flex-shrink: 0;\n    position: relative;\n    box-shadow: var(--hover-box-shadow, 0px 4px 25px 0px rgba(0, 0, 0, 0.05));\n    min-width: 700px;\n  }\n  .frame-1321315802 {\n    display: flex;\n    flex-direction: row;\n    gap: 0px;\n    align-items: flex-start;\n    justify-content: flex-start;\n    align-self: stretch;\n    flex-shrink: 0;\n    position: relative;\n  }\n  .frame-5 {\n    background: #ffffff;\n    \/*border-radius: 12px 0px 0px 0px;*\/\n    border-style: solid;\n    border-color: var(--line, #eaecf0);\n    border-width: 1px;\n    padding: 12px 24px 12px 24px;\n    display: flex;\n    flex-direction: column;\n    gap: 0px;\n    align-items: flex-start;\n    justify-content: flex-start;\n    align-self: stretch;\n    flex-shrink: 0;\n    width: 200px;\n    position: relative;\n  }\n  .label {\n    color: var(--text-title, #18214d);\n    text-align: left;\n    font-family: \"Inter-SemiBold\", sans-serif;\n    font-size: 20px;\n    line-height: 130%;\n    font-weight: 600;\n    position: relative;\n  }\n  .frame-1321315639 {\n    background: #ffffff;\n    \/*border-radius: 0px 12px 0px 0px;*\/\n    border-style: solid;\n    border-color: var(--line, #eaecf0);\n    border-width: 1px;\n    padding: 12px 24px 12px 24px;\n    display: flex;\n    flex-direction: column;\n    gap: 0px;\n    align-items: flex-start;\n    justify-content: flex-start;\n    flex: 1;\n    position: relative;\n  }\n  .label2 {\n    color: var(--text-title, #18214d);\n    text-align: left;\n    font-family: \"Inter-SemiBold\", sans-serif;\n    font-size: 20px;\n    line-height: 130%;\n    font-weight: 600;\n    position: relative;\n    align-self: stretch;\n  }\n  .frame-1321315797 {\n    display: flex;\n    flex-direction: row;\n    gap: 0px;\n    align-items: flex-start;\n    justify-content: flex-start;\n    align-self: stretch;\n    flex-shrink: 0;\n    position: relative;\n  }\n  .frame-52 {\n    background: #ffffff;\n    border-style: solid;\n    border-color: var(--line, #eaecf0);\n    border-width: 1px;\n    padding: 12px 24px 12px 24px;\n    display: flex;\n    flex-direction: column;\n    gap: 0px;\n    align-items: flex-start;\n    justify-content: flex-start;\n    align-self: stretch;\n    flex-shrink: 0;\n    width: 200px;\n    position: relative;\n  }\n  .label3 {\n    color: var(--text-title, #18214d);\n    text-align: left;\n    font-family: \"Inter-SemiBold\", sans-serif;\n    font-size: 18px;\n    line-height: 130%;\n    font-weight: 600;\n    position: relative;\n  }\n  .frame-13213156392 {\n    background: #ffffff;\n    border-style: solid;\n    border-color: var(--line, #eaecf0);\n    border-width: 1px;\n    padding: 12px 24px 12px 24px;\n    display: flex;\n    flex-direction: column;\n    gap: 0px;\n    align-items: flex-start;\n    justify-content: flex-start;\n    flex: 1;\n    position: relative;\n  }\n  .label4 {\n    color: var(--text-title, #18214d);\n    text-align: left;\n    font-family: \"Inter-Regular\", sans-serif;\n    font-size: 18px;\n    line-height: 130%;\n    font-weight: 400;\n    position: relative;\n    align-self: stretch;\n  }\n  .frame-1321315798 {\n    display: flex;\n    flex-direction: row;\n    gap: 0px;\n    align-items: flex-start;\n    justify-content: flex-start;\n    align-self: stretch;\n    flex-shrink: 0;\n    position: relative;\n  }\n  .frame-1321315801 {\n    display: flex;\n    flex-direction: row;\n    gap: 0px;\n    align-items: flex-start;\n    justify-content: flex-start;\n    align-self: stretch;\n    flex-shrink: 0;\n    position: relative;\n  }\n  .frame-1321315800 {\n    display: flex;\n    flex-direction: row;\n    gap: 0px;\n    align-items: flex-start;\n    justify-content: flex-start;\n    align-self: stretch;\n    flex-shrink: 0;\n    position: relative;\n  }\n  .frame-13213156393 {\n    background: #ffffff;\n    border-style: solid;\n    border-color: var(--line, #eaecf0);\n    border-width: 1px;\n    padding: 12px 24px 12px 24px;\n    display: flex;\n    flex-direction: column;\n    gap: 12px;\n    align-items: flex-start;\n    justify-content: flex-start;\n    flex: 1;\n    position: relative;\n  }\n  .image {\n    align-self: stretch;\n    flex-shrink: 0;\n    width: 100%;\n    position: relative;\n    object-fit: cover;\n  }\n  .frame-1321315799 {\n    display: flex;\n    flex-direction: row;\n    gap: 0px;\n    align-items: flex-start;\n    justify-content: flex-start;\n    align-self: stretch;\n    flex-shrink: 0;\n    position: relative;\n  }\n  .frame-53 {\n    background: #ffffff;\n    \/*border-radius: 0px 0px 0px 12px;*\/\n    border-style: solid;\n    border-color: var(--line, #eaecf0);\n    border-width: 1px;\n    padding: 12px 24px 12px 24px;\n    display: flex;\n    flex-direction: column;\n    gap: 0px;\n    align-items: flex-start;\n    justify-content: flex-start;\n    align-self: stretch;\n    flex-shrink: 0;\n    width: 200px;\n    position: relative;\n  }\n  .frame-13213156394 {\n    background: #ffffff;\n    \/*border-radius: 0px 0px 12px 0px;*\/\n    border-style: solid;\n    border-color: var(--line, #eaecf0);\n    border-width: 1px;\n    padding: 12px 24px 24px 24px;\n    display: flex;\n    flex-direction: column;\n    gap: 12px;\n    align-items: flex-start;\n    justify-content: flex-start;\n    flex: 1;\n    position: relative;\n  }\n  .label5 {\n    color: var(--text-title, #18214d);\n    text-align: left;\n    font-family: \"Inter-Regular\", sans-serif;\n    font-size: 18px;\n    line-height: 150%;\n    font-weight: 400;\n    position: relative;\n    align-self: stretch;\n  }\n  .label-5-span {\n    color: var(--text-title, #18214d);\n    font-family: \"Inter-Regular\", sans-serif;\n    font-size: 18px;\n    line-height: 150%;\n    font-weight: 400;\n  }\n  .label-5-span2 {\n    color: var(--text-title, #18214d);\n    list-style-type: decimal;\n    padding-left: 1em;\n    font-family: \"Inter-Regular\", sans-serif;\n    font-size: 18px;\n    line-height: 150%;\n    font-weight: 400;\n  }\n  .frame-13213158022 {\n    padding: 0px 40px 0px 40px;\n    display: flex;\n    flex-direction: row;\n    gap: 10px;\n    align-items: center;\n    justify-content: center;\n    align-self: stretch;\n    flex-shrink: 0;\n    position: relative;\n  }\n  .label6 {\n    color: var(--text-title, #18214d);\n    text-align: left;\n    font-family: \"Inter-Regular\", sans-serif;\n    font-size: 18px;\n    line-height: 130%;\n    font-weight: 400;\n    position: relative;\n    flex: 1;\n  }\n  .label-6-span {\n    color: var(--text-title, #18214d);\n    font-family: \"Inter-Regular\", sans-serif;\n    font-size: 18px;\n    line-height: 130%;\n    font-weight: 400;\n  }\n  .label-6-span2 {\n    color: var(--text-title, #18214d);\n    list-style-type: decimal;\n    padding-left: 1em;\n    font-family: \"Inter-Regular\", sans-serif;\n    font-size: 18px;\n    line-height: 130%;\n    font-weight: 400;\n  }\n<\/style>\n        State\n        Description\n        Action\n          In this state, the system will execute the step with corresponding\n          control type. For example, output constant current with 2A.\n        Log Limits\n          In this state, the system will check if the log limit has been reached.\n          If it does, it will trigger the system to log the data.\n        Step Limits\n          In this state, the system will check if the step limit has been reached.\n          If it does, the system will go to the next state. Otherwise, stay in the\n          current state.\n        Action\n          In this state, the system will transition from one step to another.\n        <img decoding=\"async\" src=\"\/wp-content\/uploads\/2024\/09\/Arbin-SS-ACL-Schedules-table-1.png\" \/>\n        Transition\n              There are 5 different scenarios:\n              <br \/>\n              <br \/>\n            <ol>\n              <li>Bleiben Sie auf der gleichen Stufe.<\/li>\n              <li>Neustart im selben Schritt<\/li>\n              <li>Fahren Sie mit dem n\u00e4chsten Schritt fort.<\/li>\n              <li>Springen Sie zu einem anderen Schritt.<\/li>\n              <li>Beenden Sie den Test.<\/li>\n            <\/ol>\n              <ol>\n                <li>Test beenden<\/li>\n                <li>Unsicher<\/li>\n              <\/ol>\n\t<style>\n  .frame-1321315669,\n  .frame-1321315669 * {\n    box-sizing: border-box;\n  }\n  .schedules-table2 {\n    overflow: auto;\n    width: 100%;\n  }\n  .frame-1321315669 {\n    \/*border-radius: 24px;*\/\n    display: flex;\n    flex-direction: column;\n    gap: 0px;\n    align-items: flex-start;\n    justify-content: flex-start;\n    flex-shrink: 0;\n    position: relative;\n    box-shadow: var(--hover-box-shadow, 0px 4px 25px 0px rgba(0, 0, 0, 0.05));\n    min-width: 800px;\n  }\n  .frame-1321315804 {\n    display: flex;\n    flex-direction: row;\n    gap: 0px;\n    align-items: flex-start;\n    justify-content: flex-start;\n    align-self: stretch;\n    flex-shrink: 0;\n    position: relative;\n  }\n  .frame-5 {\n    background: #ffffff;\n    \/*border-radius: 12px 0px 0px 0px;*\/\n    border-style: solid;\n    border-color: var(--line, #eaecf0);\n    border-width: 1px;\n    padding: 12px 24px 12px 24px;\n    display: flex;\n    flex-direction: column;\n    gap: 0px;\n    align-items: flex-start;\n    justify-content: flex-start;\n    align-self: stretch;\n    flex-shrink: 0;\n    width: 200px;\n    position: relative;\n  }\n  .label {\n    color: var(--text-title, #18214d);\n    text-align: left;\n    font-family: \"Inter-SemiBold\", sans-serif;\n    font-size: 20px;\n    line-height: 130%;\n    font-weight: 600;\n    position: relative;\n  }\n  .frame-1321315639 {\n    background: #ffffff;\n    border-style: solid;\n    border-color: var(--line, #eaecf0);\n    border-width: 1px;\n    padding: 12px 24px 12px 24px;\n    display: flex;\n    flex-direction: column;\n    gap: 0px;\n    align-items: flex-start;\n    justify-content: flex-start;\n    flex: 1;\n    position: relative;\n  }\n  .label2 {\n    color: var(--text-title, #18214d);\n    text-align: left;\n    font-family: \"Inter-SemiBold\", sans-serif;\n    font-size: 20px;\n    line-height: 130%;\n    font-weight: 600;\n    position: relative;\n    align-self: stretch;\n  }\n  .frame-1321315640 {\n    background: #ffffff;\n    border-style: solid;\n    border-color: var(--line, #eaecf0);\n    border-width: 1px;\n    padding: 12px 24px 12px 24px;\n    display: flex;\n    flex-direction: column;\n    gap: 0px;\n    align-items: flex-start;\n    justify-content: flex-start;\n    flex: 1;\n    position: relative;\n    align-self: stretch;\n  }\n  .frame-1321315641 {\n    background: #ffffff;\n    \/*border-radius: 0px 12px 0px 0px;*\/\n    border-style: solid;\n    border-color: var(--line, #eaecf0);\n    border-width: 1px;\n    padding: 12px 24px 12px 24px;\n    display: flex;\n    flex-direction: column;\n    gap: 0px;\n    align-items: flex-start;\n    justify-content: flex-start;\n    align-self: stretch;\n    flex: 1;\n    position: relative;\n  }\n  .frame-1321315797 {\n    display: flex;\n    flex-direction: row;\n    gap: 0px;\n    align-items: flex-start;\n    justify-content: flex-start;\n    align-self: stretch;\n    flex-shrink: 0;\n    position: relative;\n  }\n  .frame-52 {\n    background: #ffffff;\n    border-style: solid;\n    border-color: var(--line, #eaecf0);\n    border-width: 1px;\n    padding: 12px 24px 12px 24px;\n    display: flex;\n    flex-direction: column;\n    gap: 0px;\n    align-items: flex-start;\n    justify-content: flex-start;\n    align-self: stretch;\n    flex-shrink: 0;\n    width: 200px;\n    position: relative;\n  }\n  .label3 {\n    color: var(--text-title, #18214d);\n    text-align: left;\n    font-family: \"Inter-SemiBold\", sans-serif;\n    font-size: 18px;\n    line-height: 130%;\n    font-weight: 600;\n    position: relative;\n  }\n  .label4 {\n    color: var(--text-title, #18214d);\n    text-align: left;\n    font-family: \"Inter-Regular\", sans-serif;\n    font-size: 18px;\n    line-height: 130%;\n    font-weight: 400;\n    position: relative;\n    align-self: stretch;\n  }\n  .frame-13213156412 {\n    background: #ffffff;\n    border-style: solid;\n    border-color: var(--line, #eaecf0);\n    border-width: 1px;\n    padding: 12px 24px 12px 24px;\n    display: flex;\n    flex-direction: column;\n    gap: 0px;\n    align-items: flex-start;\n    justify-content: flex-start;\n    align-self: stretch;\n    flex: 1;\n    position: relative;\n  }\n  .frame-1321315802 {\n    display: flex;\n    flex-direction: row;\n    gap: 0px;\n    align-items: flex-start;\n    justify-content: flex-start;\n    align-self: stretch;\n    flex-shrink: 0;\n    position: relative;\n  }\n  .frame-1321315803 {\n    display: flex;\n    flex-direction: row;\n    gap: 0px;\n    align-items: flex-start;\n    justify-content: flex-start;\n    align-self: stretch;\n    flex-shrink: 0;\n    position: relative;\n  }\n  .frame-53 {\n    background: #ffffff;\n    \/*border-radius: 0px 0px 0px 12px;*\/\n    border-style: solid;\n    border-color: var(--line, #eaecf0);\n    border-width: 1px;\n    padding: 12px 24px 12px 24px;\n    display: flex;\n    flex-direction: column;\n    gap: 0px;\n    align-items: flex-start;\n    justify-content: flex-start;\n    align-self: stretch;\n    flex-shrink: 0;\n    width: 200px;\n    position: relative;\n  }\n  .frame-13213156392 {\n    background: #ffffff;\n    border-style: solid;\n    border-color: var(--line, #eaecf0);\n    border-width: 1px;\n    padding: 12px 24px 12px 24px;\n    display: flex;\n    flex-direction: column;\n    gap: 0px;\n    align-items: flex-start;\n    justify-content: flex-start;\n    align-self: stretch;\n    flex: 1;\n    position: relative;\n  }\n  .frame-13213156402 {\n    background: #ffffff;\n    border-style: solid;\n    border-color: var(--line, #eaecf0);\n    border-width: 1px;\n    padding: 12px 24px 12px 24px;\n    display: flex;\n    flex-direction: column;\n    gap: 0px;\n    align-items: flex-start;\n    justify-content: flex-start;\n    align-self: stretch;\n    flex: 1;\n    position: relative;\n  }\n  .frame-13213156413 {\n    background: #ffffff;\n    \/*border-radius: 0px 0px 12px 0px;*\/\n    border-style: solid;\n    border-color: var(--line, #eaecf0);\n    border-width: 1px;\n    padding: 12px 24px 12px 24px;\n    display: flex;\n    flex-direction: column;\n    gap: 0px;\n    align-items: flex-start;\n    justify-content: flex-start;\n    align-self: stretch;\n    flex: 1;\n    position: relative;\n  }\n<\/style>\n        Control Types\n        Steps\n        Functions\n        Schedule\n        Static\n        REST,CC, Crated, CV,CCCV, DCIR, IR\n        Jump, Loop, Conditional, etc.\n        Built-in Steps\n        Dynamic\n        Lua Script Steps\n        No Sub-Schedule\n        Scripting Steps\n        Complex\n        DCIM, IEC 61960\n        Programmable\n        Built-in, Scripting Steps\n\t\t<p>Der Zeitplan enth\u00e4lt die oben genannten Elemente und den Betrieb. Wir bieten \u00e4u\u00dferst flexible M\u00f6glichkeiten zur Verwaltung und Steuerung von Arbin Testing Systems.<\/p>\n\t\t<h3>Beispiel Zeitplan<\/h3>\t\n\t\t\t\t<img decoding=\"async\" src=\"https:\/\/dev.arbin.com\/wp-content\/uploads\/2024\/10\/ARBIN-Arbin-Control-Scripting-Example-Schedule.png\" alt=\"ARBIN-Arbin Control Scripting-Beispiel Zeitplan\" itemprop=\"image\" height=\"935\" width=\"2400\" title=\"ARBIN-Arbin Control Scripting-Beispiel Zeitplan\" onerror=\"this.style.display='none'\"  \/>\n\t\t\t<a href=\"\/de\/softwarelosung\/schedule-and-state-machine-diagram-for-step.html\/\" target=\"_self\" rel=\"nofollow noopener\">\n\t\t\t\t\t\t\tMehr sehen\n\t\t\t\t\t<\/a>","protected":false},"excerpt":{"rendered":"<p>Home > Software Solution > Advanced Control Language Arbin Control Scripting [Test Schedule] Language Arbin Battery Testing Schedule is a structured plan that outlines when and how batteries are tested to ensure their safety, performance, and compliance. It includes various testing types, frequencies, Constant Current (CC), Constant Voltage (CV), Constant Current &amp; Voltage (CC-CV), IR, [&hellip;]<\/p>","protected":false},"author":27,"featured_media":23128,"parent":22211,"menu_order":0,"comment_status":"closed","ping_status":"closed","template":"","meta":{"_acf_changed":false,"_seopress_robots_primary_cat":"","_seopress_titles_title":"Arbin Control Scripting [Test Schedule] Language | Arbin Instruments","_seopress_titles_desc":"Arbin Battery Testing Schedule is a structured plan that outlines when and how batteries are tested to ensure their safety, performance, and compliance. It includes various testing types, frequencies, Constant Current (CC), Constant Voltage (CV), Constant Current & Voltage (CC-CV), IR, DCIR, Cycle Voltammetry, Aging, and documentation practices.\r\n\r\nBy following a well-defined testing schedule, organizations can maintain battery reliability, address potential issues proactively, and extend the operational life of their battery systems.","_seopress_robots_index":"","inline_featured_image":false,"site-sidebar-layout":"default","site-content-layout":"","ast-site-content-layout":"default","site-content-style":"default","site-sidebar-style":"default","ast-global-header-display":"","ast-banner-title-visibility":"","ast-main-header-display":"","ast-hfb-above-header-display":"","ast-hfb-below-header-display":"","ast-hfb-mobile-header-display":"","site-post-title":"","ast-breadcrumbs-content":"","ast-featured-img":"","footer-sml-layout":"","theme-transparent-header-meta":"","adv-header-id-meta":"","stick-header-meta":"","header-above-stick-meta":"","header-main-stick-meta":"","header-below-stick-meta":"","astra-migrate-meta-layouts":"set","ast-page-background-enabled":"default","ast-page-background-meta":{"desktop":{"background-color":"","background-image":"","background-repeat":"repeat","background-position":"center center","background-size":"auto","background-attachment":"scroll","background-type":"","background-media":"","overlay-type":"","overlay-color":"","overlay-opacity":"","overlay-gradient":""},"tablet":{"background-color":"","background-image":"","background-repeat":"repeat","background-position":"center center","background-size":"auto","background-attachment":"scroll","background-type":"","background-media":"","overlay-type":"","overlay-color":"","overlay-opacity":"","overlay-gradient":""},"mobile":{"background-color":"","background-image":"","background-repeat":"repeat","background-position":"center center","background-size":"auto","background-attachment":"scroll","background-type":"","background-media":"","overlay-type":"","overlay-color":"","overlay-opacity":"","overlay-gradient":""}},"ast-content-background-meta":{"desktop":{"background-color":"var(--ast-global-color-5)","background-image":"","background-repeat":"repeat","background-position":"center center","background-size":"auto","background-attachment":"scroll","background-type":"","background-media":"","overlay-type":"","overlay-color":"","overlay-opacity":"","overlay-gradient":""},"tablet":{"background-color":"var(--ast-global-color-5)","background-image":"","background-repeat":"repeat","background-position":"center center","background-size":"auto","background-attachment":"scroll","background-type":"","background-media":"","overlay-type":"","overlay-color":"","overlay-opacity":"","overlay-gradient":""},"mobile":{"background-color":"var(--ast-global-color-5)","background-image":"","background-repeat":"repeat","background-position":"center center","background-size":"auto","background-attachment":"scroll","background-type":"","background-media":"","overlay-type":"","overlay-color":"","overlay-opacity":"","overlay-gradient":""}},"footnotes":""},"class_list":["post-23125","page","type-page","status-publish","has-post-thumbnail","hentry"],"acf":[],"_links":{"self":[{"href":"https:\/\/www.arbin.com\/de\/wp-json\/wp\/v2\/pages\/23125","targetHints":{"allow":["GET"]}}],"collection":[{"href":"https:\/\/www.arbin.com\/de\/wp-json\/wp\/v2\/pages"}],"about":[{"href":"https:\/\/www.arbin.com\/de\/wp-json\/wp\/v2\/types\/page"}],"author":[{"embeddable":true,"href":"https:\/\/www.arbin.com\/de\/wp-json\/wp\/v2\/users\/27"}],"replies":[{"embeddable":true,"href":"https:\/\/www.arbin.com\/de\/wp-json\/wp\/v2\/comments?post=23125"}],"version-history":[{"count":1,"href":"https:\/\/www.arbin.com\/de\/wp-json\/wp\/v2\/pages\/23125\/revisions"}],"predecessor-version":[{"id":26936,"href":"https:\/\/www.arbin.com\/de\/wp-json\/wp\/v2\/pages\/23125\/revisions\/26936"}],"up":[{"embeddable":true,"href":"https:\/\/www.arbin.com\/de\/wp-json\/wp\/v2\/pages\/22211"}],"wp:featuredmedia":[{"embeddable":true,"href":"https:\/\/www.arbin.com\/de\/wp-json\/"}],"wp:attachment":[{"href":"https:\/\/www.arbin.com\/de\/wp-json\/wp\/v2\/media?parent=23125"}],"curies":[{"name":"wp","href":"https:\/\/api.w.org\/{rel}","templated":true}]}}