{"id":23089,"date":"2024-09-09T09:26:08","date_gmt":"2024-09-09T14:26:08","guid":{"rendered":"https:\/\/dev.arbin.com\/?page_id=23089"},"modified":"2025-06-09T03:21:34","modified_gmt":"2025-06-09T08:21:34","slug":"end-of-line-eol","status":"publish","type":"page","link":"https:\/\/www.arbin.com\/de\/softwarelosung\/ende-der-zeile-eol-html","title":{"rendered":"End-Of-Line (EOL)"},"content":{"rendered":"<a href=\"\/de\/\">Startseite<\/a> > \r\n<a href=\"\/de\/software-solution.html\/\"> Software-L\u00f6sung<\/a> > \r\nEnd-Of-Line (EOL)\r\n\t<meta itemprop=\"url\" content=\"https:\/\/www.arbin.com\/wp-content\/uploads\/2025\/06\/EOL-Video-V8.mp4\" \/><div style=\"width: 640px;\" class=\"wp-video\"><!--[if lt IE 9]><script>document.createElement('video');<\/script><![endif]-->\n<video class=\"wp-video-shortcode\" id=\"video-23089-1\" width=\"640\" height=\"360\" poster=\"https:\/\/www.arbin.com\/wp-content\/uploads\/2025\/06\/EOL-video-bg-play.png\" preload=\"none\" controls=\"controls\"><source type=\"video\/mp4\" src=\"https:\/\/www.arbin.com\/wp-content\/uploads\/2025\/06\/EOL-Video-V8.mp4?_=1\" \/><source type=\"video\/mp4\" src=\"https:\/\/www.arbin.com\/wp-content\/uploads\/2025\/06\/EOL-Video-V8.mp4?_=1\" \/><a href=\"https:\/\/www.arbin.com\/wp-content\/uploads\/2025\/06\/EOL-Video-V8.mp4\">https:\/\/www.arbin.com\/wp-content\/uploads\/2025\/06\/EOL-Video-V8.mp4<\/a><\/video><\/div>\r\n<h1>\r\n\t\tEinf\u00fchrung End-Of-Line (EOL)\r\n\t<\/h1>\r\n\t<p>Stellen Sie sicher, dass jede Batterie mit der End of Line (EOL)-Funktion, die jetzt in unsere bew\u00e4hrte MITS-Software integriert ist, den h\u00f6chsten Leistungsstandards entspricht. Die besten Batterien, noch besser gemacht.<\/p>\r\n\t<p>Inhalts\u00fcbersicht<\/p>\r\n<h2>\r\n\t\tTest-Profil\r\n\t<\/h2>\r\n\t\t\t\t\t\t\t\t<a href=\"#\" target=\"_self\" rel=\"noopener\">\r\n\t\t\t\t\t\t<\/a>\r\n\t\t<p>Das EOL-Profil (End-Of-Line-Profil) ist ein strukturierter Rahmen, der als Leitfaden f\u00fcr den Pr\u00fcfprozess in der letzten Phase der Produktherstellung dient. Dieses Profil definiert die f\u00fcr die EOL-Pr\u00fcfung erforderlichen Schritte, einschlie\u00dflich der auszuf\u00fchrenden Zeitpl\u00e4ne oder Skripte, der Kriterien, die f\u00fcr die Abnahme \u00fcberpr\u00fcft werden m\u00fcssen, und der spezifischen Mindest- und H\u00f6chstwerte zusammen mit ihren Toleranzwerten.<\/p>\r\n\t\t\t\t<img decoding=\"async\" src=\"https:\/\/dev.arbin.com\/wp-content\/uploads\/2024\/10\/ARBIN-EOL-Test-Profile.png\" alt=\"\" itemprop=\"image\" onerror=\"this.style.display='none'\"  \/>\r\n\t\t<h3>Comprehensive Customizable Criteria Checks<\/h3>\t\r\n\t\t<h3>Vollst\u00e4ndig anpassbar<\/h3><p>Definieren Sie mit logischen Ausdr\u00fccken und Gleichungen Ihre eigenen Leistungskriterien f\u00fcr Batterien. Passen Sie die Pr\u00fcfungen an die spezifischen Anforderungen Ihrer Produktionslinie an.<\/p>\r\n\t\t<h3>Pr\u00e4zision und Flexibilit\u00e4t<\/h3><p>Von grundlegenden Pr\u00fcfungen bis hin zu komplexen mehrstufigen Validierungen stellt unser System sicher, dass jede Batterie genau nach Ihren Vorgaben getestet wird.<\/p>\r\n\t\t<h3>Seamless Integration with Schedule Files<\/h3>\t\r\n\t\t<h3>Kontinuierliche Pr\u00fcfung<\/h3><p>Kombinieren Sie die EOL-Funktion mit unserer Zeitplandatei, um kontinuierliche End-of-Line-Pr\u00fcfprotokolle zu erstellen. Dies erm\u00f6glicht optimierte Abl\u00e4ufe und eine konsistente Qualit\u00e4tssicherung \u00fcber alle Produktionsstufen hinweg.<\/p>\r\n\t\t<h3>Automatisierte Pr\u00fcfung<\/h3><p>Vereinfachen Sie Ihre Arbeitsabl\u00e4ufe, indem Sie EOL-Tests automatisieren, den Bedarf an manuellen Eingriffen reduzieren und Fehler minimieren.<\/p>\r\n\t\t<h3>Real-Time Monitoring &#038; Comprehensive Reporting<\/h3>\t\r\n\t\t<h3>\u00dcberwachung w\u00e4hrend des Tests<\/h3><p>Bleiben Sie auf dem Laufenden mit unserer Echtzeit-\u00dcberwachungsseite, die Ihnen Live-Updates \u00fcber den Testprozess liefert. Erkennen Sie schnell m\u00f6gliche Probleme, sobald sie auftreten.<\/p>\r\n\t\t<h3>Detaillierte Post-Test-Berichte<\/h3><p>Nach der Pr\u00fcfung erhalten Sie einen umfassenden Bericht, in dem alle Pr\u00fcfkriterien und eventuelle Fehler aufgef\u00fchrt sind. Diese Berichte liefern unsch\u00e4tzbare Erkenntnisse zur Verbesserung Ihres Produktionsprozesses und zur Sicherung der Produktqualit\u00e4t.<\/p>\r\n<h2>\r\n\t\tErstellen eines EOL-Profils\r\n\t<\/h2>\r\n\t\t\t\t\t\t\t\t<a href=\"#\" id=\"fl-tabs--label-0\" data-index=\"0\" aria-selected=\"true\" aria-controls=\"fl-tabs--panel-0\" aria-expanded=\"true\" role=\"tab\" tabindex=\"0\">\t\t\t\tEingabe von Basisinformationen\t\t\t\t<\/a>\r\n\t\t\t\t\t\t\t\t<a href=\"#\" id=\"fl-tabs--label-1\" data-index=\"1\" aria-selected=\"false\" aria-controls=\"fl-tabs--panel-1\" aria-expanded=\"false\" role=\"tab\" tabindex=\"0\">\t\t\t\tEingang Zus\u00e4tzliche Testeing\u00e4nge\t\t\t\t<\/a>\r\n\t\t\t\t\t\t\t\t<a href=\"#\" id=\"fl-tabs--label-2\" data-index=\"2\" aria-selected=\"false\" aria-controls=\"fl-tabs--panel-2\" aria-expanded=\"false\" role=\"tab\" tabindex=\"0\">\t\t\t\tGlobale Kriterien erstellen\t\t\t\t<\/a>\r\n\t\t\t\t\t\tEingabe von Basisinformationen\r\n\t\t\t\t\t\t\t\t\t\t\t<p>Die Benutzer beginnen mit der Angabe der wesentlichen Details f\u00fcr das EOL-Profil, einschlie\u00dflich der Bezeichnung (Name), des Testobjekts und einer Beschreibung des Tests.<\/p>\r\n<p>Zus\u00e4tzlich besteht die M\u00f6glichkeit, CAN BMS w\u00e4hrend des Testprozesses zu nutzen.<\/p>\r\n<p><img decoding=\"async\" src=\"\/wp-content\/uploads\/2024\/09\/ARBIN-EOL-Input-Basic-Information-i1-2.png\" \/><\/p>\r\n\t\t\t\t\t\tEingang Zus\u00e4tzliche Testeing\u00e4nge\r\n\t\t\t\t\t\t\t\t\t\t\t<p>Benutzer k\u00f6nnen benutzerdefinierte zus\u00e4tzliche Testeingaben festlegen, die als Variablen innerhalb des Testprofils erscheinen.<\/p>\r\n<p>Diese Variablen k\u00f6nnen konfiguriert werden, indem man einen Namen angibt, einen Typ ausw\u00e4hlt (z. B. Float, String), einen Standardwert festlegt, eine Einheit zuweist und entscheidet, ob diese Variable im Bericht angezeigt werden soll. Wenn die Variable nicht mehr ben\u00f6tigt wird, k\u00f6nnen die Benutzer sie l\u00f6schen.<\/p>\r\n<p><img decoding=\"async\" src=\"\/images\/v2\/ss-end-of-line\/ARBIN-EOL-Input-Additional-Test-Inputs-i1.png\" \/><\/p>\r\n\t\t\t\t\t\tGlobale Kriterien erstellen\r\n\t\t\t\t\t\t\t\t\t\t\t<table border=\"0\">\r\n<tbody>\r\n<tr>\r\n<td width=\"45%\">Global criteria in the EOL profile allow users to define conditions and check that the EOL engine will monitor throughout the testing process.Each criterion includes a &#8220;Whens&#8221; section, where the conditions are specified, and a &#8220;Checks&#8221; section, where the criteria to be verified after conditions are met are detailed. Users can configure the system to continue or stop the current test or halt all tests if a check fails.<\/td>\r\n\r\n<td><img decoding=\"async\" src=\"\/wp-content\/uploads\/2024\/09\/ARBIN-EOL-Create-Global-Criteria-v2.png\" \/><\/td>\r\n<\/tr>\r\n<\/tbody>\r\n<\/table>\r\n<h2>\r\n\t\tAssistent f\u00fcr Bedingungsausdr\u00fccke\r\n\t<\/h2>\r\n\t\t\t\t\t\t\t\t<a href=\"#\" target=\"_self\" rel=\"noopener\">\r\n\t\t\t\t\t\t<\/a>\r\n\t\t<p>Mit dem Assistenten f\u00fcr Bedingungsausdr\u00fccke k\u00f6nnen Benutzer in einer benutzerfreundlichen Umgebung einfach Bedingungsausdr\u00fccke erstellen oder bearbeiten. Wenn Sie auf das Ausdrucksfeld klicken, \u00f6ffnet sich ein Assistent, der einen intuitiven Editor f\u00fcr die einfache Definition von Bedingungen bereitstellt.<\/p>\r\n\t\t\t\t\t\t\t\t<a href=\"#\" target=\"_self\" rel=\"noopener\">\r\n\t\t\t\t\t\t<\/a>\r\n\t\t<p>\u00dcber die Symbolleiste am oberen Rand des Editors k\u00f6nnen Sie auf eine Reihe von vordefinierten Meta-Variablen (MV_UDs), Funktionen, Hilfswerten und benutzerdefinierten zus\u00e4tzlichen Eingaben zugreifen. Der Editor verf\u00fcgt auch \u00fcber eine intelligente Suchleiste, mit der Sie die ben\u00f6tigten Elemente schnell finden k\u00f6nnen.<\/p>\r\n\t\t\t\t\t\t\t\t<a href=\"#\" target=\"_self\" rel=\"noopener\">\r\n\t\t\t\t\t\t<\/a>\r\n\t\t<p>Au\u00dferdem bietet der Editor w\u00e4hrend der Eingabe Vorschl\u00e4ge und Hinweise auf verwandte Variablen. Er erkennt sogar Fehler bei der Eingabe und macht Sie darauf aufmerksam, so dass Sie Fehler auf der Stelle korrigieren k\u00f6nnen.<\/p>\r\n\t\t\t\t<img decoding=\"async\" src=\"https:\/\/dev.arbin.com\/wp-content\/uploads\/2024\/10\/ARBIN-Condition-Expression-Wizard.png\" alt=\"Assistent f\u00fcr ARBIN-Bedingungsausdr\u00fccke\" itemprop=\"image\" height=\"866\" width=\"1800\" title=\"Assistent f\u00fcr ARBIN-Bedingungsausdr\u00fccke\" onerror=\"this.style.display='none'\"  \/>\r\n<h2>\r\n\t\t\uc0c8\r\n\t<\/h2>\r\n\t\t\t\t<img decoding=\"async\" src=\"https:\/\/dev.arbin.com\/wp-content\/uploads\/2024\/10\/ARBIN-EOL-Add-New-Conditions-i1.png\" alt=\"ARBIN-EOL Neue Bedingungen hinzuf\u00fcgen i1\" itemprop=\"image\" height=\"326\" width=\"1376\" title=\"ARBIN-EOL Neue Bedingungen hinzuf\u00fcgen i1\" onerror=\"this.style.display='none'\"  \/>\r\n\t\t\t\t\t\t\t\t<a href=\"#\" target=\"_self\" rel=\"noopener\">\r\n\t\t\t\t\t\t<\/a>\r\n\t\t<p>You can define the relationships between various conditions using &#8220;AND&#8221; and &#8220;OR&#8221; logic. By clicking the green add button under a condition, you can add a sub-condition that is automatically connected with &#8220;AND,&#8221; linking it directly to the parent condition.<\/p>\r\n\t\t\t\t<img decoding=\"async\" src=\"https:\/\/dev.arbin.com\/wp-content\/uploads\/2024\/10\/ARBIN-EOL-Add-New-Conditions-i2.png\" alt=\"ARBIN-EOL Neue Bedingungen hinzuf\u00fcgen i2\" itemprop=\"image\" height=\"184\" width=\"1600\" title=\"ARBIN-EOL Neue Bedingungen hinzuf\u00fcgen i2\" onerror=\"this.style.display='none'\"  \/>\r\n\t\t\t\t\t\t\t\t<a href=\"#\" target=\"_self\" rel=\"noopener\">\r\n\t\t\t\t\t\t<\/a>\r\n\t\t<p>On the other hand, the orange add button allows you to introduce a completely new condition, which will be connected using &#8220;OR,&#8221; enabling you to build complex and flexible logical expressions.<\/p>\r\n\t\t\t\t<img decoding=\"async\" src=\"https:\/\/dev.arbin.com\/wp-content\/uploads\/2024\/10\/ARBIN-EOL-Add-New-Conditions-i3.png\" alt=\"ARBIN-EOL Neue Bedingungen hinzuf\u00fcgen i3\" itemprop=\"image\" height=\"536\" width=\"1788\" title=\"ARBIN-EOL Neue Bedingungen hinzuf\u00fcgen i3\" onerror=\"this.style.display='none'\"  \/>\r\n<h2>\r\n\t\tW\u00e4hlen Sie den Zeitplan und erstellen Sie die Kriterien<br \/>f\u00fcr den Zeitplan\r\n\t<\/h2>\r\n\t\t\t\t\t\t\t\t<a href=\"#\" target=\"_self\" rel=\"noopener\">\r\n\t\t\t\t\t\t<\/a>\r\n\t\t<p>Schlie\u00dflich k\u00f6nnen die Benutzer einen bestimmten Zeitplan f\u00fcr den Test ausw\u00e4hlen und Kriterien erstellen, die auf diesen Zeitplan zugeschnitten sind, um den EOL-Testprozess weiter an die spezifischen Anforderungen anzupassen.<\/p>\r\n\t\t\t\t\t\t\t\t<a href=\"#\" id=\"fl-tabs--label-0\" data-index=\"0\" aria-selected=\"true\" aria-controls=\"fl-tabs--panel-0\" aria-expanded=\"true\" role=\"tab\" tabindex=\"0\">\t\t\t\tZeitplan Auswahl\t\t\t\t<\/a>\r\n\t\t\t\t\t\t\t\t<a href=\"#\" id=\"fl-tabs--label-1\" data-index=\"1\" aria-selected=\"false\" aria-controls=\"fl-tabs--panel-1\" aria-expanded=\"false\" role=\"tab\" tabindex=\"0\">\t\t\t\tZeitplan Details\t\t\t\t<\/a>\r\n\t\t\t\t\t\t\t\t<a href=\"#\" id=\"fl-tabs--label-2\" data-index=\"2\" aria-selected=\"false\" aria-controls=\"fl-tabs--panel-2\" aria-expanded=\"false\" role=\"tab\" tabindex=\"0\">\t\t\t\tMV_UDs Konfiguration\t\t\t\t<\/a>\r\n\t\t\t\t\t\t\t\t<a href=\"#\" id=\"fl-tabs--label-3\" data-index=\"3\" aria-selected=\"false\" aria-controls=\"fl-tabs--panel-3\" aria-expanded=\"false\" role=\"tab\" tabindex=\"0\">\t\t\t\tKriterien definieren\t\t\t\t<\/a>\r\n\t\t\t\t\t\tZeitplan Auswahl\r\n\t\t\t\t\t\t\t\t\t\t\t<p>Die Benutzer k\u00f6nnen eine Zeitplandatei aus dem Dropdown-Men\u00fc ausw\u00e4hlen und ihr zur leichteren Bezugnahme einen Dateialias zuweisen.<\/p>\r\n<p><img decoding=\"async\" src=\"\/images\/v2\/ss-end-of-line\/ARBIN-EOL-SSCC-Schedule-Selection-i1.png\" \/><\/p>\r\n\t\t\t\t\t\tZeitplan Details\r\n\t\t\t\t\t\t\t\t\t\t\t<p>Die detaillierten Schritte innerhalb der ausgew\u00e4hlten Zeitplandatei werden auf der rechten Seite der Benutzeroberfl\u00e4che angezeigt.<\/p>\r\n<p><img decoding=\"async\" src=\"\/wp-content\/uploads\/2024\/09\/ARBIN-SS-EOL-Schedule-Details.png\" alt=\"\" width=\"868\" height=\"452\" \/><\/p>\r\n\t\t\t\t\t\tMV_UDs Konfiguration\r\n\t\t\t\t\t\t\t\t\t\t\t<p>All MV_UDs configurations can be viewed by clicking the &#8220;MV_UDs Config&#8221; button.<\/p>\r\n<p><img decoding=\"async\" src=\"\/wp-content\/uploads\/2024\/10\/ARBIN-MV_UDs-Configuration-i1.png\" alt=\"\" width=\"1692\" height=\"1631\" \/><\/p>\r\n<p><img decoding=\"async\" src=\"\/wp-content\/uploads\/2024\/10\/ARBIN-MV_UDs-Configuration-i2.png\" alt=\"\" width=\"1692\" height=\"1631\" \/><\/p>\r\n\t\t\t\t\t\tKriterien definieren\r\n\t\t\t\t\t\t\t\t\t\t\t<p>\u00c4hnlich wie bei den globalen Kriterien k\u00f6nnen die Benutzer mit demselben intuitiven Editor wie beim globalen Editor spezifische Kriterien f\u00fcr den gew\u00e4hlten Zeitplan definieren.<\/p>\r\n<p><img decoding=\"async\" src=\"https:\/\/dev.arbin.com\/wp-content\/uploads\/2024\/09\/ARBIN-SS-EOL-Schedule-DC-2.png\" alt=\"\" width=\"1728\" height=\"238\" \/><\/p>\r\n<h2>\r\n\t\tTestkriterien-Engine\r\n\t<\/h2>\r\n\t\t\t\t\t\t\t\t<a href=\"#\" target=\"_self\" rel=\"noopener\">\r\n\t\t\t\t\t\t<\/a>\r\n\t\t<p>Unsere Criteria Engine ist das R\u00fcckgrat unseres End-of-Line (EOL) Testprozesses, der sorgf\u00e4ltig entwickelt wurde, um sicherzustellen, dass jedes Produkt den h\u00f6chsten Qualit\u00e4tsstandards entspricht. Wenn ein EOL-Testlauf eingeleitet wird, werden ein bestimmtes Profil und ein Barcode f\u00fcr das Testobjekt ausgew\u00e4hlt, und der Test wird auf einem bestimmten Kanal durchgef\u00fchrt.<\/p>\r\n\t\t\t\t\t\t\t\t<a href=\"#\" target=\"_self\" rel=\"noopener\">\r\n\t\t\t\t\t\t<\/a>\r\n\t\t<p>Der Prozess kann die Durchf\u00fchrung einer Reihe von Tests beinhalten. Diese Tests werden sowohl nach planungsspezifischen als auch nach globalen Kriterien bewertet, um eine umfassende Abdeckung zu gew\u00e4hrleisten. Jedes Kriterium wird w\u00e4hrend des Tests mehrfach bewertet, um pr\u00e4zise und genaue Ergebnisse zu gew\u00e4hrleisten.<\/p>\r\n\t\t\t\t\t\t\t\t<a href=\"#\" target=\"_self\" rel=\"noopener\">\r\n\t\t\t\t\t\t<\/a>\r\n\t\t<p>Unser Bewertungsverfahren ist so konzipiert, dass es keinen Raum f\u00fcr Fehler l\u00e4sst - wenn ein einziger Fehler entdeckt wird, wird der gesamte Test sofort markiert, so dass alle Probleme schnell erkannt und behoben werden k\u00f6nnen. Nach Abschluss der Pr\u00fcfung werden die Testergebnisse auf der Grundlage der kombinierten Ergebnisse aller Kriterien ermittelt, um sicherzustellen, dass nur Produkte, die alle erforderlichen Bedingungen erf\u00fcllen, den Test bestehen.<\/p>\r\n\t\t\t\t\t\t\t\t<a href=\"#\" target=\"_self\" rel=\"noopener\">\r\n\t\t\t\t\t\t<\/a>\r\n\t\t<p>Mit ihrer flexiblen Struktur und ihrem robusten Bewertungsrahmen spielt die Criteria Engine eine entscheidende Rolle bei der Aufrechterhaltung eines hohen Niveaus an Qualit\u00e4tskontrolle, was sie zu einem unverzichtbaren Bestandteil des EOL-Testprozesses macht.<\/p>\r\n<h2>\r\n\t\tTestbericht\r\n\t<\/h2>\r\n\t\t\t\t\t\t\t\t<a href=\"#\" target=\"_self\" rel=\"noopener\">\r\n\t\t\t\t\t\t<\/a>\r\n\t\t<p>Der EOL-Testbericht ist eine umfassende Zusammenfassung, die die Ergebnisse eines EOL-Tests (End-of-Line) zusammenfasst. Dieser Bericht bietet einen detaillierten \u00dcberblick \u00fcber den Test, einschlie\u00dflich des EOL-Testnamens, der Testlauf-ID und des Barcodes des Testobjekts. Au\u00dferdem werden die wichtigsten Zeitstempel f\u00fcr den Beginn und das Ende des Tests sowie das Gesamtergebnis des Tests erfasst, so dass vollst\u00e4ndige Transparenz und R\u00fcckverfolgbarkeit gew\u00e4hrleistet sind.<\/p>\r\n\t\t\t\t\t\t\t\t<a href=\"#\" target=\"_self\" rel=\"noopener\">\r\n\t\t\t\t\t\t<\/a>\r\n\t\t<p>Das Kernst\u00fcck des Berichts ist die Tabelle \"Testzusammenfassung\", in der jeder w\u00e4hrend des EOL-Prozesses durchgef\u00fchrte Test aufgef\u00fchrt ist. F\u00fcr jeden Test enth\u00e4lt der Bericht die Test-ID, den Testnamen, die Beschreibung, die Akzeptanzkriterien, die Messung und die Einheit. Das Endergebnis f\u00fcr jeden Test ist deutlich gekennzeichnet, so dass Probleme oder Bereiche, die Aufmerksamkeit erfordern, schnell erkannt werden k\u00f6nnen.<\/p>\r\n\t\t\t\t\t\t\t\t<a href=\"#\" target=\"_self\" rel=\"noopener\">\r\n\t\t\t\t\t\t<\/a>\r\n\t\t<p>Eine der herausragenden Eigenschaften dieses Berichts sind seine flexiblen Exportoptionen. Benutzer k\u00f6nnen den Bericht einfach an verschiedene Ziele exportieren, einschlie\u00dflich Cloud-Speicher, Remote-Server, FTP-Server und mehr, was vielseitige M\u00f6glichkeiten zur sicheren Freigabe und Speicherung der Testdaten bietet.<\/p>\r\n\t\t\t\t<img decoding=\"async\" src=\"https:\/\/dev.arbin.com\/wp-content\/uploads\/2024\/10\/ARBIN-EOL-Test-Report.png\" alt=\"ARBIN-EOL Testbericht\" itemprop=\"image\" height=\"1263\" width=\"1800\" title=\"ARBIN-EOL Testbericht\" onerror=\"this.style.display='none'\"  \/>","protected":false},"excerpt":{"rendered":"<p>Home > Software Solution > End-Of-Line (EOL) Introduction End-Of-Line (EOL) Ensure every battery perform to your highest standard with the End of Line (EOL) feature, now integrated in our trusted MITS software. The best batteries, made better. Table of Contents Test Profile The EOL (End-Of-Line) profile is a structured framework designed to guide the testing [&hellip;]<\/p>","protected":false},"author":27,"featured_media":27114,"parent":22211,"menu_order":0,"comment_status":"closed","ping_status":"closed","template":"","meta":{"_acf_changed":false,"_seopress_robots_primary_cat":"","_seopress_titles_title":"End-Of-Line (EOL) | Arbin Instruments","_seopress_titles_desc":"Ensure every battery perform to your highest standard with the End of Line (EOL) feature, now integrated in our trusted MITS software. The best batteries, made better.","_seopress_robots_index":"","inline_featured_image":false,"site-sidebar-layout":"default","site-content-layout":"","ast-site-content-layout":"default","site-content-style":"default","site-sidebar-style":"default","ast-global-header-display":"","ast-banner-title-visibility":"","ast-main-header-display":"","ast-hfb-above-header-display":"","ast-hfb-below-header-display":"","ast-hfb-mobile-header-display":"","site-post-title":"","ast-breadcrumbs-content":"","ast-featured-img":"","footer-sml-layout":"","theme-transparent-header-meta":"default","adv-header-id-meta":"","stick-header-meta":"","header-above-stick-meta":"","header-main-stick-meta":"","header-below-stick-meta":"","astra-migrate-meta-layouts":"set","ast-page-background-enabled":"default","ast-page-background-meta":{"desktop":{"background-color":"","background-image":"","background-repeat":"repeat","background-position":"center center","background-size":"auto","background-attachment":"scroll","background-type":"","background-media":"","overlay-type":"","overlay-color":"","overlay-opacity":"","overlay-gradient":""},"tablet":{"background-color":"","background-image":"","background-repeat":"repeat","background-position":"center center","background-size":"auto","background-attachment":"scroll","background-type":"","background-media":"","overlay-type":"","overlay-color":"","overlay-opacity":"","overlay-gradient":""},"mobile":{"background-color":"","background-image":"","background-repeat":"repeat","background-position":"center center","background-size":"auto","background-attachment":"scroll","background-type":"","background-media":"","overlay-type":"","overlay-color":"","overlay-opacity":"","overlay-gradient":""}},"ast-content-background-meta":{"desktop":{"background-color":"var(--ast-global-color-5)","background-image":"","background-repeat":"repeat","background-position":"center center","background-size":"auto","background-attachment":"scroll","background-type":"","background-media":"","overlay-type":"","overlay-color":"","overlay-opacity":"","overlay-gradient":""},"tablet":{"background-color":"var(--ast-global-color-5)","background-image":"","background-repeat":"repeat","background-position":"center center","background-size":"auto","background-attachment":"scroll","background-type":"","background-media":"","overlay-type":"","overlay-color":"","overlay-opacity":"","overlay-gradient":""},"mobile":{"background-color":"var(--ast-global-color-5)","background-image":"","background-repeat":"repeat","background-position":"center center","background-size":"auto","background-attachment":"scroll","background-type":"","background-media":"","overlay-type":"","overlay-color":"","overlay-opacity":"","overlay-gradient":""}},"footnotes":""},"class_list":["post-23089","page","type-page","status-publish","has-post-thumbnail","hentry"],"acf":[],"_links":{"self":[{"href":"https:\/\/www.arbin.com\/de\/wp-json\/wp\/v2\/pages\/23089","targetHints":{"allow":["GET"]}}],"collection":[{"href":"https:\/\/www.arbin.com\/de\/wp-json\/wp\/v2\/pages"}],"about":[{"href":"https:\/\/www.arbin.com\/de\/wp-json\/wp\/v2\/types\/page"}],"author":[{"embeddable":true,"href":"https:\/\/www.arbin.com\/de\/wp-json\/wp\/v2\/users\/27"}],"replies":[{"embeddable":true,"href":"https:\/\/www.arbin.com\/de\/wp-json\/wp\/v2\/comments?post=23089"}],"version-history":[{"count":5,"href":"https:\/\/www.arbin.com\/de\/wp-json\/wp\/v2\/pages\/23089\/revisions"}],"predecessor-version":[{"id":27115,"href":"https:\/\/www.arbin.com\/de\/wp-json\/wp\/v2\/pages\/23089\/revisions\/27115"}],"up":[{"embeddable":true,"href":"https:\/\/www.arbin.com\/de\/wp-json\/wp\/v2\/pages\/22211"}],"wp:featuredmedia":[{"embeddable":true,"href":"https:\/\/www.arbin.com\/de\/wp-json\/wp\/v2\/media\/27114"}],"wp:attachment":[{"href":"https:\/\/www.arbin.com\/de\/wp-json\/wp\/v2\/media?parent=23089"}],"curies":[{"name":"wp","href":"https:\/\/api.w.org\/{rel}","templated":true}]}}