{"id":23049,"date":"2024-09-06T17:17:53","date_gmt":"2024-09-06T22:17:53","guid":{"rendered":"https:\/\/dev.arbin.com\/?page_id=23049"},"modified":"2025-05-25T15:35:25","modified_gmt":"2025-05-25T20:35:25","slug":"introduction-postgresql","status":"publish","type":"page","link":"https:\/\/www.arbin.com\/de\/softwarelosung\/einfuhrung-postgresql-html","title":{"rendered":"Einf\u00fchrung PostgreSQL"},"content":{"rendered":"<a href=\"\/de\/\">Startseite<\/a> > \n<a href=\"\/de\/software-solution.html\/\"> Software-L\u00f6sung<\/a> &gt;\nErweiterte Datenspeicherl\u00f6sung\n<h1>\n\t\tIntroduction PostgreSQL\n\t<\/h1>\n\t<p>Arbin integriert PostgreSQL Server, ein leistungsstarkes RDBMS, das f\u00fcr die Verwaltung, Analyse und Sicherung von Daten entwickelt wurde. Es unterst\u00fctzt eine Vielzahl von Funktionalit\u00e4ten und wird in verschiedenen Branchen und Anwendungen eingesetzt. Seit Arbin MITS SQL Server in die Datenerfassung integriert hat, bietet er eine flexible M\u00f6glichkeit, Testdaten effektiv abzufragen und zu verwalten. <strong>PostgreSQL<\/strong> ist ein quelloffenes relationales Datenbankmanagementsystem (RDBMS), das f\u00fcr seine fortschrittlichen Funktionen, seine Zuverl\u00e4ssigkeit und die Einhaltung der SQL-Standards bekannt ist. Es wird von einer weltweiten Gemeinschaft von Mitwirkenden entwickelt und gepflegt und wird oft f\u00fcr seine Erweiterbarkeit und Unterst\u00fctzung komplexer Datentypen gelobt.<\/p>\n\t\t\t\t<img decoding=\"async\" src=\"https:\/\/dev.arbin.com\/wp-content\/uploads\/2024\/09\/ARBIN-Introduction-Postgre-SQL-i2.png\" alt=\"\" itemprop=\"image\" onerror=\"this.style.display='none'\"  \/>\n<h2>\n\t\tCore Functionalities of PostgreSQL Solution\n\t<\/h2>\n\t\t<h3>Offene Quelle<\/h3><p>PostgreSQL wird unter der PostgreSQL-Lizenz ver\u00f6ffentlicht, einer freiz\u00fcgigen Open-Source-Lizenz, d.h. es darf frei verwendet, modifiziert und weitergegeben werden.<\/p>\n\t\t<h3>Einhaltung von Normen<\/h3><p>Es h\u00e4lt sich eng an die SQL-Standards, was die Kompatibilit\u00e4t mit SQL-basierten Anwendungen und eine breite Palette von SQL-Funktionen gew\u00e4hrleistet.<\/p>\n\t\t<h3>Erweiterbarkeit<\/h3><p>Benutzer k\u00f6nnen eigene Datentypen, Operatoren und Funktionen definieren. Es unterst\u00fctzt auch Plugins und Erweiterungen, wie PostGIS f\u00fcr Geodaten und Volltextsuche.<\/p>\n\t\t<h3>Erweiterte Datentypen<\/h3><p>Unterst\u00fctzt eine Vielzahl von Datentypen, die \u00fcber einfache Ganzzahlen und Zeichenketten hinausgehen, darunter JSON, XML, Arrays, hstore (Schl\u00fcssel-Wert-Paare) und benutzerdefinierte Typen.<\/p>\n\t\t<h3>Gleichzeitigkeitskontrolle<\/h3><p>Verwendet Multi-Version Concurrency Control (MVCC), um gleichzeitige Transaktionen zu verarbeiten, ohne die Datenbank zu sperren, und gew\u00e4hrleistet so Datenintegrit\u00e4t und Leistung.<\/p>\n\t\t<h3>ACID-Konformit\u00e4t<\/h3><p>Vollst\u00e4ndige Unterst\u00fctzung der ACID-Eigenschaften (Atomicity, Consistency, Isolation, Durability), die zuverl\u00e4ssige Transaktionen und Datenintegrit\u00e4t gew\u00e4hrleisten.<\/p>\n\t\t<h3>Skalierbarkeit<\/h3><p>Gute Skalierbarkeit sowohl in vertikaler Richtung (durch Hinzuf\u00fcgen weiterer Ressourcen zu einem einzelnen Server) als auch in horizontaler Richtung (durch Verteilung der Daten auf mehrere Server mithilfe von Tools wie Citus).<\/p>\n\t\t<h3>Sicherung und Wiederherstellung<\/h3><p>Bietet robuste Sicherungs- und Wiederherstellungsoptionen, einschlie\u00dflich physischer Sicherungen, logischer Sicherungen und Point-in-Time Recovery (PITR).<\/p>\n\t\t<h3>Plattform\u00fcbergreifend<\/h3><p>L\u00e4uft auf verschiedenen Betriebssystemen, einschlie\u00dflich Windows, Linux, macOS und Unix-\u00e4hnlichen Systemen.<\/p>\n<h2>\n\t\tAdvantages  of PostgreSQL\n\t<\/h2>\n\t\t\t\t\t\t\t\t<a href=\"#\" id=\"fl-tabs--label-0\" data-index=\"0\" aria-selected=\"true\" aria-controls=\"fl-tabs--panel-0\" aria-expanded=\"true\" role=\"tab\" tabindex=\"0\">\t\t\t\tKosteng\u00fcnstig\t\t\t\t<\/a>\n\t\t\t\t\t\t\t\t<a href=\"#\" id=\"fl-tabs--label-1\" data-index=\"1\" aria-selected=\"false\" aria-controls=\"fl-tabs--panel-1\" aria-expanded=\"false\" role=\"tab\" tabindex=\"0\">\t\t\t\tHochgradig erweiterbar\t\t\t\t<\/a>\n\t\t\t\t\t\t\t\t<a href=\"#\" id=\"fl-tabs--label-2\" data-index=\"2\" aria-selected=\"false\" aria-controls=\"fl-tabs--panel-2\" aria-expanded=\"false\" role=\"tab\" tabindex=\"0\">\t\t\t\tErweiterte SQL-Funktionen\t\t\t\t<\/a>\n\t\t\t\t\t\t\t\t<a href=\"#\" id=\"fl-tabs--label-3\" data-index=\"3\" aria-selected=\"false\" aria-controls=\"fl-tabs--panel-3\" aria-expanded=\"false\" role=\"tab\" tabindex=\"0\">\t\t\t\tStarke Gleichzeitigkeitskontrolle\t\t\t\t<\/a>\n\t\t\t\t\t\t\t\t<a href=\"#\" id=\"fl-tabs--label-4\" data-index=\"4\" aria-selected=\"false\" aria-controls=\"fl-tabs--panel-4\" aria-expanded=\"false\" role=\"tab\" tabindex=\"0\">\t\t\t\tRobuste Datenintegrit\u00e4t\t\t\t\t<\/a>\n\t\t\t\t\t\t\t\t<a href=\"#\" id=\"fl-tabs--label-5\" data-index=\"5\" aria-selected=\"false\" aria-controls=\"fl-tabs--panel-5\" aria-expanded=\"false\" role=\"tab\" tabindex=\"0\">\t\t\t\tSkalierbarkeit\t\t\t\t<\/a>\n\t\t\t\t\t\t\t\t<a href=\"#\" id=\"fl-tabs--label-6\" data-index=\"6\" aria-selected=\"false\" aria-controls=\"fl-tabs--panel-6\" aria-expanded=\"false\" role=\"tab\" tabindex=\"0\">\t\t\t\tPlattform\u00fcbergreifende Kompatibilit\u00e4t\t\t\t\t<\/a>\n\t\t\t\t\t\t\t\t<a href=\"#\" id=\"fl-tabs--label-7\" data-index=\"7\" aria-selected=\"false\" aria-controls=\"fl-tabs--panel-7\" aria-expanded=\"false\" role=\"tab\" tabindex=\"0\">\t\t\t\tAktive Gemeinschaft und Unterst\u00fctzung\t\t\t\t<\/a>\n\t\t\t\t\t\t\t\t<a href=\"#\" id=\"fl-tabs--label-8\" data-index=\"8\" aria-selected=\"false\" aria-controls=\"fl-tabs--panel-8\" aria-expanded=\"false\" role=\"tab\" tabindex=\"0\">\t\t\t\tHohe Verf\u00fcgbarkeit und Disaster Recovery\t\t\t\t<\/a>\n\t\t\t\t\t\t\t\t<a href=\"#\" id=\"fl-tabs--label-9\" data-index=\"9\" aria-selected=\"false\" aria-controls=\"fl-tabs--panel-9\" aria-expanded=\"false\" role=\"tab\" tabindex=\"0\">\t\t\t\tSicherheit\t\t\t\t<\/a>\n\t\t\t\t\t\tKosteng\u00fcnstig\n\t\t\t\t\t\t\t\t\t\t\t<h3>Frei zu verwenden<\/h3>\n<p>Da PostgreSQL Open Source ist, fallen keine Lizenzgeb\u00fchren an, was es zu einer attraktiven Option f\u00fcr Unternehmen und Entwickler macht.<\/p>\n\t\t\t\t\t\tHochgradig erweiterbar\n\t\t\t\t\t\t\t\t\t\t\t\n\n<h3>Anpassbar<\/h3>\n<p>Users can create custom data types, functions, and operators, and integrate extensions to enhance the database&#8217;s capabilities.<\/p>\n\n\n<h3>Reichhaltiges \u00d6kosystem<\/h3>\n<p>Es stehen zahlreiche Erweiterungen und Plugins zur Verf\u00fcgung, wie z.B. PostGIS f\u00fcr r\u00e4umliche Daten und pgAdmin f\u00fcr die Datenbankverwaltung.<\/p>\n\n\t\t\t\t\t\tErweiterte SQL-Funktionen\n\t\t\t\t\t\t\t\t\t\t\t\n\n<h3>Umfassende SQL-Unterst\u00fctzung<\/h3>\n<p>Enth\u00e4lt erweiterte Funktionen wie Common Table Expressions (CTEs), Fensterfunktionen und Volltextsuche.<\/p>\n\n\n<h3>JSON-Unterst\u00fctzung<\/h3>\n<p>Bietet leistungsstarke JSON-Unterst\u00fctzung, einschlie\u00dflich JSONB f\u00fcr bin\u00e4re Speicherung und effiziente Abfragen.<\/p>\n\n\t\t\t\t\t\tStarke Gleichzeitigkeitskontrolle\n\t\t\t\t\t\t\t\t\t\t\t<h3><b>MVCC<\/b><\/h3>\n\n<p>Gleichzeitige Transaktionen werden effizient und ohne Sperren abgewickelt, was die Leistung und die Benutzerfreundlichkeit verbessert.<\/p>\n\t\t\t\t\t\tRobuste Datenintegrit\u00e4t\n\t\t\t\t\t\t\t\t\t\t\t<h3><b>ACID-Konformit\u00e4t<\/b><\/h3>\n\n<p>Gew\u00e4hrleistet Datenintegrit\u00e4t und -zuverl\u00e4ssigkeit durch ACID-Eigenschaften und eignet sich daher f\u00fcr transaktionale Anwendungen.<\/p>\n\t\t\t\t\t\tSkalierbarkeit\n\t\t\t\t\t\t\t\t\t\t\t\n\n<h3>Horizontale Skalierung<\/h3>\n<p>Kann mit Hilfe von Sharding-Techniken und Erweiterungen wie Citus horizontal skaliert werden.<\/p>\n\n\n<h3>Vertikale Skalierung<\/h3>\n<p>Bew\u00e4ltigung gro\u00dfer Datenmengen und hoher Arbeitslasten mit der M\u00f6glichkeit, die Ressourcen auf einem einzigen Server zu skalieren.<\/p>\n\n\t\t\t\t\t\tPlattform\u00fcbergreifende Kompatibilit\u00e4t\n\t\t\t\t\t\t\t\t\t\t\t<h3><b>Breite OS-Unterst\u00fctzung<\/b><\/h3>\n\n<p>Funktioniert auf verschiedenen Betriebssystemen und bietet Flexibilit\u00e4t bei der Bereitstellung.<\/p>\n\t\t\t\t\t\tAktive Gemeinschaft und Unterst\u00fctzung\n\t\t\t\t\t\t\t\t\t\t\t\n\n<h3>Beitr\u00e4ge der Gemeinschaft<\/h3>\n<p>Unterst\u00fctzt von einer lebendigen und aktiven Gemeinschaft, die zur Entwicklung beitr\u00e4gt und umfangreiche Dokumentation und Foren bereitstellt.<\/p>\n\n\n<h3>Kommerzielle Unterst\u00fctzung<\/h3>\n<p>Verschiedene Unternehmen bieten kommerziellen Support, Beratung und Dienstleistungen f\u00fcr PostgreSQL an.<\/p>\n\n\t\t\t\t\t\tHohe Verf\u00fcgbarkeit und Disaster Recovery\n\t\t\t\t\t\t\t\t\t\t\t\n\n<h3>Replikation<\/h3>\n<p>Unterst\u00fctzt verschiedene Replikationsmethoden, einschlie\u00dflich Streaming-Replikation und logische Replikation.<\/p>\n\n\n<h3>Failover-L\u00f6sungen<\/h3>\n<p>Bietet Tools und Konfigurationen f\u00fcr Hochverf\u00fcgbarkeit und Failover, z. B. Patroni und repmgr.<\/p>\n\n\t\t\t\t\t\tSicherheit\n\t\t\t\t\t\t\t\t\t\t\t<h3><b>Robuste Sicherheitsmerkmale<\/b><\/h3>\n\n<p>Enth\u00e4lt Authentifizierungsmethoden, Rollen und Berechtigungen sowie Optionen f\u00fcr die Datenverschl\u00fcsselung zum Schutz von Daten.<\/p>\n\t\t<h2>Streaming<br \/>Replikationen<br \/><\/h2>\t\n\t\t<p>Streaming Replication in PostgreSQL erm\u00f6glicht die Replikation von \u00c4nderungen von einem Prim\u00e4rserver auf einen oder mehrere Standby-Server nahezu in Echtzeit.<\/p>\n<p>Dieses Verfahren stellt sicher, dass die Standby-Server den Betrieb \u00fcbernehmen k\u00f6nnen, wenn der Prim\u00e4rserver ausf\u00e4llt, und minimiert so Ausfallzeiten und Datenverluste.<\/p>\n\t\t\t\t<img decoding=\"async\" src=\"https:\/\/dev.arbin.com\/wp-content\/uploads\/2024\/09\/ARBIN-Streaming-Replications.png\" alt=\"ARBIN-Streaming Replikationen\" itemprop=\"image\" height=\"576\" width=\"966\" title=\"ARBIN-Streaming Replikationen\" onerror=\"this.style.display='none'\"  \/>\n<h2>\n\t\tPostgreSQL Database offers extensive Replication strategies\n\t<\/h2>\n<h2>\n\t\tVorteile\n\t<\/h2>\n\t\t<h3>Hohe Verf\u00fcgbarkeit<\/h3><p>Bietet Redundanz, indem Standby-Server mit dem Hauptserver synchronisiert werden, wodurch Ausfallzeiten reduziert werden.<\/p>\n\t\t<h3>Wiederherstellung im Katastrophenfall<\/h3><p>Standby-Server k\u00f6nnen zur Wiederherstellung bei Ausf\u00e4llen oder Katastrophen eingesetzt werden, die den Prim\u00e4rserver betreffen.<\/p>\n\t\t<h3>Skalierbarkeit lesen<\/h3><p>Standby-Server k\u00f6nnen zur Auslagerung von Nur-Lese-Abfragen verwendet werden, was die Gesamtleistung des Systems verbessert.<\/p>\n\t\t<h2>Bereitschaft<br \/>Replikationen<br \/><\/h2>\t\n\t\t<h3>Beschreibung<\/h3><p>Die PostgreSQL Standby-Replikation bietet mehrere Vorteile, insbesondere im Zusammenhang mit Hochverf\u00fcgbarkeit, Disaster Recovery und Lastausgleich<\/p>\n\t\t\t\t<img decoding=\"async\" src=\"https:\/\/dev.arbin.com\/wp-content\/uploads\/2024\/09\/ARBIN-Standby-Replications-1.png\" alt=\"ARBIN-Standby-Replikationen\" itemprop=\"image\" height=\"579\" width=\"966\" title=\"ARBIN-Standby-Replikationen\" onerror=\"this.style.display='none'\"  \/>\n\t\t\t\t\t\t\t\t<a href=\"#\" id=\"fl-tabs--label-0\" data-index=\"0\" aria-selected=\"true\" aria-controls=\"fl-tabs--panel-0\" aria-expanded=\"true\" role=\"tab\" tabindex=\"0\">\t\t\t\tHohe Verf\u00fcgbarkeit\t\t\t\t<\/a>\n\t\t\t\t\t\t\t\t<a href=\"#\" id=\"fl-tabs--label-1\" data-index=\"1\" aria-selected=\"false\" aria-controls=\"fl-tabs--panel-1\" aria-expanded=\"false\" role=\"tab\" tabindex=\"0\">\t\t\t\tWiederherstellung im Katastrophenfall\t\t\t\t<\/a>\n\t\t\t\t\t\t\t\t<a href=\"#\" id=\"fl-tabs--label-2\" data-index=\"2\" aria-selected=\"false\" aria-controls=\"fl-tabs--panel-2\" aria-expanded=\"false\" role=\"tab\" tabindex=\"0\">\t\t\t\tLastausgleich\t\t\t\t<\/a>\n\t\t\t\t\t\t\t\t<a href=\"#\" id=\"fl-tabs--label-3\" data-index=\"3\" aria-selected=\"false\" aria-controls=\"fl-tabs--panel-3\" aria-expanded=\"false\" role=\"tab\" tabindex=\"0\">\t\t\t\tWartung und Upgrades\t\t\t\t<\/a>\n\t\t\t\t\t\t\t\t<a href=\"#\" id=\"fl-tabs--label-4\" data-index=\"4\" aria-selected=\"false\" aria-controls=\"fl-tabs--panel-4\" aria-expanded=\"false\" role=\"tab\" tabindex=\"0\">\t\t\t\tGeografische Redundanz\t\t\t\t<\/a>\n\t\t\t\t\t\t\t\t<a href=\"#\" id=\"fl-tabs--label-5\" data-index=\"5\" aria-selected=\"false\" aria-controls=\"fl-tabs--panel-5\" aria-expanded=\"false\" role=\"tab\" tabindex=\"0\">\t\t\t\tDatenkonsistenz\t\t\t\t<\/a>\n\t\t\t\t\t\tHohe Verf\u00fcgbarkeit\n\t\t\t\t\t\t\t\t\t\t\t\n\n<h3>Minimiert Ausfallzeiten<\/h3>\n<p>Standby-Server werden kontinuierlich mit den neuesten \u00c4nderungen des Prim\u00e4rservers aktualisiert. Im Falle eines Ausfalls oder einer erforderlichen Wartung des Prim\u00e4rservers kann ein Standby-Server zum Prim\u00e4rserver bef\u00f6rdert werden, wodurch die Ausfallzeit minimiert wird.<\/p>\n\n\n<h3>Automatische Ausfallsicherung<\/h3>\n<p>Bei der Integration mit Failover-Management-Tools wie Patroni oder repmgr k\u00f6nnen Standby-Server automatisch zum Prim\u00e4rserver bef\u00f6rdert werden, wenn der urspr\u00fcngliche Prim\u00e4rserver ausf\u00e4llt.<\/p>\n\n\t\t\t\t\t\tWiederherstellung im Katastrophenfall\n\t\t\t\t\t\t\t\t\t\t\t\n\n<h3>Datenschutz<\/h3>\n<p>Standby-Server fungieren als Echtzeit-Kopien der prim\u00e4ren Datenbank. Bei einem katastrophalen Ausfall des Prim\u00e4rservers kann der Standby-Server zur Wiederherstellung der Daten und zur Wiederaufnahme des Betriebs verwendet werden.<\/p>\n\n\n<h3>Point-in-Time-Wiederherstellung<\/h3>\n<p>Mit der F\u00e4higkeit, WAL-Dateien (Write-Ahead Log) wiederzugeben, k\u00f6nnen Sie Daten bis zu einem bestimmten Zeitpunkt wiederherstellen, was f\u00fcr die Wiederherstellung nach Datenbesch\u00e4digungen oder versehentlichen L\u00f6schungen von entscheidender Bedeutung ist.<\/p>\n\n\t\t\t\t\t\tLastausgleich\n\t\t\t\t\t\t\t\t\t\t\t\n\n<h3>Nur-Lese-Abfragen<\/h3>\n<p>Standby-Server k\u00f6nnen so konfiguriert werden, dass sie nur lesende Abfragen bearbeiten und so die Belastung des Prim\u00e4rservers verringern. Dies kann die Leistung von Anwendungen mit einem hohen Lese-\/Schreibverh\u00e4ltnis verbessern.<\/p>\n\n\n<h3>Skalierbarkeit lesen<\/h3>\n<p>Die Verteilung von Leseabfragen auf mehrere Standby-Server kann zur Skalierung von Lesevorg\u00e4ngen und zur Verbesserung der Anwendungsleistung beitragen.<\/p>\n\n\t\t\t\t\t\tWartung und Upgrades\n\t\t\t\t\t\t\t\t\t\t\t\n\n<h3>Rolling Upgrades<\/h3>\n<p>Standby-Server k\u00f6nnen verwendet werden, um Upgrades oder Patches zu testen, bevor sie auf den Hauptserver \u00fcbertragen werden. Dies erm\u00f6glicht rollierende Upgrades mit minimaler Ausfallzeit.<\/p>\n\n\n<h3>Wartung<\/h3>\n<p>Routine maintenance tasks, such as backups or index reorganization, can be performed on standby servers without impacting the primary server&#8217;s performance.<\/p>\n\n\t\t\t\t\t\tGeografische Redundanz\n\t\t\t\t\t\t\t\t\t\t\t\n\n<h3>Verteilte Architektur<\/h3>\n<p>Standby servers can be located in different geographic locations to provide geographic redundancy. This setup helps protect against regional disasters or network issues affecting the primary server&#8217;s location.<\/p>\n\n\n<h3>Standorte f\u00fcr Katastrophenhilfe<\/h3>\n<p>Mit Standby-Servern in getrennten Rechenzentren oder Regionen k\u00f6nnen Sie sicherstellen, dass die Datenverf\u00fcgbarkeit bei einer Katastrophe, die einen Standort betrifft, nicht beeintr\u00e4chtigt wird.<\/p>\n\n\t\t\t\t\t\tDatenkonsistenz\n\t\t\t\t\t\t\t\t\t\t\t<h3><b>Synchronisierung in Echtzeit<\/b><\/h3>\n\n<p>Die Streaming-Replikation stellt sicher, dass Standby-Server mit dem Prim\u00e4rserver auf dem neuesten Stand gehalten werden und die Datenkonsistenz auf allen Servern erhalten bleibt. Dies ist wichtig f\u00fcr Anwendungen, die konsistente Daten \u00fcber mehrere Standorte hinweg ben\u00f6tigen.<\/p>\n\t\t<p>Wir empfehlen unseren Kunden, PostgreSQL als Standard-Setup auf Arbin MITS zu verwenden und eine Replikation f\u00fcr Backup, Abfrage, Export, Plotting und Analyse einzurichten.<\/p>\n<p>Diese Konfiguration belastet die READ-Datenbank nicht so stark und setzt die Ressourcen des Master-Servers frei, um den Einf\u00fcgevorgang zu beschleunigen und das Risiko eines Datenverlusts zu vermeiden.<\/p>","protected":false},"excerpt":{"rendered":"<p>Home > Software Solution > Advanced Datastore Solution Introduction PostgreSQL Arbin integrated PostgreSQL Server, a powerful RDBMS, is designed for managing, analyzing, and securing data. It supports a wide range of functionalities and is used across various industries and applications. Since Arbin MITS adopted SQL Server into Data Acquisition, it has provided a flexible way [&hellip;]<\/p>","protected":false},"author":27,"featured_media":23041,"parent":22211,"menu_order":0,"comment_status":"closed","ping_status":"closed","template":"","meta":{"_acf_changed":false,"_seopress_robots_primary_cat":"","_seopress_titles_title":"Introduction\u00a0PostgreSQL | Arbin Instruments","_seopress_titles_desc":"Arbin integrated PostgreSQL Server, a powerful RDBMS, is designed for managing, analyzing, and securing data. It supports a wide range of functionalities and is used across various industries and applications. Since Arbin MITS adopted SQL Server into Data Acquisition, it has provided a flexible way to query and manage testing data effectively. PostgreSQL is an open-source relational database management system (RDBMS) known for its advanced features, reliability, and adherence to SQL standards. It is developed and maintained by a global community of contributors and is often praised for its extensibility and support for complex data types.","_seopress_robots_index":"","inline_featured_image":false,"site-sidebar-layout":"default","site-content-layout":"","ast-site-content-layout":"default","site-content-style":"default","site-sidebar-style":"default","ast-global-header-display":"","ast-banner-title-visibility":"","ast-main-header-display":"","ast-hfb-above-header-display":"","ast-hfb-below-header-display":"","ast-hfb-mobile-header-display":"","site-post-title":"","ast-breadcrumbs-content":"","ast-featured-img":"","footer-sml-layout":"","theme-transparent-header-meta":"","adv-header-id-meta":"","stick-header-meta":"","header-above-stick-meta":"","header-main-stick-meta":"","header-below-stick-meta":"","astra-migrate-meta-layouts":"set","ast-page-background-enabled":"default","ast-page-background-meta":{"desktop":{"background-color":"","background-image":"","background-repeat":"repeat","background-position":"center center","background-size":"auto","background-attachment":"scroll","background-type":"","background-media":"","overlay-type":"","overlay-color":"","overlay-opacity":"","overlay-gradient":""},"tablet":{"background-color":"","background-image":"","background-repeat":"repeat","background-position":"center center","background-size":"auto","background-attachment":"scroll","background-type":"","background-media":"","overlay-type":"","overlay-color":"","overlay-opacity":"","overlay-gradient":""},"mobile":{"background-color":"","background-image":"","background-repeat":"repeat","background-position":"center center","background-size":"auto","background-attachment":"scroll","background-type":"","background-media":"","overlay-type":"","overlay-color":"","overlay-opacity":"","overlay-gradient":""}},"ast-content-background-meta":{"desktop":{"background-color":"var(--ast-global-color-5)","background-image":"","background-repeat":"repeat","background-position":"center center","background-size":"auto","background-attachment":"scroll","background-type":"","background-media":"","overlay-type":"","overlay-color":"","overlay-opacity":"","overlay-gradient":""},"tablet":{"background-color":"var(--ast-global-color-5)","background-image":"","background-repeat":"repeat","background-position":"center center","background-size":"auto","background-attachment":"scroll","background-type":"","background-media":"","overlay-type":"","overlay-color":"","overlay-opacity":"","overlay-gradient":""},"mobile":{"background-color":"var(--ast-global-color-5)","background-image":"","background-repeat":"repeat","background-position":"center center","background-size":"auto","background-attachment":"scroll","background-type":"","background-media":"","overlay-type":"","overlay-color":"","overlay-opacity":"","overlay-gradient":""}},"footnotes":""},"class_list":["post-23049","page","type-page","status-publish","has-post-thumbnail","hentry"],"acf":[],"_links":{"self":[{"href":"https:\/\/www.arbin.com\/de\/wp-json\/wp\/v2\/pages\/23049","targetHints":{"allow":["GET"]}}],"collection":[{"href":"https:\/\/www.arbin.com\/de\/wp-json\/wp\/v2\/pages"}],"about":[{"href":"https:\/\/www.arbin.com\/de\/wp-json\/wp\/v2\/types\/page"}],"author":[{"embeddable":true,"href":"https:\/\/www.arbin.com\/de\/wp-json\/wp\/v2\/users\/27"}],"replies":[{"embeddable":true,"href":"https:\/\/www.arbin.com\/de\/wp-json\/wp\/v2\/comments?post=23049"}],"version-history":[{"count":1,"href":"https:\/\/www.arbin.com\/de\/wp-json\/wp\/v2\/pages\/23049\/revisions"}],"predecessor-version":[{"id":26934,"href":"https:\/\/www.arbin.com\/de\/wp-json\/wp\/v2\/pages\/23049\/revisions\/26934"}],"up":[{"embeddable":true,"href":"https:\/\/www.arbin.com\/de\/wp-json\/wp\/v2\/pages\/22211"}],"wp:featuredmedia":[{"embeddable":true,"href":"https:\/\/www.arbin.com\/de\/wp-json\/"}],"wp:attachment":[{"href":"https:\/\/www.arbin.com\/de\/wp-json\/wp\/v2\/media?parent=23049"}],"curies":[{"name":"wp","href":"https:\/\/api.w.org\/{rel}","templated":true}]}}