{"id":22717,"date":"2024-08-29T13:51:32","date_gmt":"2024-08-29T18:51:32","guid":{"rendered":"https:\/\/dev.arbin.com\/?page_id=22717"},"modified":"2026-01-29T05:23:48","modified_gmt":"2026-01-29T11:23:48","slug":"auxiliary","status":"publish","type":"page","link":"https:\/\/www.arbin.com\/de\/batterieforschung\/hilfsmittel-html","title":{"rendered":"Hilfsmittel (AUX)"},"content":{"rendered":"<h1>\n\t\t\tHilfsmittel\t<\/h1>\n\t<p>Als Erg\u00e4nzung zu unseren Hauptbatterietestsystemen bietet Arbin Instruments auch eine Reihe von Zusatzmodulen an, um weitere Testanforderungen zu erf\u00fcllen. Diese Module erweitern die Testm\u00f6glichkeiten \u00fcber die Hauptschaltkreise f\u00fcr die Lade-\/Entladesteuerung hinaus und k\u00f6nnen entweder im Hauptgeh\u00e4use oder in einem kleinen externen Geh\u00e4use untergebracht werden, so dass Sie Ihre bestehenden Systeme problemlos um zus\u00e4tzliche Optionen erweitern k\u00f6nnen.<\/p>\n<figure itemscope itemtype=\"https:\/\/schema.org\/ImageObject\">\n\t\t\t\t<img decoding=\"async\" src=\"https:\/\/www.arbin.com\/wp-content\/uploads\/2025\/04\/MZTC-3D_Aux-2.png\" alt=\"MZTC-3D_Aux 2\" height=\"1080\" width=\"1920\" title=\"MZTC-3D_Aux 2\" onerror=\"this.style.display='none'\" loading=\"lazy\" \/>\n\t<\/figure>\n<h2>\n\t\t\tMesshilfsmittel\t<\/h2>\n\t\t<figure itemscope itemtype=\"https:\/\/schema.org\/ImageObject\">\n\t\t\t\t<img decoding=\"async\" src=\"https:\/\/dev.arbin.com\/wp-content\/uploads\/2024\/09\/ARBIN-AUX-Auxiliary-Voltage-Inputs.png\" alt=\"\" onerror=\"this.style.display='none'\" loading=\"lazy\" \/>\n\t<\/figure>\n<h3>Hilfsspannungseing\u00e4nge<\/h3><p>Sekund\u00e4re Spannungsmessleitungen k\u00f6nnen zu jedem Arbin-System hinzugef\u00fcgt werden, um zus\u00e4tzliche Referenzelektroden in einem Experiment mit mehreren Elektroden bereitzustellen oder um die Zellspannungen innerhalb eines Packs zu \u00fcberwachen.<\/p>\n<ul>\n<li>8 Eing\u00e4nge pro Modul<\/li>\n<li>0,02% Genauigkeit<\/li>\n<li>Bis zu 100G Ohm Eingangsimpedanz<\/li>\n<li>(-5) bis 5V<\/li>\n<li>(-10) bis 10V<\/li>\n<li>(-25) bis 25V<\/li>\n<li>(-50) bis 50V<\/li>\n<li>(-100) bis 100V<\/li>\n<\/ul>\n\t\t<figure itemscope itemtype=\"https:\/\/schema.org\/ImageObject\">\n\t\t\t\t<img decoding=\"async\" src=\"https:\/\/dev.arbin.com\/wp-content\/uploads\/2024\/09\/ARBIN-AUX-Auxiliary-Temperature-Inputs.png\" alt=\"\" onerror=\"this.style.display='none'\" loading=\"lazy\" \/>\n\t<\/figure>\n<h3>Zus\u00e4tzliche Temperatureing\u00e4nge<\/h3><p>Die Temperatur kann als Sicherheitsgrenze und zur Steuerung des Tests verwendet werden. F\u00fcr jeden der aufgef\u00fchrten Sensortypen sind Eing\u00e4nge vorhanden.<\/p>\n<ul>\n<li>16 Eing\u00e4nge pro Modul<\/li>\n<li>0,2~1\u00b0C Genauigkeit<\/li>\n<li>Typ-T-Thermoelement<\/li>\n<li>Typ-K Thermoelement<\/li>\n<li>PT-100 Thermistor<\/li>\n<li>10k Ohm Thermistor<\/li>\n<\/ul>\n\t\t<figure itemscope itemtype=\"https:\/\/schema.org\/ImageObject\">\n\t\t\t\t<img decoding=\"async\" src=\"https:\/\/dev.arbin.com\/wp-content\/uploads\/2024\/09\/ARBIN-AUX-Auxiliary-Pressure-Inputs.png\" alt=\"\" onerror=\"this.style.display='none'\" loading=\"lazy\" \/>\n\t<\/figure>\n<h3>Hilfsdruck-Eing\u00e4nge<\/h3><p>Die Option Druckeingang kann zur Aufzeichnung von Druckmessungen mit Druckwandlern verwendet werden und funktioniert \u00e4hnlich wie die zweite Spannungsmessung.<\/p>\n<ul>\n<li>16 Kan\u00e4le<\/li>\n<li>0 ~ 100mV oder 0 ~ 10mV Drucksensor-Ausgangsspannungsbereich<\/li>\n<li>\u00b10,1% FSR Messgenauigkeit<\/li>\n<li>100G Ohm Eingangsimpedanz<\/li>\n<li>15V Ausgangsversorgung zum Sensor<\/li>\n<\/ul>\n\t\t<figure itemscope itemtype=\"https:\/\/schema.org\/ImageObject\">\n\t\t\t\t<a href=\"\/de\/losungen\/eis-integration-html\/\"  target=\"_self\" itemprop=\"url\">\n\t\t\t\t<img decoding=\"async\" src=\"https:\/\/dev.arbin.com\/wp-content\/uploads\/2024\/09\/ARBIN-AUX-Electrochemical-Impedance-Spectroscopy-EIS-Interface.png\" alt=\"\" onerror=\"this.style.display='none'\" loading=\"lazy\" \/>\n\t\t\t\t<\/a>\n\t<\/figure>\n<h3><a href=\"\/de\/losungen\/eis-integration-html\/\" target=\"_self\">Elektrochemische Impedanzspektroskopie (EIS) Schnittstelle<\/a><\/h3><p>Arbin&#8217;s EIS Integration solutions are designed to support full or half-cell battery characterization or any other electrochemical device. Arbin&#8217;s EIS board can easily integrate with your cycler for lower frequency needs. Arbin also has an integrated EIS solution that combines the multi-channel, high-precision battery test performance of Arbin with advanced EIS capability for higher frequency. These solutions share up to 64 Arbin channels (through multiplexing) with a single EIS unit to maximize the duty cycle of both instruments. No change in connection is necessary.<\/p>\n<ul>\n<li>Frequenzbereich von 10\u03bcHz bis 100kHz integriert mit Arbin Cycler<\/li>\n<li>Verf\u00fcgbar f\u00fcr Arbin LBT-, LBTS- und HPT-Systeme<\/li>\n<li>Gamry 1010E<\/li>\n<li>Gamry 5000E<\/li>\n<li>Gamry 5000P<\/li>\n<li>Gamry Ref 3000<\/li>\n<\/ul>\n\t\t\t<a href=\"\/de\/losungen\/eis-integration-html\/\"  target=\"_self\">\n\t\t\t\t\t\t\tMehr sehen\n\t\t\t\t\t<\/a>\n<figure itemscope itemtype=\"https:\/\/schema.org\/ImageObject\">\n\t\t\t\t<img decoding=\"async\" src=\"https:\/\/www.arbin.com\/wp-content\/uploads\/2026\/01\/arbin-aux-electrochemical-impedance-spectroscopy-eis-interface.png\" alt=\"arbin aux electrochemical impedance spectroscopy (eis) interface\" height=\"561\" width=\"456\" title=\"arbin aux electrochemical impedance spectroscopy (eis) interface\" onerror=\"this.style.display='none'\" loading=\"lazy\" \/>\n\t<\/figure>\n<h2>\n\t\t\tExterne Steuerhilfsmittel\t<\/h2>\n\t\t<figure itemscope itemtype=\"https:\/\/schema.org\/ImageObject\">\n\t\t\t\t<img decoding=\"async\" src=\"https:\/\/dev.arbin.com\/wp-content\/uploads\/2024\/09\/ARBIN-AUX-Multiple-Temperature-Chamber-Interface-MTCI.png\" alt=\"\" onerror=\"this.style.display='none'\" loading=\"lazy\" \/>\n\t<\/figure>\n<h3>Schnittstelle f\u00fcr mehrere Temperaturkammern (MTCI)<\/h3><p>The TCI module allows the Arbin system to communicate with an approved third-party temperature chamber. Arbin&#8217;s software can turn the chamber on\/off and adjust the temperature during the test. Note: Arbin also offers a compact Multi-Chamber below for cell-testing applications.<\/p>\n<ul>\n<li>1 Modul steuert 1 Kammer<\/li>\n<li>13&#8243; x 7&#8243; x 3&#8243; Chassis Dimensions<\/li>\n<li>Liste der kompatiblen Steuerger\u00e4te anfordern<\/li>\n<li>RS232 Konformit\u00e4tsstandard<\/li>\n<\/ul>\n<figure itemscope itemtype=\"https:\/\/schema.org\/ImageObject\">\n\t\t\t\t<img decoding=\"async\" src=\"https:\/\/www.arbin.com\/wp-content\/uploads\/2026\/01\/arbin-aux-multiple-temperature-chamber-interface-mtci.png\" alt=\"arbin aux multiple temperature chamber interface (mtci)\" height=\"648\" width=\"615\" title=\"arbin aux multiple temperature chamber interface (mtci)\" onerror=\"this.style.display='none'\" loading=\"lazy\" \/>\n\t<\/figure>\n\t\t<figure itemscope itemtype=\"https:\/\/schema.org\/ImageObject\">\n\t\t\t\t<img decoding=\"async\" src=\"https:\/\/dev.arbin.com\/wp-content\/uploads\/2024\/09\/ARBIN-AUX-CAN-Bus.png\" alt=\"\" onerror=\"this.style.display='none'\" loading=\"lazy\" \/>\n\t<\/figure>\n<h3>CAN-Bus<\/h3><p>Die CAN-Bus-Optionen erm\u00f6glichen dem Arbin-System die Kommunikation mit dem Batteriemanagementsystem in einem Akkupack. Das Arbin-System kann auch durch externe CAN-Nachrichten gesteuert werden, z. B. von einem BMS oder einer externen Modellierungssoftware.<\/p>\n<ul>\n<li>Verf\u00fcgbar pro Kanal<\/li>\n<li>CAN 2.0, CAN FD Protokoll<\/li>\n<li>13&#8243; x 7&#8243; x 3&#8243; Chassis Dimensions<\/li>\n<\/ul>\n\t\t<figure itemscope itemtype=\"https:\/\/schema.org\/ImageObject\">\n\t\t\t\t<img decoding=\"async\" src=\"https:\/\/dev.arbin.com\/wp-content\/uploads\/2024\/09\/ARBIN-AUX-AODI.png\" alt=\"\" onerror=\"this.style.display='none'\" loading=\"lazy\" \/>\n\t<\/figure>\n<h3>Analoger Ausgang und digitaler Eingang\/Ausgang (AO, DI\/O)<\/h3><p>Analoge und digitale Eingangs-\/Ausgangskan\u00e4le erm\u00f6glichen dem Arbin-System die Interaktion mit externer Hardware und Ger\u00e4ten \u00fcber ein digitales Ein\/Aus-Relaissignal oder ein analoges 0-10-V-Signal. Typische Anwendungen sind Pumpen, Durchflussmesser, Ventile usw. f\u00fcr Durchflussbatterieanwendungen.<\/p>\n<ul>\n<li>8 Analogausg\u00e4nge pro Modul<\/li>\n<li>16 digitale E\/A pro Modul<\/li>\n<li>(-10) ~ 10V Analog<\/li>\n<li>Digitales Relais<\/li>\n<\/ul>\n<h2>\n\t\t\tOptionen\t<\/h2>\n\t\t<figure itemscope itemtype=\"https:\/\/schema.org\/ImageObject\">\n\t\t\t\t<a href=\"\/de\/batterieforschung\/mehrzonen-temperaturkammer-html\/\"  target=\"_self\" itemprop=\"url\">\n\t\t\t\t<img decoding=\"async\" src=\"https:\/\/dev.arbin.com\/wp-content\/uploads\/2024\/09\/ARBIN-AUX-Arbin-Multi-Zone-Temperature-Chamber-MZTC.png\" alt=\"\" onerror=\"this.style.display='none'\" loading=\"lazy\" \/>\n\t\t\t\t<\/a>\n\t<\/figure>\n<h3><a href=\"\/de\/batterieforschung\/mehrzonen-temperaturkammer-html\/\" target=\"_self\">Arbin-Multizonen-Temperaturkammer (MZTC)<\/a><\/h3><p>Die MZTC-Mehrkammeranlage bietet 4 oder 8 v\u00f6llig unabh\u00e4ngige Minikammern mit einem Temperaturbereich von [Umgebungstemperatur - 10] bis 60 \u00b0C. Jede Minikammer kann je nach Zellentyp und Stromst\u00e4rke 1 bis 4 Zellen aufnehmen. Es sind Gestelle f\u00fcr mehrere MZTC-Einheiten erh\u00e4ltlich.<\/p>\n<p><img decoding=\"async\" title=\"ARBIN-AUX-Multi-Zone Temperature Chamber (MZTC)\" src=\"https:\/\/www.arbin.com\/wp-content\/uploads\/2026\/01\/arbin-aux-arbin-multi-zone-temperature-chamber-mztc.png\" \/><\/p>\n\t\t\t<a href=\"\/de\/batterieforschung\/mehrzonen-temperaturkammer-html\/\"  target=\"_self\">\n\t\t\t\t\t\t\tMehr sehen\n\t\t\t\t\t<\/a>\n\t\t<figure itemscope itemtype=\"https:\/\/schema.org\/ImageObject\">\n\t\t\t\t<a href=\"\/de\/batterieforschung\/battery-holders-and-battery-racks.html\/\"  target=\"_self\" itemprop=\"url\">\n\t\t\t\t<img decoding=\"async\" src=\"https:\/\/dev.arbin.com\/wp-content\/uploads\/2024\/09\/ARBIN-AUX-Battery-Holders-and-Racks.png\" alt=\"\" onerror=\"this.style.display='none'\" loading=\"lazy\" \/>\n\t\t\t\t<\/a>\n\t<\/figure>\n<h3><a href=\"\/de\/batterieforschung\/battery-holders-and-battery-racks.html\/\" target=\"_self\">Batteriehalterungen und -gestelle<\/a><\/h3><p>Batteriehalter und -gestelle, die in verschiedenen Konfigurationen erh\u00e4ltlich sind, bieten eine bequeme Aufbewahrung und einen bequemen Zugriff auf die zu pr\u00fcfenden Batterien und tragen zu einer sichereren Pr\u00fcfumgebung bei.<\/p>\n<p><img decoding=\"async\" title=\"ARBIN-AUX-Battery Holders and Racks\" src=\"https:\/\/www.arbin.com\/wp-content\/uploads\/2026\/01\/arbin-aux-battery-holders-and-racks.png\" \/><\/p>\n\t\t\t<a href=\"\/de\/batterieforschung\/battery-holders-and-battery-racks.html\/\"  target=\"_self\">\n\t\t\t\t\t\t\tMehr sehen\n\t\t\t\t\t<\/a>\n\t\t<figure itemscope itemtype=\"https:\/\/schema.org\/ImageObject\">\n\t\t\t\t<a href=\"https:\/\/www.arbin.com\/de\/batterieforschung\/mehrzonenregal-offen-html\/\"  target=\"_self\" itemprop=\"url\">\n\t\t\t\t<img decoding=\"async\" src=\"https:\/\/dev.arbin.com\/wp-content\/uploads\/2024\/09\/ARBIN-AUX-Battery-Holders-and-Racks.png\" alt=\"\" onerror=\"this.style.display='none'\" loading=\"lazy\" \/>\n\t\t\t\t<\/a>\n\t<\/figure>\n<h3><a href=\"https:\/\/www.arbin.com\/de\/batterieforschung\/mehrzonenregal-offen-html\/\" target=\"_self\">MZOR<\/a><\/h3><p>Battery holder system for batch cells, each MZOR features four compartments for holding battery trays.<\/p>\n<p><img decoding=\"async\" title=\"ARBIN-AUX-MZOR\" src=\"https:\/\/www.arbin.com\/wp-content\/uploads\/2026\/01\/arbin-aux-mzor.png\" \/><\/p>\n\t\t\t<a href=\"https:\/\/www.arbin.com\/de\/batterieforschung\/mehrzonenregal-offen-html\/\"  target=\"_self\">\n\t\t\t\t\t\t\tMehr sehen\n\t\t\t\t\t<\/a>\n\t\t<figure itemscope itemtype=\"https:\/\/schema.org\/ImageObject\">\n\t\t\t\t<img decoding=\"async\" src=\"https:\/\/dev.arbin.com\/wp-content\/uploads\/2024\/09\/ARBIN-AUX-Auto-Calibration.png\" alt=\"\" onerror=\"this.style.display='none'\" loading=\"lazy\" \/>\n\t<\/figure>\n<h3>Auto-Kalibrierung<\/h3><p>Das Auto-Kalibrierungsmodul erm\u00f6glicht es dem Arbin-System, sich automatisch zu kalibrieren.<\/p>\n<ul>\n<li>1 Modul gilt f\u00fcr alle Kan\u00e4le<\/li>\n<\/ul>\n<img decoding=\"async\" src=\"https:\/\/www.arbin.com\/wp-content\/uploads\/2026\/01\/arbin-aux-auto-calibration-s1.png\" \/><br \/>\n<img decoding=\"async\" src=\"https:\/\/www.arbin.com\/wp-content\/uploads\/2026\/01\/arbin-aux-auto-calibration-s2.png\" \/>","protected":false},"excerpt":{"rendered":"<p>Auxiliary To complement our main battery test equipment systems, Arbin Instruments also offers a full complement of auxiliary modules to address further testing requirements. These modules expand testing capability beyond the main charge\/discharge control circuitry and can be placed in either the main chassis or a small external chassis, making it easy to add auxiliary [&hellip;]<\/p>","protected":false},"author":27,"featured_media":22720,"parent":22204,"menu_order":0,"comment_status":"closed","ping_status":"closed","template":"","meta":{"_acf_changed":false,"_seopress_robots_primary_cat":"","_seopress_titles_title":"Auxiliary System | Arbin Instruments","_seopress_titles_desc":"To complement our main battery test equipment systems, Arbin Instruments also offers a full complement of auxiliary modules to address further testing requirements. These modules expand testing capability beyond the main charge\/discharge control circuitry and can be placed in either the main chassis or a small external chassis, making it easy to add auxiliary options to your existing systems.","_seopress_robots_index":"","inline_featured_image":false,"site-sidebar-layout":"default","site-content-layout":"","ast-site-content-layout":"default","site-content-style":"default","site-sidebar-style":"default","ast-global-header-display":"","ast-banner-title-visibility":"","ast-main-header-display":"","ast-hfb-above-header-display":"","ast-hfb-below-header-display":"","ast-hfb-mobile-header-display":"","site-post-title":"","ast-breadcrumbs-content":"","ast-featured-img":"","footer-sml-layout":"","theme-transparent-header-meta":"","adv-header-id-meta":"","stick-header-meta":"","header-above-stick-meta":"","header-main-stick-meta":"","header-below-stick-meta":"","astra-migrate-meta-layouts":"set","ast-page-background-enabled":"default","ast-page-background-meta":{"desktop":{"background-color":"","background-image":"","background-repeat":"repeat","background-position":"center center","background-size":"auto","background-attachment":"scroll","background-type":"","background-media":"","overlay-type":"","overlay-color":"","overlay-opacity":"","overlay-gradient":""},"tablet":{"background-color":"","background-image":"","background-repeat":"repeat","background-position":"center center","background-size":"auto","background-attachment":"scroll","background-type":"","background-media":"","overlay-type":"","overlay-color":"","overlay-opacity":"","overlay-gradient":""},"mobile":{"background-color":"","background-image":"","background-repeat":"repeat","background-position":"center center","background-size":"auto","background-attachment":"scroll","background-type":"","background-media":"","overlay-type":"","overlay-color":"","overlay-opacity":"","overlay-gradient":""}},"ast-content-background-meta":{"desktop":{"background-color":"var(--ast-global-color-5)","background-image":"","background-repeat":"repeat","background-position":"center center","background-size":"auto","background-attachment":"scroll","background-type":"","background-media":"","overlay-type":"","overlay-color":"","overlay-opacity":"","overlay-gradient":""},"tablet":{"background-color":"var(--ast-global-color-5)","background-image":"","background-repeat":"repeat","background-position":"center center","background-size":"auto","background-attachment":"scroll","background-type":"","background-media":"","overlay-type":"","overlay-color":"","overlay-opacity":"","overlay-gradient":""},"mobile":{"background-color":"var(--ast-global-color-5)","background-image":"","background-repeat":"repeat","background-position":"center center","background-size":"auto","background-attachment":"scroll","background-type":"","background-media":"","overlay-type":"","overlay-color":"","overlay-opacity":"","overlay-gradient":""}},"footnotes":""},"class_list":["post-22717","page","type-page","status-publish","has-post-thumbnail","hentry"],"acf":[],"_links":{"self":[{"href":"https:\/\/www.arbin.com\/de\/wp-json\/wp\/v2\/pages\/22717","targetHints":{"allow":["GET"]}}],"collection":[{"href":"https:\/\/www.arbin.com\/de\/wp-json\/wp\/v2\/pages"}],"about":[{"href":"https:\/\/www.arbin.com\/de\/wp-json\/wp\/v2\/types\/page"}],"author":[{"embeddable":true,"href":"https:\/\/www.arbin.com\/de\/wp-json\/wp\/v2\/users\/27"}],"replies":[{"embeddable":true,"href":"https:\/\/www.arbin.com\/de\/wp-json\/wp\/v2\/comments?post=22717"}],"version-history":[{"count":5,"href":"https:\/\/www.arbin.com\/de\/wp-json\/wp\/v2\/pages\/22717\/revisions"}],"predecessor-version":[{"id":73038,"href":"https:\/\/www.arbin.com\/de\/wp-json\/wp\/v2\/pages\/22717\/revisions\/73038"}],"up":[{"embeddable":true,"href":"https:\/\/www.arbin.com\/de\/wp-json\/wp\/v2\/pages\/22204"}],"wp:featuredmedia":[{"embeddable":true,"href":"https:\/\/www.arbin.com\/de\/wp-json\/"}],"wp:attachment":[{"href":"https:\/\/www.arbin.com\/de\/wp-json\/wp\/v2\/media?parent=22717"}],"curies":[{"name":"wp","href":"https:\/\/api.w.org\/{rel}","templated":true}]}}