{"id":22668,"date":"2024-08-27T11:37:22","date_gmt":"2024-08-27T16:37:22","guid":{"rendered":"https:\/\/dev.arbin.com\/?page_id=22668"},"modified":"2025-05-04T22:15:34","modified_gmt":"2025-05-05T03:15:34","slug":"multi-zone-temperature-chamber","status":"publish","type":"page","link":"https:\/\/www.arbin.com\/de\/batterieforschung\/mehrzonen-temperaturkammer-html","title":{"rendered":"MZTC Multi-Zone Temperaturkammer"},"content":{"rendered":"<h1>\n\t\tMulti-Zonen-Temperaturkammer\n\t<\/h1>\n\t<p>Arbin&#8217;s Multi-Zone Temperature Chamber (MZTC) is a battery test chamber with 8 independent temperature chambers in 1 for cells up to 60A. Insulation and protection between each chamber provides greater temperature control and a safe testing environment by isolating each cell or pair of cells, as well as making connections easy.<\/p>\n\t\t\t\t<img decoding=\"async\" src=\"https:\/\/arbin.com\/wp-content\/uploads\/2024\/10\/ARBIN-MZTC-Battery-Holders-and-Battery-Racks-1.png\" alt=\"ARBIN-MZTC-Batteriehalter und -Batteriest\u00e4nder\" itemprop=\"image\" title=\"ARBIN-MZTC-Batteriehalter und -Batteriest\u00e4nder\" onerror=\"this.style.display='none'\"  \/>\n\t<meta itemprop=\"url\" content=\"https:\/\/dev.arbin.com\/wp-content\/uploads\/2024\/09\/MZTC-chamber-v9-1.mp4\" \/><div style=\"width: 640px;\" class=\"wp-video\"><!--[if lt IE 9]><script>document.createElement('video');<\/script><![endif]-->\n<video class=\"wp-video-shortcode\" id=\"video-22668-1\" width=\"640\" height=\"360\" poster=\"https:\/\/dev.arbin.com\/wp-content\/uploads\/2024\/08\/ARBIN-MZTC-video-bg-play.png\" preload=\"none\" controls=\"controls\"><source type=\"video\/mp4\" src=\"https:\/\/dev.arbin.com\/wp-content\/uploads\/2024\/09\/MZTC-chamber-v9-1.mp4?_=1\" \/><source type=\"video\/mp4\" src=\"https:\/\/dev.arbin.com\/wp-content\/uploads\/2024\/09\/MZTC-chamber-v9-1.mp4?_=1\" \/><a href=\"https:\/\/dev.arbin.com\/wp-content\/uploads\/2024\/09\/MZTC-chamber-v9-1.mp4\">https:\/\/dev.arbin.com\/wp-content\/uploads\/2024\/09\/MZTC-chamber-v9-1.mp4<\/a><\/video><\/div>\n<h2>\n\t\tStabile, gleichm\u00e4\u00dfige Temperatur f\u00fcr Zellentests\n\t<\/h2>\n\t<p>Arbin&#8217;s MZTC features eight compact, independent temperature chambers that employ state-of-the-art thermal management. The small, independent chambers ensure a stable and uniform temperature for all cells without temperature fluctuation that oversized chambers suffer. Isolating cells this way provides greater independence to access and monitor the devices under test, and prevents a weak or failed cell from affecting others during testing<\/p>\n\t<h6>*Produkte verwenden U.S. <a href=\"https:\/\/eureka.patsnap.com\/patent-US20200064407A1\" target=\"_blank\" rel=\"noopener\">Patent Nr. US20200064407A1<\/a><\/h6>\n\t\t\t\t<img decoding=\"async\" src=\"https:\/\/dev.arbin.com\/wp-content\/uploads\/2024\/10\/ARBIN-MZTC-Advantages.png\" alt=\"\" itemprop=\"image\" onerror=\"this.style.display='none'\"  \/>\n\t\t\t\t\t<a href=\"#\" id=\"fl-accordion--label-0\" tabindex=\"0\" aria-controls=\"fl-accordion--panel-0\">Vorteile<\/a>\n\t\t\t\t\t\t\t\t\t\t\t<a href=\"#\" id=\"fl-accordion--icon-0\" tabindex=\"-1\"><i title=\"Collapse\">Collapse<\/i><\/a>\n\t\t\t\t\t<ul>\n<li>Modernste W\u00e4rmemanagementtechniken gew\u00e4hrleisten eine stabile und einheitliche Temperatur f\u00fcr alle Zellen<\/li>\n<li>Gr\u00f6\u00dfere Unabh\u00e4ngigkeit beim Zugang zu und bei der \u00dcberwachung von zu pr\u00fcfenden Ger\u00e4ten mit temperaturisolierten Zellen<\/li>\n<li>Verhindern, dass schwache oder ausgefallene Zellen w\u00e4hrend der Pr\u00fcfung andere beeintr\u00e4chtigen<\/li>\n<li>Mehr als 10 verschiedene Batterietabletts bieten Platz f\u00fcr eine Vielzahl von Zellentypen und erleichtern den Anschluss<\/li>\n<\/ul>\n\t\t\t\t\t<a href=\"#\" id=\"fl-accordion--label-1\" tabindex=\"0\" aria-controls=\"fl-accordion--panel-1\">Anwendungen<\/a>\n\t\t\t\t\t\t\t\t\t\t\t<a href=\"#\" id=\"fl-accordion--icon-1\" tabindex=\"-1\"><i title=\"Expand\">Expand<\/i><\/a>\n\t\t\t\t\t<ul>\n<li>Anwendung eines eindeutigen Temperatursollwerts auf jede der 8 unabh\u00e4ngigen Minikammern<\/li>\n<li>Starten und Stoppen von Tests an einer einzelnen Zelle, ohne andere Zellen in der Kammer zu beeintr\u00e4chtigen<\/li>\n<li>Control the chamber using Arbin&#8217;s <a href=\"\/de\/mits-10-software\/\">MITS-Software<\/a> oder verwenden Sie die Digitalanzeige und die Drucktastensteuerung f\u00fcr den manuellen Betrieb, wenn Sie das Ger\u00e4t als Einzelger\u00e4t verwenden<\/li>\n<li>Kombinieren Sie mit einer <a href=\"\/de\/batterietestgerate\/\">Arbin Batterie Tester<\/a> oder mit Stand-alone mit jeder Pr\u00fcfung verwenden<\/li>\n<li>Anzeige des Temperatursollwerts und der gemessenen Temperatur f\u00fcr jede Kammer auf dem gro\u00dfen LCD-Touchscreen<\/li>\n<\/ul>\n\t\t\t\t\t<a href=\"#\" id=\"fl-accordion--label-2\" tabindex=\"0\" aria-controls=\"fl-accordion--panel-2\">Sicherheit<\/a>\n\t\t\t\t\t\t\t\t\t\t\t<a href=\"#\" id=\"fl-accordion--icon-2\" tabindex=\"-1\"><i title=\"Expand\">Expand<\/i><\/a>\n\t\t\t\t\t<ul>\n<li>Jede der 8 Zonen ist mit einem \u00dcberdruckventil ausgestattet, das im Falle von Gasbildung oder thermischen Ereignissen Schutz bietet.<\/li>\n<li>Eingebauter \u00dcbertemperaturschutz integriert mit dem Arbin Cycler, um die Tests an jeder Zelle, die au\u00dferhalb der Toleranz liegt, automatisch zu beenden<\/li>\n<\/ul>\n<h2>\n\t\tFlexible Setup\n\t<\/h2>\n\t\t\t\t<img decoding=\"async\" src=\"https:\/\/dev.arbin.com\/wp-content\/uploads\/2024\/09\/ARBIN-MZTC-Standalone.png\" alt=\"ARBIN-MZTC-Standalone\" itemprop=\"image\" height=\"456\" width=\"318\" title=\"ARBIN-MZTC-Standalone\" onerror=\"this.style.display='none'\"  \/>\n<h3>Eigenst\u00e4ndig<\/h3>\t\n\t\t\t\t<img decoding=\"async\" src=\"https:\/\/dev.arbin.com\/wp-content\/uploads\/2024\/09\/ARBIN-MZTC-Stack-on-Rack.png\" alt=\"\" itemprop=\"image\" onerror=\"this.style.display='none'\"  \/>\n<h3>Rack-montierbar<\/h3>\t\n\t\t\t\t<img decoding=\"async\" src=\"https:\/\/dev.arbin.com\/wp-content\/uploads\/2024\/09\/ARBIN-MZTC-Integrate-to-Arbin-Tester.png\" alt=\"ARBIN-MZTC-Integration in Arbin Tester\" itemprop=\"image\" height=\"480\" width=\"651\" title=\"ARBIN-MZTC-Integration in Arbin Tester\" onerror=\"this.style.display='none'\"  \/>\n<h3>In den Arbin Tester integrieren<\/h3>\t\n<h2>\n\t\tCoin Cell Trays\n\t<\/h2>\n\t\t\t\t<img decoding=\"async\" src=\"https:\/\/dev.arbin.com\/wp-content\/uploads\/2024\/10\/ARBIN-MZTC-Two-Channel-Coin-Cell-Tray.png\" alt=\"\" itemprop=\"image\" onerror=\"this.style.display='none'\"  \/>\n<h3>Zwei-Kanal-M\u00fcnzzellen-Tablett<\/h3><p><strong>Anzahl der Zellen:<\/strong> 2<\/p>\n<p><strong>Maximaler Strom:<\/strong> 5A<\/p>\n<p><strong>Gr\u00f6\u00dfe der Zelle:<\/strong><\/p>\n<p>&#8211; Diameter: 10mm to 30mm<\/p>\n<p>&#8211; Height: &lt;= 7mm<\/p>\n<p>2 x PT100-Eing\u00e4nge<\/p>\n\t\t\t\t<img decoding=\"async\" src=\"https:\/\/dev.arbin.com\/wp-content\/uploads\/2024\/10\/ARBIN-MZTC-Four-Channel-Coin-Cell-Tray.png\" alt=\"\" itemprop=\"image\" onerror=\"this.style.display='none'\"  \/>\n<h3>Vier-Kanal-M\u00fcnzzellen-Tablett<\/h3><p><strong>Anzahl der Zellen:<\/strong> 4<\/p>\n<p><strong>Maximaler Strom:<\/strong> 5A<\/p>\n<p><strong>Gr\u00f6\u00dfe der Zelle:<\/strong><\/p>\n<p>&#8211; Diameter: 10mm to 30mm<\/p>\n<p>&#8211; Height: &lt;= 7mm<\/p>\n<p>1 x PT100-Eingang<\/p>\n\t\t\t\t<img decoding=\"async\" src=\"https:\/\/dev.arbin.com\/wp-content\/uploads\/2024\/10\/ARBIN-MZTC-Three-Electrode-Tray.png\" alt=\"\" itemprop=\"image\" onerror=\"this.style.display='none'\"  \/>\n<h3>Drei-Elektroden-Tablett<\/h3><p>Kompatibel mit 2-Kanal-Universaltablett<\/p>\n<p><strong>Anzahl der Zellen:<\/strong> 2<\/p>\n<p><strong>Maximaler Strom:<\/strong> 5A<\/p>\n<p><strong>Gr\u00f6\u00dfe der Zelle:<\/strong><\/p>\n<p>&#8211; Diameter: 10mm to 30mm<\/p>\n<p>&#8211; Height: &lt;= 7mm<\/p>\n<p>1 x PT100-Eingang<\/p>\n<h2>\n\t\tCylindrical Cell Trays\n\t<\/h2>\n\t\t\t\t<img decoding=\"async\" src=\"https:\/\/dev.arbin.com\/wp-content\/uploads\/2024\/10\/ARBIN-MZTC-Two-Channel-Cylindrical-Cell-Tray.png\" alt=\"\" itemprop=\"image\" onerror=\"this.style.display='none'\"  \/>\n<h3>Zylindrischer Zweikanal-K\u00fcvettentrog<\/h3><p><strong>Anzahl der Zellen:<\/strong> 2<\/p>\n<p><strong>Maximaler Strom:<\/strong> 5A<\/p>\n<p><strong>Gr\u00f6\u00dfe der Zelle:<\/strong><\/p>\n<p>&#8211; Diameter: 10mm to 30mm<\/p>\n<p>&#8211; Height: &lt;= 7mm<\/p>\n<p>2 x PT100-Eing\u00e4nge<\/p>\n\t\t\t\t<img decoding=\"async\" src=\"https:\/\/dev.arbin.com\/wp-content\/uploads\/2024\/10\/ARBIN-MZTC-30A-Cylindrical-Cell-Tray.png\" alt=\"\" itemprop=\"image\" onerror=\"this.style.display='none'\"  \/>\n<h3>30A Zylindrischer Zellentrog<\/h3><p><strong>Anzahl der Zellen:<\/strong> 1<\/p>\n<p><strong>Maximaler Strom:<\/strong> 30A<\/p>\n<p><strong>Gr\u00f6\u00dfe der Zelle:<\/strong><\/p>\n<p>&#8211; Diameter: 18mm to 50mm<\/p>\n<p>&#8211; Length: 55mm to 100mm<\/p>\n<p>1 x PT100-Eingang<\/p>\n\t\t\t\t<img decoding=\"async\" src=\"https:\/\/dev.arbin.com\/wp-content\/uploads\/2024\/10\/ARBIN-MZTC-60A-Cylindrical-Cell-Tray.png\" alt=\"\" itemprop=\"image\" onerror=\"this.style.display='none'\"  \/>\n<h3>60A Zylindrischer Zellentrog<\/h3><p><strong>Anzahl der Zellen:<\/strong> 1<\/p>\n<p><strong>Maximaler Strom:<\/strong> 60A<\/p>\n<p><strong>Gr\u00f6\u00dfe der Zelle:<\/strong><\/p>\n<p>&#8211; Diameter: 18mm to 50mm<\/p>\n<p>&#8211; Length: 55mm to 100mm<\/p>\n<p>1 x PT100-Eingang<\/p>\n<h2>\n\t\tUniversal Cell Trays &#038; Holders\n\t<\/h2>\n\t\t\t\t<img decoding=\"async\" src=\"https:\/\/dev.arbin.com\/wp-content\/uploads\/2024\/10\/ARBIN-MZTC-10A-Universal-Cell-Tray.png\" alt=\"\" itemprop=\"image\" onerror=\"this.style.display='none'\"  \/>\n<h3>10A Universal-Zellentablett<\/h3><p><strong>Anzahl der Zellen:<\/strong> 2<\/p>\n<p><strong>Maximaler Strom:<\/strong> 10A<\/p>\n<p>1 x PT100-Eingang<\/p>\n\t\t\t\t<img decoding=\"async\" src=\"https:\/\/dev.arbin.com\/wp-content\/uploads\/2024\/10\/ARBIN-MZTC-60A-Universal-Cell-Tray.png\" alt=\"\" itemprop=\"image\" onerror=\"this.style.display='none'\"  \/>\n<h3>60A Universal-Zellentablett<\/h3><p><strong>Anzahl der Zellen:<\/strong> 1<\/p>\n<p><strong>Maximaler Strom:<\/strong> 60A<\/p>\n<p>1 x PT100-Eingang<\/p>\n\t\t\t\t<img decoding=\"async\" src=\"https:\/\/dev.arbin.com\/wp-content\/uploads\/2024\/10\/ARBIN-MZTC-Pouch-Cell-Holder.png\" alt=\"ARBIN-MZTC-Tasche-Zellenhalter\" itemprop=\"image\" height=\"496\" width=\"757\" title=\"ARBIN-MZTC-Tasche-Zellenhalter\" onerror=\"this.style.display='none'\"  \/>\n<h3>Tasche Handy-Halter<\/h3>\t\n\t\t\t\t<img decoding=\"async\" src=\"https:\/\/dev.arbin.com\/wp-content\/uploads\/2024\/10\/ARBIN-MZTC-Alligator-Clip.png\" alt=\"ARBIN-MZTC-Alligatorenklemme\" itemprop=\"image\" height=\"496\" width=\"758\" title=\"ARBIN-MZTC-Alligatorenklemme\" onerror=\"this.style.display='none'\"  \/>\n<h3>Krokodilklemme<\/h3>\t\n\t\t\t\t<img decoding=\"async\" src=\"https:\/\/dev.arbin.com\/wp-content\/uploads\/2024\/10\/ARBIN-MZTC-3E-Alligator-Clip.png\" alt=\"ARBIN-MZTC-3E Krokodilklemme\" itemprop=\"image\" height=\"496\" width=\"757\" title=\"ARBIN-MZTC-3E Krokodilklemme\" onerror=\"this.style.display='none'\"  \/>\n<h3>3E Krokodilklemme<\/h3>","protected":false},"excerpt":{"rendered":"<p>Multi-Zone Temperature Chamber Arbin&#8217;s Multi-Zone Temperature Chamber (MZTC) is a battery test chamber with 8 independent temperature chambers in 1 for cells up to 60A. Insulation and protection between each chamber provides greater temperature control and a safe testing environment by isolating each cell or pair of cells, as well as making connections easy. Stable, [&hellip;]<\/p>","protected":false},"author":27,"featured_media":22671,"parent":22204,"menu_order":0,"comment_status":"closed","ping_status":"closed","template":"","meta":{"_acf_changed":false,"_seopress_robots_primary_cat":"","_seopress_titles_title":"Multi-Zone Temperature Chamber | Arbin Instruments","_seopress_titles_desc":"Arbin\u2019s Multi-Zone Temperature Chamber (MZTC) is a battery test chamber with 4 or 8 independent temperature chambers in 1 for cells up to 60A. Insulation and protection between each chamber provides greater temperature control and a safe testing environment by isolating each cell or pair of cells, as well as making connections easy.","_seopress_robots_index":"","inline_featured_image":false,"site-sidebar-layout":"default","site-content-layout":"","ast-site-content-layout":"default","site-content-style":"default","site-sidebar-style":"default","ast-global-header-display":"","ast-banner-title-visibility":"","ast-main-header-display":"","ast-hfb-above-header-display":"","ast-hfb-below-header-display":"","ast-hfb-mobile-header-display":"","site-post-title":"","ast-breadcrumbs-content":"","ast-featured-img":"","footer-sml-layout":"","theme-transparent-header-meta":"","adv-header-id-meta":"","stick-header-meta":"","header-above-stick-meta":"","header-main-stick-meta":"","header-below-stick-meta":"","astra-migrate-meta-layouts":"set","ast-page-background-enabled":"default","ast-page-background-meta":{"desktop":{"background-color":"","background-image":"","background-repeat":"repeat","background-position":"center center","background-size":"auto","background-attachment":"scroll","background-type":"","background-media":"","overlay-type":"","overlay-color":"","overlay-opacity":"","overlay-gradient":""},"tablet":{"background-color":"","background-image":"","background-repeat":"repeat","background-position":"center center","background-size":"auto","background-attachment":"scroll","background-type":"","background-media":"","overlay-type":"","overlay-color":"","overlay-opacity":"","overlay-gradient":""},"mobile":{"background-color":"","background-image":"","background-repeat":"repeat","background-position":"center center","background-size":"auto","background-attachment":"scroll","background-type":"","background-media":"","overlay-type":"","overlay-color":"","overlay-opacity":"","overlay-gradient":""}},"ast-content-background-meta":{"desktop":{"background-color":"var(--ast-global-color-5)","background-image":"","background-repeat":"repeat","background-position":"center center","background-size":"auto","background-attachment":"scroll","background-type":"","background-media":"","overlay-type":"","overlay-color":"","overlay-opacity":"","overlay-gradient":""},"tablet":{"background-color":"var(--ast-global-color-5)","background-image":"","background-repeat":"repeat","background-position":"center center","background-size":"auto","background-attachment":"scroll","background-type":"","background-media":"","overlay-type":"","overlay-color":"","overlay-opacity":"","overlay-gradient":""},"mobile":{"background-color":"var(--ast-global-color-5)","background-image":"","background-repeat":"repeat","background-position":"center center","background-size":"auto","background-attachment":"scroll","background-type":"","background-media":"","overlay-type":"","overlay-color":"","overlay-opacity":"","overlay-gradient":""}},"footnotes":""},"class_list":["post-22668","page","type-page","status-publish","has-post-thumbnail","hentry"],"acf":[],"_links":{"self":[{"href":"https:\/\/www.arbin.com\/de\/wp-json\/wp\/v2\/pages\/22668","targetHints":{"allow":["GET"]}}],"collection":[{"href":"https:\/\/www.arbin.com\/de\/wp-json\/wp\/v2\/pages"}],"about":[{"href":"https:\/\/www.arbin.com\/de\/wp-json\/wp\/v2\/types\/page"}],"author":[{"embeddable":true,"href":"https:\/\/www.arbin.com\/de\/wp-json\/wp\/v2\/users\/27"}],"replies":[{"embeddable":true,"href":"https:\/\/www.arbin.com\/de\/wp-json\/wp\/v2\/comments?post=22668"}],"version-history":[{"count":1,"href":"https:\/\/www.arbin.com\/de\/wp-json\/wp\/v2\/pages\/22668\/revisions"}],"predecessor-version":[{"id":26710,"href":"https:\/\/www.arbin.com\/de\/wp-json\/wp\/v2\/pages\/22668\/revisions\/26710"}],"up":[{"embeddable":true,"href":"https:\/\/www.arbin.com\/de\/wp-json\/wp\/v2\/pages\/22204"}],"wp:featuredmedia":[{"embeddable":true,"href":"https:\/\/www.arbin.com\/de\/wp-json\/"}],"wp:attachment":[{"href":"https:\/\/www.arbin.com\/de\/wp-json\/wp\/v2\/media?parent=22668"}],"curies":[{"name":"wp","href":"https:\/\/api.w.org\/{rel}","templated":true}]}}