{"id":22207,"date":"2024-07-05T09:40:53","date_gmt":"2024-07-05T14:40:53","guid":{"rendered":"https:\/\/dev.arbin.com\/?page_id=22207"},"modified":"2026-04-08T09:39:07","modified_gmt":"2026-04-08T14:39:07","slug":"batterieprufung","status":"publish","type":"page","link":"https:\/\/www.arbin.com\/de\/battery-testing.html","title":{"rendered":"Batteriepr\u00fcfung"},"content":{"rendered":"<h1>\n\t\t\tComplete testing solutions\u200b\t<\/h1>\n\t<p>Welcome to our all-in-one solutions featuring Arbin&#8217;s groundbreaking patents. For decades, Arbin&#8217;s equipment has defined industry standards, enabling researchers and manufacturers to confidently advance energy storage innovation.\u200b<\/p>\n<strong>ISO 9001:2015 Certified<\/strong><br \/>\nDesign and Manufacturing of Battery Test Equipment\n<p><a href=\"https:\/\/www.arbin.com\/wp-content\/uploads\/2026\/03\/iso9001.pdf\" target=\"_blank\" rel=\"noopener\"><img decoding=\"async\" src=\"https:\/\/www.arbin.com\/wp-content\/uploads\/2026\/03\/uaf.jpeg\" \/><\/a><a href=\"https:\/\/www.arbin.com\/wp-content\/uploads\/2026\/03\/iso9001.pdf\" target=\"_blank\" rel=\"noopener\"><img decoding=\"async\" src=\"https:\/\/www.arbin.com\/wp-content\/uploads\/2026\/03\/iaf4.png\" \/><\/a><\/p>\n<p>Accredited by UAF | Member of IAF MLA<\/p>\n<figure data-animation-delay=\"0\" data-animation-duration=\"1\" itemscope itemtype=\"https:\/\/schema.org\/ImageObject\">\n\t\t\t\t<img decoding=\"async\" src=\"https:\/\/arbin.com\/wp-content\/uploads\/2024\/10\/ARBIN-Complete-testing-solutions_.webp\" alt=\"ARBIN-Complete-testing-solutions_\" title=\"ARBIN-Complete-testing-solutions_\" onerror=\"this.style.display='none'\" loading=\"lazy\" \/>\n\t<\/figure>\n\t\t<meta itemprop=\"url\" content=\"https:\/\/arbin.com\/wp-content\/uploads\/2024\/10\/Modual-Pack-Testing.mp4\" \/><div style=\"width: 640px;\" class=\"wp-video\"><!--[if lt IE 9]><script>document.createElement('video');<\/script><![endif]-->\n<video class=\"wp-video-shortcode\" id=\"video-22207-1\" width=\"640\" height=\"360\" poster=\"https:\/\/dev.arbin.com\/wp-content\/uploads\/2024\/10\/ARBIN-Cell-Module-Pack-Testing.png\" preload=\"none\" controls=\"controls\"><source type=\"video\/mp4\" src=\"https:\/\/arbin.com\/wp-content\/uploads\/2024\/10\/Modual-Pack-Testing.mp4?_=1\" \/><source type=\"video\/mp4\" src=\"https:\/\/arbin.com\/wp-content\/uploads\/2024\/10\/Modual-Pack-Testing.mp4?_=1\" \/><a href=\"https:\/\/arbin.com\/wp-content\/uploads\/2024\/10\/Modual-Pack-Testing.mp4\">https:\/\/arbin.com\/wp-content\/uploads\/2024\/10\/Modual-Pack-Testing.mp4<\/a><\/video><\/div>\t\n<h2>\n\t\t<a href=\"\/de\/batterieprufung\/rbt4-module.html\/\" title=\"Cell, Module &amp; Pack Testing\"  target=\"_self\">\n\t\t\tCell, Module &#038; Pack Testing\t\t<\/a>\n\t<\/h2>\n\t<p>Cell, Module and pack battery formats are crucial for electrification in transportation and energy. Arbin Instruments&#8217; test equipment is designed for performance-based tests, to meet the needs of these complex formats.\u200b<\/p>\n\t\t\t<a href=\"\/de\/batterieprufung\/rbt4-module.html\/\"  target=\"_self\">\n\t\t\t\t\t\t\tMehr sehen\n\t\t\t\t\t<\/a>\n\t\t<figure itemscope itemtype=\"https:\/\/schema.org\/ImageObject\">\n\t\t\t\t<a href=\"\/de\/batterieprufung\/lbts-cell.html\/\"  target=\"_self\" itemprop=\"url\">\n\t\t\t\t<img decoding=\"async\" src=\"https:\/\/dev.arbin.com\/wp-content\/uploads\/2024\/09\/ARBIN-LBTS-Cell.png\" alt=\"\" onerror=\"this.style.display='none'\" loading=\"lazy\" \/>\n\t\t\t\t<\/a>\n\t<\/figure>\n<h3><a href=\"\/de\/batterieprufung\/lbts-cell.html\/\" target=\"_self\">LBTS-Zelle<\/a><\/h3><p>Full range of cell testing applications<\/p>\n<p>Arbin&#8217;s high-precision solutions<\/p>\n<p>Ranging from <strong>5V up to 10V<\/strong><\/p>\n\t\t<figure itemscope itemtype=\"https:\/\/schema.org\/ImageObject\">\n\t\t\t\t<a href=\"\/de\/batterieprufung\/rbt4-cell.html\/\"  target=\"_self\" itemprop=\"url\">\n\t\t\t\t<img decoding=\"async\" src=\"https:\/\/dev.arbin.com\/wp-content\/uploads\/2024\/09\/ARBIN-RBT4-Cell.png\" alt=\"\" onerror=\"this.style.display='none'\" loading=\"lazy\" \/>\n\t\t\t\t<\/a>\n\t<\/figure>\n<h3><a href=\"\/de\/batterieprufung\/rbt4-cell.html\/\" target=\"_self\">RBT-Zelle<\/a><\/h3><p>High current cell testing solutions<\/p>\n<p>Arbin&#8217;s regenerative technology<\/p>\n<p>Ranging from <strong>6V up to 20V<\/strong><\/p>\n\t\t<figure itemscope itemtype=\"https:\/\/schema.org\/ImageObject\">\n\t\t\t\t<a href=\"\/de\/batterieprufung\/lbts-mztc-html\/\"  target=\"_self\" itemprop=\"url\">\n\t\t\t\t<img decoding=\"async\" src=\"https:\/\/www.arbin.com\/wp-content\/uploads\/2024\/12\/LBTS21324-TC-Right-1920.png\" alt=\"LBTS21324-TC-Right-1920\" height=\"3300\" width=\"1920\" title=\"LBTS21324-TC-Right-1920\" onerror=\"this.style.display='none'\" loading=\"lazy\" \/>\n\t\t\t\t<\/a>\n\t<\/figure>\n<h3><a href=\"\/de\/batterieprufung\/lbts-mztc-html\/\" target=\"_self\">LBTS-MZTC<\/a><\/h3><p>Turn-key cell testing solution<\/p>\n<p>Integrates Multi-Zone Temp Chamber<\/p>\n<p>All cable &amp; holder included<\/p>\n\t\t<figure itemscope itemtype=\"https:\/\/schema.org\/ImageObject\">\n\t\t\t\t<a href=\"\/de\/batterieprufung\/lbts-module.html\/\"  target=\"_self\" itemprop=\"url\">\n\t\t\t\t<img decoding=\"async\" src=\"https:\/\/www.arbin.com\/wp-content\/uploads\/2024\/12\/arbin-bt-lbts-modual-left.png\" alt=\"arbin-bt-lbts-modular-links\" height=\"1080\" width=\"1080\" title=\"arbin-bt-lbts-modular-links\" onerror=\"this.style.display='none'\" loading=\"lazy\" \/>\n\t\t\t\t<\/a>\n\t<\/figure>\n<h3><a href=\"\/de\/batterieprufung\/lbts-module.html\/\" target=\"_self\">LBTS-Baustein<\/a><\/h3><p>Module and Pack testing solutions<\/p>\n<p>Full range of testing applications<\/p>\n<p>Ranging from <b>20 V up to 100 V<\/b><\/p>\n\t\t<figure itemscope itemtype=\"https:\/\/schema.org\/ImageObject\">\n\t\t\t\t<a href=\"\/de\/batterieprufung\/rbt4-module.html\/\"  target=\"_self\" itemprop=\"url\">\n\t\t\t\t<img decoding=\"async\" src=\"https:\/\/dev.arbin.com\/wp-content\/uploads\/2024\/09\/ARBIN-RBT4-ModulePack-Series.png\" alt=\"\" onerror=\"this.style.display='none'\" loading=\"lazy\" \/>\n\t\t\t\t<\/a>\n\t<\/figure>\n<h3><a href=\"\/de\/batterieprufung\/rbt4-module.html\/\" target=\"_self\">RBT-Baustein<\/a><\/h3><p>Regenerative module and pack testing ranging from <b>30 V up to 200 V<\/b><\/p>\n\t\t<figure itemscope itemtype=\"https:\/\/schema.org\/ImageObject\">\n\t\t\t\t<a href=\"\/de\/batterieprufung\/rbt3-high-power.html\/\"  target=\"_self\" itemprop=\"url\">\n\t\t\t\t<img decoding=\"async\" src=\"https:\/\/dev.arbin.com\/wp-content\/uploads\/2024\/09\/ARBIN-RBT3-High-Power.png\" alt=\"\" onerror=\"this.style.display='none'\" loading=\"lazy\" \/>\n\t\t\t\t<\/a>\n\t<\/figure>\n<h3><a href=\"\/de\/batterieprufung\/rbt3-high-power.html\/\" target=\"_self\">RBT-High Power\u200b<\/a><\/h3><p>Arbin&#8217;s highest power density testing, ranging from <b>300 V up to 1,000 V+<\/b><\/p>\n<h2>\n\t\t<a href=\"\/de\/software-solution.html\/\" title=\"Software Testing Solutions\"  target=\"_self\">\n\t\t\tSoftware Testing Solutions\t\t<\/a>\n\t<\/h2>\n\t<p>All-in-One App that consolidates all testing functions into a single platform. Users can perform software upgrades, edit schedules, monitor tests, and analyze results-all within one application.<\/p>\n\t\t\t<a href=\"\/de\/software-solution.html\/\"  target=\"_self\">\n\t\t\t\t\t\t\tMehr sehen\n\t\t\t\t\t<\/a>\n\t\t<meta itemprop=\"url\" content=\"https:\/\/arbin.com\/wp-content\/uploads\/2024\/10\/MITS-11-With-MZTC-Setup-Arbin-Instruments-1080p-h264-1.mp4\" \/><div style=\"width: 640px;\" class=\"wp-video\"><video class=\"wp-video-shortcode\" id=\"video-22207-2\" width=\"640\" height=\"360\" poster=\"https:\/\/dev.arbin.com\/wp-content\/uploads\/2024\/10\/ARBIN-BT-STS-MZTC-to-the-MITS.png\" preload=\"none\" controls=\"controls\"><source type=\"video\/mp4\" src=\"https:\/\/arbin.com\/wp-content\/uploads\/2024\/10\/MITS-11-With-MZTC-Setup-Arbin-Instruments-1080p-h264-1.mp4?_=2\" \/><source type=\"video\/mp4\" src=\"https:\/\/arbin.com\/wp-content\/uploads\/2024\/10\/MITS-11-With-MZTC-Setup-Arbin-Instruments-1080p-h264-1.mp4?_=2\" \/><a href=\"https:\/\/arbin.com\/wp-content\/uploads\/2024\/10\/MITS-11-With-MZTC-Setup-Arbin-Instruments-1080p-h264-1.mp4\">https:\/\/arbin.com\/wp-content\/uploads\/2024\/10\/MITS-11-With-MZTC-Setup-Arbin-Instruments-1080p-h264-1.mp4<\/a><\/video><\/div>\t\n<h2>\n\t\t\tSmart Software Infrastructure Solutions\t<\/h2>\n\t\t<figure itemscope itemtype=\"https:\/\/schema.org\/ImageObject\">\n\t\t\t\t<a href=\"\/de\/softwarelosung\/overview-fast-testing-control.html\/\"  target=\"_self\" itemprop=\"url\">\n\t\t\t\t<img decoding=\"async\" src=\"https:\/\/dev.arbin.com\/wp-content\/uploads\/2024\/09\/ARBIN-Fast-Testing-Control.png\" alt=\"\" onerror=\"this.style.display='none'\" loading=\"lazy\" \/>\n\t\t\t\t<\/a>\n\t<\/figure>\n<h3><a href=\"\/de\/softwarelosung\/overview-fast-testing-control.html\/\" target=\"_self\">Schnelle Pr\u00fcfkontrolle<\/a><\/h3><p>Unsere Infrastruktur erm\u00f6glicht schnelle und pr\u00e4zise Batterietests, indem sie fortschrittliche Algorithmen und Echtzeit\u00fcberwachung nutzt. Dadurch wird die Pr\u00fcfzeit drastisch verk\u00fcrzt und gleichzeitig eine hohe Genauigkeit gew\u00e4hrleistet, was die Effizienz und den Durchsatz erh\u00f6ht.<\/p>\n\t\t<figure itemscope itemtype=\"https:\/\/schema.org\/ImageObject\">\n\t\t\t\t<a href=\"\/de\/softwarelosung\/smart-data-logging-acquistion-user-guideline-html\/\"  target=\"_self\" itemprop=\"url\">\n\t\t\t\t<img decoding=\"async\" src=\"https:\/\/dev.arbin.com\/wp-content\/uploads\/2024\/09\/ARBIN-Data-Acquisition.png\" alt=\"\" onerror=\"this.style.display='none'\" loading=\"lazy\" \/>\n\t\t\t\t<\/a>\n\t<\/figure>\n<h3><a href=\"\/de\/softwarelosung\/smart-data-logging-acquistion-user-guideline-html\/\" target=\"_self\">Datenerfassung<\/a><\/h3><p>Unser System verf\u00fcgt \u00fcber robuste Datenerfassungsfunktionen und erfasst umfassende Leistungsdaten der Batterie in Echtzeit. Es l\u00e4sst sich nahtlos in verschiedene Sensoren integrieren und gew\u00e4hrleistet eine pr\u00e4zise Datenerfassung f\u00fcr detaillierte Analysen und zuverl\u00e4ssige Berichte.<\/p>\n\t\t<figure itemscope itemtype=\"https:\/\/schema.org\/ImageObject\">\n\t\t\t\t<a href=\"\/de\/softwarelosung\/data-integration-management.html\/\"  target=\"_self\" itemprop=\"url\">\n\t\t\t\t<img decoding=\"async\" src=\"https:\/\/dev.arbin.com\/wp-content\/uploads\/2024\/09\/ARBIN-Data-Treatment.png\" alt=\"\" onerror=\"this.style.display='none'\" loading=\"lazy\" \/>\n\t\t\t\t<\/a>\n\t<\/figure>\n<h3><a href=\"\/de\/softwarelosung\/data-integration-management.html\/\" target=\"_self\">Behandlung der Daten<\/a><\/h3><p>Unsere Datenverarbeitungstools bieten umfangreiche Analyse- und Visualisierungsm\u00f6glichkeiten. Die Benutzer k\u00f6nnen komplexe Daten mit intuitiven Diagrammen und Grafiken interpretieren, die eine fundierte Entscheidungsfindung erleichtern und Leistungstrends oder Anomalien in Batterietests aufdecken.<\/p>\n\t\t<figure itemscope itemtype=\"https:\/\/schema.org\/ImageObject\">\n\t\t\t\t<a href=\"\/de\/softwarelosung\/arbin-zentralisierte-testinfrastruktur-html\/\"  target=\"_self\" itemprop=\"url\">\n\t\t\t\t<img decoding=\"async\" src=\"https:\/\/dev.arbin.com\/wp-content\/uploads\/2024\/09\/ARBIN-Centralized-Infrastructure-1.png\" alt=\"\" onerror=\"this.style.display='none'\" loading=\"lazy\" \/>\n\t\t\t\t<\/a>\n\t<\/figure>\n<h3><a href=\"\/de\/softwarelosung\/arbin-zentralisierte-testinfrastruktur-html\/\" target=\"_self\">Zentralisierte Infrastruktur<\/a><\/h3><p>Einheitliche Plattform f\u00fcr synchronisierte Verwaltung, Datenspeicherung und Steuerung mehrerer Batterieteststationen.<\/p>\n\t\t<figure itemscope itemtype=\"https:\/\/schema.org\/ImageObject\">\n\t\t\t\t<a href=\"\/de\/softwarelosung\/arbin-distributed-testing-infrastructure.html\/\"  target=\"_self\" itemprop=\"url\">\n\t\t\t\t<img decoding=\"async\" src=\"https:\/\/dev.arbin.com\/wp-content\/uploads\/2024\/09\/ARBIN-Distributed-Infrastructure-1.png\" alt=\"\" onerror=\"this.style.display='none'\" loading=\"lazy\" \/>\n\t\t\t\t<\/a>\n\t<\/figure>\n<h3><a href=\"\/de\/softwarelosung\/arbin-distributed-testing-infrastructure.html\/\" target=\"_self\">Verteilte Infrastruktur<\/a><\/h3><p>Verteilte Testinfrastruktur f\u00fcr skalierbare und flexible Batterietests.<\/p>\n\t\t<figure itemscope itemtype=\"https:\/\/schema.org\/ImageObject\">\n\t\t\t\t<a href=\"\/de\/softwarelosung\/arbin-standalone-testing-station.html\/\"  target=\"_self\" itemprop=\"url\">\n\t\t\t\t<img decoding=\"async\" src=\"https:\/\/dev.arbin.com\/wp-content\/uploads\/2024\/09\/ARBIN-Standalone-Station-1.png\" alt=\"\" onerror=\"this.style.display='none'\" loading=\"lazy\" \/>\n\t\t\t\t<\/a>\n\t<\/figure>\n<h3><a href=\"\/de\/softwarelosung\/arbin-standalone-testing-station.html\/\" target=\"_self\">Eigenst\u00e4ndige Station<\/a><\/h3><p>Unabh\u00e4ngige Einrichtung f\u00fcr lokalisierte Batterietests mit integrierter Datenverwaltung und Analysefunktionen.<\/p>\n\t\t<meta itemprop=\"url\" content=\"https:\/\/arbin.com\/wp-content\/uploads\/2024\/10\/Arbin-Centralized-Setup-Arbin-Instruments-1080p-h264-1.mp4\" \/><div style=\"width: 640px;\" class=\"wp-video\"><video class=\"wp-video-shortcode\" id=\"video-22207-3\" width=\"640\" height=\"360\" poster=\"https:\/\/dev.arbin.com\/wp-content\/uploads\/2024\/10\/Arbin-Centralized-Database.png\" preload=\"none\" controls=\"controls\"><source type=\"video\/mp4\" src=\"https:\/\/arbin.com\/wp-content\/uploads\/2024\/10\/Arbin-Centralized-Setup-Arbin-Instruments-1080p-h264-1.mp4?_=3\" \/><source type=\"video\/mp4\" src=\"https:\/\/arbin.com\/wp-content\/uploads\/2024\/10\/Arbin-Centralized-Setup-Arbin-Instruments-1080p-h264-1.mp4?_=3\" \/><a href=\"https:\/\/arbin.com\/wp-content\/uploads\/2024\/10\/Arbin-Centralized-Setup-Arbin-Instruments-1080p-h264-1.mp4\">https:\/\/arbin.com\/wp-content\/uploads\/2024\/10\/Arbin-Centralized-Setup-Arbin-Instruments-1080p-h264-1.mp4<\/a><\/video><\/div>\t\n<h2>\n\t\t<a href=\"\/de\/softwarelosung\/arbin-zentralisierte-testinfrastruktur-html\/\" title=\"Centralized Database Infrastructure\"  target=\"_self\">\n\t\t\tCentralized Database Infrastructure\t\t<\/a>\n\t<\/h2>\n\t<p>MITS software receives raw data from the devices and conducts the essential processes of data cleaning, format conversion, and analysis to send to a centralized database infrastructure.\u00a0<\/p>\n\t\t\t<a href=\"\/de\/softwarelosung\/arbin-zentralisierte-testinfrastruktur-html\/\"  target=\"_self\">\n\t\t\t\t\t\t\tMehr sehen\n\t\t\t\t\t<\/a>\n<h2>\n\t\t\tZubeh\u00f6r\t<\/h2>\n\t\t<figure itemscope itemtype=\"https:\/\/schema.org\/ImageObject\">\n\t\t\t\t<a href=\"\/de\/batterieforschung\/mehrzonen-temperaturkammer-html\/\"  target=\"_self\" itemprop=\"url\">\n\t\t\t\t<img decoding=\"async\" src=\"https:\/\/www.arbin.com\/wp-content\/uploads\/2022\/06\/ELECTRIC-VEHICLE-BATTERY-TESTING_Arbin-MZTC-Multi-Chamber.png\" alt=\"ELEKTROFAHRZEUG-BATTERIEPR\u00dcFUNG Arbin MZTC Mehrkammer\" height=\"500\" width=\"349\" title=\"ELEKTROFAHRZEUG-BATTERIEPR\u00dcFUNG Arbin MZTC Mehrkammer\" onerror=\"this.style.display='none'\" loading=\"lazy\" \/>\n\t\t\t\t<\/a>\n\t<\/figure>\n<h3><a href=\"\/de\/batterieforschung\/mehrzonen-temperaturkammer-html\/\" target=\"_self\">MZTC Multi-Kammer<\/a><\/h3><p>Arbin&#8217;s MZTC provides up to 8 fully independent mini temperature chamber for cell testing.<\/p>\n\t\t<figure itemscope itemtype=\"https:\/\/schema.org\/ImageObject\">\n\t\t\t\t<a href=\"\/de\/batterieforschung\/hilfsmittel-html\/\"  target=\"_self\" itemprop=\"url\">\n\t\t\t\t<img decoding=\"async\" src=\"https:\/\/dev.arbin.com\/wp-content\/uploads\/2024\/09\/3D-Aux-Gamry.png\" alt=\"\" onerror=\"this.style.display='none'\" loading=\"lazy\" \/>\n\t\t\t\t<\/a>\n\t<\/figure>\n<h3><a href=\"\/de\/batterieforschung\/hilfsmittel-html\/\" target=\"_self\">Zus\u00e4tzliches System<\/a><\/h3><p>Arbin bietet eine ganze Reihe von Zusatzmodulen an, um weitere Pr\u00fcfanforderungen zu erf\u00fcllen.<\/p>\n\t\t<figure itemscope itemtype=\"https:\/\/schema.org\/ImageObject\">\n\t\t\t\t<a href=\"\/de\/batterieforschung\/battery-holders-and-battery-racks.html\/\"  target=\"_self\" itemprop=\"url\">\n\t\t\t\t<img decoding=\"async\" src=\"https:\/\/dev.arbin.com\/wp-content\/uploads\/2024\/09\/MZIR-Rack.png\" alt=\"\" onerror=\"this.style.display='none'\" loading=\"lazy\" \/>\n\t\t\t\t<\/a>\n\t<\/figure>\n<h3><a href=\"\/de\/batterieforschung\/battery-holders-and-battery-racks.html\/\" target=\"_self\">Battery Holders\u00a0and Racks<\/a><\/h3><p>F\u00fcr eine organisierte Testumgebung sind verschiedene Gestelle und Batteriehalter f\u00fcr alle Zellentypen erh\u00e4ltlich.<\/p>\n\t\t<figure itemscope itemtype=\"https:\/\/schema.org\/ImageObject\">\n\t\t\t\t<a href=\"\/de\/batterieforschung\/mehrzonenregal-offen-html\/\"  target=\"_self\" itemprop=\"url\">\n\t\t\t\t<img decoding=\"async\" src=\"https:\/\/www.arbin.com\/wp-content\/uploads\/2024\/12\/ARBIN-Multi-Zone-Open-Rack.png\" alt=\"ARBIN-Multi-Zone Open Rack\" height=\"706\" width=\"952\" title=\"ARBIN-Multi-Zone Open Rack\" onerror=\"this.style.display='none'\" loading=\"lazy\" \/>\n\t\t\t\t<\/a>\n\t<\/figure>\n<h3><a href=\"\/de\/batterieforschung\/mehrzonenregal-offen-html\/\" target=\"_self\">Multi-Zone Open Rack<\/a><\/h3><p>Das Batteriehaltersystem mit offenem Gestell verf\u00fcgt \u00fcber vier F\u00e4cher zur Aufnahme von Batterietabletts.<\/p>","protected":false},"excerpt":{"rendered":"<p>Complete testing solutions\u200b Welcome to our all-in-one solutions featuring Arbin&#8217;s groundbreaking patents. For decades, Arbin&#8217;s equipment has defined industry standards, enabling researchers and manufacturers to confidently advance energy storage innovation.\u200b ISO 9001:2015 Certified Design and Manufacturing of Battery Test Equipment Accredited by UAF | Member of IAF MLA Cell, Module &#038; Pack Testing Cell, Module [&hellip;]<\/p>","protected":false},"author":27,"featured_media":21547,"parent":0,"menu_order":0,"comment_status":"closed","ping_status":"closed","template":"","meta":{"_acf_changed":false,"_seopress_robots_primary_cat":"","_seopress_titles_title":"Battery Testing | Arbin Instruments","_seopress_titles_desc":"Welcome to our all-in-one solutions featuring Arbin's groundbreaking patents. For decades, Arbin's equipment has defined industry standards, enabling researchers and manufacturers to confidently advance energy storage innovation.\u200b","_seopress_robots_index":"","inline_featured_image":false,"site-sidebar-layout":"no-sidebar","site-content-layout":"page-builder","ast-site-content-layout":"full-width-container","site-content-style":"unboxed","site-sidebar-style":"unboxed","ast-global-header-display":"","ast-banner-title-visibility":"","ast-main-header-display":"","ast-hfb-above-header-display":"","ast-hfb-below-header-display":"","ast-hfb-mobile-header-display":"","site-post-title":"","ast-breadcrumbs-content":"","ast-featured-img":"","footer-sml-layout":"","theme-transparent-header-meta":"","adv-header-id-meta":"","stick-header-meta":"","header-above-stick-meta":"","header-main-stick-meta":"","header-below-stick-meta":"","astra-migrate-meta-layouts":"set","ast-page-background-enabled":"default","ast-page-background-meta":{"desktop":{"background-color":"","background-image":"","background-repeat":"repeat","background-position":"center center","background-size":"auto","background-attachment":"scroll","background-type":"","background-media":"","overlay-type":"","overlay-color":"","overlay-opacity":"","overlay-gradient":""},"tablet":{"background-color":"","background-image":"","background-repeat":"repeat","background-position":"center center","background-size":"auto","background-attachment":"scroll","background-type":"","background-media":"","overlay-type":"","overlay-color":"","overlay-opacity":"","overlay-gradient":""},"mobile":{"background-color":"","background-image":"","background-repeat":"repeat","background-position":"center center","background-size":"auto","background-attachment":"scroll","background-type":"","background-media":"","overlay-type":"","overlay-color":"","overlay-opacity":"","overlay-gradient":""}},"ast-content-background-meta":{"desktop":{"background-color":"var(--ast-global-color-5)","background-image":"","background-repeat":"repeat","background-position":"center center","background-size":"auto","background-attachment":"scroll","background-type":"","background-media":"","overlay-type":"","overlay-color":"","overlay-opacity":"","overlay-gradient":""},"tablet":{"background-color":"var(--ast-global-color-5)","background-image":"","background-repeat":"repeat","background-position":"center center","background-size":"auto","background-attachment":"scroll","background-type":"","background-media":"","overlay-type":"","overlay-color":"","overlay-opacity":"","overlay-gradient":""},"mobile":{"background-color":"var(--ast-global-color-5)","background-image":"","background-repeat":"repeat","background-position":"center center","background-size":"auto","background-attachment":"scroll","background-type":"","background-media":"","overlay-type":"","overlay-color":"","overlay-opacity":"","overlay-gradient":""}},"footnotes":""},"class_list":["post-22207","page","type-page","status-publish","has-post-thumbnail","hentry"],"acf":[],"_links":{"self":[{"href":"https:\/\/www.arbin.com\/de\/wp-json\/wp\/v2\/pages\/22207","targetHints":{"allow":["GET"]}}],"collection":[{"href":"https:\/\/www.arbin.com\/de\/wp-json\/wp\/v2\/pages"}],"about":[{"href":"https:\/\/www.arbin.com\/de\/wp-json\/wp\/v2\/types\/page"}],"author":[{"embeddable":true,"href":"https:\/\/www.arbin.com\/de\/wp-json\/wp\/v2\/users\/27"}],"replies":[{"embeddable":true,"href":"https:\/\/www.arbin.com\/de\/wp-json\/wp\/v2\/comments?post=22207"}],"version-history":[{"count":6,"href":"https:\/\/www.arbin.com\/de\/wp-json\/wp\/v2\/pages\/22207\/revisions"}],"predecessor-version":[{"id":93761,"href":"https:\/\/www.arbin.com\/de\/wp-json\/wp\/v2\/pages\/22207\/revisions\/93761"}],"wp:featuredmedia":[{"embeddable":true,"href":"https:\/\/www.arbin.com\/de\/wp-json\/wp\/v2\/media\/21547"}],"wp:attachment":[{"href":"https:\/\/www.arbin.com\/de\/wp-json\/wp\/v2\/media?parent=22207"}],"curies":[{"name":"wp","href":"https:\/\/api.w.org\/{rel}","templated":true}]}}