{"id":189,"date":"2022-04-05T16:42:17","date_gmt":"2022-04-05T21:42:17","guid":{"rendered":"https:\/\/arbin.com\/?page_id=189"},"modified":"2023-07-20T15:49:44","modified_gmt":"2023-07-20T20:49:44","slug":"careers","status":"publish","type":"page","link":"https:\/\/www.arbin.com\/de\/uber-uns\/karriere-html","title":{"rendered":"Karriere bei Arbin"},"content":{"rendered":"<nav  aria-label=\"breadcrumb\"><ol class=\"breadcrumb\" itemscope itemtype=\"https:\/\/schema.org\/BreadcrumbList\"><li class=\"breadcrumb-item active\" aria-current=\"page\" itemprop=\"itemListElement\" itemscope itemtype=\"https:\/\/schema.org\/ListItem\"><span itemprop=\"name\">Startseite<\/span><meta itemprop=\"position\" content=\"1\"><\/li><\/ol><\/nav>\n<h1>\n\t\tMits Pro Software\n\t<\/h1>\n\t<p>Arbin ist ein weltweit f\u00fchrender Hersteller von Pr\u00fcfger\u00e4ten f\u00fcr Batterien und andere Energiespeicheranwendungen. Wir investieren fast die H\u00e4lfte unseres Gewinns in Forschung und Entwicklung, um sicherzustellen, dass wir den Branchentrends (und unseren Wettbewerbern) immer einen Schritt voraus sind. Als Unternehmen in Privatbesitz f\u00f6rdert Arbin eine familien- und teamorientierte Kultur mit regelm\u00e4\u00dfigen unternehmensweiten Veranstaltungen und einer freundlichen Atmosph\u00e4re.<\/p>\n\t\t\t\t<img decoding=\"async\" src=\"https:\/\/arbin.com\/wp-content\/uploads\/2022\/05\/CAREERS_Arbin-team-members-meeting-1024x678.jpg\" alt=\"Treffen der Arbin-Teammitglieder\" itemprop=\"image\" height=\"678\" width=\"1024\" title=\"CAREERS_Arbin-team-members-meeting\" onerror=\"this.style.display='none'\"  \/>\n<h2>\n\t\tArbeiten bei Arbin\n\t<\/h2>\n\t<p>Arbin offers a great balance of work and leisure whether you enjoy the great outdoors, or the great indoors. During lunch, employees frequent several walking trails around Arbin&#8217;s property when the weather is nice or make internal laps around our 65k sq. Ft. facility. If fishing is more your style, a covered deck offers relaxation in the well-stocked pond.\u00a0 Another common occurrence during lunch and after work is to hear the familiar patter of ping pong balls and joyful exclamation on one of three table tennis courts.<\/p>\n<h2>\n\t\tWie Sie unserem Team helfen k\u00f6nnen\n\t<\/h2>\n\t<p>Arbin ist ein florierendes Unternehmen in der florierenden Energiespeicherbranche. Wir sind immer auf der Suche nach hochqualifizierten Mitarbeitern in den unten aufgef\u00fchrten Abteilungen. Bitte senden Sie uns Ihren Lebenslauf, wenn Sie an einer Mitarbeit in unserem Team interessiert sind.<\/p>\n\t<p><b>Forschung und Entwicklung:<\/b>\u00a0<\/p>\n<p>From custom projects to improving existing designs, Research and Development has been one of Arbin&#8217;s primary strengths since the beginning. Arbin needs qualified Electrical and Mechanical Engineers for circuit and hardware design for our entire range of products.\u00a0<\/p>\n<p><b>Software:<\/b>\u00a0<\/p>\n<p>Arbin hat im Laufe der Jahre mehrere Software-Schnittstellen f\u00fcr unsere Pr\u00fcfsysteme entwickelt und ben\u00f6tigt qualifizierte Software-Ingenieure f\u00fcr die Entwicklung und Wartung bestehender und neuer Produkte sowie f\u00fcr die Entwicklung interner Datenbank-Tools f\u00fcr Vertrieb und Support.<\/p>\n\t<p><b>Kundenbetreuung:<\/b>\u00a0<\/p>\n<p>Arbin ist stolz auf seinen erstklassigen Kundensupport. Arbin ben\u00f6tigt qualifizierte Ingenieure f\u00fcr die Fehlersuche und die Verbesserung bestehender Entw\u00fcrfe in Software und Hardware.\u00a0<\/p>\n<p><b>Verk\u00e4ufe:<\/b>\u00a0<\/p>\n<p>Arbin bietet mehrere Standard-Produktlinien an, aber die kundenspezifische Anpassung ist eine unserer gr\u00f6\u00dften St\u00e4rken. Deshalb stellt Arbin Ingenieure und andere technisch orientierte Mitarbeiter ein, die unsere Produkte effektiv kommunizieren und den Kunden L\u00f6sungen anbieten k\u00f6nnen, die ihre speziellen Anforderungen an Batterietests erf\u00fcllen.\u00a0<\/p>\nBitte senden Sie Ihren Lebenslauf an <a href=\"mailto:hr@arbin.com\">hr@arbin.com<\/a><br \/>\noder \u00fcbermitteln Sie Ihren Lebenslauf online \u00fcber das unten verlinkte Formular.\n\t\t\t<a href=\"https:\/\/www.arbin.com\/de\/submit-your-resume-to-arbin\/\" target=\"_blank\" rel=\"noopener\">\n\t\t\t\t\t\t\tLebenslauf online einreichen\n\t\t\t\t\t<\/a>","protected":false},"excerpt":{"rendered":"<p>Mits Pro Software Arbin is a global leader in manufacturing test equipment for batteries and other energy storage device applications. We invest nearly half our profits back into research &amp; development to ensure we stay ahead of industry trends (and our competitors). As a privately-owned company, Arbin promotes a family\/team-oriented culture with regular company-wide events [&hellip;]<\/p>","protected":false},"author":1,"featured_media":0,"parent":17,"menu_order":0,"comment_status":"closed","ping_status":"closed","template":"","meta":{"_acf_changed":false,"_seopress_robots_primary_cat":"","_seopress_titles_title":"Careers | Arbin Instruments","_seopress_titles_desc":"Join us at Arbin! We are always looking for great candidates who can help our team across all departments including engineering and sales &amp; support.","_seopress_robots_index":"","inline_featured_image":false,"site-sidebar-layout":"default","site-content-layout":"","ast-site-content-layout":"","site-content-style":"default","site-sidebar-style":"default","ast-global-header-display":"","ast-banner-title-visibility":"","ast-main-header-display":"","ast-hfb-above-header-display":"","ast-hfb-below-header-display":"","ast-hfb-mobile-header-display":"","site-post-title":"disabled","ast-breadcrumbs-content":"","ast-featured-img":"","footer-sml-layout":null,"theme-transparent-header-meta":"","adv-header-id-meta":null,"stick-header-meta":"","header-above-stick-meta":null,"header-main-stick-meta":"","header-below-stick-meta":null,"astra-migrate-meta-layouts":"default","ast-page-background-enabled":"default","ast-page-background-meta":{"desktop":{"background-color":"","background-image":"","background-repeat":"repeat","background-position":"center center","background-size":"auto","background-attachment":"scroll","background-type":"","background-media":"","overlay-type":"","overlay-color":"","overlay-opacity":"","overlay-gradient":""},"tablet":{"background-color":"","background-image":"","background-repeat":"repeat","background-position":"center center","background-size":"auto","background-attachment":"scroll","background-type":"","background-media":"","overlay-type":"","overlay-color":"","overlay-opacity":"","overlay-gradient":""},"mobile":{"background-color":"","background-image":"","background-repeat":"repeat","background-position":"center center","background-size":"auto","background-attachment":"scroll","background-type":"","background-media":"","overlay-type":"","overlay-color":"","overlay-opacity":"","overlay-gradient":""}},"ast-content-background-meta":{"desktop":{"background-color":"var(--ast-global-color-5)","background-image":"","background-repeat":"repeat","background-position":"center center","background-size":"auto","background-attachment":"scroll","background-type":"","background-media":"","overlay-type":"","overlay-color":"","overlay-opacity":"","overlay-gradient":""},"tablet":{"background-color":"var(--ast-global-color-5)","background-image":"","background-repeat":"repeat","background-position":"center center","background-size":"auto","background-attachment":"scroll","background-type":"","background-media":"","overlay-type":"","overlay-color":"","overlay-opacity":"","overlay-gradient":""},"mobile":{"background-color":"var(--ast-global-color-5)","background-image":"","background-repeat":"repeat","background-position":"center center","background-size":"auto","background-attachment":"scroll","background-type":"","background-media":"","overlay-type":"","overlay-color":"","overlay-opacity":"","overlay-gradient":""}},"footnotes":""},"class_list":["post-189","page","type-page","status-publish","hentry"],"acf":[],"_links":{"self":[{"href":"https:\/\/www.arbin.com\/de\/wp-json\/wp\/v2\/pages\/189","targetHints":{"allow":["GET"]}}],"collection":[{"href":"https:\/\/www.arbin.com\/de\/wp-json\/wp\/v2\/pages"}],"about":[{"href":"https:\/\/www.arbin.com\/de\/wp-json\/wp\/v2\/types\/page"}],"author":[{"embeddable":true,"href":"https:\/\/www.arbin.com\/de\/wp-json\/wp\/v2\/users\/1"}],"replies":[{"embeddable":true,"href":"https:\/\/www.arbin.com\/de\/wp-json\/wp\/v2\/comments?post=189"}],"version-history":[{"count":0,"href":"https:\/\/www.arbin.com\/de\/wp-json\/wp\/v2\/pages\/189\/revisions"}],"up":[{"embeddable":true,"href":"https:\/\/www.arbin.com\/de\/wp-json\/wp\/v2\/pages\/17"}],"wp:attachment":[{"href":"https:\/\/www.arbin.com\/de\/wp-json\/wp\/v2\/media?parent=189"}],"curies":[{"name":"wp","href":"https:\/\/api.w.org\/{rel}","templated":true}]}}