{"id":1778,"date":"2022-05-27T16:07:28","date_gmt":"2022-05-27T21:07:28","guid":{"rendered":"https:\/\/arbin.com\/?page_id=1778"},"modified":"2025-12-26T06:18:53","modified_gmt":"2025-12-26T12:18:53","slug":"zusatzmodule","status":"publish","type":"page","link":"https:\/\/www.arbin.com\/de\/auxiliary-modules.html","title":{"rendered":"Zusatzmodule"},"content":{"rendered":"<nav  aria-label=\"breadcrumb\"><ol class=\"breadcrumb\" itemscope itemtype=\"https:\/\/schema.org\/BreadcrumbList\"><li class=\"breadcrumb-item active\" aria-current=\"page\" itemprop=\"itemListElement\" itemscope itemtype=\"https:\/\/schema.org\/ListItem\"><span itemprop=\"name\">Startseite<\/span><meta itemprop=\"position\" content=\"1\"><\/li><\/ol><\/nav>\n<h1>\n\t\tMits Pro Software\n\t<\/h1>\n\t<p>Als Erg\u00e4nzung zu unseren Hauptbatterietestsystemen bietet Arbin Instruments auch eine Reihe von Zusatzmodulen an, um weitere Testanforderungen zu erf\u00fcllen. Diese Module erweitern die Testm\u00f6glichkeiten \u00fcber die Hauptschaltkreise f\u00fcr die Lade-\/Entladesteuerung hinaus und k\u00f6nnen entweder im Hauptgeh\u00e4use oder in einem kleinen externen Geh\u00e4use untergebracht werden, so dass Sie Ihre bestehenden Systeme problemlos um zus\u00e4tzliche Optionen erweitern k\u00f6nnen.<\/p>\n\t\t\t\t<img decoding=\"async\" src=\"https:\/\/arbin.com\/wp-content\/uploads\/2022\/06\/AUXILIARIES_MZTC-MSTAT-with-EIS-Aux-1024x881.png\" alt=\"AUXILIARIES_MZTC-MSTAT-with-EIS-Aux\" itemprop=\"image\" height=\"881\" width=\"1024\" title=\"AUXILIARIES_MZTC-MSTAT-with-EIS-Aux\" onerror=\"this.style.display='none'\"  \/>\n<h2>\n\t\tMesshilfsmittel\n\t<\/h2>\n\t<a href=\"https:\/\/www.arbin.com\/de\/zusatzmodule\/#measurement-auxiliaries\">Messung<br \/>\nHilfskr\u00e4fte<\/a>\n<p><a href=\"https:\/\/www.arbin.com\/de\/zusatzmodule\/#external-control-auxiliaries\">Externe Steuerhilfsmittel<\/a><\/p>\n<p><a href=\"https:\/\/www.arbin.com\/de\/zusatzmodule\/#options\">Optionen<\/a><\/p>\n\t\t\t\t<img decoding=\"async\" src=\"https:\/\/arbin.com\/wp-content\/uploads\/2022\/05\/Auxiliary_auxiliary-voltage-icon.webp\" alt=\"Auxiliary_auxiliary-voltage-icon\" itemprop=\"image\" height=\"246\" width=\"236\" title=\"Auxiliary_auxiliary-voltage-icon\" onerror=\"this.style.display='none'\"  \/>\n<h3>Hilfsspannungseing\u00e4nge<\/h3><p>Sekund\u00e4re Spannungsmessleitungen k\u00f6nnen zu jedem Arbin-System hinzugef\u00fcgt werden, um zus\u00e4tzliche Referenzelektroden in einem Experiment mit mehreren Elektroden bereitzustellen oder um die Zellspannungen innerhalb eines Packs zu \u00fcberwachen.<\/p>\n<ul>\n<li>8 Eing\u00e4nge pro Modul<\/li>\n<li>0,02% Genauigkeit<\/li>\n<li>Bis zu 100G Ohm Eingangsimpedanz<\/li>\n<li>(-5) bis 5V<\/li>\n<li>(-10) bis 10V<\/li>\n<li>(-25) bis 25V<\/li>\n<li>(-50) bis 50V<\/li>\n<li>(-100) bis 100V<\/li>\n<\/ul>\n\t\t\t\t<img decoding=\"async\" src=\"https:\/\/arbin.com\/wp-content\/uploads\/2022\/05\/Auxiliary_auxiliary-temperature-icon.webp\" alt=\"Auxiliary_auxiliary-temperature-icon\" itemprop=\"image\" height=\"246\" width=\"236\" title=\"Auxiliary_auxiliary-temperature-icon\" onerror=\"this.style.display='none'\"  \/>\n<h3>Zus\u00e4tzliche Temperatureing\u00e4nge<\/h3><p>Die Temperatur kann als Sicherheitsgrenze und zur Steuerung des Tests verwendet werden. F\u00fcr jeden der aufgef\u00fchrten Sensortypen sind Eing\u00e4nge vorhanden.<\/p>\n<ul>\n<li>16 Eing\u00e4nge pro Modul<\/li>\n<li>0,2~1\u00b0C Genauigkeit<\/li>\n<li>Typ-T-Thermoelement<\/li>\n<li>Typ-K Thermoelement<\/li>\n<li>PT-100 Thermistor<\/li>\n<li>10k Ohm Thermistor<\/li>\n<\/ul>\n\t\t\t\t<a href=\"https:\/\/www.arbin.com\/de\/losungen\/eis-integration\/\" target=\"_self\" itemprop=\"url\" rel=\"noopener\">\n\t\t\t\t<img decoding=\"async\" src=\"https:\/\/arbin.com\/wp-content\/uploads\/2022\/05\/Auxiliary_EIS-icon.webp\" alt=\"Auxiliary_EIS-icon\" itemprop=\"image\" height=\"246\" width=\"236\" title=\"Auxiliary_EIS-icon\" onerror=\"this.style.display='none'\"  \/>\n\t\t\t\t<\/a>\n<h3><a href=\"https:\/\/www.arbin.com\/de\/losungen\/eis-integration\/\" target=\"_self\" rel=\"noopener\">Elektrochemische Impedanzspektroskopie (EIS) Schnittstelle<\/a><\/h3><p>Arbin&#8217;s EIS Integration solutions are designed to support full or half-cell battery characterization or any other electrochemical device. Arbin&#8217;s EIS board can easily integrate with your cycler for lower frequency needs. Arbin also has an integrated EIS solution that combines the multi-channel, high-precision battery test performance of Arbin with advanced EIS capability for higher frequency. These solutions share up to 64 Arbin channels (through multiplexing) with a single EIS unit to maximize the duty cycle of both instruments. No change in connection is necessary.<\/p>\n<ul>\n<li aria-level=\"1\">Frequenzbereich von 10\u03bcHz bis 100kHz integriert mit Arbin Cycler<\/li>\n<li aria-level=\"1\">Verf\u00fcgbar f\u00fcr Arbin LBT-, LBTS- und HPT-Systeme<\/li>\n<li aria-level=\"1\">Gamry 1010E<\/li>\n<li aria-level=\"1\">Gamry 5000E<\/li>\n<li aria-level=\"1\">Gamry 5000P<\/li>\n<li aria-level=\"1\">Gamry Ref 3000<\/li>\n<\/ul>\n\t\t\t<a href=\"https:\/\/www.arbin.com\/de\/losungen\/eis-integration\/\" target=\"_self\" rel=\"noopener\">\n\t\t\t\t\t\t\tMehr erfahren\n\t\t\t\t\t<\/a>\n\t\t\t\t<img decoding=\"async\" src=\"https:\/\/arbin.com\/wp-content\/uploads\/2022\/09\/Auxiliaries_auxiliary-pressure.png\" alt=\"Auxiliary Pressure Icon\" itemprop=\"image\" height=\"246\" width=\"236\" title=\"Auxiliaries_auxiliary-pressure\" onerror=\"this.style.display='none'\"  \/>\n<h3>Hilfsdruck-Eing\u00e4nge<\/h3><p>Die Option Druckeingang kann zur Aufzeichnung von Druckmessungen mit Druckwandlern verwendet werden und funktioniert \u00e4hnlich wie die zweite Spannungsmessung.<\/p>\n<ul>\n<li aria-level=\"1\">16 Kan\u00e4le<\/li>\n<li aria-level=\"1\">0 ~ 100mV oder 0 ~ 10mV Drucksensor-Ausgangsspannungsbereich<\/li>\n<li aria-level=\"1\">\u00b10,1% FSR Messgenauigkeit<\/li>\n<li aria-level=\"1\">100G Ohm Eingangsimpedanz<\/li>\n<li aria-level=\"1\">15V Ausgangsversorgung zum Sensor<\/li>\n<\/ul>\n<h2>\n\t\tExterne Steuerhilfsmittel\n\t<\/h2>\n\t<a href=\"https:\/\/www.arbin.com\/de\/zusatzmodule\/#measurement-auxiliaries\">Messung<br \/>\nHilfskr\u00e4fte<\/a>\n<p><a href=\"https:\/\/www.arbin.com\/de\/zusatzmodule\/#external-control-auxiliaries\">Externe Steuerhilfsmittel<\/a><\/p>\n<p><a href=\"https:\/\/www.arbin.com\/de\/zusatzmodule\/#options\">Optionen<\/a><\/p>\n\t\t\t\t<img decoding=\"async\" src=\"https:\/\/arbin.com\/wp-content\/uploads\/2024\/07\/A-O_D-IO.png\" alt=\"Analog Output, Digital Input\/Output\" itemprop=\"image\" height=\"246\" width=\"249\" title=\"A-O_D-IO\" onerror=\"this.style.display='none'\"  \/>\n<h3>Analoger Ausgang und digitaler Eingang\/Ausgang (AO, DI\/O)<\/h3><p>Analoge und digitale Eingangs-\/Ausgangskan\u00e4le erm\u00f6glichen dem Arbin-System die Interaktion mit externer Hardware und Ger\u00e4ten \u00fcber ein digitales Ein\/Aus-Relaissignal oder ein analoges 0-10-V-Signal. Typische Anwendungen sind Pumpen, Durchflussmesser, Ventile usw. f\u00fcr Durchflussbatterieanwendungen.<\/p>\n<ul>\n<li><a href=\"https:\/\/www.arbin.com\/de\/product-catalog\/?post_types=auxiliaries&amp;_sft_auxiliaries_cat=aiao\" rel=\"\"nofollow\"\">8 Analogausg\u00e4nge pro Modul<\/a><\/li>\n<li><a href=\"https:\/\/www.arbin.com\/de\/product-catalog\/?post_types=auxiliaries&amp;_sft_auxiliaries_cat=dido\" rel=\"\"nofollow\"\">16 digitale E\/A pro Modul<\/a><\/li>\n<li>(-10) ~ 10V Analog<\/li>\n<li>Digitales Relais<\/li>\n<\/ul>\n\t\t\t\t\t\t\t\t\t<img decoding=\"async\" src=\"\" alt=\"\" itemprop=\"image\" onerror=\"this.style.display='none'\"  \/>\n\t\t\t\t<img decoding=\"async\" src=\"https:\/\/arbin.com\/wp-content\/uploads\/2022\/05\/Auxiliary_MTCI-chamber-interface-icon.webp\" alt=\"Auxiliary_MTCI-chamber-interface-icon\" itemprop=\"image\" height=\"246\" width=\"236\" title=\"Auxiliary_MTCI-chamber-interface-icon\" onerror=\"this.style.display='none'\"  \/>\n<h3>Schnittstelle f\u00fcr mehrere Temperaturkammern (MTCI)<\/h3><p>The TCI module allows the Arbin system to communicate with an approved third-party temperature chamber. Arbin&#8217;s software can turn the chamber on\/off and adjust the temperature during the test. Note: Arbin also offers a compact Multi-Chamber below for cell-testing applications.<\/p>\n<ul>\n<li>1 Modul steuert 1 Kammer<\/li>\n<li>13&#8243; x 7&#8243; x 3&#8243; Chassis Dimensions<\/li>\n<li>Liste der kompatiblen Steuerger\u00e4te anfordern<\/li>\n<li>RS232 Konformit\u00e4tsstandard<\/li>\n<\/ul>\n\t\t\t\t\t\t\t\t\t<img decoding=\"async\" src=\"https:\/\/arbin.com\/wp-content\/uploads\/2022\/06\/Arbin-RBT-with-chamber.webp\" alt=\"Arbin-RBT-with-chamber\" itemprop=\"image\" height=\"276\" width=\"300\" srcset=\"https:\/\/arbin.com\/wp-content\/uploads\/2022\/06\/Arbin-RBT-with-chamber.webp 300w, https:\/\/arbin.com\/wp-content\/uploads\/2022\/06\/Arbin-RBT-with-chamber-13x12.webp 13w\" sizes=\"(max-width: 300px) 100vw, 300px\" title=\"Arbin-RBT-with-chamber\" onerror=\"this.style.display='none'\"  \/>\n\t\t\t\t<img decoding=\"async\" src=\"https:\/\/arbin.com\/wp-content\/uploads\/2022\/05\/Auxiliary_comm-protocols-CAN-bus-SM-bus-icon.png\" alt=\"Auxiliary_comm-protocols-CAN-bus-SM-bus-icon\" itemprop=\"image\" height=\"246\" width=\"236\" title=\"Auxiliary_comm-protocols-CAN-bus-SM-bus-icon\" onerror=\"this.style.display='none'\"  \/>\n<h3>CAN-Bus<\/h3><p>Die CAN-Bus-Optionen erm\u00f6glichen dem Arbin-System die Kommunikation mit dem Batteriemanagementsystem in einem Akkupack. Das Arbin-System kann auch durch externe CAN-Nachrichten gesteuert werden, z. B. von einem BMS oder einer externen Modellierungssoftware.<\/p>\n<ul>\n<li>Verf\u00fcgbar pro Kanal<\/li>\n<li>CAN 2.0, CAN FD Protokoll<\/li>\n<li>13&#8243; x 7&#8243; x 3&#8243; Chassis Dimensions<\/li>\n<\/ul>\n\t\t\t\t<img decoding=\"async\" src=\"https:\/\/arbin.com\/wp-content\/uploads\/2022\/09\/CANBus-MTCI-icon.png\" alt=\"CANBus-MTCI-icon\" itemprop=\"image\" height=\"246\" width=\"236\" title=\"CANBus-MTCI-icon\" onerror=\"this.style.display='none'\"  \/>\n<h3>CAN Bus-MTCI<\/h3>The Temperature Chamber Interface (MTCI) allows the Arbin system to communicate with an approved third-party temperature\/environment chamber. Arbin&#8217;s software can turn the chamber on\/off and adjust the temperature during the test. Temperature setpoints from the chamber controller are automatically logged in the data and independent temperature measurements are available using thermocouple or thermistor inputs.<br \/>\nThe CAN Bus option allows the Arbin system to communicate with the battery management system inside a battery pack. The Arbin system can also be controlled by external CAN messages such as from a BMS or external modeling software.\n<ul>\n<li>Verf\u00fcgbar pro Kanal<\/li>\n<li>CAN 2.0, CAN FD Protokoll<\/li>\n<li>Single Channel (1 Module Controls 1 Chamber)<\/li>\n<li>RS232 Konformit\u00e4tsstandard<\/li>\n<li>13&#8243; x 7&#8243; x 3&#8243; Chassis Dimensions<\/li>\n<li>List of Compatible Controllers Available By Request<\/li>\n<\/ul>\n\t\t\t\t\t\t\t\t\t<img decoding=\"async\" src=\"https:\/\/arbin.com\/wp-content\/uploads\/2022\/06\/CAN-500x375.jpg\" alt=\"CAN\" itemprop=\"image\" height=\"375\" width=\"500\" srcset=\"https:\/\/arbin.com\/wp-content\/uploads\/2022\/06\/CAN-500x375.jpg 500w, https:\/\/arbin.com\/wp-content\/uploads\/2022\/06\/CAN-768x576.jpg 768w, https:\/\/arbin.com\/wp-content\/uploads\/2022\/06\/CAN-1024x768.jpg 1024w, https:\/\/arbin.com\/wp-content\/uploads\/2022\/06\/CAN-1536x1152.jpg 1536w, https:\/\/arbin.com\/wp-content\/uploads\/2022\/06\/CAN-2048x1536.jpg 2048w, https:\/\/arbin.com\/wp-content\/uploads\/2022\/06\/CAN-16x12.jpg 16w, https:\/\/arbin.com\/wp-content\/uploads\/2022\/06\/CAN-600x450.jpg 600w\" sizes=\"(max-width: 500px) 100vw, 500px\" title=\"CAN\" onerror=\"this.style.display='none'\"  \/>\n\t\t\t\t\t\t\t\t\t<img decoding=\"async\" src=\"https:\/\/arbin.com\/wp-content\/uploads\/images\/AUX-CAN-BUS_1CH_MTCI_1CH_RA_001C.png\" alt=\"CANBus MTCI-Modul\" itemprop=\"image\" height=\"697\" width=\"1753\" srcset=\"https:\/\/arbin.com\/wp-content\/uploads\/images\/AUX-CAN-BUS_1CH_MTCI_1CH_RA_001C.png 1753w, https:\/\/arbin.com\/wp-content\/uploads\/images\/AUX-CAN-BUS_1CH_MTCI_1CH_RA_001C-500x199.png 500w, https:\/\/arbin.com\/wp-content\/uploads\/images\/AUX-CAN-BUS_1CH_MTCI_1CH_RA_001C-768x305.png 768w, https:\/\/arbin.com\/wp-content\/uploads\/images\/AUX-CAN-BUS_1CH_MTCI_1CH_RA_001C-1024x407.png 1024w, https:\/\/arbin.com\/wp-content\/uploads\/images\/AUX-CAN-BUS_1CH_MTCI_1CH_RA_001C-1536x611.png 1536w, https:\/\/arbin.com\/wp-content\/uploads\/images\/AUX-CAN-BUS_1CH_MTCI_1CH_RA_001C-18x7.png 18w, https:\/\/arbin.com\/wp-content\/uploads\/images\/AUX-CAN-BUS_1CH_MTCI_1CH_RA_001C-600x239.png 600w\" sizes=\"(max-width: 1753px) 100vw, 1753px\" title=\"AUX-CAN-BUS_1CH_MTCI_1CH_RA_001C\" onerror=\"this.style.display='none'\"  \/>\n<h2>\n\t\tOptionen\n\t<\/h2>\n\t<a href=\"https:\/\/www.arbin.com\/de\/zusatzmodule\/#measurement-auxiliaries\">Messung<br \/>\nHilfskr\u00e4fte<\/a>\n<p><a href=\"https:\/\/www.arbin.com\/de\/zusatzmodule\/#external-control-auxiliaries\">Externe Steuerhilfsmittel<\/a><\/p>\n<p><a href=\"https:\/\/www.arbin.com\/de\/zusatzmodule\/#options\">Optionen<\/a><\/p>\n\t\t\t\t<img decoding=\"async\" src=\"https:\/\/arbin.com\/wp-content\/uploads\/2022\/05\/Auxiliary_autocalibration-icon.webp\" alt=\"Auxiliary_autocalibration-icon\" itemprop=\"image\" height=\"246\" width=\"236\" title=\"Auxiliary_autocalibration-icon\" onerror=\"this.style.display='none'\"  \/>\n<h3>Auto-Kalibrierung<\/h3><p>Das Auto-Kalibrierungsmodul erm\u00f6glicht es dem Arbin-System, sich automatisch zu kalibrieren.<\/p>\n<ul>\n<li>1 Modul gilt f\u00fcr alle Kan\u00e4le<\/li>\n<\/ul>\n\t\t\t\t<a href=\"https:\/\/www.arbin.com\/de\/zusatzmodule\/multi-zone-temperature-chamber\/\" target=\"_self\" itemprop=\"url\" rel=\"noopener\">\n\t\t\t\t<img decoding=\"async\" src=\"https:\/\/arbin.com\/wp-content\/uploads\/2022\/05\/Auxiliary_MZTC_multi-chamber-icon.webp\" alt=\"Auxiliary_MZTC_multi-chamber-icon\" itemprop=\"image\" height=\"246\" width=\"236\" title=\"Auxiliary_MZTC_multi-chamber-icon\" onerror=\"this.style.display='none'\"  \/>\n\t\t\t\t<\/a>\n<h3><a href=\"https:\/\/www.arbin.com\/de\/zusatzmodule\/multi-zone-temperature-chamber\/\" target=\"_self\" rel=\"noopener\">Arbin-Multizonen-Temperaturkammer (MZTC)<\/a><\/h3><p>Die MZTC-Mehrkammeranlage bietet 4 oder 8 v\u00f6llig unabh\u00e4ngige Minikammern mit einem Temperaturbereich von [Umgebungstemperatur - 10] bis 60 \u00b0C. Jede Minikammer kann je nach Zellentyp und Stromst\u00e4rke 1 bis 4 Zellen aufnehmen. Es sind Gestelle f\u00fcr mehrere MZTC-Einheiten erh\u00e4ltlich.<\/p>\n\t\t\t\t\t\t\t\t\t<img decoding=\"async\" src=\"\" alt=\"\" itemprop=\"image\" onerror=\"this.style.display='none'\"  \/>\n\t\t\t\t\t\t\t\t\t<img decoding=\"async\" src=\"\" alt=\"\" itemprop=\"image\" onerror=\"this.style.display='none'\"  \/>\n\t\t\t<a href=\"https:\/\/www.arbin.com\/de\/zusatzmodule\/multi-zone-temperature-chamber\/\" target=\"_self\" rel=\"noopener\">\n\t\t\t\t\t\t\tMehr erfahren\n\t\t\t\t\t<\/a>\n\t\t\t\t<a href=\"https:\/\/www.arbin.com\/de\/zusatzmodule\/battery-holders-and-battery-racks\/\" target=\"_self\" itemprop=\"url\" rel=\"noopener\">\n\t\t\t\t<img decoding=\"async\" src=\"https:\/\/arbin.com\/wp-content\/uploads\/2023\/01\/Auxiliaries_battery-racks-and-holders.png\" alt=\"Battery Racks and holders icon\" itemprop=\"image\" height=\"246\" width=\"236\" title=\"Auxiliaries_battery-racks-and-holders\" onerror=\"this.style.display='none'\"  \/>\n\t\t\t\t<\/a>\n<h3><a href=\"https:\/\/www.arbin.com\/de\/zusatzmodule\/battery-holders-and-battery-racks\/\" target=\"_self\" rel=\"noopener\">Batteriehalterungen und -gestelle<\/a><\/h3><p>Batteriehalter und -gestelle, die in verschiedenen Konfigurationen erh\u00e4ltlich sind, bieten eine bequeme Aufbewahrung und einen bequemen Zugriff auf die zu pr\u00fcfenden Batterien und tragen zu einer sichereren Pr\u00fcfumgebung bei.<\/p>\n\t\t\t\t<img decoding=\"async\" src=\"https:\/\/arbin.com\/wp-content\/uploads\/2023\/01\/BATTERY-HOLDERS-AND-RACKS_pouch-tray.png\" alt=\"BATTERY-HOLDERS-AND-RACKS_pouch-tray\" itemprop=\"image\" height=\"273\" width=\"300\" title=\"BATTERY-HOLDERS-AND-RACKS_pouch-tray\" onerror=\"this.style.display='none'\"  \/>\n\t\t\t<a href=\"https:\/\/www.arbin.com\/de\/zusatzmodule\/battery-holders-and-battery-racks\/\" target=\"_self\" rel=\"noopener\">\n\t\t\t\t\t\t\tMehr erfahren\n\t\t\t\t\t<\/a>\n<h2>\n\t\tKontaktieren Sie uns noch heute f\u00fcr ein Angebot\n\t<\/h2>\n\t<p>F\u00fcllen Sie unser Kontaktformular aus, um ein Angebot anzufordern oder zu erfahren, wie Batterietestger\u00e4te von Arbin Instruments Ihre Pr\u00fcfanforderungen erf\u00fcllen k\u00f6nnen.<\/p>\n\t\t\t<a href=\"https:\/\/www.arbin.com\/de\/request-a-quote\/\" target=\"_self\" rel=\"noopener\">\n\t\t\t\t\t\t\tAngebot anfordern\n\t\t\t\t\t<\/a>","protected":false},"excerpt":{"rendered":"<p>Mits Pro Software To complement our main battery test equipment systems, Arbin Instruments also offers a full complement of auxiliary modules to address further testing requirements. These modules expand testing capability beyond the main charge\/discharge control circuitry and can be placed in either the main chassis or a small external chassis, making it easy to [&hellip;]<\/p>","protected":false},"author":27,"featured_media":0,"parent":0,"menu_order":0,"comment_status":"closed","ping_status":"closed","template":"","meta":{"_acf_changed":false,"_seopress_robots_primary_cat":"","_seopress_titles_title":"Auxiliary Modules | Arbin Instruments","_seopress_titles_desc":"Arbin Instruments offers a full complement of auxiliary modules to address further testing requirements.","_seopress_robots_index":"","inline_featured_image":false,"site-sidebar-layout":"default","site-content-layout":"","ast-site-content-layout":"default","site-content-style":"default","site-sidebar-style":"default","ast-global-header-display":"","ast-banner-title-visibility":"","ast-main-header-display":"","ast-hfb-above-header-display":"","ast-hfb-below-header-display":"","ast-hfb-mobile-header-display":"","site-post-title":"","ast-breadcrumbs-content":"","ast-featured-img":"","footer-sml-layout":"","theme-transparent-header-meta":"","adv-header-id-meta":"","stick-header-meta":"","header-above-stick-meta":"","header-main-stick-meta":"","header-below-stick-meta":"","astra-migrate-meta-layouts":"set","ast-page-background-enabled":"default","ast-page-background-meta":{"desktop":{"background-color":"","background-image":"","background-repeat":"repeat","background-position":"center center","background-size":"auto","background-attachment":"scroll","background-type":"","background-media":"","overlay-type":"","overlay-color":"","overlay-opacity":"","overlay-gradient":""},"tablet":{"background-color":"","background-image":"","background-repeat":"repeat","background-position":"center center","background-size":"auto","background-attachment":"scroll","background-type":"","background-media":"","overlay-type":"","overlay-color":"","overlay-opacity":"","overlay-gradient":""},"mobile":{"background-color":"","background-image":"","background-repeat":"repeat","background-position":"center center","background-size":"auto","background-attachment":"scroll","background-type":"","background-media":"","overlay-type":"","overlay-color":"","overlay-opacity":"","overlay-gradient":""}},"ast-content-background-meta":{"desktop":{"background-color":"var(--ast-global-color-5)","background-image":"","background-repeat":"repeat","background-position":"center center","background-size":"auto","background-attachment":"scroll","background-type":"","background-media":"","overlay-type":"","overlay-color":"","overlay-opacity":"","overlay-gradient":""},"tablet":{"background-color":"var(--ast-global-color-5)","background-image":"","background-repeat":"repeat","background-position":"center center","background-size":"auto","background-attachment":"scroll","background-type":"","background-media":"","overlay-type":"","overlay-color":"","overlay-opacity":"","overlay-gradient":""},"mobile":{"background-color":"var(--ast-global-color-5)","background-image":"","background-repeat":"repeat","background-position":"center center","background-size":"auto","background-attachment":"scroll","background-type":"","background-media":"","overlay-type":"","overlay-color":"","overlay-opacity":"","overlay-gradient":""}},"footnotes":""},"class_list":["post-1778","page","type-page","status-publish","hentry"],"acf":[],"_links":{"self":[{"href":"https:\/\/www.arbin.com\/de\/wp-json\/wp\/v2\/pages\/1778","targetHints":{"allow":["GET"]}}],"collection":[{"href":"https:\/\/www.arbin.com\/de\/wp-json\/wp\/v2\/pages"}],"about":[{"href":"https:\/\/www.arbin.com\/de\/wp-json\/wp\/v2\/types\/page"}],"author":[{"embeddable":true,"href":"https:\/\/www.arbin.com\/de\/wp-json\/wp\/v2\/users\/27"}],"replies":[{"embeddable":true,"href":"https:\/\/www.arbin.com\/de\/wp-json\/wp\/v2\/comments?post=1778"}],"version-history":[{"count":1,"href":"https:\/\/www.arbin.com\/de\/wp-json\/wp\/v2\/pages\/1778\/revisions"}],"predecessor-version":[{"id":67188,"href":"https:\/\/www.arbin.com\/de\/wp-json\/wp\/v2\/pages\/1778\/revisions\/67188"}],"wp:attachment":[{"href":"https:\/\/www.arbin.com\/de\/wp-json\/wp\/v2\/media?parent=1778"}],"curies":[{"name":"wp","href":"https:\/\/api.w.org\/{rel}","templated":true}]}}