{"id":17,"date":"2020-08-29T21:00:15","date_gmt":"2020-08-30T02:00:15","guid":{"rendered":"https:\/\/arbin.com\/?page_id=17"},"modified":"2025-05-25T00:05:15","modified_gmt":"2025-05-25T05:05:15","slug":"uber-uns","status":"publish","type":"page","link":"https:\/\/www.arbin.com\/de\/uber-uns-html","title":{"rendered":"\u00dcber Arbin Instruments"},"content":{"rendered":"<nav  aria-label=\"breadcrumb\"><ol class=\"breadcrumb\" itemscope itemtype=\"https:\/\/schema.org\/BreadcrumbList\"><li class=\"breadcrumb-item active\" aria-current=\"page\" itemprop=\"itemListElement\" itemscope itemtype=\"https:\/\/schema.org\/ListItem\"><span itemprop=\"name\">Startseite<\/span><meta itemprop=\"position\" content=\"1\"><\/li><\/ol><\/nav>\n<h1>\n\t\tMits Pro Software\n\t<\/h1>\n\t<p>Arbin ist ein weltweit f\u00fchrender Hersteller von Pr\u00fcfger\u00e4ten f\u00fcr Batterien und andere Energiespeicheranwendungen. Wir investieren fast die H\u00e4lfte unseres Gewinns in Forschung und Entwicklung, um den Branchentrends (und unseren Wettbewerbern) immer einen Schritt voraus zu sein. Arbin Instruments unterh\u00e4lt weltweit Niederlassungen in China, Deutschland, Hongkong, Indien, Korea, Vietnam und Taiwan sowie einen Hauptsitz in College Station, TX, um Kunden zu unterst\u00fctzen.<\/p>\n\t\t\t\t<img decoding=\"async\" src=\"https:\/\/arbin.com\/wp-content\/uploads\/2022\/09\/ABOUT_Arbin-Sign.jpg\" alt=\"Arbin Instruments Zeichen\" itemprop=\"image\" title=\"ABOUT_Arbin-Zeichen\" onerror=\"this.style.display='none'\"  \/>\n\t\t\t\t<img decoding=\"async\" src=\"https:\/\/arbin.com\/wp-content\/uploads\/2022\/06\/ABOUT_Arbin-patents-1024x678.png\" alt=\"\u00dcber Arbin-Patente\" itemprop=\"image\" title=\"ABOUT_Arbin-Patente\" onerror=\"this.style.display='none'\"  \/>\n<h2>\n\t\tEin zentraler Wert\n\t<\/h2>\n\t<p>Wir bei Arbin sind uns der wichtigen Rolle bewusst, die die Energiespeicherung in unserem t\u00e4glichen Leben spielt, und wissen um ihre Bedeutung f\u00fcr unsere Zukunft. Daher arbeiten wir hart daran, den besten Service und die beste Pr\u00fcfausr\u00fcstung als Werkzeug f\u00fcr Forscher und die Industrie anzubieten. Zu unseren Kunden z\u00e4hlen einige der gr\u00f6\u00dften Elektrofahrzeughersteller, Hersteller von Unterhaltungselektronik, Universit\u00e4ten und Forschungslabors sowie Batteriehersteller auf der ganzen Welt. Unsere Produkte umfassen<a href=\"https:\/\/www.arbin.com\/de\/batterietestgerate\/batterietest-anwendung\/materialforschung\/\"> <b>Materialforschung<\/b><\/a>,<a href=\"https:\/\/www.arbin.com\/de\/batterietestgerate\/\"> <b>Batterie-Testger\u00e4te<\/b><\/a>,<a href=\"https:\/\/www.arbin.com\/de\/software\/\"> <b>Robuste Software<\/b><\/a>und mehr.<\/p>\n<p>Innovation durch Forschung und Entwicklung war von Anfang an ein zentraler Wert f\u00fcr Arbin. Wir waren das erste Unternehmen, das ein potentiostatisches\/galvanostatisches Ger\u00e4t mit mehreren Kan\u00e4len, mehreren Strombereichen und der M\u00f6glichkeit zur Simulation von Telekommunikationsimpulsen angeboten hat und nun das erste Unternehmen ist, das echte Hochpr\u00e4zisionstests f\u00fcr hohe Str\u00f6me (bis zu 200A) anbietet! Dies war das Ergebnis eines dreij\u00e4hrigen ARPA-E-Projekts in Zusammenarbeit mit der Ford Motor Company und dem Sandia National Lab. Dies ist eines von mehreren kundenspezifischen Entwicklungsprojekten, die wir in Zusammenarbeit mit f\u00fchrenden Industriepartnern durchgef\u00fchrt haben.<\/p>\n<h2>\n\t\tArbin&#8217;s History\n\t<\/h2>\n\t<p>Arbin wurde 1991 von Dr. John Zhang gegr\u00fcndet, nachdem er den Bedarf an einem genaueren, zuverl\u00e4ssigeren und robusteren Pr\u00fcfsystem f\u00fcr elektrochemische Speicherger\u00e4te erkannt hatte. Als Elektrochemiker begann Dr. John Zhang mit dem Bau des ersten Ger\u00e4ts, als das Unternehmen, f\u00fcr das er damals arbeitete, etwas brauchte, das noch nicht gebaut worden war. Innovation und das Annehmen von Herausforderungen sind die Gr\u00fcndungsprinzipien, die Arbin im Laufe der Zeit zu dem millionenschweren, weltweit t\u00e4tigen Unternehmen gemacht haben, das es 30 Jahre sp\u00e4ter ist. Dr. John kann mehr als zehn Patente vorweisen, die in unseren Produkten zum Einsatz kommen, und er ist nach wie vor unser leitender Wissenschaftler im Bereich Forschung und Entwicklung.<\/p>\n\t\t\t\t<img decoding=\"async\" src=\"https:\/\/arbin.com\/wp-content\/uploads\/2022\/06\/ABOUT_DrJohn-1024x577.jpg\" alt=\"Dr. John\" itemprop=\"image\" title=\"\u00dcBER_DrJohn\" onerror=\"this.style.display='none'\"  \/>\n<h2>\n\t\tBesuchen Sie uns\n\t<\/h2>\n\t<p>Klicken Sie auf die Schaltfl\u00e4che unten, um mehr zu erfahren und die kommenden Veranstaltungen zu sehen.<\/p>\n\t\t\t<a href=\"\/de\/uber-uns\/events.html\/\" target=\"_self\" rel=\"noopener\">\n\t\t\t\t\t\t\tSiehe Kommende Veranstaltungen, an denen wir teilnehmen\n\t\t\t\t\t<\/a>\n<h2>\n\t\tArbeiten bei Arbin\n\t<\/h2>\n\t<p>Sind Sie an einer T\u00e4tigkeit bei Arbin interessiert? Klicken Sie auf die Schaltfl\u00e4che unten, um mehr zu erfahren und unsere derzeit offenen Stellen zu sehen.<\/p>\n\t\t\t<a href=\"\/de\/careers-at-arbin.html\/\" target=\"_self\" rel=\"noopener\">\n\t\t\t\t\t\t\tAktuelle Stellenausschreibungen anzeigen\n\t\t\t\t\t<\/a>\n<h2>\n\t\tArbin Nachrichten\n\t<\/h2>\n\t<meta itemscope itemprop=\"mainEntityOfPage\" itemtype=\"https:\/\/schema.org\/WebPage\" itemid=\"http:\/\/21795\" content=\"Turnkey Battery Testing\" \/><meta itemprop=\"datePublished\" content=\"2024-08-27\" \/><meta itemprop=\"dateModified\" content=\"2024-08-28\" \/><meta itemprop=\"name\" content=\"Arbin Instruments\"\/><meta itemprop=\"url\" content=\"https:\/\/www.arbin.com\/author\/arbinteam\/\" \/><meta itemprop=\"name\" content=\"Arbin Team\" \/><meta itemprop=\"interactionType\" content=\"https:\/\/schema.org\/CommentAction\" \/><meta itemprop=\"userInteractionCount\" content=\"0\" \/>\n    <h3><a href='https:\/\/www.arbin.com\/de\/schlusselfertige-batterieprufung-html\/' title='Schl\u00fcsselfertige Batteriepr\u00fcfung'>Schl\u00fcsselfertige Batteriepr\u00fcfung<\/a><\/h3>\n    \t<p>LBTS-TC: Arbins schl\u00fcsselfertiges Batterietestger\u00e4t All-In-One Cell Testing mit integrierten Testkan\u00e4len, Temperaturkammern und Zellenhaltern. Pr\u00e4zision: 100ppm Messung...<\/p>\n    \t<a href=\"https:\/\/www.arbin.com\/de\/schlusselfertige-batterieprufung-html\/\"><button>Mehr erfahren<\/button><\/a>\n\t<meta itemscope itemprop=\"mainEntityOfPage\" itemtype=\"https:\/\/schema.org\/WebPage\" itemid=\"http:\/\/21410\" content=\"Honeywell and Arbin Instruments Team Up to Revolutionize Large Scale Lithium-Ion Battery Manufacturing\" \/><meta itemprop=\"datePublished\" content=\"2023-09-07\" \/><meta itemprop=\"dateModified\" content=\"2023-09-07\" \/><meta itemprop=\"name\" content=\"Arbin Instruments\"\/><meta itemprop=\"url\" content=\"https:\/\/www.arbin.com\/author\/arbinteam\/\" \/><meta itemprop=\"name\" content=\"Arbin Team\" \/><meta itemprop=\"interactionType\" content=\"https:\/\/schema.org\/CommentAction\" \/><meta itemprop=\"userInteractionCount\" content=\"0\" \/>\n    <h3><a href='https:\/\/www.arbin.com\/de\/honeywell-und-arbin-instruments-arbeiten-zusammen-um-die-herstellung-von-lithium-ionen-batterien-im-grossen-massstab-zu-revolutionieren-html\/' title='Honeywell und Arbin Instruments arbeiten zusammen, um die Herstellung von Lithium-Ionen-Batterien in gro\u00dfem Ma\u00dfstab zu revolutionieren'>Honeywell und Arbin Instruments arbeiten zusammen, um die Herstellung von Lithium-Ionen-Batterien in gro\u00dfem Ma\u00dfstab zu revolutionieren<\/a><\/h3>\n    \t<p>Honeywell hat heute seine Battery Manufacturing Excellence Platform (MXP) f\u00fcr Hersteller von Lithium-Ionen-Batterien und Gigafactories durch eine Zusammenarbeit mit Arbin Instruments zur Integration eines fortschrittlichen autonomen Formationssystems erweitert.<\/p>\n    \t<a href=\"https:\/\/www.arbin.com\/de\/honeywell-und-arbin-instruments-arbeiten-zusammen-um-die-herstellung-von-lithium-ionen-batterien-im-grossen-massstab-zu-revolutionieren-html\/\"><button>Mehr erfahren<\/button><\/a>\n\t<meta itemscope itemprop=\"mainEntityOfPage\" itemtype=\"https:\/\/schema.org\/WebPage\" itemid=\"http:\/\/20698\" content=\"Ambri Selects Arbin Instruments' Battery Test Equipment for Expansion of Next Generation Development Lab\u00a0\" \/><meta itemprop=\"datePublished\" content=\"2022-09-07\" \/><meta itemprop=\"dateModified\" content=\"2023-02-20\" \/><meta itemprop=\"name\" content=\"Arbin Instruments\"\/><meta itemprop=\"url\" content=\"https:\/\/www.arbin.com\/author\/arbinteam\/\" \/><meta itemprop=\"name\" content=\"Arbin Team\" \/><meta itemprop=\"interactionType\" content=\"https:\/\/schema.org\/CommentAction\" \/><meta itemprop=\"userInteractionCount\" content=\"0\" \/>\n    <h3><a href='https:\/\/www.arbin.com\/de\/ambri-wahlt-batterietestgerate-von-arbin-instruments-fur-den-ausbau-des-entwicklungslabors-der-nachsten-generation-aus-html\/' title='Ambri Selects Arbin Instruments' battery test equipment for expansion of next generation development lab\u00a0'>Ambri Selects Arbin Instruments&#8217; Battery Test Equipment for Expansion of Next Generation Development Lab\u00a0<\/a><\/h3>\n    \t<p>Arbin Instruments, ein f\u00fchrender Anbieter von Batterietestger\u00e4ten, wurde von Ambri ausgew\u00e4hlt, um Hochstrom-Batterietestsysteme zu liefern...<\/p>\n    \t<a href=\"https:\/\/www.arbin.com\/de\/ambri-wahlt-batterietestgerate-von-arbin-instruments-fur-den-ausbau-des-entwicklungslabors-der-nachsten-generation-aus-html\/\"><button>Mehr erfahren<\/button><\/a>\n\t\t<!-- .pp-content-posts -->\n\t\t\t<a href=\"https:\/\/www.arbin.com\/de\/uber-uns\/arbin-press-releases\/\" target=\"_self\" rel=\"noopener\">\n\t\t\t\t\t\t\tArbin-Pressemitteilungen anzeigen\n\t\t\t\t\t<\/a>\n<h2>\n\t\tKontakt\n\t<\/h2>\n\t<p>Klicken Sie auf die Schaltfl\u00e4che unten, um unsere Kontaktseite zu besuchen und ein Arbin-Teammitglied in Ihrer N\u00e4he zu finden.<\/p>\n\t\t\t<a href=\"\/de\/kontakt-html\/\" target=\"_self\" rel=\"noopener\">\n\t\t\t\t\t\t\tKontakt\n\t\t\t\t\t<\/a>\n<h2>\n\t\tAngebot anfordern\n\t<\/h2>\n\t<p>F\u00fcllen Sie unser kurzes Formular aus, um ein individuelles Angebot f\u00fcr Ihr Arbin-Batterietestsystem anzufordern.<\/p>\n\t\t\t<a href=\"\/de\/anfrage-angebot-html\/\" target=\"_self\" rel=\"noopener\">\n\t\t\t\t\t\t\tAngebot anfordern\n\t\t\t\t\t<\/a>","protected":false},"excerpt":{"rendered":"<p>Mits Pro Software Arbin is a global leader in manufacturing test equipment for batteries and other energy storage applications. We invest nearly half our profits back into R&amp;D to stay ahead of industry trends (and our competitors). Arbin Instruments has offices around the world in China, Germany, Hong Kong, India, Korea, Vietnam and Taiwan, along [&hellip;]<\/p>","protected":false},"author":1,"featured_media":0,"parent":0,"menu_order":0,"comment_status":"closed","ping_status":"closed","template":"","meta":{"_acf_changed":false,"_seopress_robots_primary_cat":"","_seopress_titles_title":"About | Arbin Instruments","_seopress_titles_desc":"Arbin was founded in 1991 by Dr. John Zhang in College Station, Texas. Arbin is a global leader in manufacturing test equipment for batteries.","_seopress_robots_index":"","inline_featured_image":false,"site-sidebar-layout":"default","site-content-layout":"","ast-site-content-layout":"default","site-content-style":"default","site-sidebar-style":"default","ast-global-header-display":"","ast-banner-title-visibility":"","ast-main-header-display":"","ast-hfb-above-header-display":"","ast-hfb-below-header-display":"","ast-hfb-mobile-header-display":"","site-post-title":"","ast-breadcrumbs-content":"","ast-featured-img":"","footer-sml-layout":null,"theme-transparent-header-meta":"","adv-header-id-meta":null,"stick-header-meta":"","header-above-stick-meta":null,"header-main-stick-meta":"","header-below-stick-meta":null,"astra-migrate-meta-layouts":"set","ast-page-background-enabled":"default","ast-page-background-meta":{"desktop":{"background-color":"","background-image":"","background-repeat":"repeat","background-position":"center center","background-size":"auto","background-attachment":"scroll","background-type":"","background-media":"","overlay-type":"","overlay-color":"","overlay-opacity":"","overlay-gradient":""},"tablet":{"background-color":"","background-image":"","background-repeat":"repeat","background-position":"center center","background-size":"auto","background-attachment":"scroll","background-type":"","background-media":"","overlay-type":"","overlay-color":"","overlay-opacity":"","overlay-gradient":""},"mobile":{"background-color":"","background-image":"","background-repeat":"repeat","background-position":"center center","background-size":"auto","background-attachment":"scroll","background-type":"","background-media":"","overlay-type":"","overlay-color":"","overlay-opacity":"","overlay-gradient":""}},"ast-content-background-meta":{"desktop":{"background-color":"var(--ast-global-color-5)","background-image":"","background-repeat":"repeat","background-position":"center center","background-size":"auto","background-attachment":"scroll","background-type":"","background-media":"","overlay-type":"","overlay-color":"","overlay-opacity":"","overlay-gradient":""},"tablet":{"background-color":"var(--ast-global-color-5)","background-image":"","background-repeat":"repeat","background-position":"center center","background-size":"auto","background-attachment":"scroll","background-type":"","background-media":"","overlay-type":"","overlay-color":"","overlay-opacity":"","overlay-gradient":""},"mobile":{"background-color":"var(--ast-global-color-5)","background-image":"","background-repeat":"repeat","background-position":"center center","background-size":"auto","background-attachment":"scroll","background-type":"","background-media":"","overlay-type":"","overlay-color":"","overlay-opacity":"","overlay-gradient":""}},"footnotes":""},"class_list":["post-17","page","type-page","status-publish","hentry"],"acf":[],"_links":{"self":[{"href":"https:\/\/www.arbin.com\/de\/wp-json\/wp\/v2\/pages\/17","targetHints":{"allow":["GET"]}}],"collection":[{"href":"https:\/\/www.arbin.com\/de\/wp-json\/wp\/v2\/pages"}],"about":[{"href":"https:\/\/www.arbin.com\/de\/wp-json\/wp\/v2\/types\/page"}],"author":[{"embeddable":true,"href":"https:\/\/www.arbin.com\/de\/wp-json\/wp\/v2\/users\/1"}],"replies":[{"embeddable":true,"href":"https:\/\/www.arbin.com\/de\/wp-json\/wp\/v2\/comments?post=17"}],"version-history":[{"count":1,"href":"https:\/\/www.arbin.com\/de\/wp-json\/wp\/v2\/pages\/17\/revisions"}],"predecessor-version":[{"id":26847,"href":"https:\/\/www.arbin.com\/de\/wp-json\/wp\/v2\/pages\/17\/revisions\/26847"}],"wp:attachment":[{"href":"https:\/\/www.arbin.com\/de\/wp-json\/wp\/v2\/media?parent=17"}],"curies":[{"name":"wp","href":"https:\/\/api.w.org\/{rel}","templated":true}]}}