{"id":1636,"date":"2022-05-27T14:21:53","date_gmt":"2022-05-27T19:21:53","guid":{"rendered":"https:\/\/arbin.com\/?page_id=1636"},"modified":"2023-01-27T15:44:05","modified_gmt":"2023-01-27T21:44:05","slug":"hps-series","status":"publish","type":"page","link":"https:\/\/www.arbin.com\/de\/batterietestgerate\/produktserie-batterietest\/hps-series.html","title":{"rendered":"HPS-Reihe"},"content":{"rendered":"<nav  aria-label=\"breadcrumb\"><ol class=\"breadcrumb\" itemscope itemtype=\"https:\/\/schema.org\/BreadcrumbList\"><li class=\"breadcrumb-item active\" aria-current=\"page\" itemprop=\"itemListElement\" itemscope itemtype=\"https:\/\/schema.org\/ListItem\"><span itemprop=\"name\">Startseite<\/span><meta itemprop=\"position\" content=\"1\"><\/li><\/ol><\/nav>\n\t\t\t\t<img decoding=\"async\" src=\"https:\/\/arbin.com\/wp-content\/uploads\/2022\/04\/arbin-hps-768x1024.png\" alt=\"arbin-hps\" itemprop=\"image\" height=\"1024\" width=\"768\" title=\"arbin-hps\" onerror=\"this.style.display='none'\"  \/>\n<h1>\n\t\tProduct Name which can be a double line\n\t<\/h1>\n<h4>\n\t\tProdukt-Highlights\n\t<\/h4>\n\t<table>\n<tbody>\n<tr>\n<td><strong>Kanal Spannung<\/strong><\/td>\n<td>\u00a0-6~6V<\/td>\n<\/tr>\n<tr>\n<td><strong>Kanal Strom<\/strong><\/td>\n<td>0.001~5A<\/td>\n<\/tr>\n<tr>\n<td><strong>Channel Number<\/strong><\/td>\n<td>2<\/td>\n<\/tr>\n<tr>\n\n\n<\/tr>\n<\/tbody>\n<\/table>\n\t\t\t\t<img decoding=\"async\" src=\"https:\/\/arbin.com\/wp-content\/uploads\/2022\/08\/HPS-SERIES_HPS-front-panel-1024x873.png\" alt=\"HPS-SERIES HPS Frontplatte\" itemprop=\"image\" height=\"873\" width=\"1024\" title=\"HPS-SERIES_HPS-Frontblende\" onerror=\"this.style.display='none'\"  \/>\n<h2>\n\t\tCoulombic Efficiency Testing on Cells Up to 5A\n\t<\/h2>\n\t<p>Providing ultra-high precision charge\/discharge testing on cells up to 5A, the HPS series is engineered for meaningful coulombic efficiency (CE) testing. With 10 ppm voltage and current measurement precision, this testing solution is capable of detecting the smallest changes in the battery. The HPS series features the high precision you need to clearly identify degradation mechanisms on high-capacity cells. Arbin&#8217;s HPS models are offered in multiples of 2 channels, feature 6-pin connections for reference electrode measurement, and have built-in DI\/DO and auxiliary temperature measurement.<\/p>\n<h2>\n\t\tInnovative Solution for High-Precision at High Power Levels\n\t<\/h2>\n\t<p>Power level is what sets Arbin&#8217;s HPS apart from other high-precision testers. Using advanced technology and significant R&#038;D effort, our engineering team achieved the goal of 10 ppm Coulombic Efficiency precision above ~2A. Ideal for identifying minute changes on full-scale cells in real-world conditions, the Arbin HPS is available at 5A, 100mA, 10mA, and 100uA.<\/p>\n\t\t\t\t<img decoding=\"async\" src=\"https:\/\/arbin.com\/wp-content\/uploads\/2022\/09\/HPS-SERIES_differential-capacity.webp\" alt=\"HPS SERIES differential capacity\" itemprop=\"image\" height=\"664\" width=\"1024\" title=\"HPS-SERIES_differential-capacity\" onerror=\"this.style.display='none'\"  \/>\n<h2>\n\t\tKontaktieren Sie uns noch heute f\u00fcr ein Angebot\n\t<\/h2>\n\t<p>F\u00fcllen Sie unser Kontaktformular aus, um ein Angebot anzufordern oder zu erfahren, wie Batterietestger\u00e4te von Arbin Instruments Ihre Pr\u00fcfanforderungen erf\u00fcllen k\u00f6nnen.<\/p>\n\t\t\t<a href=\"https:\/\/www.arbin.com\/de\/request-a-quote\/\" target=\"_self\" role=\"button\" rel=\"noopener\">\n\t\t\t\t\t\t\tAngebot anfordern\n\t\t\t\t\t<\/a>","protected":false},"excerpt":{"rendered":"<p>Product Name which can be a double line Product Highlights Channel Voltage \u00a0-6~6V Channel Current 0.001~5A Channel Number 2 Coulombic Efficiency Testing on Cells Up to 5A Providing ultra-high precision charge\/discharge testing on cells up to 5A, the HPS series is engineered for meaningful coulombic efficiency (CE) testing. With 10 ppm voltage and current measurement [&hellip;]<\/p>","protected":false},"author":2,"featured_media":0,"parent":6360,"menu_order":0,"comment_status":"closed","ping_status":"closed","template":"","meta":{"_acf_changed":false,"_seopress_robots_primary_cat":"","_seopress_titles_title":"HPS Series | Arbin Instruments","_seopress_titles_desc":"HPS Series - Arbin Instruments","_seopress_robots_index":"","inline_featured_image":false,"site-sidebar-layout":"default","site-content-layout":"","ast-site-content-layout":"","site-content-style":"default","site-sidebar-style":"default","ast-global-header-display":"","ast-banner-title-visibility":"","ast-main-header-display":"","ast-hfb-above-header-display":"","ast-hfb-below-header-display":"","ast-hfb-mobile-header-display":"","site-post-title":"","ast-breadcrumbs-content":"","ast-featured-img":"","footer-sml-layout":null,"theme-transparent-header-meta":"","adv-header-id-meta":null,"stick-header-meta":"","header-above-stick-meta":null,"header-main-stick-meta":"","header-below-stick-meta":null,"astra-migrate-meta-layouts":"default","ast-page-background-enabled":"default","ast-page-background-meta":{"desktop":{"background-color":"","background-image":"","background-repeat":"repeat","background-position":"center center","background-size":"auto","background-attachment":"scroll","background-type":"","background-media":"","overlay-type":"","overlay-color":"","overlay-opacity":"","overlay-gradient":""},"tablet":{"background-color":"","background-image":"","background-repeat":"repeat","background-position":"center center","background-size":"auto","background-attachment":"scroll","background-type":"","background-media":"","overlay-type":"","overlay-color":"","overlay-opacity":"","overlay-gradient":""},"mobile":{"background-color":"","background-image":"","background-repeat":"repeat","background-position":"center center","background-size":"auto","background-attachment":"scroll","background-type":"","background-media":"","overlay-type":"","overlay-color":"","overlay-opacity":"","overlay-gradient":""}},"ast-content-background-meta":{"desktop":{"background-color":"var(--ast-global-color-5)","background-image":"","background-repeat":"repeat","background-position":"center center","background-size":"auto","background-attachment":"scroll","background-type":"","background-media":"","overlay-type":"","overlay-color":"","overlay-opacity":"","overlay-gradient":""},"tablet":{"background-color":"var(--ast-global-color-5)","background-image":"","background-repeat":"repeat","background-position":"center center","background-size":"auto","background-attachment":"scroll","background-type":"","background-media":"","overlay-type":"","overlay-color":"","overlay-opacity":"","overlay-gradient":""},"mobile":{"background-color":"var(--ast-global-color-5)","background-image":"","background-repeat":"repeat","background-position":"center center","background-size":"auto","background-attachment":"scroll","background-type":"","background-media":"","overlay-type":"","overlay-color":"","overlay-opacity":"","overlay-gradient":""}},"footnotes":""},"class_list":["post-1636","page","type-page","status-publish","hentry"],"acf":[],"_links":{"self":[{"href":"https:\/\/www.arbin.com\/de\/wp-json\/wp\/v2\/pages\/1636","targetHints":{"allow":["GET"]}}],"collection":[{"href":"https:\/\/www.arbin.com\/de\/wp-json\/wp\/v2\/pages"}],"about":[{"href":"https:\/\/www.arbin.com\/de\/wp-json\/wp\/v2\/types\/page"}],"author":[{"embeddable":true,"href":"https:\/\/www.arbin.com\/de\/wp-json\/wp\/v2\/users\/2"}],"replies":[{"embeddable":true,"href":"https:\/\/www.arbin.com\/de\/wp-json\/wp\/v2\/comments?post=1636"}],"version-history":[{"count":0,"href":"https:\/\/www.arbin.com\/de\/wp-json\/wp\/v2\/pages\/1636\/revisions"}],"up":[{"embeddable":true,"href":"https:\/\/www.arbin.com\/de\/wp-json\/wp\/v2\/pages\/6360"}],"wp:attachment":[{"href":"https:\/\/www.arbin.com\/de\/wp-json\/wp\/v2\/media?parent=1636"}],"curies":[{"name":"wp","href":"https:\/\/api.w.org\/{rel}","templated":true}]}}