{"id":1633,"date":"2022-05-27T14:18:59","date_gmt":"2022-05-27T19:18:59","guid":{"rendered":"https:\/\/arbin.com\/?page_id=1633"},"modified":"2024-05-14T14:46:33","modified_gmt":"2024-05-14T19:46:33","slug":"rbt-reihe","status":"publish","type":"page","link":"https:\/\/www.arbin.com\/de\/batterietestgerate\/produktserie-batterietest\/rbt-serie-html","title":{"rendered":"RBT-Reihe"},"content":{"rendered":"<nav  aria-label=\"breadcrumb\"><ol class=\"breadcrumb\" itemscope itemtype=\"https:\/\/schema.org\/BreadcrumbList\"><li class=\"breadcrumb-item active\" aria-current=\"page\" itemprop=\"itemListElement\" itemscope itemtype=\"https:\/\/schema.org\/ListItem\"><span itemprop=\"name\">Startseite<\/span><meta itemprop=\"position\" content=\"1\"><\/li><\/ol><\/nav>\n\t\t\t\t<img decoding=\"async\" src=\"https:\/\/arbin.com\/wp-content\/plugins\/bb-plugin\/img\/pixel.png\" alt=\"\" itemprop=\"image\" onerror=\"this.style.display='none'\"  \/>\n<h1>\n\t\tRegenerative Battery Test Series\n\t<\/h1>\n<h4>\n\t\tRBT Product Range\n\t<\/h4>\n\t<table>\n<tbody>\n<tr>\n<td><strong>Kanal Spannung<\/strong><\/td>\n<td>60 &#8211; 1,500V<\/td>\n<\/tr>\n<tr>\n<td><strong>Kanal Strom<\/strong><\/td>\n<td>50 &#8211; 1,000A<\/td>\n<\/tr>\n<tr>\n<td><strong>Regenerativer Wirkungsgrad\u00a0<\/strong><\/td>\n<td>&gt;90%<\/td>\n<\/tr>\n<tr>\n\n\n<\/tr>\n<tr>\n\n\n<\/tr>\n<\/tbody>\n<\/table>\n\t<p>Arbin&#8217;s Regenerative Battery Testing (<strong>RBT<\/strong>) series is specifically designed for testing high-power battery packs. Engineered with electric vehicles, military technology, and stationary grid storage in mind, these pack testing systems can simulate complex, real-world applications such as drive profiles, cranking amp applications, and other custom profiles. The regenerative circuitry within each RBT system allows power to be discharged back to the grid, making it a more economical battery test solution for pack voltage up to 1000V and maximum power up to 1MW.<\/p>\n\t\t\t\t<img decoding=\"async\" src=\"https:\/\/arbin.com\/wp-content\/uploads\/2022\/12\/Battery-Test-Lab-Rz-blue01-500x375.png\" alt=\"Pr\u00fcfung von Arbin-Batteriezellen in einer Temperaturkammer\" itemprop=\"image\" height=\"375\" width=\"500\" title=\"Batterie-Testlabor - Rz - blue01\" onerror=\"this.style.display='none'\"  \/>\n<h2>\n\t\tArbin&#8217;s RBT Series Standard Models\n\t<\/h2>\n\t\t\t<a href=\"\" target=\"_self\" rel=\"noopener\">\n\t\t\t\t\t\t\tLow Voltage\n\t\t\t\t\t<\/a>\n\t<p><strong>Small module and pack testing up to 200V<\/strong><\/p>\n<ul>\n<li>Voltage from 60V up to 200V<\/li>\n<li>Current ranges from 100A up to 600A<\/li>\n<\/ul>\n\t\t\t\t\t<a href=\"javascript:void(0);\" id=\"fl-accordion--label-0\" tabindex=\"0\" aria-controls=\"fl-accordion--panel-0\">RBT 60V<\/a>\n\t\t\t\t\t\t\t\t\t\t\t<a href=\"#\" id=\"fl-accordion--icon-0\" tabindex=\"-1\" aria-controls=\"fl-accordion--panel-0\"><i>Collapse<\/i><\/a>\n\t\t\t\t\tVoltage Range: <strong>5V<\/strong><b> to 60V (0V Option)<\/b><br \/>\nKanal Max Strom: <strong>100A up to 600A<\/strong><br \/>\nAnzahl der Kan\u00e4le:<strong> 2~18+<\/strong>\n\t\t\t\t\t<a href=\"javascript:void(0);\" id=\"fl-accordion--label-1\" tabindex=\"0\" aria-controls=\"fl-accordion--panel-1\">RBT 100V<\/a>\n\t\t\t\t\t\t\t\t\t\t\t<a href=\"#\" id=\"fl-accordion--icon-1\" tabindex=\"-1\" aria-controls=\"fl-accordion--panel-1\"><i>Expand<\/i><\/a>\n\t\t\t\t\tVoltage Range: <strong>5V<\/strong><b> to 100V (0V Option)<\/b><br \/>\nKanal Max Strom: <strong>100A up to 600A<\/strong><br \/>\nAnzahl der Kan\u00e4le:<strong> 2~18+<\/strong>\n\t\t\t\t\t<a href=\"javascript:void(0);\" id=\"fl-accordion--label-2\" tabindex=\"0\" aria-controls=\"fl-accordion--panel-2\">RBT 200V<\/a>\n\t\t\t\t\t\t\t\t\t\t\t<a href=\"#\" id=\"fl-accordion--icon-2\" tabindex=\"-1\" aria-controls=\"fl-accordion--panel-2\"><i>Expand<\/i><\/a>\n\t\t\t\t\tVoltage Range: <strong>5V<\/strong><b> to 200V (0V Option)<\/b><br \/>\nKanal Max Strom: <strong>100A up to 600A<\/strong><br \/>\nAnzahl der Kan\u00e4le:<strong> 2~18+<\/strong>\n\t\t\t<a href=\"\" target=\"_self\" rel=\"noopener\">\n\t\t\t\t\t\t\tMedium Voltage\n\t\t\t\t\t<\/a>\n\t<p><strong>Mid-size modules and packs up to 600V<\/strong><\/p>\n<ul>\n<li>Voltage from 400V up to 600V<\/li>\n<li>Current ranges from 100A up to 500A<\/li>\n<\/ul>\n\t\t\t\t\t<a href=\"javascript:void(0);\" id=\"fl-accordion--label-0\" tabindex=\"0\" aria-controls=\"fl-accordion--panel-0\">RBT 400V<\/a>\n\t\t\t\t\t\t\t\t\t\t\t<a href=\"#\" id=\"fl-accordion--icon-0\" tabindex=\"-1\" aria-controls=\"fl-accordion--panel-0\"><i>Collapse<\/i><\/a>\n\t\t\t\t\tVoltage Range: <strong>15V<\/strong><b> to 400V<\/b><br \/>\nKanal Max Strom: <strong>100A up to 500A<\/strong><br \/>\nAnzahl der Kan\u00e4le:<strong> 2~12+<\/strong>\n\t\t\t\t\t<a href=\"javascript:void(0);\" id=\"fl-accordion--label-1\" tabindex=\"0\" aria-controls=\"fl-accordion--panel-1\">RBT 500V<\/a>\n\t\t\t\t\t\t\t\t\t\t\t<a href=\"#\" id=\"fl-accordion--icon-1\" tabindex=\"-1\" aria-controls=\"fl-accordion--panel-1\"><i>Expand<\/i><\/a>\n\t\t\t\t\tVoltage Range: <strong>15V<\/strong><b> to 500V\u00a0<\/b><br \/>\nKanal Max Strom: <strong>100A up to 400A<\/strong><br \/>\nAnzahl der Kan\u00e4le:<strong> 2~12+<\/strong>\n\t\t\t\t\t<a href=\"javascript:void(0);\" id=\"fl-accordion--label-2\" tabindex=\"0\" aria-controls=\"fl-accordion--panel-2\">RBT 600V<\/a>\n\t\t\t\t\t\t\t\t\t\t\t<a href=\"#\" id=\"fl-accordion--icon-2\" tabindex=\"-1\" aria-controls=\"fl-accordion--panel-2\"><i>Expand<\/i><\/a>\n\t\t\t\t\tVoltage Range: <strong>15V<\/strong><b> to 600V\u00a0<\/b><br \/>\nKanal Max Strom: <strong>100A up to 300A<\/strong><br \/>\nAnzahl der Kan\u00e4le:<strong> 2~10+<\/strong>\n\t\t\t<a href=\"\" target=\"_self\" rel=\"noopener\">\n\t\t\t\t\t\t\tHigh Voltage\n\t\t\t\t\t<\/a>\n\t<p><strong>High voltage pack testing up to 1,500V<\/strong><\/p>\n<ul>\n<li>Voltage from 700V up to 1,000V<\/li>\n<li>Current ranges from 100A up to 300A<\/li>\n<\/ul>\n\t\t\t\t\t<a href=\"javascript:void(0);\" id=\"fl-accordion--label-0\" tabindex=\"0\" aria-controls=\"fl-accordion--panel-0\">RBT 700V<\/a>\n\t\t\t\t\t\t\t\t\t\t\t<a href=\"#\" id=\"fl-accordion--icon-0\" tabindex=\"-1\" aria-controls=\"fl-accordion--panel-0\"><i>Collapse<\/i><\/a>\n\t\t\t\t\tVoltage Range: <strong>18V<\/strong><b> to 700V\u00a0<\/b><br \/>\nKanal Max Strom: <strong>100A up to 300A<\/strong><br \/>\nAnzahl der Kan\u00e4le:<strong> 2~12<\/strong>\n\t\t\t\t\t<a href=\"javascript:void(0);\" id=\"fl-accordion--label-1\" tabindex=\"0\" aria-controls=\"fl-accordion--panel-1\">RBT 800V<\/a>\n\t\t\t\t\t\t\t\t\t\t\t<a href=\"#\" id=\"fl-accordion--icon-1\" tabindex=\"-1\" aria-controls=\"fl-accordion--panel-1\"><i>Expand<\/i><\/a>\n\t\t\t\t\tVoltage Range: 36<strong>V<\/strong><b> to 800V (0V Option)<\/b><br \/>\nKanal Max Strom: <strong>100A up to 250A<\/strong><br \/>\nAnzahl der Kan\u00e4le:<strong> 2~12+<\/strong>\n\t\t\t\t\t<a href=\"javascript:void(0);\" id=\"fl-accordion--label-2\" tabindex=\"0\" aria-controls=\"fl-accordion--panel-2\">RBT 900V<\/a>\n\t\t\t\t\t\t\t\t\t\t\t<a href=\"#\" id=\"fl-accordion--icon-2\" tabindex=\"-1\" aria-controls=\"fl-accordion--panel-2\"><i>Expand<\/i><\/a>\n\t\t\t\t\tVoltage Range: 36<strong>V<\/strong><b> to 900V\u00a0<\/b><br \/>\nKanal Max Strom: <strong>100A up to 200A<\/strong><br \/>\nAnzahl der Kan\u00e4le:<strong> 2~12<\/strong>\n\t\t\t\t\t<a href=\"javascript:void(0);\" id=\"fl-accordion--label-3\" tabindex=\"0\" aria-controls=\"fl-accordion--panel-3\">RBT 1000V<\/a>\n\t\t\t\t\t\t\t\t\t\t\t<a href=\"#\" id=\"fl-accordion--icon-3\" tabindex=\"-1\" aria-controls=\"fl-accordion--panel-3\"><i>Expand<\/i><\/a>\n\t\t\t\t\tVoltage Range: <strong>36V<\/strong><b> to 1000V\u00a0<\/b><br \/>\nKanal Max Strom: <strong>100A up to 200A<\/strong><br \/>\nAnzahl der Kan\u00e4le:<strong> 2~12<\/strong>\n\t\t\t\t<img decoding=\"async\" src=\"https:\/\/arbin.com\/wp-content\/uploads\/2023\/01\/MODULE-PACK-BATTERY-TESTING_hardware-performance-of-rbt-system-1.png\" alt=\"Hardware performance of Arbin&#039;s RBT system\" itemprop=\"image\" height=\"317\" width=\"153\" title=\"MODULE-PACK-BATTERY-TESTING_hardware-performance-of-rbt-system\" onerror=\"this.style.display='none'\"  \/>\n<h2>\n\t\tReliable Performance with Arbin&#8217;s Regenerative Battery Testers\n\t<\/h2>\n\t\t<h3>\u00b10.05% FS Control &#038; Measurement Accuracy<br \/>16-Bit Control &#038; Measurement Resolution<\/h3><p>All Arbin regenerative test systems have 16-bit control and measurement resolution, and \u00b10.05% FSR accuracy to provide the highest quality results in the industry.<\/p>\n\t\t<h3>True Bipolar Power Supply<\/h3><p>Arbin&#8217;s true bipolar power supply has no switching time between charge\/discharge, so dynamic EV drive profiles are accurately performed. Leading competitors have 5ms+ switching time which causes drive profiles to lag over time.<\/p>\n\t\t<h3>Power Factor >0.99<br \/>Regenerative Circuitry with >90% Efficiency<br \/>100% Duty Cycle<\/h3><p>Highly efficient circuitry and power density minimize the cost of operation compared to similar systems. Each Arbin RBT system is engineered and over-built to handle <strong>100% duty cycle at maximum power<\/strong>.<\/p>\n\t\t<h3>Data Sampling at 0.3ms<br \/>Data Logging at 5ms or 2000 pts Per Second<\/h3><p>High performance integrated microcontrollers allow fast data sampling, and ability to log every detail of the charge\/discharge simulation.<\/p>\n\t<p>Each RBT system comes standard with <strong>multiple current ranges<\/strong>, and each current range can be tailored to fit your application.<\/p>\n<p><strong>Current rise time<\/strong> is also excellent, specified at 10ms or less (depending on your system&#8217;s current specification).<\/p>\n<p>All channels are fully independent, but can also be combined to <strong>operate in parallel for increased current-handling<\/strong> capacity.<\/p>\n\t\t\t\t<img decoding=\"async\" src=\"https:\/\/arbin.com\/wp-content\/uploads\/2023\/01\/MODULE-PACK-BATTERY-TESTING_rbt-current-output-capability.png\" alt=\"RBT current output capability\" itemprop=\"image\" height=\"478\" width=\"492\" title=\"MODULE-PACK-BATTERY-TESTING_rbt-current-output-capability\" onerror=\"this.style.display='none'\"  \/>\n\t\t\t\t<img decoding=\"async\" src=\"https:\/\/arbin.com\/wp-content\/uploads\/2022\/06\/ELECTRIC-VEHICLE-BATTERY_TESTING_drive-profile-simulation-ev-battery-pack.png\" alt=\"ELEKTRISCHES FAHRZEUG BATTERIEPR\u00dcFUNG Fahrprofilsimulation EV-Batteriepaket\" itemprop=\"image\" height=\"401\" width=\"746\" title=\"ELEKTRISCHES FAHRZEUG BATTERIEPR\u00dcFUNG Fahrprofilsimulation EV-Batteriepaket\" onerror=\"this.style.display='none'\"  \/>\n<h2>\n\t\tRegenerative Battery Test Equipment for Advanced Simulations\n\t<\/h2>\n\t<p>Arbin&#8217;s RBT series of battery test equipment is capable of advanced, high-speed simulations. Users can upload pre-defined data or control the simulation dynamically via CAN communication.<\/p>\n<p><strong>Key Features:<\/strong><\/p>\n<ul>\n<li>Profile Types: Time vs. Current, Time vs. Power, Time vs. Load<\/li>\n<li>Up to 1 million data points<\/li>\n<li>True Bipolar Circuitry so no switching between charge and discharge<\/li>\n<li>Data Acquisition Range: Up to 5ms<\/li>\n<\/ul>\n<p>Compared to traditional battery cycling that may use exclusively constant current and constant voltage (CC-CV) charge\/discharge profiles, EV testing applications require charge\/discharge based on various real-world applications. These charge\/discharge profiles are highly dynamic and require much greater current demands relative to &#8220;traditional&#8221; testing.<\/p>\n<h2>\n\t\tCANBus Communication and Regenerative Battery Testing\n\t<\/h2>\n\t<p>Arbin&#8217;s RBT is the only tester that allows dynamic control of charge and discharge via the CAN protocol. This functionality allows users to control the Arbin tester with a Battery Management System (BMS).<\/p>\n<p>CANBus Features of the RBT Series:<\/p>\n<ul>\n<li>Allows BMS to fully control RBT charge\/discharge<\/li>\n<li>Easily import CAN database and customize<\/li>\n<li>Read\/write integration with battery management system<\/li>\n<li>Offers easy-to-navigate drop-down menu selections<\/li>\n<li>Create customized CAN reports to compare BMS data<\/li>\n<li>No 3rd-party equipment, DLL package, or license is needed<\/li>\n<li>Extended or Standard Frame Type<\/li>\n<\/ul>\n\t\t\t\t<img decoding=\"async\" src=\"https:\/\/arbin.com\/wp-content\/uploads\/2023\/01\/MODULE-PACK-BATTERY-TESTING_can-communication.png\" alt=\"RBT Can Communication Screenshots\" itemprop=\"image\" height=\"403\" width=\"493\" title=\"MODULE-PACK-BATTERY-TESTING_can-communication\" onerror=\"this.style.display='none'\"  \/>\n\t\t\t\t<img decoding=\"async\" src=\"https:\/\/arbin.com\/wp-content\/uploads\/2022\/08\/EV-charging-station-for-electric-car-in-concept-of-green-energy-and-eco-power-1339867675_2869x1049-1024x374.jpeg\" alt=\"EV-Ladestation f\u00fcr Elektroautos in einem Konzept f\u00fcr gr\u00fcne Energie und \u00d6kostrom\" itemprop=\"image\" height=\"374\" width=\"1024\" title=\"EV-Ladestation f\u00fcr Elektroautos in einem Konzept f\u00fcr gr\u00fcne Energie und \u00d6kostrom\" onerror=\"this.style.display='none'\"  \/>\n<h2>\n\t\tReliable and Safe Battery Pack Test Equipment\n\t<\/h2>\n\t<p>Battery pack testing requires both dependability and safety, two core design principles in Arbin&#8217;s RBT series. To provide a safe, high-performance solution for high-power testing, the latest RBT systems feature improved thermal management, redundant microcontrollers to ensure failsafe testing, and built-in UPS to ensure a proper shutdown sequence in case of input power failure. These features for battery pack testing are in addition to the safety features that are standard to Arbin battery test equipment.<\/p>\n<h2>\n\t\tHilfsmittel und optionales Zubeh\u00f6r zur Verbesserung der Pr\u00fcfung verf\u00fcgbar\n\t<\/h2>\n\t<h3>CANBus<\/h3>\n<p><img decoding=\"async\" src=\"https:\/\/arbin.com\/wp-content\/uploads\/2022\/06\/CAN-500x375.jpg\" alt=\"\" width=\"500\" height=\"375\" \/><\/p>\n<p>Arbin bietet <strong>CANBus-Schnittstelle(n)\u00a0<\/strong>um eine externe Steuerung des Arbin-Testers in Echtzeit \u00fcber das CAN-Protokoll zu erm\u00f6glichen. Diese Funktion erm\u00f6glicht die Kommunikation von Batteriemodulen\/Packs mit einem BMS (Batteriemanagementsystem) oder f\u00fcr Zellentests, bei denen der Kunde eine externe Steuerung \u00fcber CAN ben\u00f6tigt.<\/p>\n\t<h3>MTCI<\/h3>\n<p><img decoding=\"async\" src=\"https:\/\/arbin.com\/wp-content\/uploads\/images\/AUX-CAN-BUS_1CH_MTCI_1CH_RA_001C-500x199.png\" alt=\"CANBus MTCI-Modul\" width=\"500\" height=\"199\" \/><\/p>\n<p>Die <strong>Temperaturkammer-Schnittstelle (MTCI)<\/strong> allows the Arbin system to communicate with an approved third-party temperature\/environment chamber. Arbin&#8217;s software can turn the chamber on\/off and adjust the temperature during the test.<\/p>\n\t<h3>Control Power Supply<\/h3>\n<p><img decoding=\"async\" src=\"https:\/\/arbin.com\/wp-content\/uploads\/2022\/09\/testing-pouch-cells-with-a-cycler-and-battery-rack-from-arbin-500x404.jpeg\" alt=\"\" width=\"309\" height=\"250\" \/><\/p>\n<p>The Control Power Supply (<strong>CPS<\/strong>) provides multiple inputs that allow the Arbin test station to fully integrate with the facility, and allows the system to receive signals, display status with a safety tower light, and can be remotely shut down by the user.<\/p>\n\t\t\t\t\t\t\t\t<a href=\"#\" id=\"fl-tabs--label-0\" data-index=\"0\" aria-selected=\"false\" aria-controls=\"fl-tabs--panel-0\" aria-expanded=\"false\" role=\"tab\" tabindex=\"0\">\t\t\t\tDigitale oder analoge E\/A\t\t\t\t<\/a>\n\t\t\t\t\t\t\t\t<a href=\"#\" id=\"fl-tabs--label-1\" data-index=\"1\" aria-selected=\"false\" aria-controls=\"fl-tabs--panel-1\" aria-expanded=\"false\" role=\"tab\" tabindex=\"0\">\t\t\t\tTemperaturkontrolle\t\t\t\t<\/a>\n\t\t\t\t\t\t\t\t<a href=\"#\" id=\"fl-tabs--label-2\" data-index=\"2\" aria-selected=\"true\" aria-controls=\"fl-tabs--panel-2\" aria-expanded=\"true\" role=\"tab\" tabindex=\"0\">\t\t\t\tMessung der Temperatur\t\t\t\t<\/a>\n\t\t\t\t\t\t\t\t<a href=\"#\" id=\"fl-tabs--label-3\" data-index=\"3\" aria-selected=\"false\" aria-controls=\"fl-tabs--panel-3\" aria-expanded=\"false\" role=\"tab\" tabindex=\"0\">\t\t\t\tMessung der Hilfsspannung\t\t\t\t<\/a>\n\t\t\t\t\t\t\t\t<a href=\"#\" id=\"fl-tabs--label-4\" data-index=\"4\" aria-selected=\"false\" aria-controls=\"fl-tabs--panel-4\" aria-expanded=\"false\" role=\"tab\" tabindex=\"0\">\t\t\t\tCANBus\t\t\t\t<\/a>\n\t\t\t\t\t\t\t\t<a href=\"#\" id=\"fl-tabs--label-5\" data-index=\"5\" aria-selected=\"false\" aria-controls=\"fl-tabs--panel-5\" aria-expanded=\"false\" role=\"tab\" tabindex=\"0\">\t\t\t\tUPS\t\t\t\t<\/a>\n\t\t\t\t\t\tDigitale oder analoge E\/A\n\t\t\t\t\t\t\t\t\t\t\t<strong>Digitaler Eingang\/Ausgang (E\/A)<\/strong> Kan\u00e4le erm\u00f6glichen es dem Arbin-System, ein digitales Relaissignal (hoch\/niedrig, ein\/aus) zu senden und zu empfangen und mit externer Hardware zu verbinden.  Sie funktionieren unabh\u00e4ngig voneinander, so dass der Benutzer sie flexibel in jeder beliebigen Konfiguration mit den Hauptkan\u00e4len f\u00fcr Lade-\/Entladetests zuordnen kann.<br \/>\nDigitale E\/A werden in der Regel f\u00fcr die Interaktion mit der Hardware der Client-Einrichtung oder mit externer Hardware f\u00fcr Flow-Batterie-Anwendungen verwendet.\n<strong>Analoger Eingang\/Ausgang (E\/A)<\/strong> Kan\u00e4le erm\u00f6glichen es dem Arbin-System, ein (-10)-10V-Spannungssignal zu senden und zu empfangen oder eine Schnittstelle zu externer Hardware zu bilden.  Sie funktionieren unabh\u00e4ngig voneinander, so dass der Benutzer sie flexibel in jeder beliebigen Konfiguration mit den Hauptkan\u00e4len f\u00fcr Lade-\/Entladetests zuordnen kann.<br \/>\nAnalog I\/O are commonly used to interact with client facility hardware or external hardware used with flow battery applications.\n\t\t\t\t\t\tTemperature Control\n\t\t\t\t\t\t\t\t\t\t\tArbin <strong>MZTC Multi-Kammer<\/strong> erm\u00f6glicht es den Forschern, einzelne oder paarweise Zellen in ihrer eigenen, v\u00f6llig unabh\u00e4ngigen Minustemperaturkammer zu isolieren.<br \/>\n&#8211; Temperature range is [Ambient-10] to 60 degC.<br \/>\n&#8211; Interface trays are available for all cell types.<br \/>\n&#8211; Optionally add temperature sensors to mount on each cell.\n<p>Arbin&#8217;s <strong>3rd party chamber Schnittstellenmodul<\/strong> erm\u00f6glicht es dem Arbin-Pr\u00fcfger\u00e4t, die Kammertemperatur einzustellen und die Kammerwerte w\u00e4hrend der Pr\u00fcfung automatisch aufzuzeichnen und alle Daten zu synchronisieren.  Dies ist mit vielen Kammern kompatibel, aber bitte fragen Sie Ihren Arbin-Vertriebsingenieur nach Details.<\/p>\n\t\t\t\t\t\tTemperature Measurement\n\t\t\t\t\t\t\t\t\t\t\tArbin offers <strong>Thermoelement<\/strong> und <strong>Thermistor<\/strong> Sensortypen zur Messung und Aufzeichnung der Temperatur w\u00e4hrend der Pr\u00fcfung.  Sie funktionieren unabh\u00e4ngig voneinander, so dass der Benutzer sie flexibel in jeder beliebigen Konfiguration mit den Hauptkan\u00e4len f\u00fcr den Lade-\/Entladetest zuordnen kann.  Alle Daten werden automatisch mit den Daten der Lade-\/Entladetests der Zellen synchronisiert.  Folgende Sensortypen sind verf\u00fcgbar:<br \/>\n&#8211; K-Type Thermocouples<br \/>\n&#8211; T-Type Thermocouples<br \/>\n&#8211; PT100 Thermistor (NOTE: <em>PT100 Thermistoreing\u00e4nge sind kompatibel mit Arbin MZTC Multi-Chamber<\/em>.)<br \/>\n&#8211; 10kOhm Thermistor\n\t\t\t\t\t\tAuxiliary Voltage Measurement\n\t\t\t\t\t\t\t\t\t\t\t<p><strong>Hilfsspannungseing\u00e4nge (auxV) <\/strong>kann zu jedem Arbin-System hinzugef\u00fcgt werden, um die Spannung zus\u00e4tzlicher Referenzelektroden in einer Multielektrodenzelle oder einem Experiment zu messen.  Dem Arbin-System kann eine beliebige Anzahl von auxV-Eing\u00e4ngen hinzugef\u00fcgt werden.  Sie funktionieren unabh\u00e4ngig voneinander, so dass der Benutzer sie flexibel in jeder beliebigen Konfiguration mit den Hauptkan\u00e4len f\u00fcr Lade-\/Entladetests zuordnen kann.  Alle Daten werden mit den Arbin-Haupttestdaten synchronisiert.<\/p>\n\t\t\t\t\t\tCANBus\n\t\t\t\t\t\t\t\t\t\t\t<p>Arbin bietet <strong>CANBus-Schnittstelle(n)\u00a0<\/strong>um eine externe Echtzeit-Steuerung des Arbin-Testers \u00fcber das CAN-Protokoll zu erm\u00f6glichen.  Diese Option wird in der Regel f\u00fcr Batteriemodule und -packs verwendet, um mit einem BMS (Batteriemanagementsystem) zu kommunizieren, kann aber auch f\u00fcr Zellentests verwendet werden, wenn der Kunde eine externe Steuerung \u00fcber CAN ben\u00f6tigt.<\/p>\n<p>NOTE: Additional methods of external control are available through Arbin&#8217;s optional TCP\/IP interface (Arbin &#8220;CTI&#8221;).<\/p>\n\t\t\t\t\t\tUPS\n\t\t\t\t\t\t\t\t\t\t\t<p>Arbin bietet eine optionale <strong>UPS<\/strong> (uninterruptable power supply) that is intended to provide power for the PC used with the Arbin battery test equipment.\u00a0 This allows the PC and Arbin software to continue running during a brief power outage and tests can automatically resume when power is restored.\u00a0 Relatively longer power outages will safely shut down the PC.\u00a0 Tests can always be resumed manually after any stoppage.<\/p>\n<h2>\n\t\tKontaktieren Sie uns noch heute f\u00fcr ein Angebot\n\t<\/h2>\n\t<p>F\u00fcllen Sie unser Kontaktformular aus, um ein Angebot anzufordern oder zu erfahren, wie Batterietestger\u00e4te von Arbin Instruments Ihre Pr\u00fcfanforderungen erf\u00fcllen k\u00f6nnen.<\/p>\n\t\t\t<a href=\"https:\/\/www.arbin.com\/de\/request-a-quote\/\" target=\"_self\" rel=\"noopener\">\n\t\t\t\t\t\t\tAngebot anfordern\n\t\t\t\t\t<\/a>","protected":false},"excerpt":{"rendered":"<p>Regenerative Battery Test Series RBT Product Range Channel Voltage 60 &#8211; 1,500V Channel Current 50 &#8211; 1,000A Regenerative Efficiency\u00a0 &gt;90% Arbin&#8217;s Regenerative Battery Testing (RBT) series is specifically designed for testing high-power battery packs. Engineered with electric vehicles, military technology, and stationary grid storage in mind, these pack testing systems can simulate complex, real-world applications [&hellip;]<\/p>","protected":false},"author":2,"featured_media":1910,"parent":6360,"menu_order":0,"comment_status":"closed","ping_status":"closed","template":"","meta":{"_acf_changed":false,"_seopress_robots_primary_cat":"","_seopress_titles_title":"RBT Series | Arbin Instruments","_seopress_titles_desc":"RBT Series - Arbin Instruments","_seopress_robots_index":"","inline_featured_image":false,"site-sidebar-layout":"default","site-content-layout":"","ast-site-content-layout":"default","site-content-style":"default","site-sidebar-style":"default","ast-global-header-display":"","ast-banner-title-visibility":"","ast-main-header-display":"","ast-hfb-above-header-display":"","ast-hfb-below-header-display":"","ast-hfb-mobile-header-display":"","site-post-title":"","ast-breadcrumbs-content":"","ast-featured-img":"disabled","footer-sml-layout":"","theme-transparent-header-meta":"","adv-header-id-meta":"","stick-header-meta":"","header-above-stick-meta":"","header-main-stick-meta":"","header-below-stick-meta":"","astra-migrate-meta-layouts":"set","ast-page-background-enabled":"default","ast-page-background-meta":{"desktop":{"background-color":"","background-image":"","background-repeat":"repeat","background-position":"center center","background-size":"auto","background-attachment":"scroll","background-type":"","background-media":"","overlay-type":"","overlay-color":"","overlay-opacity":"","overlay-gradient":""},"tablet":{"background-color":"","background-image":"","background-repeat":"repeat","background-position":"center center","background-size":"auto","background-attachment":"scroll","background-type":"","background-media":"","overlay-type":"","overlay-color":"","overlay-opacity":"","overlay-gradient":""},"mobile":{"background-color":"","background-image":"","background-repeat":"repeat","background-position":"center center","background-size":"auto","background-attachment":"scroll","background-type":"","background-media":"","overlay-type":"","overlay-color":"","overlay-opacity":"","overlay-gradient":""}},"ast-content-background-meta":{"desktop":{"background-color":"var(--ast-global-color-5)","background-image":"","background-repeat":"repeat","background-position":"center center","background-size":"auto","background-attachment":"scroll","background-type":"","background-media":"","overlay-type":"","overlay-color":"","overlay-opacity":"","overlay-gradient":""},"tablet":{"background-color":"var(--ast-global-color-5)","background-image":"","background-repeat":"repeat","background-position":"center center","background-size":"auto","background-attachment":"scroll","background-type":"","background-media":"","overlay-type":"","overlay-color":"","overlay-opacity":"","overlay-gradient":""},"mobile":{"background-color":"var(--ast-global-color-5)","background-image":"","background-repeat":"repeat","background-position":"center center","background-size":"auto","background-attachment":"scroll","background-type":"","background-media":"","overlay-type":"","overlay-color":"","overlay-opacity":"","overlay-gradient":""}},"footnotes":""},"class_list":["post-1633","page","type-page","status-publish","has-post-thumbnail","hentry"],"acf":[],"_links":{"self":[{"href":"https:\/\/www.arbin.com\/de\/wp-json\/wp\/v2\/pages\/1633","targetHints":{"allow":["GET"]}}],"collection":[{"href":"https:\/\/www.arbin.com\/de\/wp-json\/wp\/v2\/pages"}],"about":[{"href":"https:\/\/www.arbin.com\/de\/wp-json\/wp\/v2\/types\/page"}],"author":[{"embeddable":true,"href":"https:\/\/www.arbin.com\/de\/wp-json\/wp\/v2\/users\/2"}],"replies":[{"embeddable":true,"href":"https:\/\/www.arbin.com\/de\/wp-json\/wp\/v2\/comments?post=1633"}],"version-history":[{"count":0,"href":"https:\/\/www.arbin.com\/de\/wp-json\/wp\/v2\/pages\/1633\/revisions"}],"up":[{"embeddable":true,"href":"https:\/\/www.arbin.com\/de\/wp-json\/wp\/v2\/pages\/6360"}],"wp:featuredmedia":[{"embeddable":true,"href":"https:\/\/www.arbin.com\/de\/wp-json\/wp\/v2\/media\/1910"}],"wp:attachment":[{"href":"https:\/\/www.arbin.com\/de\/wp-json\/wp\/v2\/media?parent=1633"}],"curies":[{"name":"wp","href":"https:\/\/api.w.org\/{rel}","templated":true}]}}